{"id":86900,"date":"2018-08-06T10:33:14","date_gmt":"2018-08-06T10:33:14","guid":{"rendered":"https:\/\/www.ziptuning.com\/dev\/?page_id=86900"},"modified":"2023-03-10T11:43:55","modified_gmt":"2023-03-10T11:43:55","slug":"ecu-upgrade","status":"publish","type":"page","link":"https:\/\/www.ziptuning.com\/pt\/ecu-upgrade\/","title":{"rendered":"Atualiza\u00e7\u00e3o da ECU"},"content":{"rendered":"<p>Procurando por uma atualiza\u00e7\u00e3o da ECU? Temos um extenso banco de dados \u00e0 nossa disposi\u00e7\u00e3o. Temos um dos maiores bancos de dados de arquivos de atualiza\u00e7\u00e3o de ECU para um grande n\u00famero de ve\u00edculos e at\u00e9 mesmo as ECUs mais recentes e as tecnologias mais modernas, incluindo o protocolo SENT. Treinamento constante, aperfei\u00e7oamento e inova\u00e7\u00e3o nos permite estar \u00e0 frente da concorr\u00eancia no mundo do tuning. Certifique-se de tirar proveito disso. Al\u00e9m disso, nossos arquivos de afina\u00e7\u00e3o est\u00e3o dentro dos limites de seguran\u00e7a para todos os componentes de hardware. Ao desenvolver os arquivos de atualiza\u00e7\u00e3o da ECU, monitoramos cuidadosamente todos os aspectos, temperaturas, press\u00f5es, medi\u00e7\u00f5es de g\u00e1s, n\u00edveis de estresse e o resto. Isto assegura atualiza\u00e7\u00f5es de alta qualidade sem qualquer perigo de danificar qualquer pe\u00e7a devido ao ajuste, desde que as pe\u00e7as e sistemas do carro em quest\u00e3o estejam em boas condi\u00e7\u00f5es. Nossos arquivos de ajuste s\u00e3o projetados para fornecer o melhor ajuste de dire\u00e7\u00e3o em todas as aplica\u00e7\u00f5es, n\u00e3o apenas na WOT (Wide Open Throttle). Se voc\u00ea precisar de ferramentas de afina\u00e7\u00e3o confi\u00e1veis para usar nossos arquivos de atualiza\u00e7\u00e3o da ECU, oferecemos uma s\u00e9rie de ferramentas de afina\u00e7\u00e3o originais. N\u00f3s N\u00c3O vendemos ferramentas de clonagem e n\u00e3o aconselhamos o uso das mesmas.<\/p>\n","protected":false},"excerpt":{"rendered":"<p>Procurando por uma atualiza\u00e7\u00e3o da ECU? Temos um extenso banco de dados \u00e0 nossa disposi\u00e7\u00e3o. Temos um dos maiores bancos de dados de arquivos de atualiza\u00e7\u00e3o de ECU para um grande n\u00famero de ve\u00edculos e at\u00e9 mesmo as ECUs mais recentes e as tecnologias mais modernas, incluindo o protocolo SENT. Treinamento constante, aperfei\u00e7oamento e inova\u00e7\u00e3o<\/p>\n","protected":false},"author":1,"featured_media":0,"parent":0,"menu_order":0,"comment_status":"closed","ping_status":"open","template":"","meta":{"_acf_changed":false,"footnotes":""},"class_list":["post-86900","page","type-page","status-publish","hentry"],"acf":[],"_links":{"self":[{"href":"https:\/\/www.ziptuning.com\/pt\/wp-json\/wp\/v2\/pages\/86900","targetHints":{"allow":["GET"]}}],"collection":[{"href":"https:\/\/www.ziptuning.com\/pt\/wp-json\/wp\/v2\/pages"}],"about":[{"href":"https:\/\/www.ziptuning.com\/pt\/wp-json\/wp\/v2\/types\/page"}],"author":[{"embeddable":true,"href":"https:\/\/www.ziptuning.com\/pt\/wp-json\/wp\/v2\/users\/1"}],"replies":[{"embeddable":true,"href":"https:\/\/www.ziptuning.com\/pt\/wp-json\/wp\/v2\/comments?post=86900"}],"version-history":[{"count":1,"href":"https:\/\/www.ziptuning.com\/pt\/wp-json\/wp\/v2\/pages\/86900\/revisions"}],"predecessor-version":[{"id":286882,"href":"https:\/\/www.ziptuning.com\/pt\/wp-json\/wp\/v2\/pages\/86900\/revisions\/286882"}],"wp:attachment":[{"href":"https:\/\/www.ziptuning.com\/pt\/wp-json\/wp\/v2\/media?parent=86900"}],"curies":[{"name":"wp","href":"https:\/\/api.w.org\/{rel}","templated":true}]}}