{"id":86898,"date":"2018-08-06T10:32:32","date_gmt":"2018-08-06T10:32:32","guid":{"rendered":"https:\/\/www.ziptuning.com\/dev\/?page_id=86898"},"modified":"2023-03-10T11:43:55","modified_gmt":"2023-03-10T11:43:55","slug":"ecu-recovery-support","status":"publish","type":"page","link":"https:\/\/www.ziptuning.com\/pt\/ecu-recovery-support\/","title":{"rendered":"Apoio \u00e0 recupera\u00e7\u00e3o da ECU"},"content":{"rendered":"<h2>Recupera\u00e7\u00e3o da ECU com problemas ap\u00f3s o Flashing<\/h2>\n<p>Infelizmente, acontece que a ECU n\u00e3o responde mais depois de flashar o carro. Isto pode ser causado por uma s\u00e9rie de raz\u00f5es, tais como c\u00e1lculos errados de soma de controle ou protocolos inadequados de flasheo das ferramentas de afina\u00e7\u00e3o. Neste caso, a recupera\u00e7\u00e3o da ECU \u00e9 a \u00fanica solu\u00e7\u00e3o. Podemos restaurar cada ECU de volta \u00e0s suas configura\u00e7\u00f5es originais e faz\u00ea-la funcionar novamente dentro do carro. Este servi\u00e7o \u00e9 gratuito para todos os nossos revendedores*.<\/p>\n<h2>Recupera\u00e7\u00e3o de ECUs com problemas ap\u00f3s o Bootmode<\/h2>\n<p>Mesmo com as habilidades corretas para abrir a ECU e t\u00e9cnicas adequadas de soldagem SMD, pode acontecer que uma ECU seja danificada ou destru\u00edda ap\u00f3s a programa\u00e7\u00e3o em modo bootmode. Para a maioria dos sintonizadores, este \u00e9 um problema que prejudica muito a reputa\u00e7\u00e3o, bem como a renda. O ZIP Tuning resolve este problema para voc\u00ea. Podemos reparar e restaurar muitos problemas ou podemos fornecer-lhe uma ECU nova ou mobiliada. O custo deste servi\u00e7o depende do tipo da ECU e do tipo do problema em quest\u00e3o. Este servi\u00e7o est\u00e1 dispon\u00edvel apenas para nossos revendedores*.*Um revendedor \u00e9 um usu\u00e1rio registrado em nosso website com uma conta comercial que comprou pelo menos 500 cr\u00e9ditos no \u00faltimo ano.<\/p>\n<div class=\"call-to-action-box\">\n<div class=\"col\">\n<h3>Precisa de ajuda com a recupera\u00e7\u00e3o da ECU?<\/h3>\n<\/div>\n<div class=\"col\"><a href=\"https:\/\/portal.ziptuning.com\/register\" class=\"call-reg\" target=\"_blank\" rel=\"noopener\">Registrar-se Agora<\/a><span> ou J\u00e1 tem uma conta, <a href=\"https:\/\/portal.ziptuning.com\/\" class=\"call-login\" target=\"_blank\" rel=\"noopener\">Login agora<\/a><\/span><\/div>\n<\/div>\n","protected":false},"excerpt":{"rendered":"<p>Recupera\u00e7\u00e3o da ECU com problemas ap\u00f3s o Flashing Infelizmente, acontece que a ECU n\u00e3o responde mais depois de flashar o carro. Isto pode ser causado por uma s\u00e9rie de raz\u00f5es, tais como c\u00e1lculos errados de soma de controle ou protocolos inadequados de flasheo das ferramentas de afina\u00e7\u00e3o. Neste caso, a recupera\u00e7\u00e3o da ECU \u00e9 a<\/p>\n","protected":false},"author":1,"featured_media":0,"parent":0,"menu_order":0,"comment_status":"closed","ping_status":"open","template":"","meta":{"_acf_changed":false,"footnotes":""},"class_list":["post-86898","page","type-page","status-publish","hentry"],"acf":[],"_links":{"self":[{"href":"https:\/\/www.ziptuning.com\/pt\/wp-json\/wp\/v2\/pages\/86898","targetHints":{"allow":["GET"]}}],"collection":[{"href":"https:\/\/www.ziptuning.com\/pt\/wp-json\/wp\/v2\/pages"}],"about":[{"href":"https:\/\/www.ziptuning.com\/pt\/wp-json\/wp\/v2\/types\/page"}],"author":[{"embeddable":true,"href":"https:\/\/www.ziptuning.com\/pt\/wp-json\/wp\/v2\/users\/1"}],"replies":[{"embeddable":true,"href":"https:\/\/www.ziptuning.com\/pt\/wp-json\/wp\/v2\/comments?post=86898"}],"version-history":[{"count":1,"href":"https:\/\/www.ziptuning.com\/pt\/wp-json\/wp\/v2\/pages\/86898\/revisions"}],"predecessor-version":[{"id":286881,"href":"https:\/\/www.ziptuning.com\/pt\/wp-json\/wp\/v2\/pages\/86898\/revisions\/286881"}],"wp:attachment":[{"href":"https:\/\/www.ziptuning.com\/pt\/wp-json\/wp\/v2\/media?parent=86898"}],"curies":[{"name":"wp","href":"https:\/\/api.w.org\/{rel}","templated":true}]}}