{"id":86754,"date":"2018-08-01T08:11:45","date_gmt":"2018-08-01T08:11:45","guid":{"rendered":"https:\/\/www.ziptuning.com\/dev\/?page_id=86754"},"modified":"2023-03-10T11:43:55","modified_gmt":"2023-03-10T11:43:55","slug":"how-to-use-file-service","status":"publish","type":"page","link":"https:\/\/www.ziptuning.com\/pt\/tuning-file\/file-service\/how-to-use-file-service\/","title":{"rendered":"Como utilizar o servi\u00e7o de arquivo de sintonia"},"content":{"rendered":"<p><img loading=\"lazy\" decoding=\"async\" class=\"alignnone size-full wp-image-86755\" src=\"https:\/\/www.ziptuning.com\/pt\/wp-content\/uploads\/sites\/5\/2023\/03\/ziptuning_file_service_golf_r.jpg\" alt=\"\" width=\"1000\" height=\"283\" \/><\/p>\n<ol>\n<li><a href=\"https:\/\/www.ziptuning.com\/register\">Cadastre-se<\/a> no site.<\/li>\n<li>Comprar Cr\u00e9ditos<\/li>\n<li>Baixe \/ Leia o arquivo original do carro.<\/li>\n<li>Clique em<a href=\"https:\/\/www.ziptuning.com\/tuning-file-service\/tuning-file-service\">&#8220;Upload File<\/a>&#8221; em nosso site.<\/li>\n<li>Preencha o formul\u00e1rio o mais completo poss\u00edvel e fa\u00e7a o upload de seu arquivo original.<\/li>\n<li>Criar uma conta<\/li>\n<li>Quando seu arquivo de sintonia personalizada estiver pronto para download, voc\u00ea ser\u00e1 notificado por e-mail. Neste momento, voc\u00ea pagar\u00e1 com cr\u00e9ditos.\/p&gt;<\/li>\n<li>Fa\u00e7a o download de seu arquivo. Seu arquivo pode ser encontrado em sua conta ao clicar nos <a href=\"https:\/\/www.ziptuning.com\/tuningfile.html\">arquivos de sintonia<\/a>.<\/li>\n<\/ol>\n<h2 class=\"pageheading\">TUTORIAIS EM V\u00cdDEO<\/h2>\n","protected":false},"excerpt":{"rendered":"<p>Cadastre-se no site. Comprar Cr\u00e9ditos Baixe \/ Leia o arquivo original do carro. Clique em&#8220;Upload File&#8221; em nosso site. Preencha o formul\u00e1rio o mais completo poss\u00edvel e fa\u00e7a o upload de seu arquivo original. Criar uma conta Quando seu arquivo de sintonia personalizada estiver pronto para download, voc\u00ea ser\u00e1 notificado por e-mail. Neste momento, voc\u00ea<\/p>\n","protected":false},"author":1,"featured_media":286880,"parent":83033,"menu_order":0,"comment_status":"closed","ping_status":"open","template":"","meta":{"_acf_changed":false,"footnotes":""},"class_list":["post-86754","page","type-page","status-publish","has-post-thumbnail","hentry"],"acf":[],"_links":{"self":[{"href":"https:\/\/www.ziptuning.com\/pt\/wp-json\/wp\/v2\/pages\/86754","targetHints":{"allow":["GET"]}}],"collection":[{"href":"https:\/\/www.ziptuning.com\/pt\/wp-json\/wp\/v2\/pages"}],"about":[{"href":"https:\/\/www.ziptuning.com\/pt\/wp-json\/wp\/v2\/types\/page"}],"author":[{"embeddable":true,"href":"https:\/\/www.ziptuning.com\/pt\/wp-json\/wp\/v2\/users\/1"}],"replies":[{"embeddable":true,"href":"https:\/\/www.ziptuning.com\/pt\/wp-json\/wp\/v2\/comments?post=86754"}],"version-history":[{"count":1,"href":"https:\/\/www.ziptuning.com\/pt\/wp-json\/wp\/v2\/pages\/86754\/revisions"}],"predecessor-version":[{"id":286879,"href":"https:\/\/www.ziptuning.com\/pt\/wp-json\/wp\/v2\/pages\/86754\/revisions\/286879"}],"up":[{"embeddable":true,"href":"https:\/\/www.ziptuning.com\/pt\/wp-json\/wp\/v2\/pages\/83033"}],"wp:featuredmedia":[{"embeddable":true,"href":"https:\/\/www.ziptuning.com\/pt\/wp-json\/wp\/v2\/media\/286880"}],"wp:attachment":[{"href":"https:\/\/www.ziptuning.com\/pt\/wp-json\/wp\/v2\/media?parent=86754"}],"curies":[{"name":"wp","href":"https:\/\/api.w.org\/{rel}","templated":true}]}}