{"id":83120,"date":"2018-07-20T12:09:49","date_gmt":"2018-07-20T12:09:49","guid":{"rendered":"https:\/\/www.ziptuning.com\/dev\/?page_id=83120"},"modified":"2023-03-10T11:43:51","modified_gmt":"2023-03-10T11:43:51","slug":"chiptuning-tools-reviews","status":"publish","type":"page","link":"https:\/\/www.ziptuning.com\/pt\/tuning-tools\/chiptuning-tools-reviews\/","title":{"rendered":"Revis\u00e3o das ferramentas de afina\u00e7\u00e3o de cavacos"},"content":{"rendered":"<h2>REVIS\u00c3O DAS FERRAMENTAS DE AFINA\u00c7\u00c3O DE APARAS: CMD VS ALIENTECH<\/h2>\n<p><img loading=\"lazy\" decoding=\"async\" class=\"alignnone wp-image-83121 size-full\" src=\"https:\/\/www.ziptuning.com\/pt\/wp-content\/uploads\/sites\/5\/2023\/03\/tuning-tool-reviews.jpg\" alt=\"tuning tools reviews\" width=\"1001\" height=\"410\" \/><\/p>\n<p>As<strong>ferramentas de afina\u00e7\u00e3o de cavacos<\/strong> s\u00e3o as mais importantes para uma <strong>empresa de afina\u00e7\u00e3o<\/strong>. Quando voc\u00ea \u00e9 novo no mundo da <a href=\"\/tuning-file\/file-development\/\">afina\u00e7\u00e3o \/ remapeamento de cavacos<\/a>, n\u00e3o \u00e9 f\u00e1cil fazer a escolha certa em rela\u00e7\u00e3o \u00e0 ferramenta de afina\u00e7\u00e3o de cavacos que voc\u00ea precisa comprar. Existem muitos fornecedores diferentes de ferramentas de afina\u00e7\u00e3o de cavacos. Quais marcas e ferramentas de afina\u00e7\u00e3o de cavacos s\u00e3o as melhores? N\u00f3s o ajudamos a deixar as coisas claras. Hoje comparamos CMD e Alientech.<\/p>\n<ul>\n<li><a href=\"#anchor1\">Fornecedores de ferramentas de afina\u00e7\u00e3o de cavacos<\/a><\/li>\n<li><a href=\"#anchor2\">Hist\u00f3ria dos fornecedores de ferramentas de afina\u00e7\u00e3o de cavacos<\/a>\n<ul>\n<li><a href=\"#anchor2\">&#8211; Hist\u00f3ria do CMD Flash<\/a><\/li>\n<li><a href=\"#anchor4\">&#8211; Hist\u00f3ria da Alientech SRL<\/a><\/li>\n<\/ul>\n<\/li>\n<li><a href=\"#anchor5\">Benef\u00edcios para o cliente na CMD Flashtec e Alientech<\/a><\/li>\n<li><a href=\"#anchor6\">ECU tuning &#8211; desenvolvimento de novos protocolos de leitura\/escrita<\/a><\/li>\n<li><a href=\"#anchor7\">A import\u00e2ncia do suporte t\u00e9cnico<\/a><\/li>\n<li><a href=\"#anchor8\">Chiptuning por OBD ou Boot?<\/a><\/li>\n<li><a href=\"#anchor9\">Pre\u00e7os da ferramenta Chiptuning<\/a><\/li>\n<li><a href=\"#anchor10\">Novos protocolos de afina\u00e7\u00e3o de chips, atualiza\u00e7\u00f5es, revis\u00f5es, corre\u00e7\u00f5es de erros<\/a><\/li>\n<li><a href=\"#anchor11\">Tabela comparativa do fornecedor de ferramentas de afina\u00e7\u00e3o<\/a><\/li>\n<li><a href=\"#anchor12\">CMD Flashtec<\/a><\/li>\n<li><a href=\"#anchor13\">Alientech K-Suite<\/a><\/li>\n<li><a href=\"#anchor14\">As melhores ferramentas de afina\u00e7\u00e3o de aparas &#8211; conclus\u00e3o<\/a><\/li>\n<li><a href=\"#anchor15\">Sum\u00e1rio<\/a><\/li>\n<\/ul>\n<p><a name=\"anchor1\"><\/a><\/p>\n<h3>Introdu\u00e7\u00e3o de fornecedores de ferramentas de afina\u00e7\u00e3o de cavacos<\/h3>\n<p>CMD Flash (Flashtec SA) e a Alientech SRL s\u00e3o dois dos maiores e mais profissionais fornecedores de ferramentas de afina\u00e7\u00e3o de cavacos do mercado atual. Ambas as empresas existem h\u00e1 muitos anos e s\u00e3o originalmente do norte da It\u00e1lia, localizadas a 150 quil\u00f4metros uma da outra. Outro concorrente, chamado Dimsport, tamb\u00e9m est\u00e1 localizado no norte da It\u00e1lia. Parece que os italianos dominam a cena da afina\u00e7\u00e3o. Mas qual empresa \u00e9 a melhor? Vamos ver&#8230;<img loading=\"lazy\" decoding=\"async\" class=\"alignnone wp-image-83094 size-full\" src=\"https:\/\/www.ziptuning.com\/pt\/wp-content\/uploads\/sites\/5\/2023\/03\/cmd-logo.gif\" alt=\"CMD flashtec\" width=\"265\" height=\"120\" \/><br \/>\n<a name=\"anchor2\"><\/a><\/p>\n<h3>Hist\u00f3ria do CMD Flash<\/h3>\n<p>Antigo site: <a href=\"http:\/\/www.cmdtec.it\/\" target=\"_blank\" rel=\"noopener noreferrer\">http:\/\/www.cmdtec.itNew<\/a>site: <a href=\"http:\/\/www.flashtec.ch\/\" target=\"_blank\" rel=\"noopener noreferrer\">http:\/\/www.flashtec.ch\/This<\/a>a empresa agora se chama Flashtec SA. A empresa tem ra\u00edzes italianas, mas agora est\u00e1 sediada na Su\u00ed\u00e7a. Eles est\u00e3o no mercado h\u00e1 muitos anos e a CMD \u00e9 uma das primeiras a introduzir um protocolo OBD est\u00e1vel para o Bosch EDC16. A CMD tem produtos como CMDFLASH OBD, CMDFlash &#8211; BDM, CMDFlash &#8211; Nexus, Boost ST10\/C167, BOOT-MODE BOSCH MEDC17 TRICORE, MAP3D, My Personal Flasher e SpiderBOOT.<img loading=\"lazy\" decoding=\"async\" class=\"alignnone wp-image-83079 size-full\" src=\"https:\/\/www.ziptuning.com\/pt\/wp-content\/uploads\/sites\/5\/2023\/03\/logoalientech.png\" alt=\"alientech\" width=\"354\" height=\"105\" \/><br \/>\n<a name=\"anchor4\"><\/a><\/p>\n<h3>Hist\u00f3ria da Alientech SRL<\/h3>\n<p>Website: <a href=\"http:\/\/www.alientech-to.it\/\" target=\"_blank\" rel=\"noopener noreferrer\">http:\/\/www.alientech-to.it\/Since<\/a>1991 eles t\u00eam trabalhado na \u00e1rea de afina\u00e7\u00e3o de motores e chiptuning (afina\u00e7\u00e3o\/repara\u00e7\u00e3o da ECU). Ao longo dos anos eles lan\u00e7aram muitos produtos como ECM2001, KESS, Powergate, BDM pro, ECM Titanium, KESSv2, K-TAG e Powergate 3. A Alientech \u00e9 uma das primeiras empresas a desenvolver protocolos est\u00e1veis com fun\u00e7\u00f5es de recupera\u00e7\u00e3o para outras ECUs al\u00e9m daquelas desenvolvidas pela Bosch ou Siemens. Eles desenvolveram protocolos para JTAG Nexus, JTAG Renesas, Mitsubishi bootloader, etc.<a name=\"anchor5\"><\/a><\/p>\n<h3>CMD Flashtec &amp; Alientech &#8211; Os clientes est\u00e3o em primeiro lugar<\/h3>\n<p>Tanto a CMD Flashtec quanto a Alientech t\u00eam muitos clientes e s\u00e3o muito apreciadas. Isto d\u00e1 \u00e0s empresas estabilidade essencial para uma parceria de longo prazo e confiabilidade. Os clientes pagam uma taxa anual que tamb\u00e9m \u00e9 uma forma de compromisso. Assim, os clientes t\u00eam a garantia de que as empresas desenvolver\u00e3o novos protocolos.<a name=\"anchor6\"><\/a><\/p>\n<h3>Afina\u00e7\u00e3o da ECU e desenvolvimento de novos protocolos de leitura\/escrita<\/h3>\n<p>No mundo da <a href=\"\/tuning-file\/file-development\/\">afina\u00e7\u00e3o \/ chiptuning \/ remapping<\/a> \u00e9 tudo sobre a ECU. Por exemplo, assim que a VAG traz \u00e0 tona um novo carro\/motor, a ECU \u00e9 imediatamente retirada e muitos testes s\u00e3o feitos para tentar ler\/escrever\/modificar com sucesso o software na ECU e para criar um protocolo est\u00e1vel de leitura\/escrita para seus clientes. Na realidade, vemos que tanto a Alientech quanto a CMD podem fazer muitas das mesmas ECUs. O tempo de lan\u00e7amento de novos protocolos varia de 1 m\u00eas a 4 anos ap\u00f3s a introdu\u00e7\u00e3o de um novo motor por uma marca de carro. Mas se um fornecedor de ferramentas de afina\u00e7\u00e3o de chips tem um protocolo pronto, na maioria dos casos o outro o prepararia dentro de algumas semanas\/meses.<a name=\"anchor7\"><\/a><\/p>\n<h3>Suporte t\u00e9cnico<\/h3>\n<p>Em nossa experi\u00eancia pessoal, sabemos como o suporte ao cliente \u00e9 importante. Utilizamos as ferramentas de afina\u00e7\u00e3o de chips da CMD e da Alientech para 85% de nossa afina\u00e7\u00e3o. Ajustamos mais de 10.000 ECUs com suas ferramentas e testamos cada protocolo. Os protocolos n\u00e3o s\u00e3o em todos os casos perfeitos e muitos erros podem ser cometidos pelo cliente que usa as ferramentas. Ambas as empresas t\u00eam um suporte confi\u00e1vel se voc\u00ea for um afinador profissional com experi\u00eancia suficiente. Se voc\u00ea \u00e9 um novato, \u00e9 diferente. Neste caso, aconselhamos que voc\u00ea pe\u00e7a conselhos ao seu fornecedor de arquivos de afina\u00e7\u00e3o. Um bom fornecedor de arquivos de afina\u00e7\u00e3o n\u00e3o apenas vende arquivos, mas tamb\u00e9m escreve os pr\u00f3prios arquivos de afina\u00e7\u00e3o nos carros de seus pr\u00f3prios clientes para suas empresas, tamb\u00e9m. Eles usam as ferramentas diariamente em todos os tipos de carros e ECUs, para que possam lhe dizer como evitar armadilhas e lhe dar todas as dicas e truques para que a leitura e a escrita sejam bem sucedidas em tempo real.<a name=\"anchor8\"><\/a><\/p>\n<h3>Chiptuning por OBD ou Boot?<\/h3>\n<p>Tanto a Alientech quanto a CMD possuem muitas ferramentas de leitura\/escrita. Podemos dividi-los em 2 grupos:<\/p>\n<h4>1. OBD leitura\/escrita por porta de diagn\u00f3stico (KESS v2, CMDFlash OBD)<\/h4>\n<p><img loading=\"lazy\" decoding=\"async\" class=\"alignnone wp-image-83122\" src=\"https:\/\/www.ziptuning.com\/pt\/wp-content\/uploads\/sites\/5\/2023\/03\/CMD-OBD-readout-in-ZIPtuning-chiptuning-workshop-1024x768-1.jpg\" alt=\"cmd flash tuning \" width=\"600\" height=\"450\" \/><\/p>\n<p><strong>Pr\u00f3s<\/strong><\/p>\n<ul>\n<li>F\u00e1cil de usar<\/li>\n<li>Leva menos tempo para trabalhar em<\/li>\n<li>\u00c0 prova de enganos<\/li>\n<li>N\u00e3o s\u00e3o necess\u00e1rios muitos acess\u00f3rios<\/li>\n<\/ul>\n<p><strong>Contras<\/strong><\/p>\n<ul>\n<li>Nem todas as ECUs est\u00e3o dispon\u00edveis. (a maioria das novas ECUs s\u00f3 s\u00e3o feitas diretamente na ECU)<\/li>\n<li>Se a leitura\/escrita n\u00e3o for bem sucedida por algum motivo, a recupera\u00e7\u00e3o nem sempre \u00e9 poss\u00edvel<\/li>\n<li>Somente dados parciais s\u00e3o lidos<\/li>\n<\/ul>\n<h4>2. Diretamente na leitura\/escrita da ECU (KTAG, CMDFlash BDM &#8211; Boot)<\/h4>\n<p><img loading=\"lazy\" decoding=\"async\" class=\"alignnone wp-image-83123\" src=\"https:\/\/www.ziptuning.com\/pt\/wp-content\/uploads\/sites\/5\/2023\/03\/Alientech-KTAG-realtime-use-in-ZIPtuning-workshop-1024x768-1.jpg\" alt=\"ktag tuning tool\" width=\"600\" height=\"450\" \/><\/p>\n<p><strong>Pr\u00f3s<\/strong><\/p>\n<ul>\n<li>A maior quantidade de protocolos dispon\u00edveis. ECUs antigas, ECUs novas, ECUs futuras, marcas especiais<\/li>\n<li>Os protocolos das ECUs mais recentes terminaram mais cedo ap\u00f3s a introdu\u00e7\u00e3o da ECU<\/li>\n<li>Os protocolos s\u00e3o mais est\u00e1veis, melhor recupera\u00e7\u00e3o se necess\u00e1rio<\/li>\n<li>A maioria dos chips pode ser lida: eprom, mpc, eeprom (importante em caso de immo off, recupera\u00e7\u00e3o, etc.)<\/li>\n<\/ul>\n<p><strong>Contras<\/strong><\/p>\n<ul>\n<li>Mais dif\u00edcil de usar; voc\u00ea tem que tirar a ECU do carro, abrir a caixa e usar o manual para conectar a ECU \u00e0 ferramenta.<\/li>\n<li>N\u00e3o \u00e9 infal\u00edvel, o usu\u00e1rio pode cometer erros que podem destruir a ECU<\/li>\n<li>A conex\u00e3o leva mais tempo, especialmente quando os testes no dyno<\/li>\n<\/ul>\n<p><a name=\"anchor9\"><\/a><\/p>\n<h3>Pre\u00e7os das ferramentas de afina\u00e7\u00e3o de cavacos<\/h3>\n<p>CMDFlash Escravo OBD Flasher (somente OBD) 1.746,00CMDFlash Escravo OBD + BOOT ( st10, tricore) (OBD + diretamente na ECU) 3.449,00CMDFlash Escravo OBD + BOOT ( st10, tricore) + BDM 5xx (OBD + diretamente na ECU) 4.280 euros.00K-TAG Slave Full (todos os protocolos habilitados) pre\u00e7o (sem OBD, somente diretamente na ECU) 1.200,00KESSv2 Slave OBD Flasher (Carro + Bicicleta + protocolos agr\u00edcolas) pre\u00e7o (somente OBD) 3.400,00EUR.00KESSv2 Pisca-escravo OBD (Carro + Bicicleta + Caminh\u00e3o) pre\u00e7o (somente OBD) 3.400,00KESSv2 Pisca-escravo OBD (Carro + Bicicleta protocolos) pre\u00e7o (somente OBD) 2.000,00EUR.00KESSv2 Pisca-escravo OBD (Caminh\u00e3o + protocolos de Agricultura) pre\u00e7o (somente OBD) 3.400,00KESSv2 Pisca-escravo OBD Full (todos os protocolos habilitados) pre\u00e7o (somente OBD) 3.495,00 EUR<a name=\"anchor10\"><\/a><\/p>\n<h3>Acompanhar os novos protocolos de ajuste de chips, atualiza\u00e7\u00f5es, revis\u00f5es, corre\u00e7\u00f5es de erros<\/h3>\n<p>Ambas as empresas utilizam uma assinatura anual. \u00c0 primeira vista, isto parece um desperd\u00edcio de dinheiro, mas na realidade, isto \u00e9 muito \u00fatil e importante. Isto possibilita que as empresas desenvolvam novos protocolos para novas ECUs. Voc\u00ea estar\u00e1 sempre atualizado com os mais novos protocolos, as mais recentes corre\u00e7\u00f5es de checksum e corre\u00e7\u00f5es de bugs. Esta \u00e9 a principal raz\u00e3o pela qual <strong>as ferramentas de ajuste de chips clone <\/strong>n\u00e3o s\u00e3o interessantes. O mercado est\u00e1 em constante evolu\u00e7\u00e3o. Atualiza\u00e7\u00f5es de protocolos s\u00e3o cruciais.<a name=\"anchor11\"><\/a><\/p>\n<h3>Tabela comparativa do fornecedor de ferramentas de afina\u00e7\u00e3o<\/h3>\n<p>++++ = experi\u00eancia positiva- = experi\u00eancia negativa<\/p>\n<table border=\"1\" cellspacing=\"1\" cellpadding=\"1\">\n<tbody>\n<tr>\n<td>nome da empresa<\/td>\n<td><\/td>\n<td>Alientech SRL<\/td>\n<td>CMD FLASHTEC SA<\/td>\n<td>Outro fornecedor<\/td>\n<\/tr>\n<tr>\n<td>empresa est\u00e1vel<\/td>\n<td><\/td>\n<td>+++<\/td>\n<td>+++<\/td>\n<td>++<\/td>\n<\/tr>\n<tr>\n<td>pre\u00e7o<\/td>\n<td><\/td>\n<td>+++ especialmente no caso da KTAG<\/td>\n<td>+++<\/td>\n<td>++<\/td>\n<\/tr>\n<tr>\n<td>desenvolvimento de novos protocolos<\/td>\n<td><\/td>\n<td>++<\/td>\n<td>+++ direito EDC17C64, Simos 8.5, SIM12 poss\u00edvel<\/td>\n<td>&#8211;<\/td>\n<\/tr>\n<tr>\n<td>corre\u00e7\u00e3o de erros<\/td>\n<td><\/td>\n<td>++<\/td>\n<td>+<\/td>\n<td>+<\/td>\n<\/tr>\n<tr>\n<td>c\u00e1lculo do checksum<\/td>\n<td><\/td>\n<td>++<\/td>\n<td>++<\/td>\n<td>+<\/td>\n<\/tr>\n<tr>\n<td>apoio<\/td>\n<td><\/td>\n<td>+++<\/td>\n<td>++<\/td>\n<td>&#8211;<\/td>\n<\/tr>\n<tr>\n<td>guias de instala\u00e7\u00e3o<\/td>\n<td><\/td>\n<td>+++<\/td>\n<td>++<\/td>\n<td>+<\/td>\n<\/tr>\n<\/tbody>\n<\/table>\n<p><a name=\"anchor12\"><\/a><\/p>\n<h3>CMD Flashtec<\/h3>\n<p><img loading=\"lazy\" decoding=\"async\" class=\"alignnone wp-image-83124\" src=\"https:\/\/www.ziptuning.com\/pt\/wp-content\/uploads\/sites\/5\/2023\/03\/CMD-Flashtec-screenshot-in-workshop-ZIPtuning.png\" alt=\"cmd flashtec\" width=\"600\" height=\"375\" \/><a name=\"anchor13\"><\/a><\/p>\n<h3>Ksuite Alientech<\/h3>\n<p><img loading=\"lazy\" decoding=\"async\" class=\"alignnone wp-image-83125 size-full\" src=\"https:\/\/www.ziptuning.com\/pt\/wp-content\/uploads\/sites\/5\/2023\/03\/Ksuite-Alientech-screenshot-in-workshop-ZIPtuning.png\" alt=\"alientech ksuite\" width=\"796\" height=\"595\" \/><a name=\"anchor14\"><\/a><\/p>\n<h3>As melhores ferramentas de afina\u00e7\u00e3o de aparas &#8211; fa\u00e7a sua escolha<\/h3>\n<p>Quais s\u00e3o as melhores ferramentas de afina\u00e7\u00e3o de cavacos? Isto depende do usu\u00e1rio. Ambas as marcas t\u00eam produtos muito bons a um pre\u00e7o razo\u00e1vel. Voc\u00ea quer manter as coisas f\u00e1ceis e simples? Compre uma ferramenta OBD como Kess v2 ou CMDFlash OBD. Voc\u00ea quer modificar muitas marcas diferentes de todo o mundo e especialmente as ECUs mais novas? Ent\u00e3o compre uma ferramenta de inicializa\u00e7\u00e3o como CMDFlash + boot + KTAG da Alientech. Voc\u00ea quer leituras completas? Um grande n\u00famero de ECUs poss\u00edveis de modificar pelo pre\u00e7o mais baixo? Compre um KTAG feito pela Alientech. Se seu neg\u00f3cio est\u00e1 crescendo rapidamente e voc\u00ea tem dinheiro suficiente para investir, compre OBD e ferramentas de inicializa\u00e7\u00e3o de ambas as marcas. Neste caso, voc\u00ea pode modificar a grande maioria das ECUs e, em caso de falha, voc\u00ea pode usar a outra ferramenta para uma segunda tentativa.<img loading=\"lazy\" decoding=\"async\" src=\"https:\/\/www.ziptuning.com\/pt\/wp-content\/uploads\/sites\/5\/2023\/03\/chiptuning-tools.jpg\" alt=\"\" width=\"800\" height=\"284\" class=\"alignnone size-full wp-image-251857\" \/>Se voc\u00ea j\u00e1 fez sua escolha, compre uma ferramenta de afina\u00e7\u00e3o de chips na ZIP Tuning &#8211; para nossos clientes fi\u00e9is oferecemos os pre\u00e7os mais baixos do mercado! Caso voc\u00ea tenha d\u00favidas sobre produtos espec\u00edficos feitos pela CMD ou Alientech ou talvez outras marcas, temos experi\u00eancia di\u00e1ria com a maioria dos fornecedores de ferramentas. Fique \u00e0 vontade para <a href=\"\/contact\/\">entrar em contato conosco<\/a> e descobrir tudo o que voc\u00ea quer saber!<a name=\"anchor15\"><\/a><\/p>\n<h3>Em poucas palavras<\/h3>\n<ul>\n<li>As ferramentas de afina\u00e7\u00e3o de chips s\u00e3o uma parte crucial da afina\u00e7\u00e3o e \u00e9 muito importante quais ferramentas voc\u00ea opta por<\/li>\n<li>N\u00c3O utilizar ferramentas de clonagem<\/li>\n<li>Tanto a CMD Flashtec SA quanto a Alientech s\u00e3o empresas confi\u00e1veis que se preocupam com seus servi\u00e7os e clientes.<\/li>\n<li>Eles oferecem \u00f3timas ferramentas, atendimento ao cliente e s\u00e3o geralmente os primeiros a ter afina\u00e7\u00f5es para novos modelos de ECU<\/li>\n<li>Em caso de d\u00favida, pe\u00e7a um conselho a seu fornecedor de arquivos de sintonia<\/li>\n<li>Dividimos as ferramentas de leitura\/escrita CMD&#8217;s e Alientech em 2 grupos: OBD e Boot, contando suas principais vantagens e desvantagens<\/li>\n<li>Com estas duas empresas, voc\u00ea est\u00e1 sempre atualizado com os protocolos mais recentes, corre\u00e7\u00f5es de bugs, revis\u00f5es, etc.<\/li>\n<\/ul>\n","protected":false},"excerpt":{"rendered":"<p>REVIS\u00c3O DAS FERRAMENTAS DE AFINA\u00c7\u00c3O DE APARAS: CMD VS ALIENTECH Asferramentas de afina\u00e7\u00e3o de cavacos s\u00e3o as mais importantes para uma empresa de afina\u00e7\u00e3o. Quando voc\u00ea \u00e9 novo no mundo da afina\u00e7\u00e3o \/ remapeamento de cavacos, n\u00e3o \u00e9 f\u00e1cil fazer a escolha certa em rela\u00e7\u00e3o \u00e0 ferramenta de afina\u00e7\u00e3o de cavacos que voc\u00ea precisa comprar.<\/p>\n","protected":false},"author":1,"featured_media":286872,"parent":83020,"menu_order":7,"comment_status":"closed","ping_status":"open","template":"","meta":{"_acf_changed":false,"footnotes":""},"class_list":["post-83120","page","type-page","status-publish","has-post-thumbnail","hentry"],"acf":[],"_links":{"self":[{"href":"https:\/\/www.ziptuning.com\/pt\/wp-json\/wp\/v2\/pages\/83120","targetHints":{"allow":["GET"]}}],"collection":[{"href":"https:\/\/www.ziptuning.com\/pt\/wp-json\/wp\/v2\/pages"}],"about":[{"href":"https:\/\/www.ziptuning.com\/pt\/wp-json\/wp\/v2\/types\/page"}],"author":[{"embeddable":true,"href":"https:\/\/www.ziptuning.com\/pt\/wp-json\/wp\/v2\/users\/1"}],"replies":[{"embeddable":true,"href":"https:\/\/www.ziptuning.com\/pt\/wp-json\/wp\/v2\/comments?post=83120"}],"version-history":[{"count":1,"href":"https:\/\/www.ziptuning.com\/pt\/wp-json\/wp\/v2\/pages\/83120\/revisions"}],"predecessor-version":[{"id":286871,"href":"https:\/\/www.ziptuning.com\/pt\/wp-json\/wp\/v2\/pages\/83120\/revisions\/286871"}],"up":[{"embeddable":true,"href":"https:\/\/www.ziptuning.com\/pt\/wp-json\/wp\/v2\/pages\/83020"}],"wp:featuredmedia":[{"embeddable":true,"href":"https:\/\/www.ziptuning.com\/pt\/wp-json\/wp\/v2\/media\/286872"}],"wp:attachment":[{"href":"https:\/\/www.ziptuning.com\/pt\/wp-json\/wp\/v2\/media?parent=83120"}],"curies":[{"name":"wp","href":"https:\/\/api.w.org\/{rel}","templated":true}]}}