{"id":83098,"date":"2018-07-20T11:02:17","date_gmt":"2018-07-20T11:02:17","guid":{"rendered":"https:\/\/www.ziptuning.com\/dev\/?page_id=83098"},"modified":"2023-03-10T11:43:49","modified_gmt":"2023-03-10T11:43:49","slug":"cmdflash","status":"publish","type":"page","link":"https:\/\/www.ziptuning.com\/pt\/tuning-tools\/flashtec-cmd\/cmdflash\/","title":{"rendered":"CMD FLASH!"},"content":{"rendered":"<p>CMD Flash \u00e9 um programador flash que suporta BDM, EOBD K-LINE, EOBD CAN-BUS, EOBD PWM para todas as ECUs de nova gera\u00e7\u00e3o. \u00c9 uma das melhores ferramentas OBD dispon\u00edveis que suporta as mais recentes ECUs, inclusive:<\/p>\n<ul>\n<li>Bosch EDC15 \/ EDC16 \/ EDC17<\/li>\n<li>Bosch ME7 \/ ME9 \/ MED9 \/ MED17<\/li>\n<li>Muitos outros como DELPHI , VISTEON, MARELLI, DENSO, SAGEM, TRIONIC, etc.<\/li>\n<li>Siemens PPD \/ Simos 6x Simos 10x \/ MSS6x \/ MSVxx \/ MSD8x etc&#8230; incluindo alguns com TP \/ V\u00e1rios outros controladores Siemens.<\/li>\n<\/ul>\n<p><a href=\"\/?product_cat=tuning-tools\/cmd-flashtec\">Ir diretamente para nossa loja virtual<\/a><img loading=\"lazy\" decoding=\"async\" class=\"alignnone wp-image-83099 size-full\" src=\"https:\/\/www.ziptuning.com\/pt\/wp-content\/uploads\/sites\/5\/2023\/03\/cmdflash_ziptuning_chiptuning-1.jpg\" alt=\"cmd flash\" width=\"530\" height=\"397\" \/><\/p>\n<div>\n<h3>BDM Plugin:<\/h3>\n<\/div>\n<p>Com BDM voc\u00ea precisa desconectar a ECU do ve\u00edculo, abri-la e conect\u00e1-la ao CMD Flash usando um conector dispon\u00edvel em cada ECU EDC16, Marelli, Siemens e Delphi. O Software permite a leitura\/escrita do firmware interno Eprom (29bl802 \/ M58) e do e2prom serial contendo os c\u00f3digos do carro. O algoritmo de corre\u00e7\u00e3o do checksum \u00e9 autom\u00e1tico para todas as fam\u00edlias de ECUs. Com esta ferramenta \u00e9 poss\u00edvel ler toda a eprom das ECUs, mesmo depois que um arquivo ruim tenha sido programado, o sistema esteja pendurado ou uma opera\u00e7\u00e3o de grava\u00e7\u00e3o interrompida \u00e9 sempre poss\u00edvel reiniciar a opera\u00e7\u00e3o do programa para restaurar a ECU e ligar o carro. Todos os dados da ECU podem ser armazenados em um \u00fanico arquivo com informa\u00e7\u00f5es adicionais como marca, modelo, n\u00famero do chassi, dados, nota, cliente com facilidades de busca e informa\u00e7\u00f5es diretamente integradas no Microsoft windows explorer.<\/p>\n<div>\n<h3>Plug-in TriCore BOOT:<\/h3>\n<\/div>\n<p>Esta nova extens\u00e3o CMD Flash permite sintonizar IROM e XROM dos novos EDC17 e MED17 ECUs da Bosch com microprocessador Tricore bloqueado. O produto \u00e9 baseado em uma nova interface adicional a ser conectada \u00e0 unidade Flash CMD. Esta nova interface \u00e9 desenvolvida a fim de dar ao usu\u00e1rio o mesmo modo operacional amig\u00e1vel do BDM. Para todas as ECUs EDC17 com as almofadas Bosch na placa (como a antiga EDC16 BDM) voc\u00ea s\u00f3 precisa da nova sonda de posicionamento EDC17 fornecida, e n\u00e3o ser\u00e1 mais necess\u00e1ria nenhuma fia\u00e7\u00e3o extra nos conectores ECUs frontais. Para algumas ECUs, \u00e9 necess\u00e1rio soldar os resistores de inicializa\u00e7\u00e3o. Basta pressionar o ID, ler ou escrever e a interface flash CMD far\u00e1 tudo automaticamente, exatamente como a antiga BDM. N\u00e3o h\u00e1 necessidade de fonte de alimenta\u00e7\u00e3o adicional da mesa, n\u00e3o use checksums de terceiros! A corre\u00e7\u00e3o completa do checksum da RSA para todos os carros est\u00e1 inclu\u00edda no plugin. Muitas ECUs t\u00eam configura\u00e7\u00e3o IROM ou XROM ou IROM+XROM. O software CMD Flash l\u00ea automaticamente todo o conte\u00fado da ECU e o guarda para backup em uma pasta especial, enquanto isso ele extrai apenas a \u00e1rea de dados de calibra\u00e7\u00e3o, permitindo que voc\u00ea a salve e ajuste, para que voc\u00ea n\u00e3o tenha que procurar dados de calibra\u00e7\u00e3o no IROM e\/ou XROM &#8211; CMD Flash far\u00e1 isso por voc\u00ea. O mesmo vale para o processo de escrita.<a href=\"\/?product_cat=tuning-tools\/cmd-flashtec\">V\u00e1 diretamente para nossa loja virtual<\/a><\/p>\n<div>\n<h3>Caracter\u00edsticas principais:<\/h3>\n<\/div>\n<ul>\n<li>Faixas de verifica\u00e7\u00e3o autom\u00e1ticas.<\/li>\n<li>Dispon\u00edvel em configura\u00e7\u00e3o Master \/ Slave.<\/li>\n<li>Assinatura de novas fam\u00edlias \/ checksums.<\/li>\n<li>Fun\u00e7\u00e3o de recupera\u00e7\u00e3o. Ap\u00f3s uma falha de programa\u00e7\u00e3o, voc\u00ea pode reiniciar o ecu piscando.<\/li>\n<li>BDM Motorola \/ NEXUS MPC<\/li>\n<li>Bosch TRICORE BOOT EDC17 MED17, incluindo VAG TP8\/TP10<\/li>\n<li>Interruptor de resistor autom\u00e1tico. Resistor de pull-up K-Line 470 ohm para VAG EDC16<\/li>\n<li>O dongle de prote\u00e7\u00e3o est\u00e1 agora dentro da caixa preta<\/li>\n<li>Os protocolos de carros antigos agora est\u00e3o inclu\u00eddos (EDC15, ME7xx)<\/li>\n<li>C16x \/ ST10 BOOT<\/li>\n<li>CAN V2.0B 1Mb\/s<\/li>\n<li>Linha K ISO \/ KWP<\/li>\n<li>J1850 PWM<\/li>\n<li>Mitsubishi Lancer EVO 5-&gt;9<\/li>\n<li>Ve\u00edculos Industriais 24V<\/li>\n<\/ul>\n<p><a href=\"\/?product_cat=tuning-tools\/cmd-flashtec\">Ir diretamente \u00e0 nossa loja virtual<\/a><\/p>\n<div>\n<h3>O Kit de Bota CMDFlash inclui:<\/h3>\n<\/div>\n<ul>\n<li>Cabo plano CMD + interface Boot<\/li>\n<li>Fornecimento de energia CMDFlash<\/li>\n<li>Plugin CMDFlash Protegido MEDC17 Boot-Mode Plugin<\/li>\n<li>Cabo de inicializa\u00e7\u00e3o universal<\/li>\n<li>Faixas de verifica\u00e7\u00e3o da RSA para todas as ECU<\/li>\n<li>MPC004 EDC17 sonda de arma\u00e7\u00e3o de posicionamento, a sonda \u00e9 compat\u00edvel com a maioria das arma\u00e7\u00f5es de posicionamento presentes no mercado<\/li>\n<li>Cabo Mercedes EDC17<\/li>\n<\/ul>\n<p><a href=\"\/?product_cat=tuning-tools\/cmd-flashtec\">Ir diretamente \u00e0 nossa loja virtual<\/a><\/p>\n","protected":false},"excerpt":{"rendered":"<p>CMD Flash \u00e9 um programador flash que suporta BDM, EOBD K-LINE, EOBD CAN-BUS, EOBD PWM para todas as ECUs de nova gera\u00e7\u00e3o. \u00c9 uma das melhores ferramentas OBD dispon\u00edveis que suporta as mais recentes ECUs, inclusive: Bosch EDC15 \/ EDC16 \/ EDC17 Bosch ME7 \/ ME9 \/ MED9 \/ MED17 Muitos outros como DELPHI ,<\/p>\n","protected":false},"author":1,"featured_media":286866,"parent":83093,"menu_order":0,"comment_status":"closed","ping_status":"open","template":"","meta":{"_acf_changed":false,"footnotes":""},"class_list":["post-83098","page","type-page","status-publish","has-post-thumbnail","hentry"],"acf":[],"_links":{"self":[{"href":"https:\/\/www.ziptuning.com\/pt\/wp-json\/wp\/v2\/pages\/83098","targetHints":{"allow":["GET"]}}],"collection":[{"href":"https:\/\/www.ziptuning.com\/pt\/wp-json\/wp\/v2\/pages"}],"about":[{"href":"https:\/\/www.ziptuning.com\/pt\/wp-json\/wp\/v2\/types\/page"}],"author":[{"embeddable":true,"href":"https:\/\/www.ziptuning.com\/pt\/wp-json\/wp\/v2\/users\/1"}],"replies":[{"embeddable":true,"href":"https:\/\/www.ziptuning.com\/pt\/wp-json\/wp\/v2\/comments?post=83098"}],"version-history":[{"count":1,"href":"https:\/\/www.ziptuning.com\/pt\/wp-json\/wp\/v2\/pages\/83098\/revisions"}],"predecessor-version":[{"id":286865,"href":"https:\/\/www.ziptuning.com\/pt\/wp-json\/wp\/v2\/pages\/83098\/revisions\/286865"}],"up":[{"embeddable":true,"href":"https:\/\/www.ziptuning.com\/pt\/wp-json\/wp\/v2\/pages\/83093"}],"wp:featuredmedia":[{"embeddable":true,"href":"https:\/\/www.ziptuning.com\/pt\/wp-json\/wp\/v2\/media\/286866"}],"wp:attachment":[{"href":"https:\/\/www.ziptuning.com\/pt\/wp-json\/wp\/v2\/media?parent=83098"}],"curies":[{"name":"wp","href":"https:\/\/api.w.org\/{rel}","templated":true}]}}