{"id":83090,"date":"2018-07-20T10:34:16","date_gmt":"2018-07-20T10:34:16","guid":{"rendered":"https:\/\/www.ziptuning.com\/dev\/?page_id=83090"},"modified":"2023-03-10T11:43:48","modified_gmt":"2023-03-10T11:43:48","slug":"powergate-tuning-tools-ziptuning","status":"publish","type":"page","link":"https:\/\/www.ziptuning.com\/pt\/tuning-tools\/alientech\/powergate-tuning-tools-ziptuning\/","title":{"rendered":"POWERGATE"},"content":{"rendered":"<p>Powergate \u00e9 uma ferramenta port\u00e1til que pode armazenar o arquivo original e at\u00e9 dois mapas modificados. Ele tamb\u00e9m lhe d\u00e1 a capacidade de mudar de um mapa para outro de forma segura e f\u00e1cil. O Powergate se comunica com a ECU atrav\u00e9s da porta de diagn\u00f3stico e tem uma interface f\u00e1cil de usar em v\u00e1rios idiomas. Tamb\u00e9m est\u00e1 dispon\u00edvel em v\u00e1rias vers\u00f5es que diferem do padr\u00e3o &#8211; particularmente adequado para usu\u00e1rios particulares, j\u00e1 que o instrumento est\u00e1 permanentemente ligado ao carro escolhido &#8211; para Multifam\u00edlia, especialmente dirigido a revendedores de uma marca e afinadores profissionais. Ele \u00e9 pequeno, f\u00e1cil de usar e desenvolvido para permitir o uso pessoal com sua interface intuitiva.<a href=\"\/?product_cat=tuning-tools\/alientech\">V\u00e1 diretamente para nossa loja virtual<\/a><img loading=\"lazy\" decoding=\"async\" class=\"alignnone wp-image-83091 size-full\" src=\"https:\/\/www.ziptuning.com\/pt\/wp-content\/uploads\/sites\/5\/2023\/03\/powergate-info-image-ziptuning.jpg\" alt=\"powergate\" width=\"530\" height=\"203\" \/><\/p>\n","protected":false},"excerpt":{"rendered":"<p>Powergate \u00e9 uma ferramenta port\u00e1til que pode armazenar o arquivo original e at\u00e9 dois mapas modificados. Ele tamb\u00e9m lhe d\u00e1 a capacidade de mudar de um mapa para outro de forma segura e f\u00e1cil. O Powergate se comunica com a ECU atrav\u00e9s da porta de diagn\u00f3stico e tem uma interface f\u00e1cil de usar em v\u00e1rios<\/p>\n","protected":false},"author":1,"featured_media":286861,"parent":83075,"menu_order":2,"comment_status":"closed","ping_status":"open","template":"","meta":{"_acf_changed":false,"footnotes":""},"class_list":["post-83090","page","type-page","status-publish","has-post-thumbnail","hentry"],"acf":[],"_links":{"self":[{"href":"https:\/\/www.ziptuning.com\/pt\/wp-json\/wp\/v2\/pages\/83090","targetHints":{"allow":["GET"]}}],"collection":[{"href":"https:\/\/www.ziptuning.com\/pt\/wp-json\/wp\/v2\/pages"}],"about":[{"href":"https:\/\/www.ziptuning.com\/pt\/wp-json\/wp\/v2\/types\/page"}],"author":[{"embeddable":true,"href":"https:\/\/www.ziptuning.com\/pt\/wp-json\/wp\/v2\/users\/1"}],"replies":[{"embeddable":true,"href":"https:\/\/www.ziptuning.com\/pt\/wp-json\/wp\/v2\/comments?post=83090"}],"version-history":[{"count":1,"href":"https:\/\/www.ziptuning.com\/pt\/wp-json\/wp\/v2\/pages\/83090\/revisions"}],"predecessor-version":[{"id":286860,"href":"https:\/\/www.ziptuning.com\/pt\/wp-json\/wp\/v2\/pages\/83090\/revisions\/286860"}],"up":[{"embeddable":true,"href":"https:\/\/www.ziptuning.com\/pt\/wp-json\/wp\/v2\/pages\/83075"}],"wp:featuredmedia":[{"embeddable":true,"href":"https:\/\/www.ziptuning.com\/pt\/wp-json\/wp\/v2\/media\/286861"}],"wp:attachment":[{"href":"https:\/\/www.ziptuning.com\/pt\/wp-json\/wp\/v2\/media?parent=83090"}],"curies":[{"name":"wp","href":"https:\/\/api.w.org\/{rel}","templated":true}]}}