{"id":83085,"date":"2018-07-20T10:29:19","date_gmt":"2018-07-20T10:29:19","guid":{"rendered":"https:\/\/www.ziptuning.com\/dev\/?page_id=83085"},"modified":"2023-03-10T11:43:48","modified_gmt":"2023-03-10T11:43:48","slug":"ktag-tuning-tools-ziptuning","status":"publish","type":"page","link":"https:\/\/www.ziptuning.com\/pt\/tuning-tools\/alientech\/ktag-tuning-tools-ziptuning\/","title":{"rendered":"KTAG"},"content":{"rendered":"<p>A K-tag (tamb\u00e9m freq\u00fcentemente grafada Ktag) \u00e9 provavelmente uma das ferramentas de bootmode mais extensas do mercado, voc\u00ea pode ler e escrever uma grande s\u00e9rie de processadores diferentes. Para cada tipo de ECU a Alientech fez um manual de conex\u00e3o muito bom. A conex\u00e3o n\u00e3o exige muita habilidade de soldagem e para a maioria das ECUs a Alientech desenvolveu sondas que tornam a K-Tag a ferramenta de boomode mais f\u00e1cil de usar no mercado. Se voc\u00ea precisa de uma ferramenta confi\u00e1vel e vers\u00e1til, produzida por uma das empresas mais reverenciadas do mundo, que permita o ajuste seguro de um grande n\u00famero de ECUs, a Ktag deve ser sua escolha.<a href=\"\/?product_cat=tuning-tools\/alientech\">V\u00e1 diretamente para nossa loja virtual<\/a><img loading=\"lazy\" decoding=\"async\" class=\"alignnone wp-image-83087 size-full\" src=\"https:\/\/www.ziptuning.com\/pt\/wp-content\/uploads\/sites\/5\/2023\/03\/ktag-info-image-530-1.jpg\" alt=\"ktag\" width=\"530\" height=\"203\" \/><\/p>\n","protected":false},"excerpt":{"rendered":"<p>A K-tag (tamb\u00e9m freq\u00fcentemente grafada Ktag) \u00e9 provavelmente uma das ferramentas de bootmode mais extensas do mercado, voc\u00ea pode ler e escrever uma grande s\u00e9rie de processadores diferentes. Para cada tipo de ECU a Alientech fez um manual de conex\u00e3o muito bom. A conex\u00e3o n\u00e3o exige muita habilidade de soldagem e para a maioria das<\/p>\n","protected":false},"author":1,"featured_media":286859,"parent":83075,"menu_order":1,"comment_status":"closed","ping_status":"open","template":"","meta":{"_acf_changed":false,"footnotes":""},"class_list":["post-83085","page","type-page","status-publish","has-post-thumbnail","hentry"],"acf":[],"_links":{"self":[{"href":"https:\/\/www.ziptuning.com\/pt\/wp-json\/wp\/v2\/pages\/83085","targetHints":{"allow":["GET"]}}],"collection":[{"href":"https:\/\/www.ziptuning.com\/pt\/wp-json\/wp\/v2\/pages"}],"about":[{"href":"https:\/\/www.ziptuning.com\/pt\/wp-json\/wp\/v2\/types\/page"}],"author":[{"embeddable":true,"href":"https:\/\/www.ziptuning.com\/pt\/wp-json\/wp\/v2\/users\/1"}],"replies":[{"embeddable":true,"href":"https:\/\/www.ziptuning.com\/pt\/wp-json\/wp\/v2\/comments?post=83085"}],"version-history":[{"count":1,"href":"https:\/\/www.ziptuning.com\/pt\/wp-json\/wp\/v2\/pages\/83085\/revisions"}],"predecessor-version":[{"id":286858,"href":"https:\/\/www.ziptuning.com\/pt\/wp-json\/wp\/v2\/pages\/83085\/revisions\/286858"}],"up":[{"embeddable":true,"href":"https:\/\/www.ziptuning.com\/pt\/wp-json\/wp\/v2\/pages\/83075"}],"wp:featuredmedia":[{"embeddable":true,"href":"https:\/\/www.ziptuning.com\/pt\/wp-json\/wp\/v2\/media\/286859"}],"wp:attachment":[{"href":"https:\/\/www.ziptuning.com\/pt\/wp-json\/wp\/v2\/media?parent=83085"}],"curies":[{"name":"wp","href":"https:\/\/api.w.org\/{rel}","templated":true}]}}