{"id":83082,"date":"2018-07-20T10:26:51","date_gmt":"2018-07-20T10:26:51","guid":{"rendered":"https:\/\/www.ziptuning.com\/dev\/?page_id=83082"},"modified":"2023-03-10T11:43:48","modified_gmt":"2023-03-10T11:43:48","slug":"kessv2","status":"publish","type":"page","link":"https:\/\/www.ziptuning.com\/pt\/tuning-tools\/alientech\/kessv2\/","title":{"rendered":"KESSV2"},"content":{"rendered":"<p>Se voc\u00ea est\u00e1 procurando uma ferramenta profissional para comunica\u00e7\u00e3o OBD com a ECU dispon\u00edvel para carros, caminh\u00f5es, tratores e motocicletas, voc\u00ea est\u00e1 procurando o KESSv2. Ele \u00e9 atualizado completamente automaticamente e est\u00e1 dispon\u00edvel em v\u00e1rios idiomas diferentes. A \u00fanica coisa que voc\u00ea precisa fazer s\u00e3o as opera\u00e7\u00f5es de afina\u00e7\u00e3o propriamente ditas. O KESS v2 \u00e9 inovador, mas tamb\u00e9m oferece maior seguran\u00e7a durante a leitura e programa\u00e7\u00e3o. Isto torna poss\u00edvel fazer c\u00f3pias de seguran\u00e7a da ECU, mas tamb\u00e9m fornece a capacidade de suportar m\u00faltiplas linhas de comunica\u00e7\u00e3o e uma velocidade de opera\u00e7\u00e3o cada vez maior. Os protocolos de comunica\u00e7\u00e3o e o software do KESSv2 est\u00e3o ambos dispon\u00edveis nas vers\u00f5es MASTER e SLAVE.<a href=\"\/?product_cat=tuning-tools\/alientech\">V\u00e1 diretamente para nossa loja virtual<\/a><img loading=\"lazy\" decoding=\"async\" class=\"alignnone wp-image-83083 size-full\" src=\"https:\/\/www.ziptuning.com\/pt\/wp-content\/uploads\/sites\/5\/2023\/03\/kessv2-info-image-1-1.png\" alt=\"kessv2 master and slave\" width=\"530\" height=\"203\" \/><\/p>\n","protected":false},"excerpt":{"rendered":"<p>Se voc\u00ea est\u00e1 procurando uma ferramenta profissional para comunica\u00e7\u00e3o OBD com a ECU dispon\u00edvel para carros, caminh\u00f5es, tratores e motocicletas, voc\u00ea est\u00e1 procurando o KESSv2. Ele \u00e9 atualizado completamente automaticamente e est\u00e1 dispon\u00edvel em v\u00e1rios idiomas diferentes. A \u00fanica coisa que voc\u00ea precisa fazer s\u00e3o as opera\u00e7\u00f5es de afina\u00e7\u00e3o propriamente ditas. O KESS v2 \u00e9<\/p>\n","protected":false},"author":1,"featured_media":286857,"parent":83075,"menu_order":0,"comment_status":"closed","ping_status":"open","template":"","meta":{"_acf_changed":false,"footnotes":""},"class_list":["post-83082","page","type-page","status-publish","has-post-thumbnail","hentry"],"acf":[],"_links":{"self":[{"href":"https:\/\/www.ziptuning.com\/pt\/wp-json\/wp\/v2\/pages\/83082","targetHints":{"allow":["GET"]}}],"collection":[{"href":"https:\/\/www.ziptuning.com\/pt\/wp-json\/wp\/v2\/pages"}],"about":[{"href":"https:\/\/www.ziptuning.com\/pt\/wp-json\/wp\/v2\/types\/page"}],"author":[{"embeddable":true,"href":"https:\/\/www.ziptuning.com\/pt\/wp-json\/wp\/v2\/users\/1"}],"replies":[{"embeddable":true,"href":"https:\/\/www.ziptuning.com\/pt\/wp-json\/wp\/v2\/comments?post=83082"}],"version-history":[{"count":1,"href":"https:\/\/www.ziptuning.com\/pt\/wp-json\/wp\/v2\/pages\/83082\/revisions"}],"predecessor-version":[{"id":286856,"href":"https:\/\/www.ziptuning.com\/pt\/wp-json\/wp\/v2\/pages\/83082\/revisions\/286856"}],"up":[{"embeddable":true,"href":"https:\/\/www.ziptuning.com\/pt\/wp-json\/wp\/v2\/pages\/83075"}],"wp:featuredmedia":[{"embeddable":true,"href":"https:\/\/www.ziptuning.com\/pt\/wp-json\/wp\/v2\/media\/286857"}],"wp:attachment":[{"href":"https:\/\/www.ziptuning.com\/pt\/wp-json\/wp\/v2\/media?parent=83082"}],"curies":[{"name":"wp","href":"https:\/\/api.w.org\/{rel}","templated":true}]}}