{"id":83070,"date":"2018-07-20T09:49:45","date_gmt":"2018-07-20T09:49:45","guid":{"rendered":"https:\/\/www.ziptuning.com\/dev\/?page_id=83070"},"modified":"2023-03-10T11:43:47","modified_gmt":"2023-03-10T11:43:47","slug":"launch-control-manual-gearbox","status":"publish","type":"page","link":"https:\/\/www.ziptuning.com\/pt\/tuning-file\/launch-control-manual-gearbox\/","title":{"rendered":"Controle de lan\u00e7amento (Transmiss\u00e3o manual)"},"content":{"rendered":"<p>O lan\u00e7amento eficiente de um carro com uma caixa de c\u00e2mbio manual muitas vezes requer mais habilidade do que o lan\u00e7amento de um autom\u00e1tico, mas tamb\u00e9m vem com um problema inerente de espera para que o turbo impulso se acumule. Enquanto muitas caixas de c\u00e2mbio autom\u00e1ticas t\u00eam modos de controle de lan\u00e7amento que permitem o boost enquanto o carro est\u00e1 parado, os manuais s\u00e3o em sua maioria desprovidos de tal funcionalidade. Isto significa que eles perdem algum tempo fora da marca enquanto os carret\u00e9is do turbo se movimentam para fornecer o impulso necess\u00e1rio. No entanto, nosso ajuste para o controle manual de lan\u00e7amento da caixa de c\u00e2mbio permite que voc\u00ea desfrute dos benef\u00edcios do controle de lan\u00e7amento mesmo nos manuais.<img loading=\"lazy\" decoding=\"async\" src=\"https:\/\/www.ziptuning.com\/pt\/wp-content\/uploads\/sites\/5\/2023\/03\/launch-control-ziptuning-1.jpg\" alt=\"Launch Control (Manual Transmission)\" width=\"1000\" height=\"563\" class=\"aligncenter size-full wp-image-268254\" \/>Ap\u00f3s nosso ajuste, tudo o que voc\u00ea precisa fazer para eliminar o atraso do turbo e desfrutar da acelera\u00e7\u00e3o r\u00e1pida do rel\u00e2mpago \u00e9 segurar o acelerador e a embreagem ao mesmo tempo. Revs subir\u00e1 ao n\u00edvel que estabelecemos e n\u00e3o o exceder\u00e1, dando-lhe o impulso desejado sem ir muito longe e perder tempo com o giro excessivo da roda. <\/p>\n<p>Quando voc\u00ea estiver pronto para disparar, basta soltar a embreagem e experimentar o impulso imediato do turbo preparado e o controle total do limite de RPM pr\u00e9-definido.<\/p>\n<div class=\"call-to-action-box\">\n<div class=\"col\">\n<h3>Gosta do que voc\u00ea v\u00ea? Obtenha arquivos de ajuste de controle de lan\u00e7amento para caixas de c\u00e2mbio manuais<\/h3>\n<\/div>\n<div class=\"col\"><a href=\"https:\/\/portal.ziptuning.com\/register\" class=\"call-reg\" target=\"_blank\" rel=\"noopener\">Registre-se Agora<\/a><span> ou J\u00e1 tem uma conta, <a href=\"https:\/\/portal.ziptuning.com\/\" class=\"call-login\" target=\"_blank\" rel=\"noopener\">Login agora<\/a><\/span><\/div>\n<\/div>\n","protected":false},"excerpt":{"rendered":"<p>O lan\u00e7amento eficiente de um carro com uma caixa de c\u00e2mbio manual muitas vezes requer mais habilidade do que o lan\u00e7amento de um autom\u00e1tico, mas tamb\u00e9m vem com um problema inerente de espera para que o turbo impulso se acumule. Enquanto muitas caixas de c\u00e2mbio autom\u00e1ticas t\u00eam modos de controle de lan\u00e7amento que permitem o<\/p>\n","protected":false},"author":1,"featured_media":286850,"parent":83015,"menu_order":8,"comment_status":"closed","ping_status":"open","template":"","meta":{"_acf_changed":false,"footnotes":""},"class_list":["post-83070","page","type-page","status-publish","has-post-thumbnail","hentry"],"acf":[],"_links":{"self":[{"href":"https:\/\/www.ziptuning.com\/pt\/wp-json\/wp\/v2\/pages\/83070","targetHints":{"allow":["GET"]}}],"collection":[{"href":"https:\/\/www.ziptuning.com\/pt\/wp-json\/wp\/v2\/pages"}],"about":[{"href":"https:\/\/www.ziptuning.com\/pt\/wp-json\/wp\/v2\/types\/page"}],"author":[{"embeddable":true,"href":"https:\/\/www.ziptuning.com\/pt\/wp-json\/wp\/v2\/users\/1"}],"replies":[{"embeddable":true,"href":"https:\/\/www.ziptuning.com\/pt\/wp-json\/wp\/v2\/comments?post=83070"}],"version-history":[{"count":1,"href":"https:\/\/www.ziptuning.com\/pt\/wp-json\/wp\/v2\/pages\/83070\/revisions"}],"predecessor-version":[{"id":286849,"href":"https:\/\/www.ziptuning.com\/pt\/wp-json\/wp\/v2\/pages\/83070\/revisions\/286849"}],"up":[{"embeddable":true,"href":"https:\/\/www.ziptuning.com\/pt\/wp-json\/wp\/v2\/pages\/83015"}],"wp:featuredmedia":[{"embeddable":true,"href":"https:\/\/www.ziptuning.com\/pt\/wp-json\/wp\/v2\/media\/286850"}],"wp:attachment":[{"href":"https:\/\/www.ziptuning.com\/pt\/wp-json\/wp\/v2\/media?parent=83070"}],"curies":[{"name":"wp","href":"https:\/\/api.w.org\/{rel}","templated":true}]}}