{"id":83057,"date":"2018-07-20T09:42:43","date_gmt":"2018-07-20T09:42:43","guid":{"rendered":"https:\/\/www.ziptuning.com\/dev\/?page_id=83057"},"modified":"2023-03-10T11:43:47","modified_gmt":"2023-03-10T11:43:47","slug":"ecotuning","status":"publish","type":"page","link":"https:\/\/www.ziptuning.com\/pt\/tuning-file\/ecotuning\/","title":{"rendered":"ECOTUNING"},"content":{"rendered":"<h2>ECO TUNING: REDUZA O CONSUMO DE COMBUST\u00cdVEL!<\/h2>\n<p>\u00c9 poss\u00edvel melhorar o desempenho de seu carro e, ao mesmo tempo, diminuir o consumo de combust\u00edvel? O ecotuning \u00e9 um tipo de tuning que reduz o consumo de combust\u00edvel e ao mesmo tempo proporciona um bom desempenho. Aprenda como com o ZIP Tuning.<\/p>\n<ul>\n<li><a href=\"#anchor1\">Polui\u00e7\u00e3o causada pela sintoniza\u00e7\u00e3o<\/a><\/li>\n<li><a href=\"#anchor2\">O que \u00e9 ECO Tuning<\/a><\/li>\n<li><a href=\"#anchor3\">Mais Energia Exige Mais Combust\u00edvel<\/a><\/li>\n<li><a href=\"#anchor4\">Limita\u00e7\u00e3o de RPM em ECO Tuning<\/a><\/li>\n<li><a href=\"#anchor5\">Mistura Ar-Combust\u00edvel para Efici\u00eancia<\/a><\/li>\n<li><a href=\"#anchor6\">Sum\u00e1rio<\/a><\/li>\n<\/ul>\n<p><a name=\"anchor1\"><\/a><\/p>\n<h2>Mais Polui\u00e7\u00e3o ap\u00f3s a Afina\u00e7\u00e3o<\/h2>\n<p>A maneira mais f\u00e1cil de fazer um motor diesel funcionar mais eficientemente \u00e9 alterando o in\u00edcio da inje\u00e7\u00e3o e aumentando as limita\u00e7\u00f5es de fuma\u00e7a. A desvantagem \u00e9 que isto aumentar\u00e1 a quantidade de poluidores como NOx e part\u00edculas.<a name=\"anchor2\"><\/a><\/p>\n<h2>Ecotuning &#8211; Como tornar-se mais eficiente no uso de combust\u00edvel<\/h2>\n<p>Muitas pessoas afirmam que depois de afinar a ECU, seu carro usa menos combust\u00edvel do que antes. De fato, na maioria dos casos eles s\u00e3o enganados porque v\u00eaem constantemente um aumento da quilometragem no painel de instrumentos que n\u00e3o \u00e9 mais preciso. O c\u00e1lculo da quilometragem se altera pela modifica\u00e7\u00e3o dos mapas alterados pelo afinador. A \u00fanica maneira, al\u00e9m do ECO tuning, de experimentar uma melhoria na efici\u00eancia do combust\u00edvel ap\u00f3s o ajuste do desempenho \u00e9 ajustar seu estilo de dirigir. Voc\u00ea deve usar a pot\u00eancia e o torque extra para permanecer em rota\u00e7\u00f5es mais baixas confortavelmente para o motor e para mudar mais cedo. Em qualquer outro caso&#8230;<a name=\"anchor3\"><\/a><\/p>\n<h2>Mais Pot\u00eancia = Mais Combust\u00edvel<\/h2>\n<p>\u00c9 claro que um grande aumento de microgramas injetados de combust\u00edvel n\u00e3o far\u00e1 com que um motor funcione mais eficientemente. A energia tem que vir de uma fonte. Sabemos que muitos clientes querem pot\u00eancia m\u00e1xima e quilometragem m\u00e1xima, mas infelizmente isso n\u00e3o \u00e9 poss\u00edvel. Entretanto, \u00e9 poss\u00edvel tornar a maioria dos motores diesel turboalimentados mais eficientes no consumo de combust\u00edvel, mas na maioria dos casos o motor n\u00e3o ganhar\u00e1 muito torque com a calibra\u00e7\u00e3o mais eficiente.<a name=\"anchor4\"><\/a><\/p>\n<h2>O papel da limita\u00e7\u00e3o de RPM no ECO Tuning<\/h2>\n<p>A abordagem mais comum para reduzir o consumo de combust\u00edvel \u00e9 reduzir as rpm que o motorista faz ou que ele precisa fazer para cobrir uma certa dist\u00e2ncia. As possibilidades de reduzir a quantidade de rpm dependem n\u00e3o apenas do tipo de motor, mas tamb\u00e9m do tamanho do ve\u00edculo em que ele \u00e9 utilizado. Esta abordagem difere totalmente para um motor pequeno em um ve\u00edculo pequeno do mesmo motor em um ve\u00edculo maior.<a name=\"anchor5\"><\/a><\/p>\n<h2>Mistura Lean Burn para uma melhor efici\u00eancia de combust\u00edvel<\/h2>\n<p>Uma maneira mais complicada de tornar o motor mais eficiente \u00e9 mudar a mistura ar-combust\u00edvel, alterando os mapas de turbo, lambda e common rail. Isto s\u00f3 pode ser desenvolvido em dinam\u00f4metro que \u00e9 especialmente equipado com um sistema para fazer medi\u00e7\u00f5es do consumo de combust\u00edvel durante a condu\u00e7\u00e3o. Ap\u00f3s alguns meses de testes, reunimos as informa\u00e7\u00f5es para fazer um motor funcionar mais eficientemente com mais ou menos as mesmas emiss\u00f5es e sem prejudicar o motor.<a name=\"anchor6\"><\/a><\/p>\n<h2>Como Sintonizar Mais Economicamente:<\/h2>\n<ul>\n<li>ECO tuning \u00e9 um processo de tuning de carros para consumir menos combust\u00edvel <\/li>\n<li>Mais pot\u00eancia no ve\u00edculo, na maioria dos casos, exige mais combust\u00edvel<\/li>\n<li>RPM limitada reduz o consumo de combust\u00edvel<\/li>\n<li>O ajuste da rela\u00e7\u00e3o ar-combust\u00edvel melhora a efici\u00eancia do combust\u00edvel<\/li>\n<\/ul>\n<div class=\"call-to-action-box\">\n<div class=\"col\">\n<h3>Desfrute de um menor consumo de combust\u00edvel com ECO tuning<\/h3>\n<\/div>\n<div class=\"col\"><a href=\"https:\/\/portal.ziptuning.com\/register\" class=\"call-reg\" target=\"_blank\" rel=\"noopener\">Registre-se Agora<\/a><span> ou J\u00e1 tem uma conta, <a href=\"https:\/\/portal.ziptuning.com\/\" class=\"call-login\" target=\"_blank\" rel=\"noopener\">Login agora<\/a><\/span><\/div>\n<\/div>\n","protected":false},"excerpt":{"rendered":"<p>ECO TUNING: REDUZA O CONSUMO DE COMBUST\u00cdVEL! \u00c9 poss\u00edvel melhorar o desempenho de seu carro e, ao mesmo tempo, diminuir o consumo de combust\u00edvel? O ecotuning \u00e9 um tipo de tuning que reduz o consumo de combust\u00edvel e ao mesmo tempo proporciona um bom desempenho. Aprenda como com o ZIP Tuning. Polui\u00e7\u00e3o causada pela sintoniza\u00e7\u00e3o<\/p>\n","protected":false},"author":1,"featured_media":0,"parent":83015,"menu_order":5,"comment_status":"closed","ping_status":"open","template":"","meta":{"_acf_changed":false,"footnotes":""},"class_list":["post-83057","page","type-page","status-publish","hentry"],"acf":[],"_links":{"self":[{"href":"https:\/\/www.ziptuning.com\/pt\/wp-json\/wp\/v2\/pages\/83057","targetHints":{"allow":["GET"]}}],"collection":[{"href":"https:\/\/www.ziptuning.com\/pt\/wp-json\/wp\/v2\/pages"}],"about":[{"href":"https:\/\/www.ziptuning.com\/pt\/wp-json\/wp\/v2\/types\/page"}],"author":[{"embeddable":true,"href":"https:\/\/www.ziptuning.com\/pt\/wp-json\/wp\/v2\/users\/1"}],"replies":[{"embeddable":true,"href":"https:\/\/www.ziptuning.com\/pt\/wp-json\/wp\/v2\/comments?post=83057"}],"version-history":[{"count":1,"href":"https:\/\/www.ziptuning.com\/pt\/wp-json\/wp\/v2\/pages\/83057\/revisions"}],"predecessor-version":[{"id":286848,"href":"https:\/\/www.ziptuning.com\/pt\/wp-json\/wp\/v2\/pages\/83057\/revisions\/286848"}],"up":[{"embeddable":true,"href":"https:\/\/www.ziptuning.com\/pt\/wp-json\/wp\/v2\/pages\/83015"}],"wp:attachment":[{"href":"https:\/\/www.ziptuning.com\/pt\/wp-json\/wp\/v2\/media?parent=83057"}],"curies":[{"name":"wp","href":"https:\/\/api.w.org\/{rel}","templated":true}]}}