{"id":83053,"date":"2018-07-20T09:36:14","date_gmt":"2018-07-20T09:36:14","guid":{"rendered":"https:\/\/www.ziptuning.com\/dev\/?page_id=83053"},"modified":"2023-03-10T11:43:46","modified_gmt":"2023-03-10T11:43:46","slug":"winols-reseller","status":"publish","type":"page","link":"https:\/\/www.ziptuning.com\/pt\/tuning-file\/winols-reseller\/","title":{"rendered":"REVENDEDOR WINOLS \/ BANCO DE DADOS OLSX"},"content":{"rendered":"<h2>O que \u00e9 WinOLS?<\/h2>\n<p>Este \u00e9 um aplicativo para edi\u00e7\u00e3o de software ECU desenvolvido pela EVC e se tornou o padr\u00e3o da ind\u00fastria. Ele tem sido, por muitos anos, o melhor editor hexadecimal do mercado para sintonizadores profissionais. Agora a EVC expandiu o Winols com o plugin de revendedor, o que permite que outros usu\u00e1rios fa\u00e7am o download dos projetos de arquivos de sintonia desenvolvidos pela ZIP a partir de nosso banco de dados OLSx.<\/p>\n<ul>\n<li>Arquivos de afina\u00e7\u00e3o para carro, bicicleta, caminh\u00f5es e agricultura<\/li>\n<li>Mappacks<\/li>\n<li>Super pacotes de mapas<\/li>\n<\/ul>\n<h2>Ziptuning &#8211; Revendedor Winols OLSx<\/h2>\n<p><b><i class=\"fa fa-check-square\" aria-hidden=\"true\"><\/i> Com<\/b>45.000 projetos de arquivos de sintonia, somos (entre) os maiores fornecedores de projetos olsx no sistema de revendedores EVC Winols.<b><i class=\"fa fa-check-square\" aria-hidden=\"true\"><\/i> Sempre atualizado at\u00e9 a dataTodos os<\/b>projetos s\u00e3o verificados e testados arquivos de sintonia. Estamos atualizando o banco de dados com aproximadamente 1000 arquivos por m\u00eas.<b><i class=\"fa fa-check-square\" aria-hidden=\"true\"><\/i> Conecte-se ao revendedor Winols Voc\u00ea<\/b>pode se conectar ao nosso servi\u00e7o de arquivos <a href=\"https:\/\/portal.ziptuning.com\/\" target=\"_blank\" rel=\"noopener\">aqui Voc\u00ea<\/a>estar\u00e1 automaticamente conectado e poder\u00e1 comprar cr\u00e9ditos e arquivos de ajuste diretamente.<b><i class=\"fa fa-check-square\" aria-hidden=\"true\"><\/i> Suporte e garantia<\/b>Damos suporte total se um projeto n\u00e3o der o resultado esperado gratuitamente. <\/p>\n<h2>Como conectar nosso banco de dados OLSx?<\/h2>\n<ul class=\"default-list\">\n<li>Por favor, <a href=\"https:\/\/portal.ziptuning.com\/\" target=\"_blank\" rel=\"noopener\">registre-se<\/a> em nosso site e preencha seu n\u00famero de cliente WinOLS durante o registro.<\/li>\n<li>Quando voc\u00ea j\u00e1 tiver uma conta, basta enviar-nos um e-mail com seu n\u00famero de cliente WinOLS.<\/li>\n<li>N\u00f3s adicionaremos seu n\u00famero de cliente ao banco de dados o mais r\u00e1pido poss\u00edvel. Por favor, n\u00e3o se esque\u00e7a de atualizar e comprar alguns cr\u00e9ditos.<\/li>\n<\/ul>\n<p>Se voc\u00ea n\u00e3o utiliza Winols, <a href=\"https:\/\/portal.ziptuning.com\/login\/\" target=\"_blank\" rel=\"noopener\">verifique aqui<\/a> nosso servi\u00e7o de arquivo autom\u00e1tico ou personalizado. usu\u00e1rio e revendedor oficial de Winols: 11854<a href=\"https:\/\/www.evc.de\/en\/check_evc_license.asp?k=jsH%2fqVxde48n3U2PH0XA6Q%3d%3d\" target=\"_blank\" rel=\"noopener noreferrer\"><img decoding=\"async\" src=\"https:\/\/www.ziptuning.com\/pt\/wp-content\/uploads\/sites\/5\/2023\/03\/check_evc_license_image.png\"><\/a><\/p>\n","protected":false},"excerpt":{"rendered":"<p>O que \u00e9 WinOLS? Este \u00e9 um aplicativo para edi\u00e7\u00e3o de software ECU desenvolvido pela EVC e se tornou o padr\u00e3o da ind\u00fastria. Ele tem sido, por muitos anos, o melhor editor hexadecimal do mercado para sintonizadores profissionais. Agora a EVC expandiu o Winols com o plugin de revendedor, o que permite que outros usu\u00e1rios<\/p>\n","protected":false},"author":1,"featured_media":286846,"parent":83015,"menu_order":3,"comment_status":"closed","ping_status":"open","template":"","meta":{"_acf_changed":false,"footnotes":""},"class_list":["post-83053","page","type-page","status-publish","has-post-thumbnail","hentry"],"acf":[],"_links":{"self":[{"href":"https:\/\/www.ziptuning.com\/pt\/wp-json\/wp\/v2\/pages\/83053","targetHints":{"allow":["GET"]}}],"collection":[{"href":"https:\/\/www.ziptuning.com\/pt\/wp-json\/wp\/v2\/pages"}],"about":[{"href":"https:\/\/www.ziptuning.com\/pt\/wp-json\/wp\/v2\/types\/page"}],"author":[{"embeddable":true,"href":"https:\/\/www.ziptuning.com\/pt\/wp-json\/wp\/v2\/users\/1"}],"replies":[{"embeddable":true,"href":"https:\/\/www.ziptuning.com\/pt\/wp-json\/wp\/v2\/comments?post=83053"}],"version-history":[{"count":1,"href":"https:\/\/www.ziptuning.com\/pt\/wp-json\/wp\/v2\/pages\/83053\/revisions"}],"predecessor-version":[{"id":286845,"href":"https:\/\/www.ziptuning.com\/pt\/wp-json\/wp\/v2\/pages\/83053\/revisions\/286845"}],"up":[{"embeddable":true,"href":"https:\/\/www.ziptuning.com\/pt\/wp-json\/wp\/v2\/pages\/83015"}],"wp:featuredmedia":[{"embeddable":true,"href":"https:\/\/www.ziptuning.com\/pt\/wp-json\/wp\/v2\/media\/286846"}],"wp:attachment":[{"href":"https:\/\/www.ziptuning.com\/pt\/wp-json\/wp\/v2\/media?parent=83053"}],"curies":[{"name":"wp","href":"https:\/\/api.w.org\/{rel}","templated":true}]}}