{"id":83020,"date":"2018-07-20T04:51:11","date_gmt":"2018-07-20T04:51:11","guid":{"rendered":"https:\/\/www.ziptuning.com\/dev\/?page_id=83020"},"modified":"2023-03-10T11:43:45","modified_gmt":"2023-03-10T11:43:45","slug":"tuning-tools","status":"publish","type":"page","link":"https:\/\/www.ziptuning.com\/pt\/tuning-tools\/","title":{"rendered":"FERRAMENTAS DE AFINA\u00c7\u00c3O"},"content":{"rendered":"<p><span style=\"font-weight: 400\">As ferramentas de afina\u00e7\u00e3o n\u00e3o s\u00e3o de forma alguma coisas novas no mercado. Elas s\u00e3o usadas para acessar as ECUs OEM, reunir informa\u00e7\u00f5es delas e inserir conte\u00fados alterados que resultam em ganhos de poder ou economia. \u00c9 por isso que as ferramentas de afina\u00e7\u00e3o de ECUs existem h\u00e1 tanto tempo quanto os motores controlados por software. Entretanto, como todos voc\u00eas provavelmente sabem, o software se desenvolve incrivelmente r\u00e1pido, portanto, as coisas na ind\u00fastria de afina\u00e7\u00e3o precisam seguir o mesmo ritmo. Apesar do fato de v\u00e1rias empresas diferentes terem surgido como respeit\u00e1veis fabricantes de ferramentas de afina\u00e7\u00e3o ao longo dos anos, apenas algumas delas foram capazes de acompanhar os desenvolvimentos vindos dos fabricantes de ECUs de ve\u00edculos. \u00c9 por isso que hoje temos alguns desenvolvedores de ferramentas de afina\u00e7\u00e3o claramente distintos que resistiram ao teste do tempo produzindo ferramentas de afina\u00e7\u00e3o eficientes e atualizadas que permitem que os afinadores tenham acesso at\u00e9 mesmo \u00e0s \u00faltimas ECUs. Estes s\u00e3o <a href=\"\/?product_cat=tuning-tools\/alientech\">Alientech<\/a>, <a href=\"\/?product_cat=tuning-tools\/dimsport\">Dimsport<\/a>, <a href=\"\/?product_cat=tuning-tools\/cmd-flashtec\">Flashtec<\/a> e o mais novo do lote, <a href=\"\/?product_cat=tuning-tools\/magic-motorsport\">Magic Motor Sport<\/a><\/span>.<\/p>\n<div>\n<h2><strong>Como escolher as melhores ferramentas de afina\u00e7\u00e3o<\/strong><\/h2>\n<p><span style=\"font-weight: 400\">H\u00e1 uma raz\u00e3o pela qual eles custam at\u00e9 cerca de 2.000 euros por pe\u00e7a. Eles precisam ter capacidade de processamento suficiente para acessar a mais recente tecnologia tricore da ECU e ser constantemente atualizados, o que definitivamente \u00e9 algo que voc\u00ea n\u00e3o obter\u00e1 com ferramentas de ajuste rachadas, ou clonadas que s\u00e3o fabricadas por algumas empresas normalmente chinesas. Elas s\u00f3 podem lhe dar <\/span><i><span style=\"font-weight: 400\">alguma<\/span><\/i> da<span style=\"font-weight: 400\"> funcionalidade da ferramenta de afina\u00e7\u00e3o que clonaram e nenhuma atualiza\u00e7\u00e3o de qualquer tipo. Se voc\u00ea quer ter um neg\u00f3cio de afina\u00e7\u00e3o respeitado, voc\u00ea deve definitivamente adquirir boas ferramentas de afina\u00e7\u00e3o que o ajudar\u00e3o a se sentir seguro com o que voc\u00ea est\u00e1 fazendo, mas tamb\u00e9m lhe dar\u00e3o uma vis\u00e3o dos modelos mais recentes. Al\u00e9m disso, sua qualidade, confiabilidade e atualiza\u00e7\u00f5es os tornar\u00e3o facilmente mais baratos a longo prazo.<\/span><img loading=\"lazy\" decoding=\"async\" class=\"alignnone wp-image-83022 size-full\" src=\"https:\/\/www.ziptuning.com\/pt\/wp-content\/uploads\/sites\/5\/2023\/03\/alientech-ktag_in_ziptuning_workshop.jpg\" alt=\"ktag tuning tools\" width=\"530\" height=\"298\" \/><\/p>\n<h3><strong>Ferramentas Bootmode e Pisca-\u00d3BD<\/strong><\/h3>\n<p><span style=\"font-weight: 400\">H\u00e1 duas maneiras de acessar a ECU para reprogram\u00e1-la. A primeira \u00e9 atrav\u00e9s da porta OBD que normalmente \u00e9 usada para diagn\u00f3stico. A segunda \u00e9 atrav\u00e9s de uma porta que est\u00e1 na placa de circuito (BDM ou JTAG), que \u00e9 usada para o modo bootmode, ou debugging mode tuning,<\/span><span style=\"font-weight: 400\">o que automaticamente significa que h\u00e1 dois tipos diferentes de ferramentas de tuning dispon\u00edveis para acessar as duas portas. As primeiras s\u00e3o chamadas de flashers OBD (como a Kess by Alientech) e as segundas s\u00e3o ferramentas de bootmode (Ktag da Alientech, por exemplo).<\/span><div id=\"attachment_83021\" style=\"width: 540px\" class=\"wp-caption alignnone\"><img loading=\"lazy\" decoding=\"async\" aria-describedby=\"caption-attachment-83021\" class=\"wp-image-83021 size-full\" src=\"https:\/\/www.ziptuning.com\/pt\/wp-content\/uploads\/sites\/5\/2023\/03\/CMD-OBD-readout-in-ZIPtuning-chiptuning-workshop-530px1.jpg\" alt=\"\" width=\"530\" height=\"298\" \/><p id=\"caption-attachment-83021\" class=\"wp-caption-text\">cmd flash tuning tools<\/p><\/div>.<\/p>\n<div>\n<p><span style=\"font-weight: 400\">Entretanto, a leitura das informa\u00e7\u00f5es destas duas maneiras n\u00e3o fornece os mesmos resultados. As ECUs modernas t\u00eam tr\u00eas portadores de dados &#8211; duas EPROMs e um processador.<\/span>Embora a<span style=\"font-weight: 400\">grande maioria dos mapas esteja nas EPROMs, algumas ECUs tamb\u00e9m t\u00eam informa\u00e7\u00f5es valiosas no processador,<\/span><span style=\"font-weight: 400\">onde as duas formas de acesso \u00e0s ECUs come\u00e7am a diferir significativamente. Enquanto os OBDs s\u00f3 l\u00eaem mapas nas EPROMs, faltando algumas das informa\u00e7\u00f5es, o acesso ao bootmode permite o backup completo da ECU, atingindo todas as suas nuances<\/span>.<\/p>\n<h3><strong>Mestre vs Escravo<\/strong><\/h3>\n<p><span style=\"font-weight: 400\">A maioria dos fabricantes mencionados oferece ferramentas em dois n\u00edveis &#8211; mestre e escravo. A ferramenta<\/span><span style=\"font-weight: 400\">mestre<\/span><span style=\"font-weight: 400\">permite que voc\u00ea obtenha uma leitura da ECU e a edite, por isso \u00e9 a \u00fanica boa maneira de desenvolver bons arquivos de afina\u00e7\u00e3o, que \u00e9, por sua vez, a \u00fanica maneira de se tornar um fornecedor de arquivos de afina\u00e7\u00e3o.<\/span><span style=\"font-weight: 400\">O que voc\u00ea obt\u00e9m com as ferramentas escravas \u00e9 a capacidade de usar arquivos que voc\u00ea recebeu dos desenvolvedores de arquivos de sintonia. Mesmo que isto possa parecer muito menos do que as ferramentas mestre d\u00e3o, na verdade \u00e9 mais do que suficiente para a maioria dos sintonizadores. O desenvolvimento de arquivos requer muita per\u00edcia, experi\u00eancia e, o mais importante, educa\u00e7\u00e3o constante sobre as tend\u00eancias atuais e desenvolvimentos t\u00e9cnicos e mudan\u00e7as na ind\u00fastria. Al\u00e9m disso, al\u00e9m das ferramentas, voc\u00ea tamb\u00e9m precisar\u00e1 de equipamentos de teste e um dinam\u00f4metro, cuja escolha \u00e9 um assunto totalmente novo e bastante caro.<\/span><span style=\"font-weight: 400\">\u00c9 por isso que ferramentas escravas devem ser suficientes para a grande maioria dos sintonizadores que podem obter arquivos de sintonia de respeit\u00e1veis empresas de sintonia com uma vantagem adicional de ajudar nos esfor\u00e7os de marketing, conectando-se com um sintonizador de alta qualidade<\/span>.<\/p>\n<h4 style=\"text-align: center\">A ZIPtuning \u00e9 um revendedor preferencial da Alientech e da Flashtec. Aqui voc\u00ea pode <a href=\"https:\/\/www.ziptuning.com\/shop\/\" target=\"_blank\" rel=\"noopener noreferrer\">comprar<\/a> as seguintes ferramentas:<a href=\"\/?product_cat=tuning-tools\/cmd-flashtec\" target=\"_blank\" rel=\"noopener noreferrer\">Flashtec CMDFlash<\/a> e <a href=\"\/?product_cat=tuning-tools\/alientech\">Alientech<\/a> <a href=\"https:\/\/www.ziptuning.com\/product\/kessv2-slave\/\" target=\"_blank\" rel=\"noopener noreferrer\">KessV2<\/a>, <a href=\"https:\/\/www.ziptuning.com\/product\/k-tag-slave-tool\/\" target=\"_blank\" rel=\"noopener noreferrer\">K-TAG<\/a> &amp; <a href=\"https:\/\/www.ziptuning.com\/product\/powergate-iii-car-s-slave\/\" target=\"_blank\" rel=\"noopener noreferrer\">Powergate III<\/a>.<\/h4>\n<h4 style=\"text-align: center\">Temos 15 anos de experi\u00eancia no uso de ferramentas de afina\u00e7\u00e3o. Podemos lhe dar os melhores conselhos para a compra de ferramentas de afina\u00e7\u00e3o produzidas pela Flastec e Alientech.<\/h4>\n<h4 style=\"text-align: center\">Visite nossa loja virtualOs melhores pre\u00e7os dispon\u00edveis no setor hoje! <a href=\"https:\/\/www.ziptuning.com\/shop\">ZIPtuning webshop<\/a><\/h4>\n<h5 style=\"text-align: center\">Compare as ferramentas de afina\u00e7\u00e3o da Alientech e Flashtec<\/h5>\n<p style=\"text-align: center\">Voc\u00ea n\u00e3o tem certeza qual ferramenta comprar?<a href=\"\/?page_id=216\">Entre em contato conosco<\/a> ou veja nossas <a href=\"\/?page_id=83120\">revis\u00f5es de ferramentas de afina\u00e7\u00e3o<\/a>.<\/p>\n<\/div>\n<\/div>\n","protected":false},"excerpt":{"rendered":"<p>As ferramentas de afina\u00e7\u00e3o n\u00e3o s\u00e3o de forma alguma coisas novas no mercado. Elas s\u00e3o usadas para acessar as ECUs OEM, reunir informa\u00e7\u00f5es delas e inserir conte\u00fados alterados que resultam em ganhos de poder ou economia. \u00c9 por isso que as ferramentas de afina\u00e7\u00e3o de ECUs existem h\u00e1 tanto tempo quanto os motores controlados por<\/p>\n","protected":false},"author":1,"featured_media":286832,"parent":0,"menu_order":0,"comment_status":"closed","ping_status":"open","template":"","meta":{"_acf_changed":false,"footnotes":""},"class_list":["post-83020","page","type-page","status-publish","has-post-thumbnail","hentry"],"acf":[],"_links":{"self":[{"href":"https:\/\/www.ziptuning.com\/pt\/wp-json\/wp\/v2\/pages\/83020","targetHints":{"allow":["GET"]}}],"collection":[{"href":"https:\/\/www.ziptuning.com\/pt\/wp-json\/wp\/v2\/pages"}],"about":[{"href":"https:\/\/www.ziptuning.com\/pt\/wp-json\/wp\/v2\/types\/page"}],"author":[{"embeddable":true,"href":"https:\/\/www.ziptuning.com\/pt\/wp-json\/wp\/v2\/users\/1"}],"replies":[{"embeddable":true,"href":"https:\/\/www.ziptuning.com\/pt\/wp-json\/wp\/v2\/comments?post=83020"}],"version-history":[{"count":1,"href":"https:\/\/www.ziptuning.com\/pt\/wp-json\/wp\/v2\/pages\/83020\/revisions"}],"predecessor-version":[{"id":286831,"href":"https:\/\/www.ziptuning.com\/pt\/wp-json\/wp\/v2\/pages\/83020\/revisions\/286831"}],"wp:featuredmedia":[{"embeddable":true,"href":"https:\/\/www.ziptuning.com\/pt\/wp-json\/wp\/v2\/media\/286832"}],"wp:attachment":[{"href":"https:\/\/www.ziptuning.com\/pt\/wp-json\/wp\/v2\/media?parent=83020"}],"curies":[{"name":"wp","href":"https:\/\/api.w.org\/{rel}","templated":true}]}}