{"id":279349,"date":"2020-09-12T18:01:30","date_gmt":"2020-09-12T16:01:30","guid":{"rendered":"https:\/\/www.ziptuning.com\/?page_id=279349"},"modified":"2024-10-07T13:16:04","modified_gmt":"2024-10-07T13:16:04","slug":"dtc-removal-service","status":"publish","type":"page","link":"https:\/\/www.ziptuning.com\/pt\/tuning-file\/dtc-removal-service\/","title":{"rendered":"Servi\u00e7o de remo\u00e7\u00e3o da DTC"},"content":{"rendered":"<p>Remover certos DTCs (C\u00f3digos de Problema de Diagn\u00f3stico ou C\u00f3digos de Defeito) s\u00e3o c\u00f3digos OBD2 que informam ao motorista que h\u00e1 um problema no carro e guiam o mec\u00e2nico a descobrir o que est\u00e1 errado e como resolv\u00ea-lo.<\/p>\n<ul>\n<li><a href=\"#anchor1\">\u00c9 Seguro Remover um DTC?<\/a><\/li>\n<li><a href=\"#anchor2\">O Que Significa o DTC?<\/a><\/li>\n<li><a href=\"#anchor3\">O Que Acontece Quando um DTC \u00e9 Removido?<\/a><\/li>\n<li><a href=\"#anchor9\">DTC (C\u00f3digos de Problema de Diagn\u00f3stico)<\/a><\/li>\n<\/ul>\n<p><a name=\"anchor1\"><\/a><\/p>\n<h2>\u00c9 Seguro Remover um DTC?<\/h2>\n<p>Cada DTC \u00e9 projetado para informar que h\u00e1 um problema no sistema e que algo precisa ser feito para corrigi-lo. No entanto, em alguns casos, os DTCs ativam luzes no painel, mesmo que na realidade n\u00e3o haja nada de errado.<\/p>\n<p>O tuning \u00e9 um dos exemplos mais comuns disso. Por exemplo, instalar um downpipe sem catalisador ir\u00e1 acionar uma luz no painel e um DTC. O mesmo acontecer\u00e1 se voc\u00ea remover as v\u00e1lvulas de redemoinho.<\/p>\n<p>Esses exemplos, e muitos outros, mostram por que remover DTCs \u00e0s vezes \u00e9 seguro e necess\u00e1rio.<\/p>\n<p>\u00c9 importante destacar que desativar um DTC para esses c\u00f3digos espec\u00edficos n\u00e3o significa que voc\u00ea desativar\u00e1 completamente a luz do painel. Voc\u00ea ainda precisar\u00e1 dela para informar sobre poss\u00edveis problemas futuros. As \u00fanicas fun\u00e7\u00f5es removidas s\u00e3o as que s\u00e3o seguras e necess\u00e1rias de serem eliminadas ap\u00f3s o tuning.<\/p>\n<p><a name=\"anchor2\"><\/a><\/p>\n<h2>O Que Significa o DTC?<\/h2>\n<p>Existem DTCs padr\u00e3o e DTCs espec\u00edficos do fabricante. Os primeiros s\u00e3o os mesmos para todos os fabricantes e s\u00e3o facilmente reconhec\u00edveis. Os \u00faltimos s\u00e3o especiais, relacionados a um fabricante e modelo espec\u00edficos.<\/p>\n<p>O primeiro caractere de um DTC indica a qual fam\u00edlia o DTC pertence. As op\u00e7\u00f5es s\u00e3o as seguintes:<\/p>\n<p>&#8211; P para sistema de transmiss\u00e3o (powertrain)<br \/>\n&#8211; C para chassi (incluindo ABS)<br \/>\n&#8211; B para carroceria (incluindo airbags e ar condicionado)<br \/>\n&#8211; U para rede do usu\u00e1rio<\/p>\n<p>Depois disso, geralmente h\u00e1 um n\u00famero, mais comumente 0 ou 1. Se houver um 0, ent\u00e3o \u00e9 uma falha padr\u00e3o, gen\u00e9rica, aplic\u00e1vel a todos os fabricantes. Se houver 1, \u00e9 uma falha espec\u00edfica do fabricante.<\/p>\n<p>O n\u00famero que se segue indica a fam\u00edlia espec\u00edfica do DTC. A lista \u00e9 a seguinte:<\/p>\n<p>&#8211; 1 \u00e9 para controle de combust\u00edvel e ar<br \/>\n&#8211; 2 \u00e9 reservado para falhas no circuito do injetor<br \/>\n&#8211; 3 \u00e9 para o sistema de igni\u00e7\u00e3o ou falha de igni\u00e7\u00e3o<br \/>\n&#8211; 4 \u00e9 para controle de emiss\u00f5es auxiliares<br \/>\n&#8211; 5 \u00e9 para sistema de controle de marcha lenta e controle de velocidade do ve\u00edculo<br \/>\n&#8211; 6 \u00e9 para sa\u00eddas auxiliares e computador<br \/>\n&#8211; 7, 8 e 9 est\u00e3o relacionados \u00e0 transmiss\u00e3o<br \/>\n&#8211; A, B e C s\u00e3o para sistemas de propuls\u00e3o h\u00edbrida<\/p>\n<p><a name=\"anchor3\"><\/a><\/p>\n<h2>O Que Acontece Quando um DTC \u00e9 Removido?<\/h2>\n<p>A melhor maneira de remover um DTC ao fazer tuning em um ve\u00edculo \u00e9 reprogramar os dados da ECU para desativar permanentemente o c\u00f3digo espec\u00edfico. O DTC removido deve estar relacionado ao aspecto que n\u00e3o \u00e9 mais relevante para o ve\u00edculo \u2013 por exemplo, se voc\u00ea remover o DPF, remover o c\u00f3digo que indica um problema com o DPF \u00e9 completamente seguro.<\/p>\n<p>Al\u00e9m disso, em alguns casos espec\u00edficos, o erro n\u00e3o apenas aparecer\u00e1 no painel, mas tamb\u00e9m poder\u00e1 ser a raz\u00e3o pela qual o ve\u00edculo entra em modo de seguran\u00e7a (limp home mode).<\/p>\n<p>Se o DTC for removido por um profissional e o DTC removido estiver relacionado a um problema espec\u00edfico causado pela remo\u00e7\u00e3o da pe\u00e7a ou por uma substitui\u00e7\u00e3o por uma pe\u00e7a aftermarket adequada, essa remo\u00e7\u00e3o do DTC deve ser completamente segura para o seu ve\u00edculo.<\/p>\n<p><a name=\"anchor4\"><\/a><\/p>\n<h2>DTC (C\u00f3digos de Problema de Diagn\u00f3stico)<\/h2>\n<p>Abaixo voc\u00ea encontrar\u00e1 uma lista abrangente de DTCs. Se tiver dificuldades em encontrar seu c\u00f3digo e remov\u00ea-lo, <a href=\"https:\/\/portal.ziptuning.com\/\" target=\"_blank\" rel=\"noopener\">registre-se<\/a> no nosso portal e <a href=\"\/contact\/\">entre em contato<\/a> para aproveitar nosso servi\u00e7o de qualidade.<\/p>\n<ul>\n<li><a href=\"\/tuning-file\/dtc-removal-service\/p-codes-diagnostic-trouble-codes\/\">P-CODES \u2013 C\u00d3DIGOS DE PROBLEMA DE DIAGN\u00d3STICO<\/a><\/li>\n<li><a href=\"\/tuning-file\/dtc-removal-service\/c-codes-diagnostic-trouble-codes\/\">C-CODES \u2013 C\u00d3DIGOS DE PROBLEMA DE DIAGN\u00d3STICO<\/a><\/li>\n<li><a href=\"\/tuning-file\/dtc-removal-service\/b-codes-diagnostic-trouble-codes\/\">B-CODES \u2013 C\u00d3DIGOS DE PROBLEMA DE DIAGN\u00d3STICO<\/a><\/li>\n<li><a href=\"\/tuning-file\/dtc-removal-service\/u-codes-diagnostic-trouble-codes\/\">U-CODES \u2013 C\u00d3DIGOS DE PROBLEMA DE DIAGN\u00d3STICO<\/a><\/li>\n<\/ul>\n<div class=\"call-to-action-box\">\n<div class=\"col\">\n<h3>Precisa remover c\u00f3digos DTC?<\/h3>\n<\/div>\n<div class=\"col\"><a href=\"https:\/\/portal.ziptuning.com\/register\" class=\"call-reg\" target=\"_blank\" rel=\"noopener\">Registre-se Agora<\/a><span> ou j\u00e1 tem uma conta? <a href=\"https:\/\/portal.ziptuning.com\/\" class=\"call-login\" target=\"_blank\" rel=\"noopener\">Fa\u00e7a login agora<\/a><\/span><\/div>\n<\/div>\n","protected":false},"excerpt":{"rendered":"<p>Remover certos DTCs (C\u00f3digos de Problema de Diagn\u00f3stico ou C\u00f3digos de Defeito) s\u00e3o c\u00f3digos OBD2 que informam ao motorista que h\u00e1 um problema no carro e guiam o mec\u00e2nico a descobrir o que est\u00e1 errado e como resolv\u00ea-lo. \u00c9 Seguro Remover um DTC? O Que Significa o DTC? O Que Acontece Quando um DTC \u00e9<\/p>\n","protected":false},"author":1,"featured_media":0,"parent":83015,"menu_order":0,"comment_status":"closed","ping_status":"open","template":"","meta":{"_acf_changed":false,"footnotes":""},"class_list":["post-279349","page","type-page","status-publish","hentry"],"acf":[],"_links":{"self":[{"href":"https:\/\/www.ziptuning.com\/pt\/wp-json\/wp\/v2\/pages\/279349","targetHints":{"allow":["GET"]}}],"collection":[{"href":"https:\/\/www.ziptuning.com\/pt\/wp-json\/wp\/v2\/pages"}],"about":[{"href":"https:\/\/www.ziptuning.com\/pt\/wp-json\/wp\/v2\/types\/page"}],"author":[{"embeddable":true,"href":"https:\/\/www.ziptuning.com\/pt\/wp-json\/wp\/v2\/users\/1"}],"replies":[{"embeddable":true,"href":"https:\/\/www.ziptuning.com\/pt\/wp-json\/wp\/v2\/comments?post=279349"}],"version-history":[{"count":3,"href":"https:\/\/www.ziptuning.com\/pt\/wp-json\/wp\/v2\/pages\/279349\/revisions"}],"predecessor-version":[{"id":287042,"href":"https:\/\/www.ziptuning.com\/pt\/wp-json\/wp\/v2\/pages\/279349\/revisions\/287042"}],"up":[{"embeddable":true,"href":"https:\/\/www.ziptuning.com\/pt\/wp-json\/wp\/v2\/pages\/83015"}],"wp:attachment":[{"href":"https:\/\/www.ziptuning.com\/pt\/wp-json\/wp\/v2\/media?parent=279349"}],"curies":[{"name":"wp","href":"https:\/\/api.w.org\/{rel}","templated":true}]}}