{"id":276680,"date":"2020-08-07T09:27:02","date_gmt":"2020-08-07T07:27:02","guid":{"rendered":"https:\/\/www.ziptuning.com\/?page_id=276680"},"modified":"2023-03-22T08:07:50","modified_gmt":"2023-03-22T08:07:50","slug":"faq","status":"publish","type":"page","link":"https:\/\/www.ziptuning.com\/pt\/faq\/","title":{"rendered":"FAQ"},"content":{"rendered":"<p>Aqui est\u00e3o as perguntas e respostas mais comuns sobre nossos servi\u00e7os e suporte. Se voc\u00ea n\u00e3o encontrar sua pergunta, <a href=\"https:\/\/www.ziptuning.com\/pt\/contact\/\">entre em contato conosco<\/a> atrav\u00e9s do Whatsapp ou Skype<\/p>\n<div class=\"accordion\">O que \u00e9 o chiptuning\/remapping\/ECU piscando?<\/div>\n<div class=\"panel\">\n<p>Todos esses termos e muitos outros que as pessoas ao redor do mundo usam s\u00e3o para otimiza\u00e7\u00e3o do software instalado na ECU (unidade de controle eletr\u00f4nico) de seu carro. O software na ECU \u00e9 usado para controlar v\u00e1rios aspectos do funcionamento do motor de combust\u00e3o interna e serve como o c\u00e9rebro do sistema.<\/p>\n<p>O ajuste de seus par\u00e2metros pode mudar significativamente a maneira como um carro dirige, aumentar sua pot\u00eancia, melhorar a resposta do acelerador e tamb\u00e9m adicionar algumas caracter\u00edsticas ocultas, como <a href=\"https:\/\/www.ziptuning.com\/pt\/tuning-file\/pop-bang\/\">pop e bang<\/a>, <a href=\"https:\/\/www.ziptuning.com\/pt\/tuning-file\/launch-control-manual-gearbox\/\">controle de lan\u00e7amento<\/a> e muito mais. Tamb\u00e9m pode remover eletronicamente DPF e EGR, otimizar o funcionamento do motor ap\u00f3s a remo\u00e7\u00e3o dos catalisadores, <a href=\"https:\/\/www.ziptuning.com\/pt\/tuning-file\/transmission-tuning-tcu-tuning\/gearbox-types-tuning-options-and-benefits\/\">ajustar a forma de funcionamento de uma caixa de c\u00e2mbio<\/a> e muito, muito mais.<\/p>\n<\/div>\n<div class=\"accordion\">O chiptuning \u00e9 seguro?<\/div>\n<div class=\"panel\">\n<p>Absolutamente, desde que seu carro esteja em boas condi\u00e7\u00f5es e que os limites de seguran\u00e7a OEM sejam cumpridos. \u00c9 por isso que a compra de arquivos de chiptuning de sintonizadores confi\u00e1veis com <a href=\"https:\/\/www.ziptuning.com\/pt\/contact\/\">suporte direto<\/a> \u00e9 essencial. Uma das maneiras de saber se um sintonizador est\u00e1 familiarizado com os limites das pe\u00e7as OEM \u00e9 se elas oferecem atualiza\u00e7\u00f5es de Fase 3. Os sintonizadores que fornecem <a href=\"https:\/\/www.ziptuning.com\/pt\/stage-3-project-management\/\">atualiza\u00e7\u00f5es Stage 3<\/a> s\u00e3o capazes de produzir arquivos de sintoniza\u00e7\u00e3o de alta qualidade para as Stages 1 e 2.<\/p>\n<\/div>\n<div class=\"accordion\">Por que os fabricantes n\u00e3o afinam suas ECUs?<\/div>\n<div class=\"panel\">\n<p>Na verdade, eles afinam. Hoje no mercado existem muitos modelos diferentes do mesmo carro com o mesmo motor, mas com uma ligeira diferen\u00e7a de pot\u00eancia. Na maioria dos casos, a \u00fanica diferen\u00e7a est\u00e1 no software. Os fabricantes deixam um pouco de espa\u00e7o para aumentar a pot\u00eancia dos modelos de edi\u00e7\u00e3o especial vendidos a um pre\u00e7o mais alto.<\/p>\n<p>Em segundo lugar, muitos carros mant\u00eam seus motores ap\u00f3s um facelift, mas t\u00eam um pouco mais de pot\u00eancia. Este aumento muitas vezes vem apenas da otimiza\u00e7\u00e3o do software.<\/p>\n<p>Finalmente, a maioria dos fabricantes vende seus carros em todo o mundo. Isto significa que eles t\u00eam que se adaptar a v\u00e1rios mercados com diferentes qualidades de combust\u00edvel. Por esta raz\u00e3o, muitos carros vendidos mundialmente ser\u00e3o detonados para garantir que o mau combust\u00edvel n\u00e3o cause danos. O mesmo vale para as diversas regulamenta\u00e7\u00f5es sobre emiss\u00f5es. Nos mercados com qualidade de combust\u00edvel controlada ou regulamenta\u00e7\u00f5es de emiss\u00f5es menos rigorosas, isto abre um grande espa\u00e7o para melhorias.<\/p>\n<\/div>\n<div class=\"accordion\">Quanto tempo demora o chiptuning?<\/div>\n<div class=\"panel\">\n<p>Na maioria dos casos, nosso <a href=\"https:\/\/www.ziptuning.com\/pt\/tuning-file\/file-service\/\">servi\u00e7o de arquivos individuais<\/a> leva entre 10 e 30 minutos para desenvolver um arquivo. Antes disso, voc\u00ea precisa nos enviar o arquivo original cuja leitura costuma durar cerca de 15 minutos e, ap\u00f3s o envio do arquivo afinado, voc\u00ea precisa instal\u00e1-lo que tamb\u00e9m dura cerca de 15 minutos.<\/p>\n<p>Em alguns casos, a afina\u00e7\u00e3o pode durar mais, dependendo das exig\u00eancias espec\u00edficas ou projetos especiais.<\/p>\n<\/div>\n<div class=\"accordion\">Posso reverter meu carro de volta ao seu software de estoque?<\/div>\n<div class=\"panel\">\n<p>Sim, isto pode ser feito a qualquer momento.<\/p>\n<\/div>\n<div class=\"accordion\">\u00c9 verdade que a sintonia pode aumentar a pot\u00eancia e reduzir o consumo de combust\u00edvel?<\/div>\n<div class=\"panel\">\n<p>Sim, isto \u00e9 correto. Mesmo que possa parecer contra-intuitivo, a sintonia pode fazer ambas ao mesmo tempo. A raz\u00e3o disto \u00e9 que com mais torque, o carro precisa de menos acelerador e menos tempo para atingir uma determinada velocidade e tamb\u00e9m precisa de menos acelerador para cruzar a uma velocidade constante.<\/p>\n<p>Entretanto, a fim de experimentar os maiores benef\u00edcios de economia de combust\u00edvel, \u00e9 importante n\u00e3o mudar seu estilo de dirigir significativamente ap\u00f3s a afina\u00e7\u00e3o. Isto parece mais f\u00e1cil do que \u00e9 porque a maioria dos motoristas ir\u00e1 desfrutar da pot\u00eancia extra e realmente dirigir de forma mais agressiva, especialmente nos primeiros meses ap\u00f3s a afina\u00e7\u00e3o.<\/p>\n<\/div>\n<div class=\"accordion\">Que carros voc\u00ea pode afinar?<\/div>\n<div class=\"panel\">\n<p>ZIP Tuning oferece arquivos de afina\u00e7\u00e3o para <a href=\"https:\/\/www.ziptuning.com\/pt\/specifications\/\">quase todas as marcas do mundo e quase todos os seus modelos<\/a>. Tamb\u00e9m podemos afinar um grande n\u00famero de motocicletas, embarca\u00e7\u00f5es mar\u00edtimas, m\u00e1quinas agr\u00edcolas, caminh\u00f5es\/clorries e muito mais.<\/p>\n<p><a href=\"https:\/\/www.ziptuning.com\/pt\/specifications\/\">Pesquise em nosso banco de dados<\/a> o modelo que voc\u00ea est\u00e1 procurando e, no caso improv\u00e1vel, voc\u00ea n\u00e3o encontra o que est\u00e1 procurando, <a href=\"https:\/\/portal.ziptuning.com\/register\" target=\"_blank\" rel=\"noopener\">registre-se<\/a> ou <a href=\"https:\/\/portal.ziptuning.com\/login\" target=\"_blank\" rel=\"noopener\">entre em<\/a> nosso portal e nos informe o que voc\u00ea precisa. Na grande maioria dos casos, somos capazes de lhe fornecer o servi\u00e7o necess\u00e1rio.<\/p>\n<\/div>\n<div class=\"accordion\">Voc\u00ea tem Damos\/Super Mappacks?<\/div>\n<div class=\"panel\">\n<p>Sim, n\u00f3s oferecemos <a href=\"https:\/\/www.ziptuning.com\/pt\/damos\/\">Damos e Super Mappacks<\/a>. Contate-nos para estes.<\/p>\n<\/div>\n<div class=\"accordion\">Voc\u00ea tem os arquivos originais da ECU?<\/div>\n<div class=\"panel\">\n<p>Sim, temos um enorme banco de dados de arquivos originais da ECU que voc\u00ea pode adquirir de n\u00f3s. Basta fazer o upload de sua identifica\u00e7\u00e3o ou de sua leitura. Se voc\u00ea n\u00e3o puder fornec\u00ea-los, d\u00ea-nos detalhes sobre seu carro em nossa p\u00e1gina de upload de arquivos. Por favor, n\u00e3o nos envie e-mails sobre os arquivos originais. No entanto, se voc\u00ea tamb\u00e9m quiser comprar um arquivo de tuning, na maioria dos casos podemos enviar-lhe o arquivo original <b>gratuitamente<\/b>. Caso voc\u00ea precise de um arquivo VAG, certifique-se de nos enviar o n\u00famero de 4 d\u00edgitos de atualiza\u00e7\u00e3o do software. Por exemplo: 1K0035180AG_DE2_0008<\/p>\n<\/div>\n<div class=\"accordion\">Que tipo de apoio voc\u00ea oferece?<\/div>\n<div class=\"panel\">\n<p>Nosso <a href=\"https:\/\/www.ziptuning.com\/pt\/contact\/\">suporte direto e em tempo real<\/a> para nossos clientes \u00e9 o orgulho de nosso servi\u00e7o. Oferecemos comunica\u00e7\u00e3o com nossos engenheiros em tempo real via WhatsApp ou Skype e tamb\u00e9m temos suporte por e-mail e um sistema de ingressos em nosso portal de sintonizadores.<\/p>\n<\/div>\n<div class=\"accordion\">Quais s\u00e3o as diferen\u00e7as entre as ferramentas de afina\u00e7\u00e3o Master e Slave?<\/div>\n<div class=\"panel\">\n<p><a href=\"https:\/\/www.ziptuning.com\/pt\/tuning-tools\/\">Ferramentas de afina\u00e7\u00e3o<\/a> boas, originais e confi\u00e1veis s\u00e3o essenciais para um bom projeto de afina\u00e7\u00e3o.<\/p>\n<p>As ferramentas de afina\u00e7\u00e3o de escravos s\u00f3 podem ler o software na ECU e instal\u00e1-lo. Elas n\u00e3o podem ser usadas para ajustar o arquivo real, mas apenas para ler e escrever. Isto as torna muito mais acess\u00edveis.<\/p>\n<p>As ferramentas mestre s\u00e3o normalmente utilizadas pelas pessoas que desenvolvem e personalizam os arquivos de ajuste, uma vez que o pre\u00e7o extra \u00e9 justificado pela capacidade de abrir e ajustar o software dentro do arquivo da ECU.<\/p>\n<p>Leia mais sobre as diferentes ferramentas de afina\u00e7\u00e3o <a href=\"https:\/\/www.ziptuning.com\/pt\/tuning-tools\/chiptuning-tools-reviews\/\">AQUI<\/a>.<\/p>\n<\/div>\n<div class=\"accordion\">Onde posso encontrar seus pre\u00e7os?<\/div>\n<div class=\"panel\">\n<p>Entre em nosso portal de sintonizadores e solicite l\u00e1 nossos \u00faltimos pre\u00e7os.<\/p>\n<\/div>\n<div class=\"accordion\">Por que seus pre\u00e7os n\u00e3o s\u00e3o encontrados no site do ZIP Tuning?<\/div>\n<div class=\"panel\">\n<p>Ao longo dos anos temos desenvolvido relacionamentos de longo prazo com uma s\u00e9rie de profissionais e oficinas de afina\u00e7\u00e3o bem respeitados que compram arquivos de afina\u00e7\u00e3o de n\u00f3s. Por esta raz\u00e3o, prefer\u00edamos que os propriet\u00e1rios de autom\u00f3veis individuais fossem a uma de suas oficinas locais para garantir que tudo seja feito da melhor maneira poss\u00edvel e utilizando apenas ferramentas originais. Consideramos a seguran\u00e7a e a confiabilidade t\u00e3o importantes quanto o desempenho.<\/p>\n<\/div>\n<div class=\"accordion\">E se eu tiver um problema com meu arquivo de afina\u00e7\u00e3o?<\/div>\n<div class=\"panel\">\n<p>N\u00f3s o consertaremos. Basta <a href=\"https:\/\/www.ziptuning.com\/pt\/contact\/\">entrar em contato conosco<\/a> atrav\u00e9s de um dos canais de suporte mencionados acima e n\u00f3s resolveremos qualquer problema que voc\u00ea possa ter. Na situa\u00e7\u00e3o muito improv\u00e1vel de n\u00e3o haver solu\u00e7\u00e3o para seu caso particular, lhe devolveremos seus cr\u00e9ditos e voc\u00ea poder\u00e1 us\u00e1-los para qualquer projeto futuro.<\/p>\n<\/div>\n<div class=\"accordion\">Seus arquivos s\u00e3o testados\/diagnosticados?<\/div>\n<div class=\"panel\">\n<p>Sim, quase todos e todos foram testados em um dyno e todos foram testados na estrada. Temos uma ampla rede de revendedores, por isso temos tido experi\u00eancia e feedback de um grande n\u00famero de clientes. Nossos arquivos foram minuciosamente testados e meticulosamente ajustados para proporcionar a melhor e mais segura experi\u00eancia de condu\u00e7\u00e3o.<\/p>\n<\/div>\n<div class=\"accordion\">Voc\u00eas oferecem arquivos da Etapa 3, engenharia reversa, adi\u00e7\u00e3o de c\u00f3digo, antilag, etc.?<\/div>\n<div class=\"panel\">\n<p>Sim, temos grande experi\u00eancia com todos os tipos de projetos e solicita\u00e7\u00f5es especiais, incluindo a Etapa 3 e at\u00e9 mesmo aplica\u00e7\u00f5es em corridas. Basta ter em mente que o tempo de processamento para estes tipos de projetos geralmente \u00e9 maior.<\/p>\n<\/div>\n<div class=\"accordion\">Meu arquivo n\u00e3o \u00e9 original, isto \u00e9 um problema?<\/div>\n<div class=\"panel\">\n<p>Normalmente trabalhamos apenas com arquivos totalmente originais. Se voc\u00ea n\u00e3o conseguir encontrar o arquivo original, diga-nos em nossa tela de upload e veremos o que podemos fazer por voc\u00ea.<\/p>\n<\/div>\n<div class=\"accordion\">Voc\u00ea calcula o checksum ou \u00e9 necess\u00e1rio o c\u00e1lculo do checksum?<\/div>\n<div class=\"panel\">\n<p>Isto depende da ferramenta de ajuste que voc\u00ea est\u00e1 usando. Algumas ferramentas corrigem a soma de verifica\u00e7\u00e3o, enquanto outras n\u00e3o. Se sua ferramenta n\u00e3o o fizer, informe-nos na p\u00e1gina de carregamento do arquivo e n\u00f3s o calcularemos para voc\u00ea.<\/p>\n<\/div>\n<p><script type=\"application\/ld+json\">\n{\n\"@context\": \"https:\/\/schema.org\",\n\"@type\": \"FAQPage\",\n\"mainEntity\": [\n{\n\"@type\": \"Question\",\n\"name\": \"O que \u00e9 o chiptuning\/remapping\/ECU piscando?\",\n\"acceptedAnswer\": {\n\"@type\": \"Answer\",\n\"text\": \"Todos esses termos e muitos outros que as pessoas ao redor do mundo utilizam s\u00e3o v\u00e1lidos para a otimiza\u00e7\u00e3o do software instalado na ECU (unidade de controle eletr\u00f4nico) de seu carro. O software na ECU \u00e9 usado para controlar v\u00e1rios aspectos do funcionamento do motor de combust\u00e3o interna e serve como o c\u00e9rebro do sistema. Ajustar seus par\u00e2metros pode mudar significativamente a maneira como um carro dirige, aumentar sua pot\u00eancia, melhorar a resposta do acelerador e tamb\u00e9m adicionar algumas caracter\u00edsticas ocultas, como pop e bang, controle de lan\u00e7amento e muito mais. Tamb\u00e9m pode remover eletronicamente DPF e EGR, otimizar o funcionamento do motor ap\u00f3s a remo\u00e7\u00e3o dos catalisadores, ajustar a forma de funcionamento de uma caixa de c\u00e2mbio e muito, muito mais.\"\n}\n},\n{\n\"@type\": \"Question\",\n\"name\": \"O chiptuning \u00e9 seguro?\",\n\"acceptedAnswer\": {\n\"@type\": \"Answer\",\n\"text\": \"Absolutamente, desde que seu carro esteja em boas condi\u00e7\u00f5es e que os limites de seguran\u00e7a OEM sejam cumpridos. \u00c9 por isso que a compra de arquivos de afina\u00e7\u00e3o de chips de sintonizadores confi\u00e1veis com suporte direto \u00e9 essencial. Uma das maneiras de saber se um sintonizador est\u00e1 familiarizado com os limites das pe\u00e7as OEM \u00e9 se elas oferecem atualiza\u00e7\u00f5es de Fase 3. Os sintonizadores que fornecem atualiza\u00e7\u00f5es Stage 3 s\u00e3o capazes de produzir arquivos de sintoniza\u00e7\u00e3o de alta qualidade para as Stages 1 e 2.\"\n}\n},\n{\n\"@type\": \"Question\",\n\"name\": \"Por que os fabricantes n\u00e3o afinam suas ECUs?\",\n\"acceptedAnswer\": {\n\"@type\": \"Answer\",\n\"text\": \"Na verdade, eles fazem. Hoje no mercado existem muitos modelos diferentes do mesmo carro com o mesmo motor, mas com uma ligeira diferen\u00e7a de pot\u00eancia. Na maioria dos casos, a \u00fanica diferen\u00e7a est\u00e1 no software. Os fabricantes deixam um pouco de espa\u00e7o para aumentar a pot\u00eancia dos modelos de edi\u00e7\u00e3o especial vendidos a um pre\u00e7o mais alto. Em segundo lugar, muitos carros mant\u00eam seus motores ap\u00f3s um facelift, mas t\u00eam um pouco mais de pot\u00eancia. Este aumento muitas vezes vem apenas da otimiza\u00e7\u00e3o do software. Finalmente, a maioria dos fabricantes vende seus carros em todo o mundo. Isto significa que eles t\u00eam que se adaptar a v\u00e1rios mercados com diferentes qualidades de combust\u00edvel. Por esta raz\u00e3o, muitos carros vendidos mundialmente ser\u00e3o dissuadidos para garantir que o mau combust\u00edvel n\u00e3o cause danos. O mesmo vale para as diversas regulamenta\u00e7\u00f5es sobre emiss\u00f5es. Nos mercados com qualidade de combust\u00edvel controlada ou regulamenta\u00e7\u00f5es de emiss\u00f5es menos rigorosas, isto abre um grande espa\u00e7o para melhorias.\"\n}\n},\n{\n\"@type\": \"Question\",\n\"name\": \"Quanto tempo leva o chiptuning?\",\n\"acceptedAnswer\": {\n    \"@type\": \"Answer\",\n    \"text\": \"Na maioria dos casos, nosso servi\u00e7o de arquivos individuais leva entre 10 e 30 minutos para desenvolver um arquivo. Antes disso, voc\u00ea precisa nos enviar o arquivo original cuja leitura costuma durar cerca de 15 minutos e, ap\u00f3s o envio do arquivo sintonizado, voc\u00ea precisa instal\u00e1-lo, o que tamb\u00e9m dura cerca de 15 minutos.\"\n  }\n},\n{\n  \"@type\": \"Question\",\n  \"name\": \"Posso reverter meu carro de volta ao seu software de estoque?\",\n  \"acceptedAnswer\": {\n    \"@type\": \"Answer\",\n    \"text\": \"Sim, isto pode ser feito a qualquer momento.\"\n  }\n},\n{\n  \"@type\": \"Question\",\n  \"name\": \"\u00c9 verdade que a sintonia pode aumentar a pot\u00eancia e reduzir o consumo de combust\u00edvel?\",\n  \"acceptedAnswer\": {\n    \"@type\": \"Answer\",\n    \"text\": \"Sim, isto \u00e9 correto. Mesmo que possa parecer contra-intuitivo, a sintonia pode fazer ambas as coisas ao mesmo tempo. A raz\u00e3o disto \u00e9 que com mais torque, o carro precisa de menos acelerador e menos tempo para atingir uma certa velocidade e tamb\u00e9m precisa de menos acelerador para cruzar a uma velocidade constante. Entretanto, a fim de experimentar os maiores benef\u00edcios de economia de combust\u00edvel, \u00e9 importante n\u00e3o mudar seu estilo de dirigir significativamente ap\u00f3s a afina\u00e7\u00e3o. Isto parece mais f\u00e1cil do que \u00e9 porque a maioria dos motoristas ir\u00e1 desfrutar da pot\u00eancia extra e realmente dirigir de forma mais agressiva, especialmente nos primeiros meses ap\u00f3s o ajuste.\"\n  }\n},\n{\n  \"@type\": \"Question\",\n  \"name\": \"Que carros voc\u00ea pode afinar?\",\n  \"acceptedAnswer\": {\n    \"@type\": \"Answer\",\n    \"text\": \"A ZIP Tuning oferece arquivos de ajuste para quase todas as marcas no mundo e quase todos os seus modelos. Tamb\u00e9m podemos sintonizar um grande n\u00famero de motocicletas, embarca\u00e7\u00f5es mar\u00edtimas, m\u00e1quinas agr\u00edcolas, caminh\u00f5es\/clorries e muito mais. Pesquise em nosso banco de dados o modelo que voc\u00ea est\u00e1 procurando e, no caso improv\u00e1vel, voc\u00ea n\u00e3o encontra o que est\u00e1 procurando, registre-se ou entre em nosso portal e nos informe o que voc\u00ea precisa. Na grande maioria dos casos, somos capazes de lhe fornecer o servi\u00e7o necess\u00e1rio.\"\n  }\n},\n{\n  \"@type\": \"Question\",\n  \"name\": \"Voc\u00ea tem Damos\/Super Mappacks?\",\n  \"acceptedAnswer\": {\n    \"@type\": \"Answer\",\n    \"text\": \"Sim, n\u00f3s oferecemos Damos e Super Mappacks. Contate-nos para estes.\"\n  }\n},\n{\n  \"@type\": \"Question\",\n  \"name\": \"Voc\u00ea tem arquivos originais da ECU?\",\n  \"acceptedAnswer\": {\n    \"@type\": \"Answer\",\n    \"text\": \"Sim, temos um enorme banco de dados de arquivos originais da ECU que voc\u00ea pode adquirir de n\u00f3s. Basta fazer o upload de sua identifica\u00e7\u00e3o ou de sua leitura. Se voc\u00ea n\u00e3o puder fornec\u00ea-los, forne\u00e7a-nos detalhes sobre seu carro em nossa p\u00e1gina de upload de arquivos. Por favor, n\u00e3o nos envie e-mails sobre os arquivos originais. Use sempre nossa p\u00e1gina de envio de arquivos. Entretanto, se voc\u00ea quiser comprar um arquivo de sintonia tamb\u00e9m, na maioria dos casos podemos enviar-lhe o arquivo original <b>gratuitamente<\/b>. Caso voc\u00ea precise de um arquivo VAG, certifique-se de nos enviar o n\u00famero de 4 d\u00edgitos de atualiza\u00e7\u00e3o do software. Por exemplo: 1K0035180AG_DE2_0008 \"\n}\n},\n{\n  \"@type\": \"Question\",\n  \"name\": \"Que tipo de apoio voc\u00ea oferece?\",\n  \"acceptedAnswer\": {\n    \"@type\": \"Answer\",\n    \"text\": \"Nosso suporte direto e em tempo real para nossos clientes \u00e9 o orgulho de nosso servi\u00e7o. Oferecemos comunica\u00e7\u00e3o com nossos engenheiros em tempo real via WhatsApp ou Skype e tamb\u00e9m temos suporte por e-mail e um sistema de ingressos em nosso portal de sintonizadores.\"\n  }\n},\n{\n  \"@type\": \"Question\",\n  \"name\": \"Em que s\u00e3o diferentes as ferramentas de afina\u00e7\u00e3o de Mestre e Escravo?\",\n  \"acceptedAnswer\": {\n    \"@type\": \"Answer\",\n    \"text\": \"Ferramentas de afina\u00e7\u00e3o boas, originais e confi\u00e1veis s\u00e3o essenciais para um bom projeto de afina\u00e7\u00e3o. As ferramentas de afina\u00e7\u00e3o de escravos s\u00f3 podem ler o software na ECU e instal\u00e1-lo. Elas n\u00e3o podem ser usadas para ajustar o arquivo real, mas apenas para ler e escrever. Isto as torna muito mais acess\u00edveis. As ferramentas mestre s\u00e3o normalmente utilizadas pelas pessoas que desenvolvem e personalizam arquivos de ajuste, j\u00e1 que o pre\u00e7o extra \u00e9 justificado pela capacidade de abrir e ajustar o software dentro do arquivo da ECU. Leia mais sobre as diferentes ferramentas de afina\u00e7\u00e3o AQUI.\"\n  }\n},\n{\n  \"@type\": \"Question\",\n  \"name\": \"Onde posso encontrar seus pre\u00e7os?\",\n  \"acceptedAnswer\": {\n    \"@type\": \"Answer\",\n    \"text\": \"Acesse nosso portal de sintonizadores e solicite nossos \u00faltimos pre\u00e7os l\u00e1.\"\n  }\n},\n{\n  \"@type\": \"Question\",\n  \"name\": \"Por que seus pre\u00e7os n\u00e3o s\u00e3o encontrados no site ZIP Tuning?\",\n  \"acceptedAnswer\": {\n    \"@type\": \"Answer\",\n    \"text\": \"Ao longo dos anos temos desenvolvido relacionamentos de longo prazo com uma s\u00e9rie de profissionais e oficinas de afina\u00e7\u00e3o bem respeitados que compram arquivos de afina\u00e7\u00e3o de n\u00f3s. Por esta raz\u00e3o, prefer\u00edamos que os propriet\u00e1rios de autom\u00f3veis individuais fossem a uma de suas oficinas locais para garantir que tudo seja feito da melhor maneira poss\u00edvel e utilizando apenas ferramentas originais. Consideramos a seguran\u00e7a e a confiabilidade t\u00e3o importantes quanto o desempenho.\"\n  }\n},\n{\n  \"@type\": \"Question\",\n  \"name\": \"E se eu tiver um problema com meu arquivo de afina\u00e7\u00e3o?\",\n  \"acceptedAnswer\": {\n    \"@type\": \"Answer\",\n    \"text\": \"N\u00f3s vamos consertar isso. Basta entrar em contato conosco atrav\u00e9s de um dos canais de suporte mencionados acima e resolveremos qualquer problema que voc\u00ea possa ter. Na situa\u00e7\u00e3o muito improv\u00e1vel de n\u00e3o haver solu\u00e7\u00e3o para seu caso em particular, n\u00f3s lhe devolveremos seus cr\u00e9ditos e voc\u00ea poder\u00e1 us\u00e1-los em qualquer projeto futuro.\"\n  }\n},\n{\n  \"@type\": \"Question\",\n  \"name\": \"Seus arquivos s\u00e3o testados\/diagnosticados?\",\n  \"acceptedAnswer\": {\n    \"@type\": \"Answer\",\n    \"text\": \"Sim, quase todos e cada um foi testado em um dyno e todos foram testados na estrada. Temos uma ampla rede de revendedores, por isso temos tido experi\u00eancia e feedback de um grande n\u00famero de clientes. Nossos arquivos foram minuciosamente testados e meticulosamente ajustados para proporcionar a melhor e mais segura experi\u00eancia de condu\u00e7\u00e3o.\"\n}\n},\n{\n\"@type\": \"Question\",\n\"name\": \"Voc\u00eas oferecem arquivos da Etapa 3, engenharia reversa, adi\u00e7\u00e3o de c\u00f3digo, antilag, etc.?\",\n\"acceptedAnswer\": {\n\"@type\": \"Answer\",\n\"text\": \"Sim, temos grande experi\u00eancia com todos os tipos de projetos e solicita\u00e7\u00f5es especiais, incluindo a Etapa 3 e at\u00e9 mesmo aplica\u00e7\u00f5es em corridas. Basta ter em mente que o tempo de processamento para estes tipos de projetos geralmente \u00e9 maior.\"\n}\n},\n{\n\"@type\": \"Question\",\n\"name\": \"Meu arquivo n\u00e3o \u00e9 original, isto \u00e9 um problema?\",\n\"acceptedAnswer\": {\n\"@type\": \"Answer\",\n\"text\": \"Normalmente trabalhamos apenas com arquivos totalmente originais. Se voc\u00ea n\u00e3o conseguir encontrar o arquivo original, diga-nos em nossa tela de upload e veremos o que podemos fazer por voc\u00ea.\"\n}\n},\n{\n\"@type\": \"Question\",\n\"name\": \"Voc\u00ea calcula o checksum ou \u00e9 necess\u00e1rio o c\u00e1lculo do checksum?\",\n\"acceptedAnswer\": {\n\"@type\": \"Answer\",\n\"text\": \"Isto depende da ferramenta de ajuste que voc\u00ea est\u00e1 usando. Algumas ferramentas corrigem o checksum, enquanto outras n\u00e3o. Se sua ferramenta n\u00e3o o fizer, informe-nos na p\u00e1gina de carregamento do arquivo e n\u00f3s o calcularemos para voc\u00ea.\"\n}\n}\n]\n}<\/p>\n<p><\/script><\/p>\n","protected":false},"excerpt":{"rendered":"<p>Aqui est\u00e3o as perguntas e respostas mais comuns sobre nossos servi\u00e7os e suporte. Se voc\u00ea n\u00e3o encontrar sua pergunta, entre em contato conosco atrav\u00e9s do Whatsapp ou Skype O que \u00e9 o chiptuning\/remapping\/ECU piscando? Todos esses termos e muitos outros que as pessoas ao redor do mundo usam s\u00e3o para otimiza\u00e7\u00e3o do software instalado na<\/p>\n","protected":false},"author":1,"featured_media":0,"parent":0,"menu_order":0,"comment_status":"closed","ping_status":"open","template":"","meta":{"_acf_changed":false,"footnotes":""},"class_list":["post-276680","page","type-page","status-publish","hentry"],"acf":[],"_links":{"self":[{"href":"https:\/\/www.ziptuning.com\/pt\/wp-json\/wp\/v2\/pages\/276680","targetHints":{"allow":["GET"]}}],"collection":[{"href":"https:\/\/www.ziptuning.com\/pt\/wp-json\/wp\/v2\/pages"}],"about":[{"href":"https:\/\/www.ziptuning.com\/pt\/wp-json\/wp\/v2\/types\/page"}],"author":[{"embeddable":true,"href":"https:\/\/www.ziptuning.com\/pt\/wp-json\/wp\/v2\/users\/1"}],"replies":[{"embeddable":true,"href":"https:\/\/www.ziptuning.com\/pt\/wp-json\/wp\/v2\/comments?post=276680"}],"version-history":[{"count":8,"href":"https:\/\/www.ziptuning.com\/pt\/wp-json\/wp\/v2\/pages\/276680\/revisions"}],"predecessor-version":[{"id":286987,"href":"https:\/\/www.ziptuning.com\/pt\/wp-json\/wp\/v2\/pages\/276680\/revisions\/286987"}],"wp:attachment":[{"href":"https:\/\/www.ziptuning.com\/pt\/wp-json\/wp\/v2\/media?parent=276680"}],"curies":[{"name":"wp","href":"https:\/\/api.w.org\/{rel}","templated":true}]}}