{"id":276642,"date":"2020-07-29T13:19:47","date_gmt":"2020-07-29T13:19:47","guid":{"rendered":"https:\/\/www.ziptuning.com\/?page_id=276642"},"modified":"2023-03-10T11:44:09","modified_gmt":"2023-03-10T11:44:09","slug":"mmc-flasher","status":"publish","type":"page","link":"https:\/\/www.ziptuning.com\/pt\/tuning-tools\/mmc-flasher\/","title":{"rendered":"Pisca-pisca da MMC"},"content":{"rendered":"<p>O Flasher da MMC \u00e9 uma escolha muito comum de sintonizadores que lidam principalmente com poucos fabricantes, mas que desejam servi\u00e7os completos, opera\u00e7\u00e3o confi\u00e1vel e algumas caracter\u00edsticas que s\u00f3 a MMC traz.<\/p>\n<h2>O que ele pode afinar?<\/h2>\n<p>Embora sua capacidade n\u00e3o esteja estritamente limitada a estas marcas, o Flasher da MMC \u00e9 mais comumente usado por aqueles que freq\u00fcentemente sintonizam ve\u00edculos produzidos pela Honda, Infiniti, Nissan, Ford, Mazda, Hyundai, Kia, Subaru e Mitsubishi.<img loading=\"lazy\" decoding=\"async\" src=\"https:\/\/www.ziptuning.com\/pt\/wp-content\/uploads\/sites\/5\/2023\/03\/mmc-flash-1.jpg\" alt=\"MMC Flash\" width=\"200\" height=\"100\" class=\"alignnone size-full wp-image-276643\" \/><\/p>\n<h2>Conectividade<\/h2>\n<p>MMC Flasher pode operar via CAN J2534 ou K-Line e voc\u00ea tamb\u00e9m pode usar o OpenPort 2.0.<\/p>\n<h2>Caracter\u00edsticas<\/h2>\n<p>Al\u00e9m da corre\u00e7\u00e3o comum do checksum, habilidades de leitura e escrita, o MMC Flasher tamb\u00e9m tem outros benef\u00edcios. Por exemplo, voc\u00ea n\u00e3o precisa criar arquivos de descri\u00e7\u00e3o XML. Voc\u00ea tamb\u00e9m n\u00e3o pode cometer um erro ao escolher os tipos de ECU, pois a MMC ler\u00e1 automaticamente a mem\u00f3ria flash da ECU e a comparar\u00e1, avisando se houver alguma diferen\u00e7a indesejada. <\/p>\n<p>Outro benef\u00edcio do Flasher MMC \u00e9 um grande suporte t\u00e9cnico e atualiza\u00e7\u00f5es muito regulares para novos tipos de ECUs.<\/p>\n<h2>Rela\u00e7\u00e3o custo-benef\u00edcio<\/h2>\n<p>Se voc\u00ea sintoniza frequentemente uma das marcas apoiadas pelo MMC Flasher, \u00e9 dif\u00edcil olhar al\u00e9m de sua rela\u00e7\u00e3o custo-benef\u00edcio. A compra inicial, muito acess\u00edvel, lhe dar\u00e1 um dongle USB, um software e um arquivo de ajuda. <\/p>\n<p>O acesso a diferentes tipos de ECU vem atrav\u00e9s de m\u00f3dulos que voc\u00ea precisa comprar separadamente. Entretanto, ao inv\u00e9s de comprar todos eles, voc\u00ea pode comprar apenas os m\u00f3dulos espec\u00edficos que voc\u00ea realmente precisa ou mesmo um pacote que combine alguns m\u00f3dulos mais comumente comprados juntos.<\/p>\n<div class=\"call-to-action-box\">\n<div class=\"col\">\n<h3>Baixe seu arquivo de sintonia em menos de 60 minutos<\/h3>\n<\/div>\n<div class=\"col\"><a href=\"https:\/\/portal.ziptuning.com\/register\" class=\"call-reg\" target=\"_blank\" rel=\"noopener\">Registre-se Agora<\/a><span> ou J\u00e1 tem uma conta, <a href=\"https:\/\/portal.ziptuning.com\/\" class=\"call-login\" target=\"_blank\" rel=\"noopener\">Login agora<\/a><\/span><\/div>\n<\/div>\n","protected":false},"excerpt":{"rendered":"<p>O Flasher da MMC \u00e9 uma escolha muito comum de sintonizadores que lidam principalmente com poucos fabricantes, mas que desejam servi\u00e7os completos, opera\u00e7\u00e3o confi\u00e1vel e algumas caracter\u00edsticas que s\u00f3 a MMC traz. O que ele pode afinar? Embora sua capacidade n\u00e3o esteja estritamente limitada a estas marcas, o Flasher da MMC \u00e9 mais comumente usado<\/p>\n","protected":false},"author":1,"featured_media":286967,"parent":83020,"menu_order":0,"comment_status":"closed","ping_status":"open","template":"","meta":{"_acf_changed":false,"footnotes":""},"class_list":["post-276642","page","type-page","status-publish","has-post-thumbnail","hentry"],"acf":[],"_links":{"self":[{"href":"https:\/\/www.ziptuning.com\/pt\/wp-json\/wp\/v2\/pages\/276642","targetHints":{"allow":["GET"]}}],"collection":[{"href":"https:\/\/www.ziptuning.com\/pt\/wp-json\/wp\/v2\/pages"}],"about":[{"href":"https:\/\/www.ziptuning.com\/pt\/wp-json\/wp\/v2\/types\/page"}],"author":[{"embeddable":true,"href":"https:\/\/www.ziptuning.com\/pt\/wp-json\/wp\/v2\/users\/1"}],"replies":[{"embeddable":true,"href":"https:\/\/www.ziptuning.com\/pt\/wp-json\/wp\/v2\/comments?post=276642"}],"version-history":[{"count":1,"href":"https:\/\/www.ziptuning.com\/pt\/wp-json\/wp\/v2\/pages\/276642\/revisions"}],"predecessor-version":[{"id":286966,"href":"https:\/\/www.ziptuning.com\/pt\/wp-json\/wp\/v2\/pages\/276642\/revisions\/286966"}],"up":[{"embeddable":true,"href":"https:\/\/www.ziptuning.com\/pt\/wp-json\/wp\/v2\/pages\/83020"}],"wp:featuredmedia":[{"embeddable":true,"href":"https:\/\/www.ziptuning.com\/pt\/wp-json\/wp\/v2\/media\/286967"}],"wp:attachment":[{"href":"https:\/\/www.ziptuning.com\/pt\/wp-json\/wp\/v2\/media?parent=276642"}],"curies":[{"name":"wp","href":"https:\/\/api.w.org\/{rel}","templated":true}]}}