{"id":276633,"date":"2020-07-29T13:18:59","date_gmt":"2020-07-29T13:18:59","guid":{"rendered":"https:\/\/www.ziptuning.com\/?page_id=276633"},"modified":"2024-10-07T13:42:13","modified_gmt":"2024-10-07T13:42:13","slug":"pcm-flasher","status":"publish","type":"page","link":"https:\/\/www.ziptuning.com\/pt\/tuning-tools\/pcm-flasher\/","title":{"rendered":"PCM Flasher"},"content":{"rendered":"<p>PCM Flasher surgiu em meio a v\u00e1rias ferramentas muito mais caras e rapidamente construiu seu nome ao oferecer uma ampla gama de servi\u00e7os seguros e confi\u00e1veis.<\/p>\n<h2>O que ele pode tunar?<\/h2>\n<p>Ele pode tunar uma grande variedade de ve\u00edculos de diferentes marcas e oferece solu\u00e7\u00f5es de leitura e grava\u00e7\u00e3o tanto para tuning de ECU quanto de TCU\/transmiss\u00e3o. Tamb\u00e9m \u00e9 poss\u00edvel ajustar arquivos bin e vbf, e c\u00e1lculos autom\u00e1ticos de checksum para arquivos bin s\u00e3o suportados por v\u00e1rios m\u00f3dulos.<\/p>\n<p>Essas caracter\u00edsticas tornam o PCM Flasher uma escolha muito vers\u00e1til tanto para tuners profissionais quanto para entusiastas e hobbistas de tuning, j\u00e1 que sua combina\u00e7\u00e3o de acessibilidade e versatilidade \u00e9 raramente encontrada entre os fabricantes j\u00e1 estabelecidos de ferramentas de tuning.<\/p>\n<p><img loading=\"lazy\" decoding=\"async\" src=\"https:\/\/www.ziptuning.com\/wp-content\/uploads\/2020\/07\/pcmflash-1-300x256.jpg\" alt=\"PCM Flash\" width=\"300\" height=\"256\" class=\"alignnone size-medium wp-image-276636\" srcset=\"https:\/\/www.ziptuning.com\/pt\/wp-content\/uploads\/sites\/5\/2020\/07\/pcmflash-1-300x256.jpg 300w, https:\/\/www.ziptuning.com\/pt\/wp-content\/uploads\/sites\/5\/2020\/07\/pcmflash-1-768x655.jpg 768w, https:\/\/www.ziptuning.com\/pt\/wp-content\/uploads\/sites\/5\/2020\/07\/pcmflash-1-172x147.jpg 172w, https:\/\/www.ziptuning.com\/pt\/wp-content\/uploads\/sites\/5\/2020\/07\/pcmflash-1.jpg 1000w\" sizes=\"auto, (max-width: 300px) 100vw, 300px\" \/><\/p>\n<h2>Conectividade<\/h2>\n<p>Ele funciona com qualquer adaptador compat\u00edvel com J2534, claro, com os drivers apropriados instalados. Para maior tranquilidade, a chave Guardant limita o acesso n\u00e3o autorizado, garantindo assim a seguran\u00e7a.<\/p>\n<p>O PCM Flasher combina algumas das melhores caracter\u00edsticas de ferramentas de tuning, incluindo confiabilidade, seguran\u00e7a, uma grande quantidade de ECUs e TCUs suportadas, al\u00e9m de uma interface f\u00e1cil e intuitiva, com um dos pre\u00e7os mais acess\u00edveis do mercado.<\/p>\n<div class=\"call-to-action-box\">\n<div class=\"col\">\n<h3>Baixe seu arquivo de tuning em menos de 60 minutos<\/h3>\n<\/div>\n<div class=\"col\"><a href=\"https:\/\/portal.ziptuning.com\/register\" class=\"call-reg\" target=\"_blank\" rel=\"noopener\">Cadastre-se agora<\/a><span> ou j\u00e1 tem uma conta? <a href=\"https:\/\/portal.ziptuning.com\/\" class=\"call-login\" target=\"_blank\" rel=\"noopener\">Fa\u00e7a login agora<\/a><\/span><\/div>\n<\/div>\n","protected":false},"excerpt":{"rendered":"<p>PCM Flasher surgiu em meio a v\u00e1rias ferramentas muito mais caras e rapidamente construiu seu nome ao oferecer uma ampla gama de servi\u00e7os seguros e confi\u00e1veis. O que ele pode tunar? Ele pode tunar uma grande variedade de ve\u00edculos de diferentes marcas e oferece solu\u00e7\u00f5es de leitura e grava\u00e7\u00e3o tanto para tuning de ECU quanto<\/p>\n","protected":false},"author":1,"featured_media":286965,"parent":83020,"menu_order":0,"comment_status":"closed","ping_status":"open","template":"","meta":{"_acf_changed":false,"footnotes":""},"class_list":["post-276633","page","type-page","status-publish","has-post-thumbnail","hentry"],"acf":[],"_links":{"self":[{"href":"https:\/\/www.ziptuning.com\/pt\/wp-json\/wp\/v2\/pages\/276633","targetHints":{"allow":["GET"]}}],"collection":[{"href":"https:\/\/www.ziptuning.com\/pt\/wp-json\/wp\/v2\/pages"}],"about":[{"href":"https:\/\/www.ziptuning.com\/pt\/wp-json\/wp\/v2\/types\/page"}],"author":[{"embeddable":true,"href":"https:\/\/www.ziptuning.com\/pt\/wp-json\/wp\/v2\/users\/1"}],"replies":[{"embeddable":true,"href":"https:\/\/www.ziptuning.com\/pt\/wp-json\/wp\/v2\/comments?post=276633"}],"version-history":[{"count":4,"href":"https:\/\/www.ziptuning.com\/pt\/wp-json\/wp\/v2\/pages\/276633\/revisions"}],"predecessor-version":[{"id":287049,"href":"https:\/\/www.ziptuning.com\/pt\/wp-json\/wp\/v2\/pages\/276633\/revisions\/287049"}],"up":[{"embeddable":true,"href":"https:\/\/www.ziptuning.com\/pt\/wp-json\/wp\/v2\/pages\/83020"}],"wp:featuredmedia":[{"embeddable":true,"href":"https:\/\/www.ziptuning.com\/pt\/wp-json\/wp\/v2\/media\/286965"}],"wp:attachment":[{"href":"https:\/\/www.ziptuning.com\/pt\/wp-json\/wp\/v2\/media?parent=276633"}],"curies":[{"name":"wp","href":"https:\/\/api.w.org\/{rel}","templated":true}]}}