{"id":276599,"date":"2020-07-28T11:19:45","date_gmt":"2020-07-28T11:19:45","guid":{"rendered":"https:\/\/www.ziptuning.com\/?page_id=276599"},"modified":"2024-10-07T13:36:37","modified_gmt":"2024-10-07T13:36:37","slug":"bitbox","status":"publish","type":"page","link":"https:\/\/www.ziptuning.com\/pt\/tuning-tools\/bitbox\/","title":{"rendered":"BitBox"},"content":{"rendered":"<p>A ferramenta escrava BitBox permite a leitura e grava\u00e7\u00e3o da ECU atrav\u00e9s do barramento CAN ou da linha K.<\/p>\n<p>Sendo uma ferramenta escrava, esta vers\u00e3o precisa estar conectada a uma ferramenta mestre para receber um arquivo modificado. No entanto, uma vez que o arquivo modificado \u00e9 recebido, a ferramenta escrava BitBox pode instal\u00e1-lo no carro.<\/p>\n<p><img loading=\"lazy\" decoding=\"async\" src=\"https:\/\/www.ziptuning.com\/wp-content\/uploads\/2020\/07\/bitbox-ziptuning.png\" alt=\"\" width=\"148\" height=\"53\" class=\"alignnone size-full wp-image-276601\" \/><\/p>\n<p>O processo \u00e9 o seguinte:<\/p>\n<p>A ferramenta escrava BitBox pode ler o arquivo original. Assim que a leitura do arquivo original for conclu\u00edda, a ferramenta escrava oferecer\u00e1 uma op\u00e7\u00e3o para enviar uma solicita\u00e7\u00e3o a uma ferramenta mestre. O propriet\u00e1rio da ferramenta mestre desenvolve o arquivo de tuning, faz o upload, e voc\u00ea o recebe na sua ferramenta escrava.<\/p>\n<p>Neste ponto, voc\u00ea ter\u00e1 a op\u00e7\u00e3o de pressionar Gravar na ferramenta escrava, selecionar o arquivo que deseja gravar na ECU. \u00c9 importante notar que, uma vez que esse processo seja conclu\u00eddo, o arquivo em quest\u00e3o ser\u00e1 marcado como USADO e n\u00e3o poder\u00e1 ser reutilizado em outro ve\u00edculo.<\/p>\n<p><img loading=\"lazy\" decoding=\"async\" src=\"https:\/\/www.ziptuning.com\/wp-content\/uploads\/2020\/08\/Bitbox-2-1.jpg\" alt=\"Bitbox Ziptuning\" width=\"1920\" height=\"1033\" class=\"alignnone size-full wp-image-276668\" srcset=\"https:\/\/www.ziptuning.com\/pt\/wp-content\/uploads\/sites\/5\/2020\/08\/Bitbox-2-1.jpg 1920w, https:\/\/www.ziptuning.com\/pt\/wp-content\/uploads\/sites\/5\/2020\/08\/Bitbox-2-1-300x161.jpg 300w, https:\/\/www.ziptuning.com\/pt\/wp-content\/uploads\/sites\/5\/2020\/08\/Bitbox-2-1-1024x551.jpg 1024w, https:\/\/www.ziptuning.com\/pt\/wp-content\/uploads\/sites\/5\/2020\/08\/Bitbox-2-1-768x413.jpg 768w, https:\/\/www.ziptuning.com\/pt\/wp-content\/uploads\/sites\/5\/2020\/08\/Bitbox-2-1-1536x826.jpg 1536w, https:\/\/www.ziptuning.com\/pt\/wp-content\/uploads\/sites\/5\/2020\/08\/Bitbox-2-1-172x93.jpg 172w\" sizes=\"auto, (max-width: 1920px) 100vw, 1920px\" \/><\/p>\n<p>Outro benef\u00edcio da ferramenta escrava BitBox \u00e9 que todas as ferramentas escravas t\u00eam acesso a todos os m\u00f3dulos que o propriet\u00e1rio da ferramenta mestre adquiriu, ent\u00e3o n\u00e3o h\u00e1 necessidade de o propriet\u00e1rio da ferramenta escrava comprar m\u00f3dulos adicionais.<\/p>\n<h2>Produtos Relacionados<\/h2>\n<h3>BitEdit<\/h3>\n<p>O BitEdit \u00e9 um software usado para modificar as calibra\u00e7\u00f5es da ECU. Lembre-se de que o BitEdit \u00e9 apenas um software de edi\u00e7\u00e3o de calibra\u00e7\u00e3o e n\u00e3o pode ser usado para ler ou gravar arquivos na ECU. Isso \u00e9 feito com ferramentas escravas ou mestres.<\/p>\n<p><img loading=\"lazy\" decoding=\"async\" src=\"https:\/\/www.ziptuning.com\/wp-content\/uploads\/2020\/07\/bitbox-usb-dongle-1.png\" alt=\"dongle de seguran\u00e7a USB bitbox\" width=\"200\" height=\"227\" class=\"alignnone size-full wp-image-276605\" srcset=\"https:\/\/www.ziptuning.com\/pt\/wp-content\/uploads\/sites\/5\/2020\/07\/bitbox-usb-dongle-1.png 200w, https:\/\/www.ziptuning.com\/pt\/wp-content\/uploads\/sites\/5\/2020\/07\/bitbox-usb-dongle-1-172x195.png 172w\" sizes=\"auto, (max-width: 200px) 100vw, 200px\" \/><\/p>\n<p>Quando voc\u00ea abre um arquivo da ECU com o BitEdit, o arquivo \u00e9 automaticamente identificado e \u00e9 apresentada uma lista de poss\u00edveis calibra\u00e7\u00f5es que voc\u00ea pode editar.<\/p>\n<p><img loading=\"lazy\" decoding=\"async\" src=\"https:\/\/www.ziptuning.com\/wp-content\/uploads\/2020\/08\/bitedit-new-1.jpg\" alt=\"\" width=\"1000\" height=\"540\" class=\"alignnone size-full wp-image-276667\" srcset=\"https:\/\/www.ziptuning.com\/pt\/wp-content\/uploads\/sites\/5\/2020\/08\/bitedit-new-1.jpg 1000w, https:\/\/www.ziptuning.com\/pt\/wp-content\/uploads\/sites\/5\/2020\/08\/bitedit-new-1-300x162.jpg 300w, https:\/\/www.ziptuning.com\/pt\/wp-content\/uploads\/sites\/5\/2020\/08\/bitedit-new-1-768x415.jpg 768w, https:\/\/www.ziptuning.com\/pt\/wp-content\/uploads\/sites\/5\/2020\/08\/bitedit-new-1-172x93.jpg 172w\" sizes=\"auto, (max-width: 1000px) 100vw, 1000px\" \/><\/p>\n<p>Lista atual de carros que voc\u00ea pode modificar com o BitBox<br \/>\n<a href=\"http:\/\/bitbox.ru\/portal\/misc\/cardb-download\" target=\"_blank\" rel=\"noopener noreferrer\">http:\/\/bitbox.ru\/portal\/misc\/cardb-download<\/a><\/p>\n<h3>Dongle de Seguran\u00e7a USB<\/h3>\n<p>O dongle de seguran\u00e7a identifica o usu\u00e1rio e as licen\u00e7as ativadas. \u00c9 um dispositivo obrigat\u00f3rio que voc\u00ea s\u00f3 precisa comprar uma vez e ser\u00e1 compat\u00edvel com todos os m\u00f3dulos de software.<\/p>\n<div class=\"call-to-action-box\">\n<div class=\"col\">\n<h3>Precisa conectar sua ferramenta escrava BitBox ao nosso mestre?<\/h3>\n<\/div>\n<div class=\"col\"><a href=\"https:\/\/portal.ziptuning.com\/register\" class=\"call-reg\" target=\"_blank\" rel=\"noopener\">Registre-se Agora<\/a><span> ou j\u00e1 tem uma conta, <a href=\"https:\/\/portal.ziptuning.com\/\" class=\"call-login\" target=\"_blank\" rel=\"noopener\">Fa\u00e7a login agora<\/a><\/span><\/div>\n<\/div>\n","protected":false},"excerpt":{"rendered":"<p>A ferramenta escrava BitBox permite a leitura e grava\u00e7\u00e3o da ECU atrav\u00e9s do barramento CAN ou da linha K. Sendo uma ferramenta escrava, esta vers\u00e3o precisa estar conectada a uma ferramenta mestre para receber um arquivo modificado. No entanto, uma vez que o arquivo modificado \u00e9 recebido, a ferramenta escrava BitBox pode instal\u00e1-lo no carro.<\/p>\n","protected":false},"author":1,"featured_media":286960,"parent":83020,"menu_order":0,"comment_status":"closed","ping_status":"open","template":"","meta":{"_acf_changed":false,"footnotes":""},"class_list":["post-276599","page","type-page","status-publish","has-post-thumbnail","hentry"],"acf":[],"_links":{"self":[{"href":"https:\/\/www.ziptuning.com\/pt\/wp-json\/wp\/v2\/pages\/276599","targetHints":{"allow":["GET"]}}],"collection":[{"href":"https:\/\/www.ziptuning.com\/pt\/wp-json\/wp\/v2\/pages"}],"about":[{"href":"https:\/\/www.ziptuning.com\/pt\/wp-json\/wp\/v2\/types\/page"}],"author":[{"embeddable":true,"href":"https:\/\/www.ziptuning.com\/pt\/wp-json\/wp\/v2\/users\/1"}],"replies":[{"embeddable":true,"href":"https:\/\/www.ziptuning.com\/pt\/wp-json\/wp\/v2\/comments?post=276599"}],"version-history":[{"count":3,"href":"https:\/\/www.ziptuning.com\/pt\/wp-json\/wp\/v2\/pages\/276599\/revisions"}],"predecessor-version":[{"id":287045,"href":"https:\/\/www.ziptuning.com\/pt\/wp-json\/wp\/v2\/pages\/276599\/revisions\/287045"}],"up":[{"embeddable":true,"href":"https:\/\/www.ziptuning.com\/pt\/wp-json\/wp\/v2\/pages\/83020"}],"wp:featuredmedia":[{"embeddable":true,"href":"https:\/\/www.ziptuning.com\/pt\/wp-json\/wp\/v2\/media\/286960"}],"wp:attachment":[{"href":"https:\/\/www.ziptuning.com\/pt\/wp-json\/wp\/v2\/media?parent=276599"}],"curies":[{"name":"wp","href":"https:\/\/api.w.org\/{rel}","templated":true}]}}