{"id":268222,"date":"2020-05-14T14:53:40","date_gmt":"2020-05-14T14:53:40","guid":{"rendered":"https:\/\/www.ziptuning.com\/?page_id=268222"},"modified":"2024-10-07T13:39:58","modified_gmt":"2024-10-07T13:39:58","slug":"connect-your-slave-autotuner-and-kessv2-tools-to-our-master-tool","status":"publish","type":"page","link":"https:\/\/www.ziptuning.com\/pt\/connect-your-slave-autotuner-and-kessv2-tools-to-our-master-tool\/","title":{"rendered":"Conecte seu Autotuner Escravo e as Ferramentas KESSv2 \u00e0 nossa Ferramenta Principal"},"content":{"rendered":"<p>Estamos orgulhosos de anunciar que agora permitimos a conex\u00e3o das ferramentas escravas Autotuner e KESSv2 aos nossos dispositivos mestre.<\/p>\n<p>Embora nossos clientes j\u00e1 pudessem conectar o CMD Flashtec e o Alientech K-TAG aos nossos dispositivos mestre h\u00e1 algum tempo, agora estamos oferecendo a mesma oportunidade para os usu\u00e1rios das ferramentas escravas Autotuner e KESSv2. Agora voc\u00ea pode conectar suas ferramentas escravas Autotuner e KESSv2 aos nossos dispositivos mestre e aproveitar a qualidade renomada da ZIP Tuning, agora com ainda mais versatilidade.<\/p>\n<ul>\n<li><a href=\"#anchor1\">Alientech KESSv2<\/a><\/li>\n<li><a href=\"#anchor2\">Autotuner<\/a><\/li>\n<li><a href=\"#anchor3\">Por que escolher ZIP Tuning?<\/a><\/li>\n<li><a href=\"#anchor4\">Como obter arquivos de tuning da ZIP Tuning<\/a><\/li>\n<\/ul>\n<p><a name=\"anchor1\"><\/a><\/p>\n<h2>Alientech KESSv2<\/h2>\n<p>Fabricada pela Alientech, uma das empresas de ferramentas de tuning mais renomadas, a ferramenta escrava KESSv2 \u00e9 uma das mais vers\u00e1teis do mercado atualmente.<\/p>\n<p>Ela permite a grava\u00e7\u00e3o de arquivos em praticamente qualquer ECU atrav\u00e9s da porta OBD em poucos minutos. Pode ser conectada \u00e0 ECU via uma porta OBD padr\u00e3o ou, se o seu carro tiver um conector n\u00e3o padr\u00e3o, por meio de um cabo universal com 5 fios.<\/p>\n<p><img loading=\"lazy\" decoding=\"async\" src=\"https:\/\/www.ziptuning.com\/wp-content\/uploads\/2020\/05\/KESSv2-tool.jpg\" alt=\"\" width=\"1000\" height=\"750\" class=\"aligncenter size-full wp-image-268224\" srcset=\"https:\/\/www.ziptuning.com\/pt\/wp-content\/uploads\/sites\/5\/2020\/05\/KESSv2-tool.jpg 1000w, https:\/\/www.ziptuning.com\/pt\/wp-content\/uploads\/sites\/5\/2020\/05\/KESSv2-tool-300x225.jpg 300w, https:\/\/www.ziptuning.com\/pt\/wp-content\/uploads\/sites\/5\/2020\/05\/KESSv2-tool-768x576.jpg 768w, https:\/\/www.ziptuning.com\/pt\/wp-content\/uploads\/sites\/5\/2020\/05\/KESSv2-tool-172x129.jpg 172w\" sizes=\"auto, (max-width: 1000px) 100vw, 1000px\" \/><\/p>\n<p>Ela permite que voc\u00ea leia arquivos originais ou fa\u00e7a ajustes em carros, al\u00e9m de outros ve\u00edculos e m\u00e1quinas, incluindo motocicletas, caminh\u00f5es, m\u00e1quinas agr\u00edcolas como tratores ou colheitadeiras, barcos, jet skis e motos aqu\u00e1ticas.<\/p>\n<p>Alguns dos benef\u00edcios do KESSv2 incluem:<\/p>\n<ul>\n<li>Corre\u00e7\u00e3o autom\u00e1tica de checksum,<\/li>\n<li>Opera\u00e7\u00e3o segura, <\/li>\n<li>Atualiza\u00e7\u00f5es regulares para os modelos mais recentes,<\/li>\n<li>Manual ilustrado em v\u00e1rios idiomas,<\/li>\n<li>Interface intuitiva<\/li>\n<li>Compatibilidade com uma enorme quantidade de marcas e modelos.<\/li>\n<\/ul>\n<p>O que torna o KESSv2 e a ZIP Tuning uma combina\u00e7\u00e3o perfeita \u00e9 o fato de que agora voc\u00ea pode mergulhar no mundo do tuning com facilidade e confian\u00e7a, conectando sua ferramenta escrava KESSv2 ao nosso dispositivo mestre. Dessa forma, voc\u00ea pode aproveitar nossos arquivos de tuning personalizados, desenvolvidos pelos nossos engenheiros l\u00edderes do setor.<\/p>\n<div class=\"call-to-action-box\">\n<div class=\"col\">\n<h3>Precisa conectar seu KESSv2 escravo ao nosso dispositivo mestre?<\/h3>\n<\/div>\n<div class=\"col\"><a href=\"https:\/\/portal.ziptuning.com\/register\" class=\"call-reg\" target=\"_blank\" rel=\"noopener\">Cadastre-se agora<\/a><span> ou j\u00e1 tem uma conta? <a href=\"https:\/\/portal.ziptuning.com\/\" class=\"call-login\" target=\"_blank\" rel=\"noopener\">Fa\u00e7a login agora<\/a><\/span><\/div>\n<\/div>\n<p><a name=\"anchor2\"><\/a><\/p>\n<h2>Autotuner<\/h2>\n<p>Seguindo as \u00faltimas tend\u00eancias da ind\u00fastria e ultrapassando os limites da engenharia, a ferramenta de tuning Autotuner \u00e9 a escolha mais recente de muitos tuners.<\/p>\n<p>\u00c9 uma ferramenta universal que permite o acesso a um grande n\u00famero de ECUs, seja atrav\u00e9s da porta OBD ou no modo boot Tricore Infineon (BSL).<\/p>\n<p><img loading=\"lazy\" decoding=\"async\" src=\"https:\/\/www.ziptuning.com\/wp-content\/uploads\/2020\/05\/Autotuner-tool.jpg\" alt=\"\" width=\"1000\" height=\"667\" class=\"aligncenter size-full wp-image-268225\" srcset=\"https:\/\/www.ziptuning.com\/pt\/wp-content\/uploads\/sites\/5\/2020\/05\/Autotuner-tool.jpg 1000w, https:\/\/www.ziptuning.com\/pt\/wp-content\/uploads\/sites\/5\/2020\/05\/Autotuner-tool-300x200.jpg 300w, https:\/\/www.ziptuning.com\/pt\/wp-content\/uploads\/sites\/5\/2020\/05\/Autotuner-tool-768x512.jpg 768w, https:\/\/www.ziptuning.com\/pt\/wp-content\/uploads\/sites\/5\/2020\/05\/Autotuner-tool-172x115.jpg 172w\" sizes=\"auto, (max-width: 1000px) 100vw, 1000px\" \/><\/p>\n<p>Gra\u00e7as \u00e0 sua otimiza\u00e7\u00e3o dedicada para comunica\u00e7\u00e3o com ECUs e seu processador Cortex M3, o Autotuner \u00e9 uma das ferramentas de tuning mais r\u00e1pidas do mercado. Ele permite uma opera\u00e7\u00e3o r\u00e1pida, segura e confi\u00e1vel, possibilitando ler e gravar arquivos na ECU com facilidade e confian\u00e7a.<\/p>\n<p>Alguns dos principais benef\u00edcios da ferramenta <a href=\"https:\/\/www.autotuner-tool.com\/en\/shop\/order\" target=\"_blank\" rel=\"noopener noreferrer\">Autotuner<\/a> incluem:<\/p>\n<ul>\n<li>Atualiza\u00e7\u00f5es regulares gratuitas<\/li>\n<li>Suporte t\u00e9cnico direto<\/li>\n<li>Leitura ultra-r\u00e1pida<\/li>\n<li>Interface amig\u00e1vel<\/li>\n<li>Instru\u00e7\u00f5es passo a passo na se\u00e7\u00e3o de ajuda<\/li>\n<li>N\u00e3o requer assinatura<\/li>\n<li>Atualiza\u00e7\u00f5es para os modelos mais recentes<\/li>\n<li>Compatibilidade com um enorme n\u00famero de ECUs e ve\u00edculos<\/li>\n<\/ul>\n<p>O Autotuner precisa ser conectado a pelo menos um dispositivo mestre, e a melhor escolha para ferramentas escravas Autotuner \u00e9 o dispositivo mestre da ZIP Tuning. Assim como o KESSv2, K-TAG e CMD Flashtec, a experi\u00eancia e o conhecimento dos nossos engenheiros, a r\u00e1pida entrega e o suporte direto tornam a opera\u00e7\u00e3o r\u00e1pida e segura das ferramentas escravas Autotuner uma combina\u00e7\u00e3o perfeita para os nossos arquivos de tuning de alta qualidade.<\/p>\n<div class=\"call-to-action-box\">\n<div class=\"col\">\n<h3>Precisa conectar seu Autotuner escravo ao nosso dispositivo mestre?<\/h3>\n<\/div>\n<div class=\"col\"><a href=\"https:\/\/portal.ziptuning.com\/register\" class=\"call-reg\" target=\"_blank\" rel=\"noopener\">Cadastre-se agora<\/a><span> ou j\u00e1 tem uma conta? <a href=\"https:\/\/portal.ziptuning.com\/\" class=\"call-login\" target=\"_blank\" rel=\"noopener\">Fa\u00e7a login agora<\/a><\/span><\/div>\n<\/div>\n<p><a name=\"anchor3\"><\/a><\/p>\n<h2>Por que escolher a ZIP Tuning?<\/h2>\n<p>Se voc\u00ea est\u00e1 neste site, provavelmente j\u00e1 sabe a resposta.<\/p>\n<p>Nossos engenheiros est\u00e3o h\u00e1 d\u00e9cadas ajustando diversos tipos de ve\u00edculos, desde carros comuns at\u00e9 aplica\u00e7\u00f5es de corrida, projetos complexos de Stage 3 e Stage 4, m\u00e1quinas e ve\u00edculos mar\u00edtimos e agr\u00edcolas, e at\u00e9 aeronaves.<\/p>\n<p>Estamos entre os primeiros a desenvolver arquivos para os ve\u00edculos mais recentes e constantemente lan\u00e7amos atualiza\u00e7\u00f5es e revis\u00f5es para oferecer aos nossos clientes o melhor servi\u00e7o poss\u00edvel.<\/p>\n<p>Se voc\u00ea precisar de orienta\u00e7\u00e3o ou encontrar um problema, oferecemos suporte direto por e-mail ou <a href=\"https:\/\/web.whatsapp.com\/send?phone=31631961876&amp;text=&amp;source=&amp;data=\" target=\"_blank\" rel=\"noopener\">WhatsApp<\/a>, onde um de nossos engenheiros estar\u00e1 pronto para ajudar.<\/p>\n<p><a name=\"anchor4\"><\/a><\/p>\n<h2>Como obter arquivos de tuning da ZIP Tuning<\/h2>\n<p><a href=\"https:\/\/portal.ziptuning.com\/register\" target=\"_blank\" rel=\"noopener\">Cadastre-se<\/a> em nosso portal, conecte sua ferramenta, adquira cr\u00e9ditos e aproveite a melhor experi\u00eancia de tuning dispon\u00edvel no mercado, agora, mesmo que voc\u00ea use ferramentas escravas Alientech KESSv2 ou Autotuner.<\/p>\n","protected":false},"excerpt":{"rendered":"<p>Estamos orgulhosos de anunciar que agora permitimos a conex\u00e3o das ferramentas escravas Autotuner e KESSv2 aos nossos dispositivos mestre. Embora nossos clientes j\u00e1 pudessem conectar o CMD Flashtec e o Alientech K-TAG aos nossos dispositivos mestre h\u00e1 algum tempo, agora estamos oferecendo a mesma oportunidade para os usu\u00e1rios das ferramentas escravas Autotuner e KESSv2. Agora<\/p>\n","protected":false},"author":1,"featured_media":286920,"parent":0,"menu_order":0,"comment_status":"closed","ping_status":"open","template":"","meta":{"_acf_changed":false,"footnotes":""},"class_list":["post-268222","page","type-page","status-publish","has-post-thumbnail","hentry"],"acf":[],"_links":{"self":[{"href":"https:\/\/www.ziptuning.com\/pt\/wp-json\/wp\/v2\/pages\/268222","targetHints":{"allow":["GET"]}}],"collection":[{"href":"https:\/\/www.ziptuning.com\/pt\/wp-json\/wp\/v2\/pages"}],"about":[{"href":"https:\/\/www.ziptuning.com\/pt\/wp-json\/wp\/v2\/types\/page"}],"author":[{"embeddable":true,"href":"https:\/\/www.ziptuning.com\/pt\/wp-json\/wp\/v2\/users\/1"}],"replies":[{"embeddable":true,"href":"https:\/\/www.ziptuning.com\/pt\/wp-json\/wp\/v2\/comments?post=268222"}],"version-history":[{"count":2,"href":"https:\/\/www.ziptuning.com\/pt\/wp-json\/wp\/v2\/pages\/268222\/revisions"}],"predecessor-version":[{"id":287047,"href":"https:\/\/www.ziptuning.com\/pt\/wp-json\/wp\/v2\/pages\/268222\/revisions\/287047"}],"wp:featuredmedia":[{"embeddable":true,"href":"https:\/\/www.ziptuning.com\/pt\/wp-json\/wp\/v2\/media\/286920"}],"wp:attachment":[{"href":"https:\/\/www.ziptuning.com\/pt\/wp-json\/wp\/v2\/media?parent=268222"}],"curies":[{"name":"wp","href":"https:\/\/api.w.org\/{rel}","templated":true}]}}