{"id":253037,"date":"2020-01-21T10:35:11","date_gmt":"2020-01-21T10:35:11","guid":{"rendered":"https:\/\/www.ziptuning.com\/?page_id=253037"},"modified":"2023-03-10T11:43:59","modified_gmt":"2023-03-10T11:43:59","slug":"stage-3-project-management","status":"publish","type":"page","link":"https:\/\/www.ziptuning.com\/pt\/stage-3-project-management\/","title":{"rendered":"Etapa 3 Gerenciamento de projetos"},"content":{"rendered":"<p>A ZIP Tuning tem d\u00e9cadas de experi\u00eancia no desenvolvimento de software Stage 3 para carros de estrada e pista, incluindo corridas de arrasto. Trabalhamos em v\u00e1rios ve\u00edculos, alguns dos quais eram super-carros com mais de 1000 hp, incluindo v\u00e1rios <strong>McLarens, BMW M3 e M5, modelos Audi RS, Megane RS, carros AMG<\/strong>&#8230; Os projetos da Etapa 3 incluem pe\u00e7as de hardware hardcore para o mercado de reposi\u00e7\u00e3o, portanto, esta nossa experi\u00eancia significa que tamb\u00e9m estamos muito bem conectados com os melhores fornecedores e fabricantes de pe\u00e7as e experientes em gui\u00e1-lo atrav\u00e9s de cada etapa do processo de ajuste.<\/p>\n<p>Deixe que nossa reputa\u00e7\u00e3o, conhecimento e experi\u00eancia fa\u00e7am com que seu projeto de ajuste da Fase 3 seja o mais seguro e suave poss\u00edvel<\/p>\n<ul>.<\/p>\n<li><a href=\"#anchor1\">Prepara\u00e7\u00e3o da Fase 3<\/a><\/li>\n<li><a href=\"#anchor2\">Informa\u00e7\u00f5es sobre o hardware do<\/a>\n<li><a href=\"#anchor3\">carroCorrida do projeto<\/a><\/li>\n<\/ul>\n<p>da<\/p>\n<ul><a href=\"#anchor2\">Fase<\/a><\/p>\n<li><a href=\"#anchor3\">3Ferramentas<\/a><\/li>\n<li><a href=\"#anchor4\">para registro de dadosDiferentes<\/a><\/li>\n<li><a href=\"#anchor5\">n\u00edveis de suporte<\/a><\/li>\n<\/ul>\n<p><a name=\"anchor1\"><\/a><\/p>\n<h2>PREPARA\u00c7\u00c3O DA ETAPA 3<\/h2>\n<ul>\n<li>Certifique-se de que o ve\u00edculo est\u00e1 livre de falhas e operando de uma boa maneira<\/li>\n<li>Servi\u00e7o: \u00d3leo, filtros e velas de igni\u00e7\u00e3o precisam estar frescos.<\/li>\n<li>Verificar se h\u00e1 vazamentos no sistema turbo.<\/li>\n<li>Caixa de c\u00e2mbio autom\u00e1tica ou de embreagem dupla? Verifique seu funcionamento!<\/li>\n<li>Verificar c\u00f3digos de falha com um scanner de diagn\u00f3stico tanto no motor quanto na caixa de c\u00e2mbio.<\/li>\n<\/ul>\n<p><a name=\"anchor2\"><\/a><\/p>\n<h2>Informa\u00e7\u00f5es sobre as ferragens do carro<\/h2>\n<p>Quando voc\u00ea carregar sua calibra\u00e7\u00e3o original no portal ZIP, certifique-se de nos dar todas as informa\u00e7\u00f5es necess\u00e1rias sobre o carro! Apenas alguns dos pontos mais comuns incluem:<\/p>\n<ul>\n<li>Exaust\u00e3o &#8211; Que exaust\u00e3o o carro tem? Com ou sem um conversor catal\u00edtico?<\/li>\n<li>Intercooler &#8211; Voc\u00ea atualizou o intercooler e, se sim, qual deles voc\u00ea tem instalado?<\/li>\n<li>Voc\u00ea j\u00e1 trocou os injetores? Que modelo e tamanho s\u00e3o eles?<\/li>\n<li>Voc\u00ea j\u00e1 atualizou o turbo? Qual turbo voc\u00ea tem instalado?<\/li>\n<li>Qualquer outra atualiza\u00e7\u00e3o ou mudan\u00e7a que voc\u00ea tenha feito ou qualquer outro ponto que voc\u00ea considere importante<\/li>\n<\/ul>\n<p>Fornecemos a voc\u00ea um ARQUIVO B\u00c1SICO para iniciar o ajuste da etapa 3 e esperamos obter de voc\u00ea o registro de dados e, se poss\u00edvel, tamb\u00e9m uma folha de dados para pot\u00eancia e torque.<a name=\"anchor3\"><\/a>Estas informa\u00e7\u00f5es precisam ser coletadas em v\u00e1rias etapas, incluindo o carro em estoque, ap\u00f3s o upgrade do turbo (e\/ou outras atualiza\u00e7\u00f5es de hardware) e ap\u00f3s o arquivo da etapa 3 ter sido adicionado. Podemos lhe dar suporte remoto direto durante este processo e explicar como coletar as informa\u00e7\u00f5es necess\u00e1rias. As informa\u00e7\u00f5es coletadas nos permitem analisar como o motor funciona durante todo o processo de sintonia e no que precisamos focar especificamente.<\/p>\n<h2>Etapa 3 Dura\u00e7\u00e3o do projeto<\/h2>\n<p>Dependendo do projeto e do ve\u00edculo, pode levar algumas horas at\u00e9 dias para concluir um projeto da etapa 3. Se o carro estiver em perfeitas condi\u00e7\u00f5es de funcionamento e voc\u00ea tiver as ferramentas adequadas e se comunicar conosco atrav\u00e9s do portal de suporte, ele normalmente vai bem r\u00e1pido.<a name=\"anchor4\"><\/a><\/p>\n<h2>Ferramentas para o registro de dados<\/h2>\n<p>Algumas ferramentas que podem fazer o registro de dados s\u00e3o: Autotuner &#8211; <a href=\"https:\/\/www.autotuner-tool.com\/en\" target=\"_blank\" rel=\"noopener noreferrer\">https:\/\/www.bflash.eu\/CMD<\/a>&#8211; <a href=\"https:\/\/www.bflash.eu\/\" rel=\"noopener noreferrer\" target=\"_blank\">https:\/\/www.flashtec.ch\/VCDS<\/a>&#8211; <a href=\"https:\/\/www.flashtec.ch\/\" rel=\"noopener noreferrer\" target=\"_blank\">https:\/\/www.bflash.eu\/CMD<\/a>&#8211; <a href=\"https:\/\/www.ross-tech.com\/\" rel=\"noopener noreferrer\" target=\"_blank\">http:\/\/www.auterraweb.com\/dynoscan.html<\/a>&#8211; <a href=\"http:\/\/www.auterraweb.com\/dynoscan.html\" rel=\"noopener noreferrer\" target=\"_blank\">https:\/\/www.flashtec.ch\/VCDS<\/a> <a name=\"anchor5\"><\/a><\/p>\n<h2>DIFERENTES N\u00cdVEIS DE APOIO<\/h2>\n<p>Voc\u00ea pode escolher o n\u00edvel de apoio de n\u00f3s. Aqui est\u00e3o as op\u00e7\u00f5es mais comuns:<\/p>\n<ul>\n<li>Compre um arquivo base e retrabalhe-se<\/li>\n<li>Comprar Etapa 3 + suporte de arquivo de ajuste<\/li>\n<li>Comprar Etapa 3 + conselhos de hardware + suporte de arquivo de ajuste<\/li>\n<li>Enviamos um engenheiro para apoiar o projeto<\/li>\n<\/ul>\n<div class=\"call-to-action-box\">\n<div class=\"col\">\n<h3>Comece seu projeto da Etapa 3 no Ziptuning: <\/h3>\n<\/div>\n<div class=\"col\"><a href=\"https:\/\/portal.ziptuning.com\/register\" class=\"call-reg\" target=\"_blank\" rel=\"noopener\">Registre-se Agora<\/a><span> ou J\u00e1 tem uma conta, <a href=\"https:\/\/portal.ziptuning.com\/\" class=\"call-login\" target=\"_blank\" rel=\"noopener\">Login agora<\/a><\/span><\/div>\n<\/div>\n<p>Voc\u00ea tem alguma pergunta antes de iniciar seu projeto est\u00e1gio 3? Acrescente-nos no <a href=\"https:\/\/web.whatsapp.com\/send?phone=31631961876&amp;text=&amp;source=&amp;data=\" target=\"_blank\" rel=\"noopener\">Whatsapp<\/a><\/p>\n","protected":false},"excerpt":{"rendered":"<p>A ZIP Tuning tem d\u00e9cadas de experi\u00eancia no desenvolvimento de software Stage 3 para carros de estrada e pista, incluindo corridas de arrasto. Trabalhamos em v\u00e1rios ve\u00edculos, alguns dos quais eram super-carros com mais de 1000 hp, incluindo v\u00e1rios McLarens, BMW M3 e M5, modelos Audi RS, Megane RS, carros AMG&#8230; Os projetos da Etapa<\/p>\n","protected":false},"author":1,"featured_media":0,"parent":0,"menu_order":0,"comment_status":"closed","ping_status":"open","template":"","meta":{"_acf_changed":false,"footnotes":""},"class_list":["post-253037","page","type-page","status-publish","hentry"],"acf":[],"_links":{"self":[{"href":"https:\/\/www.ziptuning.com\/pt\/wp-json\/wp\/v2\/pages\/253037","targetHints":{"allow":["GET"]}}],"collection":[{"href":"https:\/\/www.ziptuning.com\/pt\/wp-json\/wp\/v2\/pages"}],"about":[{"href":"https:\/\/www.ziptuning.com\/pt\/wp-json\/wp\/v2\/types\/page"}],"author":[{"embeddable":true,"href":"https:\/\/www.ziptuning.com\/pt\/wp-json\/wp\/v2\/users\/1"}],"replies":[{"embeddable":true,"href":"https:\/\/www.ziptuning.com\/pt\/wp-json\/wp\/v2\/comments?post=253037"}],"version-history":[{"count":1,"href":"https:\/\/www.ziptuning.com\/pt\/wp-json\/wp\/v2\/pages\/253037\/revisions"}],"predecessor-version":[{"id":286911,"href":"https:\/\/www.ziptuning.com\/pt\/wp-json\/wp\/v2\/pages\/253037\/revisions\/286911"}],"wp:attachment":[{"href":"https:\/\/www.ziptuning.com\/pt\/wp-json\/wp\/v2\/media?parent=253037"}],"curies":[{"name":"wp","href":"https:\/\/api.w.org\/{rel}","templated":true}]}}