{"id":252973,"date":"2020-01-08T16:06:28","date_gmt":"2020-01-08T16:06:28","guid":{"rendered":"https:\/\/www.ziptuning.com\/?page_id=252973"},"modified":"2023-03-10T11:43:59","modified_gmt":"2023-03-10T11:43:59","slug":"pricing","status":"publish","type":"page","link":"https:\/\/www.ziptuning.com\/pt\/pricing\/","title":{"rendered":"Fixa\u00e7\u00e3o de pre\u00e7os"},"content":{"rendered":"<div class=\"supported-payment-methods\">\n<h3>M\u00e9todos de Pagamento Apoiados<\/h3>\n<p><img loading=\"lazy\" decoding=\"async\" width=\"452\" height=\"37\" src=\"https:\/\/www.ziptuning.com\/pt\/wp-content\/uploads\/sites\/5\/2023\/03\/ziptuning-payment-methods.svg\" alt=\"ziptuning-supported-payment-methods\" class=\"size-full wp-image-252977\" role=\"img\" \/>\n<\/div>\n<div class=\"tools-pricing-list\">\n<h3>Ferramentas de afina\u00e7\u00e3o<\/h3>\n<p>Fornecemos arquivos e suporte r\u00e1pido para as seguintes ferramentas de afina\u00e7\u00e3o<\/p>\n<div class=\"col-md-3 hidden-sm hidden-xs\"><i class=\"fa fa-check-square\" aria-hidden=\"true\"><\/i> CMD Flashtec<i class=\"fa fa-check-square\" aria-hidden=\"true\"><\/i> Autotuner<i class=\"fa fa-check-square\" aria-hidden=\"true\"><\/i> Dimsport<i class=\"fa fa-check-square\" aria-hidden=\"true\"><\/i> EVC<\/div>\n<div class=\"col-md-3 hidden-sm hidden-xs\"><i class=\"fa fa-check-square\" aria-hidden=\"true\"><\/i> Alientech<i class=\"fa fa-check-square\" aria-hidden=\"true\"><\/i> Magic<i class=\"fa fa-check-square\" aria-hidden=\"true\"><\/i> Frieling<i class=\"fa fa-check-square\" aria-hidden=\"true\"><\/i> MPPS<\/div>\n<div class=\"col-md-3 hidden-sm hidden-xs\"><i class=\"fa fa-check-square\" aria-hidden=\"true\"><\/i> FGTech<i class=\"fa fa-check-square\" aria-hidden=\"true\"><\/i> Byteshooter<i class=\"fa fa-check-square\" aria-hidden=\"true\"><\/i> FEMTO<i class=\"fa fa-check-square\" aria-hidden=\"true\"><\/i> VF2 Flasher<\/div>\n<div class=\"col-md-3 hidden-sm hidden-xs\"><i class=\"fa fa-check-square\" aria-hidden=\"true\"><\/i> Bitbox<i class=\"fa fa-check-square\" aria-hidden=\"true\"><\/i> PCMFlash<i class=\"fa fa-check-square\" aria-hidden=\"true\"><\/i> MMCFlash<\/div>\n<div class=\"clearfix\"><\/div>\n<div class=\"col-sm-6 col-xs-6 hidden-lg hidden-md\"><i class=\"fa fa-check-square\" aria-hidden=\"true\"><\/i> CMD Flashtec<i class=\"fa fa-check-square\" aria-hidden=\"true\"><\/i> Autotuner<i class=\"fa fa-check-square\" aria-hidden=\"true\"><\/i> Dimsport<i class=\"fa fa-check-square\" aria-hidden=\"true\"><\/i> EVC<i class=\"fa fa-check-square\" aria-hidden=\"true\"><\/i> Alientech<i class=\"fa fa-check-square\" aria-hidden=\"true\"><\/i> Magic<i class=\"fa fa-check-square\" aria-hidden=\"true\"><\/i> Bitbox<\/div>\n<div class=\"col-sm-6 col-xs-6 hidden-lg hidden-md\"><i class=\"fa fa-check-square\" aria-hidden=\"true\"><\/i> Frieling<i class=\"fa fa-check-square\" aria-hidden=\"true\"><\/i> MPPS<i class=\"fa fa-check-square\" aria-hidden=\"true\"><\/i> FGTech<i class=\"fa fa-check-square\" aria-hidden=\"true\"><\/i> Byteshooter<i class=\"fa fa-check-square\" aria-hidden=\"true\"><\/i> FEMTO<i class=\"fa fa-check-square\" aria-hidden=\"true\"><\/i> VF2 Flasher<i class=\"fa fa-check-square\" aria-hidden=\"true\"><\/i> PCMFlash<i class=\"fa fa-check-square\" aria-hidden=\"true\"><\/i> MMCFlash<\/div>\n<div class=\"clearfix\"><\/div>\n<\/div>\n<table class=\"table table-striped\">\n<thead>\n<tr>\n<th>Arquivos de afina\u00e7\u00e3o<\/th>\n<th>Euro<\/th>\n<\/tr>\n<\/thead>\n<tbody>\n<tr>\n<td><i class=\"fa fa-check-circle\" aria-hidden=\"true\"><\/i> Fase<span class=\"sub-services\"> 1 para carros antes de 2005 &#8211; Fase 1 para carros entre 2006-2011 &#8211; Fase 1 para carros depois de 2012<\/span><\/td>\n<td><a href=\"https:\/\/portal.ziptuning.com\/\" class=\"check-pricing\" target=\"_blank\" rel=\"noopener\">Ver Tarifas<\/a><\/td>\n<\/tr>\n<tr>\n<td><i class=\"fa fa-check-circle\" aria-hidden=\"true\"><\/i> Afina\u00e7\u00e3o do carro est\u00e1gio 2<\/td>\n<td><a href=\"https:\/\/portal.ziptuning.com\/\" class=\"check-pricing\" target=\"_blank\" rel=\"noopener\">Ver Tarifas<\/a><\/td>\n<\/tr>\n<tr>\n<td><i class=\"fa fa-check-circle\" aria-hidden=\"true\"><\/i> Sintoniza\u00e7\u00e3o do carro est\u00e1gio 3 base-Fine<span class=\"sub-services\"> tuning (baseado em registros de dados)<\/span><\/td>\n<td><a href=\"https:\/\/portal.ziptuning.com\/\" class=\"check-pricing\" target=\"_blank\" rel=\"noopener\">Ver Tarifas<\/a><\/td>\n<\/tr>\n<tr>\n<td><i class=\"fa fa-check-circle\" aria-hidden=\"true\"><\/i> Arquivos combinados est\u00e1gio 1 ou est\u00e1gio 2 + excluir arquivos<\/td>\n<td><a href=\"https:\/\/portal.ziptuning.com\/\" class=\"check-pricing\" target=\"_blank\" rel=\"noopener\">Ver Tarifas<\/a><\/td>\n<\/tr>\n<\/tbody>\n<\/table>\n<table class=\"table table-striped\">\n<thead>\n<tr>\n<th>Apagar arquivos<\/th>\n<th>Euro<\/th>\n<\/tr>\n<\/thead>\n<tbody>\n<tr>\n<td><i class=\"fa fa-check-circle\" aria-hidden=\"true\"><\/i> DPF desligado<\/td>\n<td><a href=\"https:\/\/portal.ziptuning.com\/\" class=\"check-pricing\" target=\"_blank\" rel=\"noopener\">Ver Tarifas<\/a><\/td>\n<\/tr>\n<tr>\n<td><i class=\"fa fa-check-circle\" aria-hidden=\"true\"><\/i> Adblue off<\/td>\n<td><a href=\"https:\/\/portal.ziptuning.com\/\" class=\"check-pricing\" target=\"_blank\" rel=\"noopener\">Ver Tarifas<\/a><\/td>\n<\/tr>\n<tr>\n<td><i class=\"fa fa-check-circle\" aria-hidden=\"true\"><\/i> VMAX \/ Limite de velocidade desligado<\/td>\n<td><a href=\"https:\/\/portal.ziptuning.com\/\" class=\"check-pricing\" target=\"_blank\" rel=\"noopener\">Ver Tarifas<\/a><\/td>\n<\/tr>\n<tr>\n<td><i class=\"fa fa-check-circle\" aria-hidden=\"true\"><\/i> EGR desligado<\/td>\n<td><a href=\"https:\/\/portal.ziptuning.com\/\" class=\"check-pricing\" target=\"_blank\" rel=\"noopener\">Ver Tarifas<\/a><\/td>\n<\/tr>\n<td><i class=\"fa fa-check-circle\" aria-hidden=\"true\"><\/i> DTC seletivo desligado<\/td>\n<td><a href=\"https:\/\/portal.ziptuning.com\/\" class=\"check-pricing\" target=\"_blank\" rel=\"noopener\">Ver Tarifas<\/a><\/td>\n<\/tr>\n<tr>\n<td><i class=\"fa fa-check-circle\" aria-hidden=\"true\"><\/i> DECAT<\/td>\n<td><a href=\"https:\/\/portal.ziptuning.com\/\" class=\"check-pricing\" target=\"_blank\" rel=\"noopener\">Ver Tarifas<\/a><\/td>\n<\/tr>\n<tr>\n<td><i class=\"fa fa-check-circle\" aria-hidden=\"true\"><\/i> Sistema start\/stop desligado<\/td>\n<td><a href=\"https:\/\/portal.ziptuning.com\/\" class=\"check-pricing\" target=\"_blank\" rel=\"noopener\">Ver Tarifas<\/a><\/td>\n<\/tr>\n<tr>\n<td><i class=\"fa fa-check-circle\" aria-hidden=\"true\"><\/i> NOX desligado<\/td>\n<td><a href=\"https:\/\/portal.ziptuning.com\/\" class=\"check-pricing\" target=\"_blank\" rel=\"noopener\">Ver Tarifas<\/a><\/td>\n<\/tr>\n<tr>\n<td><i class=\"fa fa-check-circle\" aria-hidden=\"true\"><\/i> Maff off<\/td>\n<td><a href=\"https:\/\/portal.ziptuning.com\/\" class=\"check-pricing\" target=\"_blank\" rel=\"noopener\">Ver Tarifas<\/a><\/td>\n<\/tr>\n<tr>\n<td><i class=\"fa fa-check-circle\" aria-hidden=\"true\"><\/i> Flaps off<\/td>\n<td><a href=\"https:\/\/portal.ziptuning.com\/\" class=\"check-pricing\" target=\"_blank\" rel=\"noopener\">Ver Tarifas<\/a><\/td>\n<\/tr>\n<tr>\n<td><i class=\"fa fa-check-circle\" aria-hidden=\"true\"><\/i> Combina\u00e7\u00e3o de arquivos de exclus\u00e3o<\/td>\n<td><a href=\"https:\/\/portal.ziptuning.com\/\" class=\"check-pricing\" target=\"_blank\" rel=\"noopener\">Ver Tarifas<\/a><\/td>\n<\/tr>\n<\/tbody>\n<\/table>\n<table class=\"table table-striped\">\n<thead>\n<tr>\n<th>Outros arquivos<\/th>\n<th>Euro<\/th>\n<\/tr>\n<\/thead>\n<tbody>\n<tr>\n<td><i class=\"fa fa-check-circle\" aria-hidden=\"true\"><\/i> Arquivos de sintonia agr\u00edcola<\/td>\n<td><a href=\"https:\/\/portal.ziptuning.com\/\" class=\"check-pricing\" target=\"_blank\" rel=\"noopener\">Ver Tarifas<\/a><\/td>\n<\/tr>\n<tr>\n<td><i class=\"fa fa-check-circle\" aria-hidden=\"true\"><\/i> Arquivos de afina\u00e7\u00e3o de caminh\u00f5es<\/td>\n<td><a href=\"https:\/\/portal.ziptuning.com\/\" class=\"check-pricing\" target=\"_blank\" rel=\"noopener\">Ver Tarifas<\/a><\/td>\n<\/tr>\n<tr>\n<td><i class=\"fa fa-check-circle\" aria-hidden=\"true\"><\/i> Arquivos de afina\u00e7\u00e3o de motores\/quadros<\/td>\n<td><a href=\"https:\/\/portal.ziptuning.com\/\" class=\"check-pricing\" target=\"_blank\" rel=\"noopener\">Ver Tarifas<\/a><\/td>\n<\/tr>\n<tr>\n<td><i class=\"fa fa-check-circle\" aria-hidden=\"true\"><\/i> Arquivos de sintonia barco\/jetski<\/td>\n<td><a href=\"https:\/\/portal.ziptuning.com\/\" class=\"check-pricing\" target=\"_blank\" rel=\"noopener\">Ver Tarifas<\/a><\/td>\n<\/tr>\n<td><i class=\"fa fa-check-circle\" aria-hidden=\"true\"><\/i> NLS sem mudan\u00e7a de elevador<\/td>\n<td><a href=\"https:\/\/portal.ziptuning.com\/\" class=\"check-pricing\" target=\"_blank\" rel=\"noopener\">Ver Tarifas<\/a><\/td>\n<\/tr>\n<tr>\n<td><i class=\"fa fa-check-circle\" aria-hidden=\"true\"><\/i> Pop e bang (est\u00e1gio 1 \/ est\u00e1gio 2)<\/td>\n<td><a href=\"https:\/\/portal.ziptuning.com\/\" class=\"check-pricing\" target=\"_blank\" rel=\"noopener\">Ver Tarifas<\/a><\/td>\n<\/tr>\n<tr>\n<td><i class=\"fa fa-check-circle\" aria-hidden=\"true\"><\/i> Escala do injetor\/MAF\/MAP\/outro<\/td>\n<td><a href=\"https:\/\/portal.ziptuning.com\/\" class=\"check-pricing\" target=\"_blank\" rel=\"noopener\">A pedido<\/a><\/td>\n<\/tr>\n<tr>\n<td><i class=\"fa fa-check-circle\" aria-hidden=\"true\"><\/i> Arranque a quente<\/td>\n<td><a href=\"https:\/\/portal.ziptuning.com\/\" class=\"check-pricing\" target=\"_blank\" rel=\"noopener\">Ver Tarifas<\/a><\/td>\n<\/tr>\n<tr>\n<td><i class=\"fa fa-check-circle\" aria-hidden=\"true\"><\/i> Partida a frio \/ aquecimento do catalisador<\/td>\n<td><a href=\"https:\/\/portal.ziptuning.com\/\" class=\"check-pricing\" target=\"_blank\" rel=\"noopener\">Ver Tarifas<\/a><\/td>\n<\/tr>\n<tr>\n<td><i class=\"fa fa-check-circle\" aria-hidden=\"true\"><\/i> Controle de aletas de exaust\u00e3o<\/td>\n<td><a href=\"https:\/\/portal.ziptuning.com\/\" class=\"check-pricing\" target=\"_blank\" rel=\"noopener\">Ver Tarifas<\/a><\/td>\n<\/tr>\n<tr>\n<td><i class=\"fa fa-check-circle\" aria-hidden=\"true\"><\/i> Sintonia de bot\u00e3o de esporte<\/td>\n<td><a href=\"https:\/\/portal.ziptuning.com\/\" class=\"check-pricing\" target=\"_blank\" rel=\"noopener\">Ver Tarifas<\/a><\/td>\n<\/tr>\n<tr>\n<td><i class=\"fa fa-check-circle\" aria-hidden=\"true\"><\/i> Mudan\u00e7a de mapa<\/td>\n<td><a href=\"https:\/\/portal.ziptuning.com\/\" class=\"check-pricing\" target=\"_blank\" rel=\"noopener\">Ver Tarifas<\/a><\/td>\n<\/tr>\n<tr>\n<td><i class=\"fa fa-check-circle\" aria-hidden=\"true\"><\/i> Controle de lan\u00e7amento<\/td>\n<td><a href=\"https:\/\/portal.ziptuning.com\/\" class=\"check-pricing\" target=\"_blank\" rel=\"noopener\">A pedido<\/a><\/td>\n<\/tr>\n<tr>\n<td><i class=\"fa fa-check-circle\" aria-hidden=\"true\"><\/i> Prote\u00e7\u00e3o OBD<\/td>\n<td><a href=\"https:\/\/portal.ziptuning.com\/\" class=\"check-pricing\" target=\"_blank\" rel=\"noopener\">Ver Tarifas<\/a><\/td>\n<\/tr>\n<tr>\n<td><i class=\"fa fa-check-circle\" aria-hidden=\"true\"><\/i> Antilaggio real<\/td>\n<td><a href=\"https:\/\/portal.ziptuning.com\/\" class=\"check-pricing\" target=\"_blank\" rel=\"noopener\">Ver Tarifas<\/a><\/td>\n<\/tr>\n<tr>\n<td><i class=\"fa fa-check-circle\" aria-hidden=\"true\"><\/i> Limite REV \/ RPM superior \/ inferior<\/td>\n<td><a href=\"https:\/\/portal.ziptuning.com\/\" class=\"check-pricing\" target=\"_blank\" rel=\"noopener\">Ver Tarifas<\/a><\/td>\n<\/tr>\n<tr>\n<td><i class=\"fa fa-check-circle\" aria-hidden=\"true\"><\/i> Limitador de corte duro<\/td>\n<td><a href=\"https:\/\/portal.ziptuning.com\/\" class=\"check-pricing\" target=\"_blank\" rel=\"noopener\">Ver Tarifas<\/a><\/td>\n<\/tr>\n<tr>\n<td><i class=\"fa fa-check-circle\" aria-hidden=\"true\"><\/i> Etapa 1 ou 2 + e85<\/td>\n<td><a href=\"https:\/\/portal.ziptuning.com\/\" class=\"check-pricing\" target=\"_blank\" rel=\"noopener\">Ver Tarifas<\/a><\/td>\n<\/tr>\n<\/tbody>\n<\/table>\n<table class=\"table table-striped\">\n<thead>\n<tr>\n<th>Sintonia da caixa de velocidades<\/th>\n<th>Euro<\/th>\n<\/tr>\n<\/thead>\n<tbody>\n<tr>\n<td><i class=\"fa fa-check-circle\" aria-hidden=\"true\"><\/i> Etapa<span class=\"sub-services\"> 1- Pontos de deslocamento otimizados &#8211; Velocidades de deslocamento otimizadas &#8211; Limites de torque<\/span><\/td>\n<td><a href=\"https:\/\/portal.ziptuning.com\/\" class=\"check-pricing\" target=\"_blank\" rel=\"noopener\">Ver Tarifas<\/a><\/td>\n<\/tr>\n<tr>\n<td><i class=\"fa fa-check-circle\" aria-hidden=\"true\"><\/i> Fase<span class=\"sub-services\"> 2- Pontos de deslocamento otimizados- Velocidade de deslocamento otimizada- Limites de torque- Controle de lan\u00e7amento- Limite de RPM Opcional:- Mudan\u00e7a manual completa- Remo\u00e7\u00e3o de pontap\u00e9 para baixo- Quebra do p\u00e9 esquerdo- Pedido especial<\/span><\/td>\n<td><a href=\"https:\/\/portal.ziptuning.com\/\" class=\"check-pricing\" target=\"_blank\" rel=\"noopener\">Ver Tarifas<\/a><\/td>\n<\/tr>\n<tr>\n<td><i class=\"fa fa-check-circle\" aria-hidden=\"true\"><\/i> Etapa<span class=\"sub-services\"> 3- Toda a etapa 2- Aumento da press\u00e3o de aperto da embreagem<\/span><\/td>\n<td><a href=\"https:\/\/portal.ziptuning.com\/\" class=\"check-pricing\" target=\"_blank\" rel=\"noopener\">Ver Tarifas<\/a><\/td>\n<\/tr>\n<tr>\n<td><i class=\"fa fa-check-circle\" aria-hidden=\"true\"><\/i> Solu\u00e7\u00e3o de problemas &#8211;<span class=\"sub-services\"> Solu\u00e7\u00e3o de<\/span> problemas de<span class=\"sub-services\"> agita\u00e7\u00e3o a baixa RPM &#8211; Pedido especial<\/span><\/td>\n<td><a href=\"https:\/\/portal.ziptuning.com\/\" class=\"check-pricing\" target=\"_blank\" rel=\"noopener\">A pedido<\/a><\/td>\n<\/tr>\n<\/tbody>\n<\/table>\n<table class=\"table table-striped\">\n<thead>\n<tr>\n<th>Arquivos originais<\/th>\n<th>Euro<\/th>\n<\/tr>\n<\/thead>\n<tbody>\n<tr>\n<td><i class=\"fa fa-check-circle\" aria-hidden=\"true\"><\/i> Arquivo original \/ caixa de arquivo de estoque<\/td>\n<td><a href=\"https:\/\/portal.ziptuning.com\/\" class=\"check-pricing\" target=\"_blank\" rel=\"noopener\">Ver Tarifas<\/a><\/td>\n<\/tr>\n<\/tbody>\n<\/table>\n<table class=\"table table-striped\">\n<thead>\n<tr>\n<th>Projetos especiais<\/th>\n<th>Euro<\/th>\n<\/tr>\n<\/thead>\n<tbody>\n<tr>\n<td><i class=\"fa fa-check-circle\" aria-hidden=\"true\"><\/i> Projetos especiais A<\/td>\n<td><a href=\"https:\/\/portal.ziptuning.com\/\" class=\"check-pricing\" target=\"_blank\" rel=\"noopener\">Ver Tarifas<\/a><\/td>\n<\/tr>\n<tr>\n<td><i class=\"fa fa-check-circle\" aria-hidden=\"true\"><\/i> Projetos especiais B<\/td>\n<td><a href=\"https:\/\/portal.ziptuning.com\/\" class=\"check-pricing\" target=\"_blank\" rel=\"noopener\">Ver Tarifas<\/a><\/td>\n<\/tr>\n<tr>\n<td><i class=\"fa fa-check-circle\" aria-hidden=\"true\"><\/i> Projetos especiais C<\/td>\n<td><a href=\"https:\/\/portal.ziptuning.com\/\" class=\"check-pricing\" target=\"_blank\" rel=\"noopener\">Ver Tarifas<\/a><\/td>\n<\/tr>\n<tr>\n<td><i class=\"fa fa-check-circle\" aria-hidden=\"true\"><\/i> Projetos especiais D<\/td>\n<td><a href=\"https:\/\/portal.ziptuning.com\/\" class=\"check-pricing\" target=\"_blank\" rel=\"noopener\">Ver Tarifas<\/a><\/td>\n<\/tr>\n<td><i class=\"fa fa-check-circle\" aria-hidden=\"true\"><\/i> Projetos especiais E<\/td>\n<td><a href=\"https:\/\/portal.ziptuning.com\/\" class=\"check-pricing\" target=\"_blank\" rel=\"noopener\">Ver Tarifas<\/a><\/td>\n<\/tr>\n<\/tbody>\n<\/table>\n<table class=\"table table-striped\">\n<thead>\n<tr>\n<th>Pacotes MAP<\/th>\n<th>Euro<\/th>\n<\/tr>\n<\/thead>\n<tbody>\n<tr>\n<td><i class=\"fa fa-check-circle\" aria-hidden=\"true\"><\/i> Pacote limitado de mapas + arquivo de ajuste<\/td>\n<td><a href=\"https:\/\/portal.ziptuning.com\/\" class=\"check-pricing\" target=\"_blank\" rel=\"noopener\">Ver Tarifas<\/a><\/td>\n<\/tr>\n<tr>\n<td><i class=\"fa fa-check-circle\" aria-hidden=\"true\"><\/i> Super pacote de mapas (Damos)<\/td>\n<td><a href=\"https:\/\/portal.ziptuning.com\/\" class=\"check-pricing\" target=\"_blank\" rel=\"noopener\">Ver Tarifas<\/a><\/td>\n<\/tr>\n<tr>\n<td><i class=\"fa fa-check-circle\" aria-hidden=\"true\"><\/i> Arquivos de afina\u00e7\u00e3o calculados<\/td>\n<td><a href=\"https:\/\/portal.ziptuning.com\/\" class=\"check-pricing\" target=\"_blank\" rel=\"noopener\">Ver Tarifas<\/a><\/td>\n<\/tr>\n<\/tbody>\n<\/table>\n<table class=\"table table-striped\">\n<thead>\n<tr>\n<th>Revendedor EVC WINOLS<\/th>\n<th>Euro<\/th>\n<\/tr>\n<\/thead>\n<tbody>\n<tr>\n<td><i class=\"fa fa-check-circle\" aria-hidden=\"true\"><\/i> 10 cr\u00e9ditos OLSx<\/td>\n<td><a href=\"https:\/\/portal.ziptuning.com\/\" class=\"check-pricing\" target=\"_blank\" rel=\"noopener\">Ver Tarifas<\/a><\/td>\n<\/tr>\n<\/tbody>\n<\/table>\n","protected":false},"excerpt":{"rendered":"<p>M\u00e9todos de Pagamento Apoiados Ferramentas de afina\u00e7\u00e3o Fornecemos arquivos e suporte r\u00e1pido para as seguintes ferramentas de afina\u00e7\u00e3o CMD Flashtec Autotuner Dimsport EVC Alientech Magic Frieling MPPS FGTech Byteshooter FEMTO VF2 Flasher Bitbox PCMFlash MMCFlash CMD Flashtec Autotuner Dimsport EVC Alientech Magic Bitbox Frieling MPPS FGTech Byteshooter FEMTO VF2 Flasher PCMFlash MMCFlash Arquivos de afina\u00e7\u00e3o<\/p>\n","protected":false},"author":1,"featured_media":0,"parent":0,"menu_order":0,"comment_status":"closed","ping_status":"open","template":"","meta":{"_acf_changed":false,"footnotes":""},"class_list":["post-252973","page","type-page","status-publish","hentry"],"acf":[],"_links":{"self":[{"href":"https:\/\/www.ziptuning.com\/pt\/wp-json\/wp\/v2\/pages\/252973","targetHints":{"allow":["GET"]}}],"collection":[{"href":"https:\/\/www.ziptuning.com\/pt\/wp-json\/wp\/v2\/pages"}],"about":[{"href":"https:\/\/www.ziptuning.com\/pt\/wp-json\/wp\/v2\/types\/page"}],"author":[{"embeddable":true,"href":"https:\/\/www.ziptuning.com\/pt\/wp-json\/wp\/v2\/users\/1"}],"replies":[{"embeddable":true,"href":"https:\/\/www.ziptuning.com\/pt\/wp-json\/wp\/v2\/comments?post=252973"}],"version-history":[{"count":1,"href":"https:\/\/www.ziptuning.com\/pt\/wp-json\/wp\/v2\/pages\/252973\/revisions"}],"predecessor-version":[{"id":286907,"href":"https:\/\/www.ziptuning.com\/pt\/wp-json\/wp\/v2\/pages\/252973\/revisions\/286907"}],"wp:attachment":[{"href":"https:\/\/www.ziptuning.com\/pt\/wp-json\/wp\/v2\/media?parent=252973"}],"curies":[{"name":"wp","href":"https:\/\/api.w.org\/{rel}","templated":true}]}}