{"id":176568,"date":"2018-08-28T10:28:11","date_gmt":"2018-08-28T10:28:11","guid":{"rendered":"https:\/\/www.ziptuning.com\/?page_id=176568"},"modified":"2023-03-10T11:43:56","modified_gmt":"2023-03-10T11:43:56","slug":"start-stop-deactivation","status":"publish","type":"page","link":"https:\/\/www.ziptuning.com\/pt\/tuning-file\/start-stop-deactivation\/","title":{"rendered":"Desativa\u00e7\u00e3o Start-Stop"},"content":{"rendered":"<p>O sistema Start-stop foi projetado para melhorar a efici\u00eancia do combust\u00edvel na condu\u00e7\u00e3o urbana quando se passa muito tempo parado no sem\u00e1foro. Ele desliga seu carro e o reinicia automaticamente quando voc\u00ea pressiona o pedal do acelerador, mas muitas pessoas o acham muito intrusivo e irritante e em muitos carros ele n\u00e3o pode ser desativado. Al\u00e9m disso, em algumas aplica\u00e7\u00f5es o rein\u00edcio \u00e9 muito lento, o que \u00e9 frustrante mesmo em condi\u00e7\u00f5es di\u00e1rias de dire\u00e7\u00e3o.<img loading=\"lazy\" decoding=\"async\" src=\"https:\/\/www.ziptuning.com\/pt\/wp-content\/uploads\/sites\/5\/2023\/03\/start-stop-deactivation-1.jpg\" alt=\"Start-Stop Deactivation\" width=\"1000\" height=\"665\" class=\"aligncenter size-full wp-image-268257\" \/>Finalmente, se voc\u00ea correr, seu desempenho \u00e9 muito prejudicado pelo sistema start-stop. Ele aumentar\u00e1 os tempos de rea\u00e7\u00e3o e revers\u00e3o e assim diminuir\u00e1 a velocidade. \u00c9 por isso que a desativa\u00e7\u00e3o start-stop \u00e9 uma obriga\u00e7\u00e3o para todos os pilotos. Nenhum ve\u00edculo de performance deve ser dificultado por ele.<\/p>\n<div class=\"call-to-action-box\">\n<div class=\"col\">\n<h3>Desativar seu sistema start-stop<\/h3>\n<\/div>\n<div class=\"col\"><a href=\"https:\/\/portal.ziptuning.com\/register\" class=\"call-reg\" target=\"_blank\" rel=\"noopener\">Registre-se Agora<\/a><span> ou J\u00e1 tem uma conta, <a href=\"https:\/\/portal.ziptuning.com\/\" class=\"call-login\" target=\"_blank\" rel=\"noopener\">Login agora<\/a><\/span><\/div>\n<\/div>\n","protected":false},"excerpt":{"rendered":"<p>O sistema Start-stop foi projetado para melhorar a efici\u00eancia do combust\u00edvel na condu\u00e7\u00e3o urbana quando se passa muito tempo parado no sem\u00e1foro. Ele desliga seu carro e o reinicia automaticamente quando voc\u00ea pressiona o pedal do acelerador, mas muitas pessoas o acham muito intrusivo e irritante e em muitos carros ele n\u00e3o pode ser desativado.<\/p>\n","protected":false},"author":1,"featured_media":286899,"parent":83015,"menu_order":10,"comment_status":"closed","ping_status":"open","template":"","meta":{"_acf_changed":false,"footnotes":""},"class_list":["post-176568","page","type-page","status-publish","has-post-thumbnail","hentry"],"acf":[],"_links":{"self":[{"href":"https:\/\/www.ziptuning.com\/pt\/wp-json\/wp\/v2\/pages\/176568","targetHints":{"allow":["GET"]}}],"collection":[{"href":"https:\/\/www.ziptuning.com\/pt\/wp-json\/wp\/v2\/pages"}],"about":[{"href":"https:\/\/www.ziptuning.com\/pt\/wp-json\/wp\/v2\/types\/page"}],"author":[{"embeddable":true,"href":"https:\/\/www.ziptuning.com\/pt\/wp-json\/wp\/v2\/users\/1"}],"replies":[{"embeddable":true,"href":"https:\/\/www.ziptuning.com\/pt\/wp-json\/wp\/v2\/comments?post=176568"}],"version-history":[{"count":1,"href":"https:\/\/www.ziptuning.com\/pt\/wp-json\/wp\/v2\/pages\/176568\/revisions"}],"predecessor-version":[{"id":286898,"href":"https:\/\/www.ziptuning.com\/pt\/wp-json\/wp\/v2\/pages\/176568\/revisions\/286898"}],"up":[{"embeddable":true,"href":"https:\/\/www.ziptuning.com\/pt\/wp-json\/wp\/v2\/pages\/83015"}],"wp:featuredmedia":[{"embeddable":true,"href":"https:\/\/www.ziptuning.com\/pt\/wp-json\/wp\/v2\/media\/286899"}],"wp:attachment":[{"href":"https:\/\/www.ziptuning.com\/pt\/wp-json\/wp\/v2\/media?parent=176568"}],"curies":[{"name":"wp","href":"https:\/\/api.w.org\/{rel}","templated":true}]}}