{"id":176561,"date":"2018-08-28T10:19:14","date_gmt":"2018-08-28T10:19:14","guid":{"rendered":"https:\/\/www.ziptuning.com\/?page_id=176561"},"modified":"2023-03-10T11:43:56","modified_gmt":"2023-03-10T11:43:56","slug":"exhaust-flap-control-tuning","status":"publish","type":"page","link":"https:\/\/www.ziptuning.com\/pt\/tuning-file\/exhaust-flap-control-tuning\/","title":{"rendered":"Ajuste do controle da aba de exaust\u00e3o"},"content":{"rendered":"<p>O controle da aba de escape lhe d\u00e1 mais controle sobre o som do seu carro. Voc\u00ea est\u00e1 se afastando em uma manh\u00e3 bem cedo e n\u00e3o quer acordar todos \u00e0 sua volta, ou quer tornar sua presen\u00e7a conhecida? Voc\u00ea est\u00e1 em um cruzeiro tranquilo com uma crian\u00e7a dormindo atr\u00e1s, ou sozinho em seu carro em uma pista de corrida? Este recurso de controle permite que voc\u00ea use o mesmo carro em todas estas situa\u00e7\u00f5es sem qualquer compromisso. Ele permite que voc\u00ea mude a abertura e o fechamento da tampa do escapamento e, assim, escolha facilmente entre os ru\u00eddos subestimados do motor ou rugidos bestiais para se adequar \u00e0 ocasi\u00e3o em que voc\u00ea est\u00e1. <\/p>\n<p>Quando a tampa de escape \u00e9 fechada, o escapamento est\u00e1 em seu modo mais civilizado. Entretanto, quando se abre a tampa, o fluxo n\u00e3o \u00e9 prejudicado de forma alguma e o escapamento est\u00e1 em seu modo de rugido mais agressivo. <\/p>\n<div class=\"call-to-action-box\">\n<div class=\"col\">\n<h3>Ter a melhor trilha sonora de exaust\u00e3o para qualquer ocasi\u00e3o com nossa melodia de controle de aletas de exaust\u00e3o<\/h3>\n<\/div>\n<div class=\"col\"><a href=\"https:\/\/portal.ziptuning.com\/register\" class=\"call-reg\" target=\"_blank\" rel=\"noopener\">Registre-se Agora<\/a><span> ou J\u00e1 tem uma conta, <a href=\"https:\/\/portal.ziptuning.com\/\" class=\"call-login\" target=\"_blank\" rel=\"noopener\">Login agora<\/a><\/span><\/div>\n<\/div>\n","protected":false},"excerpt":{"rendered":"<p>O controle da aba de escape lhe d\u00e1 mais controle sobre o som do seu carro. Voc\u00ea est\u00e1 se afastando em uma manh\u00e3 bem cedo e n\u00e3o quer acordar todos \u00e0 sua volta, ou quer tornar sua presen\u00e7a conhecida? Voc\u00ea est\u00e1 em um cruzeiro tranquilo com uma crian\u00e7a dormindo atr\u00e1s, ou sozinho em seu carro<\/p>\n","protected":false},"author":1,"featured_media":0,"parent":83015,"menu_order":9,"comment_status":"closed","ping_status":"open","template":"","meta":{"_acf_changed":false,"footnotes":""},"class_list":["post-176561","page","type-page","status-publish","hentry"],"acf":[],"_links":{"self":[{"href":"https:\/\/www.ziptuning.com\/pt\/wp-json\/wp\/v2\/pages\/176561","targetHints":{"allow":["GET"]}}],"collection":[{"href":"https:\/\/www.ziptuning.com\/pt\/wp-json\/wp\/v2\/pages"}],"about":[{"href":"https:\/\/www.ziptuning.com\/pt\/wp-json\/wp\/v2\/types\/page"}],"author":[{"embeddable":true,"href":"https:\/\/www.ziptuning.com\/pt\/wp-json\/wp\/v2\/users\/1"}],"replies":[{"embeddable":true,"href":"https:\/\/www.ziptuning.com\/pt\/wp-json\/wp\/v2\/comments?post=176561"}],"version-history":[{"count":1,"href":"https:\/\/www.ziptuning.com\/pt\/wp-json\/wp\/v2\/pages\/176561\/revisions"}],"predecessor-version":[{"id":286897,"href":"https:\/\/www.ziptuning.com\/pt\/wp-json\/wp\/v2\/pages\/176561\/revisions\/286897"}],"up":[{"embeddable":true,"href":"https:\/\/www.ziptuning.com\/pt\/wp-json\/wp\/v2\/pages\/83015"}],"wp:attachment":[{"href":"https:\/\/www.ziptuning.com\/pt\/wp-json\/wp\/v2\/media?parent=176561"}],"curies":[{"name":"wp","href":"https:\/\/api.w.org\/{rel}","templated":true}]}}