{"id":159491,"date":"2018-08-27T05:53:52","date_gmt":"2018-08-27T05:53:52","guid":{"rendered":"https:\/\/www.ziptuning.com\/dev\/?page_id=159491"},"modified":"2023-03-10T11:43:56","modified_gmt":"2023-03-10T11:43:56","slug":"privacy-policy","status":"publish","type":"page","link":"https:\/\/www.ziptuning.com\/pt\/privacy-policy\/","title":{"rendered":"POL\u00cdTICA DE PRIVACIDADE"},"content":{"rendered":"<h2><strong>Pol\u00edtica de privacidade ZIPtuning.com<\/strong><\/h2>\n<div>Esta pol\u00edtica de privacidade estabelece como a ASA B.V. usa e protege qualquer informa\u00e7\u00e3o que voc\u00ea der \u00e0 ASA B.V. quando usar este website. A ASA B.V. est\u00e1 comprometida em assegurar que sua privacidade seja protegida. Caso solicitemos que voc\u00ea forne\u00e7a certas informa\u00e7\u00f5es pelas quais possa ser identificado ao usar este website, voc\u00ea pode ter certeza de que elas s\u00f3 ser\u00e3o usadas de acordo com esta declara\u00e7\u00e3o de privacidade. A ASA B.V. poder\u00e1 alterar esta pol\u00edtica de tempos em tempos, atualizando esta p\u00e1gina. Voc\u00ea deve verificar esta p\u00e1gina de tempos em tempos para assegurar-se de que est\u00e1 satisfeito com quaisquer mudan\u00e7as.<\/div>\n<h3>O que coletamos<\/h3>\n<div>Podemos coletar as seguintes informa\u00e7\u00f5es:<\/div>\n<ul>\n<li>Nome<\/li>\n<li>Informa\u00e7\u00f5es de contato, incluindo endere\u00e7o de e-mail<\/li>\n<li>Informa\u00e7\u00f5es demogr\u00e1ficas, tais como CEP, prefer\u00eancias e interesses<\/li>\n<li>Outras informa\u00e7\u00f5es relevantes para pesquisas e\/ou ofertas a clientes<\/li>\n<li>Para a lista exaustiva de cookies que coletamos, consulte a se\u00e7\u00e3o Lista de cookies que coletamos.<\/li>\n<\/ul>\n<h3>O que fazemos com as informa\u00e7\u00f5es que coletamos<\/h3>\n<div>Exigimos estas informa\u00e7\u00f5es para entender suas necessidades e lhe oferecer um servi\u00e7o melhor e, em particular, pelas seguintes raz\u00f5es:<\/div>\n<ul>\n<li>Manuten\u00e7\u00e3o de registros internos.<\/li>\n<li>Podemos usar as informa\u00e7\u00f5es para melhorar nossos produtos e servi\u00e7os.<\/li>\n<li>Podemos enviar periodicamente e-mails promocionais sobre novos produtos, ofertas especiais ou outras informa\u00e7\u00f5es que acharmos interessantes usando o endere\u00e7o de e-mail que voc\u00ea nos forneceu.<\/li>\n<li>De tempos em tempos, tamb\u00e9m podemos usar suas informa\u00e7\u00f5es para contat\u00e1-lo para fins de pesquisa de mercado. Poderemos contat\u00e1-lo por e-mail, telefone, fax ou correio. Podemos usar as informa\u00e7\u00f5es para personalizar o website de acordo com seus interesses.<\/li>\n<\/ul>\n<h3>Seguran\u00e7a<\/h3>\n<div>Estamos empenhados em garantir que suas informa\u00e7\u00f5es estejam seguras. A fim de evitar acesso ou divulga\u00e7\u00e3o n\u00e3o autorizada, colocamos em pr\u00e1tica procedimentos f\u00edsicos, eletr\u00f4nicos e gerenciais adequados para salvaguardar e proteger as informa\u00e7\u00f5es que coletamos on-line.<\/div>\n<h3>Como usamos os cookies<\/h3>\n<div>Um cookie \u00e9 um pequeno arquivo que pede permiss\u00e3o para ser colocado no disco r\u00edgido do seu computador. Uma vez que voc\u00ea concorda, o arquivo \u00e9 adicionado e o cookie ajuda a analisar o tr\u00e1fego da web ou lhe permite saber quando voc\u00ea visita um determinado site. Os cookies permitem que as aplica\u00e7\u00f5es web respondam a voc\u00ea como um indiv\u00edduo. A aplica\u00e7\u00e3o web pode adaptar suas opera\u00e7\u00f5es \u00e0s suas necessidades, gostos e avers\u00f5es, coletando e lembrando informa\u00e7\u00f5es sobre suas prefer\u00eancias.<\/div>\n<div><\/div>\n<div>Utilizamos cookies de registro de tr\u00e1fego para identificar quais p\u00e1ginas est\u00e3o sendo utilizadas. Isto nos ajuda a analisar os dados sobre o tr\u00e1fego das p\u00e1ginas web e melhorar nosso site a fim de adequ\u00e1-lo \u00e0s necessidades do cliente. Utilizamos essas informa\u00e7\u00f5es apenas para fins de an\u00e1lise estat\u00edstica e, em seguida, os dados s\u00e3o removidos do sistema.<\/div>\n<div><\/div>\n<div>Em geral, os cookies nos ajudam a lhe fornecer um site melhor, permitindo-nos monitorar quais p\u00e1ginas voc\u00ea acha \u00fateis e quais n\u00e3o acha. Um cookie de forma alguma nos d\u00e1 acesso ao seu computador ou qualquer informa\u00e7\u00e3o sobre voc\u00ea, a n\u00e3o ser os dados que voc\u00ea optar por compartilhar conosco. Voc\u00ea pode optar por aceitar ou recusar os cookies. A maioria dos navegadores aceita cookies automaticamente, mas voc\u00ea geralmente pode modificar a configura\u00e7\u00e3o de seu navegador para recusar cookies, se preferir. Isto pode impedir que voc\u00ea tire o m\u00e1ximo proveito do website.<\/div>\n<h3>Links para outros sites<\/h3>\n<div>Nosso website pode conter links para outros websites de interesse. Entretanto, uma vez que voc\u00ea tenha usado esses links para sair de nosso site, voc\u00ea deve observar que n\u00e3o temos nenhum controle sobre esse outro site. Portanto, n\u00e3o podemos ser respons\u00e1veis pela prote\u00e7\u00e3o e privacidade de qualquer informa\u00e7\u00e3o que voc\u00ea forne\u00e7a ao visitar tais sites e tais sites n\u00e3o s\u00e3o regidos por esta declara\u00e7\u00e3o de privacidade. Voc\u00ea deve ter cautela e observar a declara\u00e7\u00e3o de privacidade aplic\u00e1vel ao website em quest\u00e3o.<\/div>\n<h3>Controlar suas informa\u00e7\u00f5es pessoais<\/h3>\n<div>Voc\u00ea pode optar por restringir a coleta ou o uso de suas informa\u00e7\u00f5es pessoais das seguintes maneiras:<\/div>\n<ul>\n<li>sempre que for solicitado o preenchimento de um formul\u00e1rio no site, procure a caixa que voc\u00ea pode clicar para indicar que n\u00e3o deseja que as informa\u00e7\u00f5es sejam utilizadas por ningu\u00e9m para fins de marketing direto<\/li>\n<li>se voc\u00ea concordou previamente em nos utilizar suas informa\u00e7\u00f5es pessoais para fins de marketing direto, voc\u00ea pode mudar de id\u00e9ia a qualquer momento, escrevendo-nos ou enviando-nos um e-mail para files@ziptuning.com<\/li>\n<\/ul>\n<p>N\u00e3o venderemos, distribuiremos ou alugaremos suas informa\u00e7\u00f5es pessoais a terceiros a menos que tenhamos sua permiss\u00e3o ou que sejamos obrigados por lei a faz\u00ea-lo. Podemos usar suas informa\u00e7\u00f5es pessoais para lhe enviar informa\u00e7\u00f5es promocionais sobre terceiros que achamos interessantes se voc\u00ea nos disser que deseja que isso aconte\u00e7a.<\/p>\n<div>Voc\u00ea pode solicitar detalhes de informa\u00e7\u00f5es pessoais que possu\u00edmos sobre voc\u00ea nos termos da Lei de Prote\u00e7\u00e3o de Dados de 1998. Uma pequena taxa ser\u00e1 paga. Se voc\u00ea desejar uma c\u00f3pia das informa\u00e7\u00f5es mantidas sobre voc\u00ea, escreva para Stadsring 157A, Amersfoort, Holanda.<\/div>\n<div><\/div>\n<div>Se voc\u00ea acredita que qualquer informa\u00e7\u00e3o que estamos mantendo sobre voc\u00ea est\u00e1 incorreta ou incompleta, escreva-nos ou envie-nos um e-mail o mais r\u00e1pido poss\u00edvel, para o endere\u00e7o acima. Corrigiremos prontamente qualquer informa\u00e7\u00e3o que for considerada incorreta.<\/div>\n","protected":false},"excerpt":{"rendered":"<p>Pol\u00edtica de privacidade ZIPtuning.com Esta pol\u00edtica de privacidade estabelece como a ASA B.V. usa e protege qualquer informa\u00e7\u00e3o que voc\u00ea der \u00e0 ASA B.V. quando usar este website. A ASA B.V. est\u00e1 comprometida em assegurar que sua privacidade seja protegida. Caso solicitemos que voc\u00ea forne\u00e7a certas informa\u00e7\u00f5es pelas quais possa ser identificado ao usar este<\/p>\n","protected":false},"author":1,"featured_media":0,"parent":0,"menu_order":0,"comment_status":"closed","ping_status":"open","template":"","meta":{"_acf_changed":false,"footnotes":""},"class_list":["post-159491","page","type-page","status-publish","hentry"],"acf":[],"_links":{"self":[{"href":"https:\/\/www.ziptuning.com\/pt\/wp-json\/wp\/v2\/pages\/159491","targetHints":{"allow":["GET"]}}],"collection":[{"href":"https:\/\/www.ziptuning.com\/pt\/wp-json\/wp\/v2\/pages"}],"about":[{"href":"https:\/\/www.ziptuning.com\/pt\/wp-json\/wp\/v2\/types\/page"}],"author":[{"embeddable":true,"href":"https:\/\/www.ziptuning.com\/pt\/wp-json\/wp\/v2\/users\/1"}],"replies":[{"embeddable":true,"href":"https:\/\/www.ziptuning.com\/pt\/wp-json\/wp\/v2\/comments?post=159491"}],"version-history":[{"count":1,"href":"https:\/\/www.ziptuning.com\/pt\/wp-json\/wp\/v2\/pages\/159491\/revisions"}],"predecessor-version":[{"id":286889,"href":"https:\/\/www.ziptuning.com\/pt\/wp-json\/wp\/v2\/pages\/159491\/revisions\/286889"}],"wp:attachment":[{"href":"https:\/\/www.ziptuning.com\/pt\/wp-json\/wp\/v2\/media?parent=159491"}],"curies":[{"name":"wp","href":"https:\/\/api.w.org\/{rel}","templated":true}]}}