{"id":86900,"date":"2018-08-06T10:33:14","date_gmt":"2018-08-06T10:33:14","guid":{"rendered":"https:\/\/www.ziptuning.com\/dev\/?page_id=86900"},"modified":"2023-03-21T05:29:25","modified_gmt":"2023-03-21T05:29:25","slug":"ecu-upgrade","status":"publish","type":"page","link":"https:\/\/www.ziptuning.com\/fr\/ecu-upgrade\/","title":{"rendered":"Mise \u00e0 niveau du calculateur"},"content":{"rendered":"<p>Vous \u00eates \u00e0 la recherche d&rsquo;une mise \u00e0 jour de votre calculateur ? Nous disposons d&rsquo;une vaste base de donn\u00e9es. Nous disposons d&rsquo;une des plus grandes bases de donn\u00e9es de fichiers de mise \u00e0 jour d&rsquo;ECU pour un grand nombre de v\u00e9hicules et m\u00eame pour les ECU les plus r\u00e9cents et les technologies les plus modernes, y compris le protocole SENT. La formation, l&rsquo;am\u00e9lioration et l&rsquo;innovation constantes nous permettent de garder une longueur d&rsquo;avance sur la concurrence dans le monde du tuning. De plus, nos fichiers de r\u00e9glage se situent dans les limites de s\u00e9curit\u00e9 pour tous les composants mat\u00e9riels. Lors du d\u00e9veloppement des fichiers de mise \u00e0 jour de l&rsquo;ECU, nous contr\u00f4lons soigneusement tous les aspects, les temp\u00e9ratures, les pressions, les mesures de gaz, les niveaux de stress et le reste. Cela garantit des mises \u00e0 jour de haute qualit\u00e9 sans risque d&rsquo;endommager des pi\u00e8ces \u00e0 cause du r\u00e9glage, \u00e0 condition que les pi\u00e8ces et les syst\u00e8mes de la voiture en question soient en bon \u00e9tat. Nos fichiers de r\u00e9glage sont con\u00e7us pour fournir la meilleure am\u00e9lioration de conduite dans toutes les applications, pas seulement au WOT (Wide Open Throttle, ou acc\u00e9l\u00e9rateur ouvert \u00e0 fond). Si vous avez besoin d&rsquo;outils de r\u00e9glage fiables pour utiliser nos fichiers de mise \u00e0 jour de l&rsquo;ECU, nous proposons un certain nombre d&rsquo;outils de r\u00e9glage originaux. Nous ne vendons PAS d&rsquo;outils clones et nous vous d\u00e9conseillons vivement de les utiliser.<a class=\"btn btn-warning ecu-download-link\" href=\"https:\/\/www.ziptuning.com\/specifications\/\">Cliquez ici pour consulter notre base de donn\u00e9es <\/a>.<\/p>\n","protected":false},"excerpt":{"rendered":"<p>Vous \u00eates \u00e0 la recherche d&rsquo;une mise \u00e0 jour de votre calculateur ? Nous disposons d&rsquo;une vaste base de donn\u00e9es. Nous disposons d&rsquo;une des plus grandes bases de donn\u00e9es de fichiers de mise \u00e0 jour d&rsquo;ECU pour un grand nombre de v\u00e9hicules et m\u00eame pour les ECU les plus r\u00e9cents et les technologies les plus<\/p>\n","protected":false},"author":1,"featured_media":0,"parent":0,"menu_order":0,"comment_status":"closed","ping_status":"open","template":"","meta":{"_acf_changed":false,"footnotes":""},"class_list":["post-86900","page","type-page","status-publish","hentry"],"acf":[],"_links":{"self":[{"href":"https:\/\/www.ziptuning.com\/fr\/wp-json\/wp\/v2\/pages\/86900","targetHints":{"allow":["GET"]}}],"collection":[{"href":"https:\/\/www.ziptuning.com\/fr\/wp-json\/wp\/v2\/pages"}],"about":[{"href":"https:\/\/www.ziptuning.com\/fr\/wp-json\/wp\/v2\/types\/page"}],"author":[{"embeddable":true,"href":"https:\/\/www.ziptuning.com\/fr\/wp-json\/wp\/v2\/users\/1"}],"replies":[{"embeddable":true,"href":"https:\/\/www.ziptuning.com\/fr\/wp-json\/wp\/v2\/comments?post=86900"}],"version-history":[{"count":1,"href":"https:\/\/www.ziptuning.com\/fr\/wp-json\/wp\/v2\/pages\/86900\/revisions"}],"predecessor-version":[{"id":286868,"href":"https:\/\/www.ziptuning.com\/fr\/wp-json\/wp\/v2\/pages\/86900\/revisions\/286868"}],"wp:attachment":[{"href":"https:\/\/www.ziptuning.com\/fr\/wp-json\/wp\/v2\/media?parent=86900"}],"curies":[{"name":"wp","href":"https:\/\/api.w.org\/{rel}","templated":true}]}}