{"id":86898,"date":"2018-08-06T10:32:32","date_gmt":"2018-08-06T10:32:32","guid":{"rendered":"https:\/\/www.ziptuning.com\/dev\/?page_id=86898"},"modified":"2023-03-21T05:29:25","modified_gmt":"2023-03-21T05:29:25","slug":"ecu-recovery-support","status":"publish","type":"page","link":"https:\/\/www.ziptuning.com\/fr\/ecu-recovery-support\/","title":{"rendered":"Aide \u00e0 la r\u00e9cup\u00e9ration du calculateur"},"content":{"rendered":"<h2>R\u00e9cup\u00e9ration de l&rsquo;ECU avec des probl\u00e8mes apr\u00e8s le flashage<\/h2>\n<p>Malheureusement, il arrive que l&rsquo;ECU ne r\u00e9ponde plus apr\u00e8s avoir flash\u00e9 la voiture. Cela peut \u00eatre d\u00fb \u00e0 un certain nombre de raisons, telles que des calculs de checksum erron\u00e9s ou des protocoles de flashage incorrects des outils de r\u00e9glage. Dans ce cas, la r\u00e9cup\u00e9ration de l&rsquo;ECU est la seule solution. Dans ce cas, la r\u00e9cup\u00e9ration de l&rsquo;ECU est la seule solution. Nous pouvons restaurer chaque ECU \u00e0 ses param\u00e8tres d&rsquo;origine et le faire fonctionner \u00e0 nouveau \u00e0 l&rsquo;int\u00e9rieur de la voiture. Ce service est gratuit pour tous nos concessionnaires*.<\/p>\n<h2>R\u00e9cup\u00e9ration de l&rsquo;ECU avec des probl\u00e8mes apr\u00e8s le Bootmode<\/h2>\n<p>M\u00eame avec les bonnes comp\u00e9tences pour ouvrir l&rsquo;ECU et les bonnes techniques de soudure SMD, il peut arriver qu&rsquo;un ECU soit endommag\u00e9 ou d\u00e9truit apr\u00e8s une programmation en mode boot. Pour la plupart des tuners, c&rsquo;est un probl\u00e8me qui nuit consid\u00e9rablement \u00e0 leur r\u00e9putation et \u00e0 leurs revenus. ZIP Tuning r\u00e9sout ce probl\u00e8me pour vous. Nous pouvons r\u00e9parer et restaurer un grand nombre de probl\u00e8mes ou vous fournir un nouveau calculateur ou un calculateur r\u00e9nov\u00e9. Le co\u00fbt de ce service d\u00e9pend du type de calculateur et de la nature du probl\u00e8me. Ce service n&rsquo;est disponible que pour nos revendeurs* *Un revendeur est un utilisateur enregistr\u00e9 de notre site web avec un compte professionnel qui a achet\u00e9 au moins 500 cr\u00e9dits au cours de l&rsquo;ann\u00e9e \u00e9coul\u00e9e.<\/p>\n<div class=\"call-to-action-box\">\n<div class=\"col\">\n<h3>Besoin d&rsquo;aide avec la r\u00e9cup\u00e9ration de l&rsquo;ECU ?<\/h3>\n<\/div>\n<div class=\"col\"><a href=\"https:\/\/portal.ziptuning.com\/register\" class=\"call-reg\" target=\"_blank\" rel=\"noopener\">Inscrivez-vous maintenant<\/a><span> ou vous avez d\u00e9j\u00e0 un compte, <a href=\"https:\/\/portal.ziptuning.com\/\" class=\"call-login\" target=\"_blank\" rel=\"noopener\">Connectez-vous maintenant<\/a><\/span><\/div>\n<\/div>\n","protected":false},"excerpt":{"rendered":"<p>R\u00e9cup\u00e9ration de l&rsquo;ECU avec des probl\u00e8mes apr\u00e8s le flashage Malheureusement, il arrive que l&rsquo;ECU ne r\u00e9ponde plus apr\u00e8s avoir flash\u00e9 la voiture. Cela peut \u00eatre d\u00fb \u00e0 un certain nombre de raisons, telles que des calculs de checksum erron\u00e9s ou des protocoles de flashage incorrects des outils de r\u00e9glage. Dans ce cas, la r\u00e9cup\u00e9ration de<\/p>\n","protected":false},"author":1,"featured_media":0,"parent":0,"menu_order":0,"comment_status":"closed","ping_status":"open","template":"","meta":{"_acf_changed":false,"footnotes":""},"class_list":["post-86898","page","type-page","status-publish","hentry"],"acf":[],"_links":{"self":[{"href":"https:\/\/www.ziptuning.com\/fr\/wp-json\/wp\/v2\/pages\/86898","targetHints":{"allow":["GET"]}}],"collection":[{"href":"https:\/\/www.ziptuning.com\/fr\/wp-json\/wp\/v2\/pages"}],"about":[{"href":"https:\/\/www.ziptuning.com\/fr\/wp-json\/wp\/v2\/types\/page"}],"author":[{"embeddable":true,"href":"https:\/\/www.ziptuning.com\/fr\/wp-json\/wp\/v2\/users\/1"}],"replies":[{"embeddable":true,"href":"https:\/\/www.ziptuning.com\/fr\/wp-json\/wp\/v2\/comments?post=86898"}],"version-history":[{"count":1,"href":"https:\/\/www.ziptuning.com\/fr\/wp-json\/wp\/v2\/pages\/86898\/revisions"}],"predecessor-version":[{"id":286867,"href":"https:\/\/www.ziptuning.com\/fr\/wp-json\/wp\/v2\/pages\/86898\/revisions\/286867"}],"wp:attachment":[{"href":"https:\/\/www.ziptuning.com\/fr\/wp-json\/wp\/v2\/media?parent=86898"}],"curies":[{"name":"wp","href":"https:\/\/api.w.org\/{rel}","templated":true}]}}