{"id":86754,"date":"2018-08-01T08:11:45","date_gmt":"2018-08-01T08:11:45","guid":{"rendered":"https:\/\/www.ziptuning.com\/dev\/?page_id=86754"},"modified":"2023-03-21T05:29:25","modified_gmt":"2023-03-21T05:29:25","slug":"how-to-use-file-service","status":"publish","type":"page","link":"https:\/\/www.ziptuning.com\/fr\/tuning-file\/file-service\/how-to-use-file-service\/","title":{"rendered":"Comment utiliser le service de fichiers d&rsquo;accord"},"content":{"rendered":"<p><img loading=\"lazy\" decoding=\"async\" class=\"alignnone size-full wp-image-86755\" src=\"https:\/\/www.ziptuning.com\/fr\/wp-content\/uploads\/sites\/8\/2023\/03\/ziptuning_file_service_golf_r.jpg\" alt=\"\" width=\"1000\" height=\"283\" \/><\/p>\n<ol>\n<li><a href=\"https:\/\/www.ziptuning.com\/register\">S&rsquo;inscrire<\/a> sur le site.<\/li>\n<li>Acheter des cr\u00e9dits<\/li>\n<li>T\u00e9l\u00e9chargez \/ lisez le fichier original de la voiture.<\/li>\n<li>Cliquez sur<a href=\"https:\/\/www.ziptuning.com\/tuning-file-service\/tuning-file-service\">\u00ab\u00a0Upload File<\/a>\u00a0\u00bb sur notre site web.<\/li>\n<li>Remplissez le formulaire le plus compl\u00e8tement possible et t\u00e9l\u00e9chargez votre fichier original.<\/li>\n<li>Cr\u00e9er un compte<\/li>\n<li>Lorsque votre fichier de tuning personnalis\u00e9 sera pr\u00eat \u00e0 \u00eatre t\u00e9l\u00e9charg\u00e9, vous en serez inform\u00e9 par e-mail. A ce moment, vous paierez avec des cr\u00e9dits.\/p&gt;<\/li>\n<li>T\u00e9l\u00e9chargez votre fichier. Vous trouverez votre fichier dans votre compte en cliquant sur \u00a0\u00bb <a href=\"https:\/\/www.ziptuning.com\/tuningfile.html\">tuning files\u00a0\u00bb<\/a>.<\/li>\n<\/ol>\n<h2 class=\"pageheading\">TUTORIELS VID\u00c9O<\/h2>\n","protected":false},"excerpt":{"rendered":"<p>S&rsquo;inscrire sur le site. Acheter des cr\u00e9dits T\u00e9l\u00e9chargez \/ lisez le fichier original de la voiture. Cliquez sur\u00ab\u00a0Upload File\u00a0\u00bb sur notre site web. Remplissez le formulaire le plus compl\u00e8tement possible et t\u00e9l\u00e9chargez votre fichier original. Cr\u00e9er un compte Lorsque votre fichier de tuning personnalis\u00e9 sera pr\u00eat \u00e0 \u00eatre t\u00e9l\u00e9charg\u00e9, vous en serez inform\u00e9 par e-mail.<\/p>\n","protected":false},"author":1,"featured_media":286866,"parent":83033,"menu_order":0,"comment_status":"closed","ping_status":"open","template":"","meta":{"_acf_changed":false,"footnotes":""},"class_list":["post-86754","page","type-page","status-publish","has-post-thumbnail","hentry"],"acf":[],"_links":{"self":[{"href":"https:\/\/www.ziptuning.com\/fr\/wp-json\/wp\/v2\/pages\/86754","targetHints":{"allow":["GET"]}}],"collection":[{"href":"https:\/\/www.ziptuning.com\/fr\/wp-json\/wp\/v2\/pages"}],"about":[{"href":"https:\/\/www.ziptuning.com\/fr\/wp-json\/wp\/v2\/types\/page"}],"author":[{"embeddable":true,"href":"https:\/\/www.ziptuning.com\/fr\/wp-json\/wp\/v2\/users\/1"}],"replies":[{"embeddable":true,"href":"https:\/\/www.ziptuning.com\/fr\/wp-json\/wp\/v2\/comments?post=86754"}],"version-history":[{"count":1,"href":"https:\/\/www.ziptuning.com\/fr\/wp-json\/wp\/v2\/pages\/86754\/revisions"}],"predecessor-version":[{"id":286865,"href":"https:\/\/www.ziptuning.com\/fr\/wp-json\/wp\/v2\/pages\/86754\/revisions\/286865"}],"up":[{"embeddable":true,"href":"https:\/\/www.ziptuning.com\/fr\/wp-json\/wp\/v2\/pages\/83033"}],"wp:featuredmedia":[{"embeddable":true,"href":"https:\/\/www.ziptuning.com\/fr\/wp-json\/wp\/v2\/media\/286866"}],"wp:attachment":[{"href":"https:\/\/www.ziptuning.com\/fr\/wp-json\/wp\/v2\/media?parent=86754"}],"curies":[{"name":"wp","href":"https:\/\/api.w.org\/{rel}","templated":true}]}}