{"id":83114,"date":"2018-07-20T11:12:38","date_gmt":"2018-07-20T11:12:38","guid":{"rendered":"https:\/\/www.ziptuning.com\/dev\/?page_id=83114"},"modified":"2023-03-21T05:29:21","modified_gmt":"2023-03-21T05:29:21","slug":"tuning-package-deals","status":"publish","type":"page","link":"https:\/\/www.ziptuning.com\/fr\/tuning-tools\/tuning-package-deals\/","title":{"rendered":"FORFAITS TUNING"},"content":{"rendered":"<div>\n<h3>Offres de forfaits tuning &#8211; Cr\u00e9ez votre propre entreprise de tuning d\u00e8s maintenant !<\/h3>\n<\/div>\n<p>Nous avons compil\u00e9 trois forfaits tuning qui nous semblent \u00eatre le meilleur choix dans l&rsquo;une des situations suivantes : Le premier forfait convient \u00e0 un petit atelier automobile avec des clients de diff\u00e9rentes marques<img loading=\"lazy\" decoding=\"async\" class=\"alignnone wp-image-83115 size-full\" src=\"https:\/\/www.ziptuning.com\/fr\/wp-content\/uploads\/sites\/8\/2023\/03\/ziptuning_company_v2_530.jpg\" alt=\"zip tuning \" width=\"530\" height=\"217\" \/><\/p>\n<div>\n<h3>Forfait de base<\/h3>\n<ul>\n<li>Facile et abordable<\/li>\n<li>A partir d&rsquo;une voiture par mois<\/li>\n<li>Seulement lecture et programmation par OBD, pas de soudure<\/li>\n<\/ul>\n<p>Contactez-nous pour plus d&rsquo;informations sur <a href=\"mailto:files@ziptuning.com\">files@ziptuning.com<\/a><\/div>\n<div>\n<div>\n<h3>Starters tuning pack<\/h3>\n<ul>\n<li>Facile \u00e0 utiliser et capable de r\u00e9gler une tr\u00e8s large liste de voitures<\/li>\n<li>A partir de 4 voitures par mois<\/li>\n<li>OBD + Bootmode<\/li>\n<\/ul>\n<p>N&rsquo;h\u00e9sitez pas \u00e0 nous contacter pour plus d&rsquo;informations sur <a href=\"mailto:files@ziptuning.com\">files@ziptuning.com<\/a><\/div>\n<div>\n<h3>Pack de tuning professionnel<\/h3>\n<ul>\n<li>Tr\u00e8s grande couverture et inclusion des voitures les plus r\u00e9centes<\/li>\n<li>A partir de 20 voitures par mois<\/li>\n<li>OBD + Bootmode<\/li>\n<\/ul>\n<p>Contactez-nous pour plus d&rsquo;informations sur <a href=\"mailto:files@ziptuning.com\">files@ziptuning.com<\/a><\/div>\n<div><\/div>\n<div><img loading=\"lazy\" decoding=\"async\" class=\"alignnone wp-image-83116 size-full\" src=\"https:\/\/www.ziptuning.com\/fr\/wp-content\/uploads\/sites\/8\/2023\/03\/chiptuning_tools_ziptuning1.jpg\" alt=\"tuning package tools\" width=\"490\" height=\"133\" \/><\/div>\n<\/div>\n","protected":false},"excerpt":{"rendered":"<p>Offres de forfaits tuning &#8211; Cr\u00e9ez votre propre entreprise de tuning d\u00e8s maintenant ! Nous avons compil\u00e9 trois forfaits tuning qui nous semblent \u00eatre le meilleur choix dans l&rsquo;une des situations suivantes : Le premier forfait convient \u00e0 un petit atelier automobile avec des clients de diff\u00e9rentes marques Forfait de base Facile et abordable A<\/p>\n","protected":false},"author":1,"featured_media":286855,"parent":83020,"menu_order":5,"comment_status":"closed","ping_status":"open","template":"","meta":{"_acf_changed":false,"footnotes":""},"class_list":["post-83114","page","type-page","status-publish","has-post-thumbnail","hentry"],"acf":[],"_links":{"self":[{"href":"https:\/\/www.ziptuning.com\/fr\/wp-json\/wp\/v2\/pages\/83114","targetHints":{"allow":["GET"]}}],"collection":[{"href":"https:\/\/www.ziptuning.com\/fr\/wp-json\/wp\/v2\/pages"}],"about":[{"href":"https:\/\/www.ziptuning.com\/fr\/wp-json\/wp\/v2\/types\/page"}],"author":[{"embeddable":true,"href":"https:\/\/www.ziptuning.com\/fr\/wp-json\/wp\/v2\/users\/1"}],"replies":[{"embeddable":true,"href":"https:\/\/www.ziptuning.com\/fr\/wp-json\/wp\/v2\/comments?post=83114"}],"version-history":[{"count":1,"href":"https:\/\/www.ziptuning.com\/fr\/wp-json\/wp\/v2\/pages\/83114\/revisions"}],"predecessor-version":[{"id":286854,"href":"https:\/\/www.ziptuning.com\/fr\/wp-json\/wp\/v2\/pages\/83114\/revisions\/286854"}],"up":[{"embeddable":true,"href":"https:\/\/www.ziptuning.com\/fr\/wp-json\/wp\/v2\/pages\/83020"}],"wp:featuredmedia":[{"embeddable":true,"href":"https:\/\/www.ziptuning.com\/fr\/wp-json\/wp\/v2\/media\/286855"}],"wp:attachment":[{"href":"https:\/\/www.ziptuning.com\/fr\/wp-json\/wp\/v2\/media?parent=83114"}],"curies":[{"name":"wp","href":"https:\/\/api.w.org\/{rel}","templated":true}]}}