{"id":83098,"date":"2018-07-20T11:02:17","date_gmt":"2018-07-20T11:02:17","guid":{"rendered":"https:\/\/www.ziptuning.com\/dev\/?page_id=83098"},"modified":"2023-03-21T05:29:20","modified_gmt":"2023-03-21T05:29:20","slug":"cmdflash","status":"publish","type":"page","link":"https:\/\/www.ziptuning.com\/fr\/tuning-tools\/flashtec-cmd\/cmdflash\/","title":{"rendered":"CMD FLASH !"},"content":{"rendered":"<p>CMD Flash est un programmateur flash supportant le BDM, EOBD K-LINE, EOBD CAN-BUS, EOBD PWM pour toutes les nouvelles g\u00e9n\u00e9rations d&rsquo;ECUs. La fonction OBD flasher est disponible par d\u00e9faut sur tous les outils. Il s&rsquo;agit de l&rsquo;un des meilleurs outils OBD disponibles, qui prend en charge les derniers calculateurs, y compris :<\/p>\n<ul>\n<li>Bosch EDC15 \/ EDC16 \/ EDC17<\/li>\n<li>Bosch ME7 \/ ME9 \/ MED9 \/ MED17<\/li>\n<li>De nombreux autres comme DELPHI, VISTEON, MARELLI, DENSO, SAGEM, TRIONIC, etc.<\/li>\n<li>Siemens PPD \/ Simos 6x Simos 10x \/ MSS6x \/ MSVxx \/ MSD8x etc&#8230; dont certains avec TP \/ Divers autres contr\u00f4leurs Siemens.<\/li>\n<\/ul>\n<p><a href=\"\/?product_cat=tuning-tools\/cmd-flashtec\">Allez directement \u00e0 notre boutique en ligne<\/a><img loading=\"lazy\" decoding=\"async\" class=\"alignnone wp-image-83099 size-full\" src=\"https:\/\/www.ziptuning.com\/fr\/wp-content\/uploads\/sites\/8\/2023\/03\/cmdflash_ziptuning_chiptuning-1.jpg\" alt=\"cmd flash\" width=\"530\" height=\"397\" \/><\/p>\n<div>\n<h3>BDM Plugin :<\/h3>\n<\/div>\n<p>Avec BDM, vous devez d\u00e9brancher l&rsquo;ECU du v\u00e9hicule, l&rsquo;ouvrir et le connecter \u00e0 CMD Flash en utilisant un connecteur disponible sur chaque ECU EDC16, Marelli, Siemens et Delphi. Le logiciel permet de lire\/\u00e9crire le firmware interne de l&rsquo;Eprom (29bl802 \/ M58) et l&rsquo;e2prom s\u00e9rie contenant les codes de la voiture. L&rsquo;algorithme de correction de la somme de contr\u00f4le est automatique pour toutes les familles d&rsquo;ECU. Avec cet outil, il est possible de lire toutes les eprom des calculateurs, m\u00eame apr\u00e8s avoir programm\u00e9 un mauvais fichier, un blocage du syst\u00e8me ou une op\u00e9ration d&rsquo;\u00e9criture interrompue, il est toujours possible de red\u00e9marrer l&rsquo;op\u00e9ration de programmation pour restaurer le calculateur et d\u00e9marrer la voiture. Toutes les donn\u00e9es de l&rsquo;ECU peuvent \u00eatre stock\u00e9es dans un seul fichier avec des informations suppl\u00e9mentaires telles que la marque, le mod\u00e8le, le num\u00e9ro de ch\u00e2ssis, les donn\u00e9es, la note, le client avec des possibilit\u00e9s de recherche et des informations directement int\u00e9gr\u00e9es dans l&rsquo;explorateur Microsoft Windows<a href=\"\/?product_cat=tuning-tools\/cmd-flashtec\">.<\/a><\/p>\n<div>\n<h3>TriCore BOOT Plugin :<\/h3>\n<\/div>\n<p>Cette nouvelle extension CMD Flash vous permet de r\u00e9gler les IROM et XROM des nouveaux calculateurs Bosch EDC17 et MED17 avec microprocesseur Tricore verrouill\u00e9. Le produit est bas\u00e9 sur une nouvelle interface suppl\u00e9mentaire \u00e0 connecter \u00e0 l&rsquo;unit\u00e9 CMD Flash. Pour tous les calculateurs EDC17 avec les pastilles Bosch sur la carte (comme l&rsquo;ancien BDM EDC16), il suffit d&rsquo;utiliser la nouvelle sonde de positionnement EDC17 fournie, et aucun c\u00e2blage suppl\u00e9mentaire n&rsquo;est n\u00e9cessaire sur les connecteurs avant du calculateur. Pour certains calculateurs, il est n\u00e9cessaire de souder des r\u00e9sistances de d\u00e9marrage. Il suffit d&rsquo;appuyer sur ID, lire ou \u00e9crire et l&rsquo;interface CMD flash fera tout automatiquement, exactement comme l&rsquo;ancien BDM. En standard, nous fournissons \u00e9galement des c\u00e2bles pour les calculateurs comme Mercedes EDC17, avec les pads plac\u00e9s de l&rsquo;autre c\u00f4t\u00e9 de la carte, vous n&rsquo;avez pas besoin d&rsquo;extraire la carte du bo\u00eetier. L&rsquo;alimentation est d\u00e9livr\u00e9e par l&rsquo;interface CMDFlash. Aucune alimentation suppl\u00e9mentaire n&rsquo;est n\u00e9cessaire. N&rsquo;utilisez pas les sommes de contr\u00f4le d&rsquo;une tierce partie ! La correction compl\u00e8te de la somme de contr\u00f4le RSA pour toutes les voitures est incluse dans le plugin. De nombreux calculateurs ont une configuration IROM ou XROM ou IROM+XROM. Le logiciel CMD Flash lit automatiquement tout le contenu de l&rsquo;ECU et le sauvegarde dans un dossier sp\u00e9cial, pendant ce temps il extrait seulement la zone des donn\u00e9es de calibration, vous permettant de la sauvegarder et de la r\u00e9gler, donc vous n&rsquo;avez pas besoin de chercher les donn\u00e9es de calibration dans l&rsquo;IROM et\/ou l&rsquo;XROM &#8211; CMD Flash le fera pour vous. Il en va de m\u00eame pour le processus d&rsquo;\u00e9criture.<a href=\"\/?product_cat=tuning-tools\/cmd-flashtec\">Acc\u00e9der directement \u00e0 notre boutique en ligne<\/a><\/p>\n<div>\n<h3>Caract\u00e9ristiques principales :<\/h3>\n<\/div>\n<ul>\n<li>Sommes de contr\u00f4le automatiques.<\/li>\n<li>Disponible en configuration ma\u00eetre\/esclave.<\/li>\n<li>Abonnement \u00e0 de nouvelles familles \/ sommes de contr\u00f4le.<\/li>\n<li>Fonction de r\u00e9cup\u00e9ration. Apr\u00e8s un \u00e9chec de programmation, vous pouvez relancer le flashage de l&rsquo;\u00e9cu.<\/li>\n<li>BDM Motorola \/ NEXUS MPC<\/li>\n<li>Bosch TRICORE BOOT EDC17 MED17, y compris VAG TP8\/TP10<\/li>\n<li>Commutateur de r\u00e9sistance automatique. K-Line 470 ohm pull-up resistor pour VAG EDC16<\/li>\n<li>Le dongle de protection est maintenant \u00e0 l&rsquo;int\u00e9rieur de la bo\u00eete noire<\/li>\n<li>Les protocoles des anciennes voitures sont maintenant inclus (EDC15, ME7xx)<\/li>\n<li>C16x \/ ST10 BOOT<\/li>\n<li>CAN V2.0B 1Mb\/s<\/li>\n<li>Ligne K ISO \/ KWP<\/li>\n<li>J1850 PWM<\/li>\n<li>Mitsubishi Lancer EVO 5-&gt;9<\/li>\n<li>V\u00e9hicules industriels 24V<\/li>\n<\/ul>\n<p><a href=\"\/?product_cat=tuning-tools\/cmd-flashtec\">Aller directement \u00e0 notre boutique en ligne<\/a><\/p>\n<div>\n<h3>Le kit de d\u00e9marrage CMDFlash comprend :<\/h3>\n<\/div>\n<ul>\n<li>C\u00e2ble plat CMD + Interface d&rsquo;amor\u00e7age<\/li>\n<li>Alimentation CMDFlash<\/li>\n<li>Plugin de mode d&rsquo;amor\u00e7age MEDC17 prot\u00e9g\u00e9 par CMDFlash<\/li>\n<li>C\u00e2ble d&rsquo;amor\u00e7age universel<\/li>\n<li>Sommes de contr\u00f4le RSA pour tous les ECU<\/li>\n<li>MPC004 Sonde de cadre de positionnement EDC17, la sonde est compatible avec la plupart des cadres de positionnement pr\u00e9sents sur le march\u00e9<\/li>\n<li>C\u00e2ble Mercedes EDC17<\/li>\n<\/ul>\n<p><a href=\"\/?product_cat=tuning-tools\/cmd-flashtec\">Aller directement \u00e0 notre boutique en ligne<\/a><\/p>\n","protected":false},"excerpt":{"rendered":"<p>CMD Flash est un programmateur flash supportant le BDM, EOBD K-LINE, EOBD CAN-BUS, EOBD PWM pour toutes les nouvelles g\u00e9n\u00e9rations d&rsquo;ECUs. La fonction OBD flasher est disponible par d\u00e9faut sur tous les outils. Il s&rsquo;agit de l&rsquo;un des meilleurs outils OBD disponibles, qui prend en charge les derniers calculateurs, y compris : Bosch EDC15 \/<\/p>\n","protected":false},"author":1,"featured_media":286852,"parent":83093,"menu_order":0,"comment_status":"closed","ping_status":"open","template":"","meta":{"_acf_changed":false,"footnotes":""},"class_list":["post-83098","page","type-page","status-publish","has-post-thumbnail","hentry"],"acf":[],"_links":{"self":[{"href":"https:\/\/www.ziptuning.com\/fr\/wp-json\/wp\/v2\/pages\/83098","targetHints":{"allow":["GET"]}}],"collection":[{"href":"https:\/\/www.ziptuning.com\/fr\/wp-json\/wp\/v2\/pages"}],"about":[{"href":"https:\/\/www.ziptuning.com\/fr\/wp-json\/wp\/v2\/types\/page"}],"author":[{"embeddable":true,"href":"https:\/\/www.ziptuning.com\/fr\/wp-json\/wp\/v2\/users\/1"}],"replies":[{"embeddable":true,"href":"https:\/\/www.ziptuning.com\/fr\/wp-json\/wp\/v2\/comments?post=83098"}],"version-history":[{"count":1,"href":"https:\/\/www.ziptuning.com\/fr\/wp-json\/wp\/v2\/pages\/83098\/revisions"}],"predecessor-version":[{"id":286851,"href":"https:\/\/www.ziptuning.com\/fr\/wp-json\/wp\/v2\/pages\/83098\/revisions\/286851"}],"up":[{"embeddable":true,"href":"https:\/\/www.ziptuning.com\/fr\/wp-json\/wp\/v2\/pages\/83093"}],"wp:featuredmedia":[{"embeddable":true,"href":"https:\/\/www.ziptuning.com\/fr\/wp-json\/wp\/v2\/media\/286852"}],"wp:attachment":[{"href":"https:\/\/www.ziptuning.com\/fr\/wp-json\/wp\/v2\/media?parent=83098"}],"curies":[{"name":"wp","href":"https:\/\/api.w.org\/{rel}","templated":true}]}}