{"id":83090,"date":"2018-07-20T10:34:16","date_gmt":"2018-07-20T10:34:16","guid":{"rendered":"https:\/\/www.ziptuning.com\/dev\/?page_id=83090"},"modified":"2023-03-21T05:29:20","modified_gmt":"2023-03-21T05:29:20","slug":"powergate-tuning-tools-ziptuning","status":"publish","type":"page","link":"https:\/\/www.ziptuning.com\/fr\/tuning-tools\/alientech\/powergate-tuning-tools-ziptuning\/","title":{"rendered":"POWERGATE"},"content":{"rendered":"<p>Powergate est un outil portable qui peut stocker le fichier original et jusqu&rsquo;\u00e0 deux cartes modifi\u00e9es. Il permet \u00e9galement de passer d&rsquo;une carte \u00e0 l&rsquo;autre facilement et en toute s\u00e9curit\u00e9. Powergate communique avec l&rsquo;ECU via le port de diagnostic et dispose d&rsquo;une interface facile \u00e0 utiliser en plusieurs langues. Il est \u00e9galement disponible en plusieurs versions qui vont de la version standard &#8211; particuli\u00e8rement adapt\u00e9e aux utilisateurs priv\u00e9s, puisque l&rsquo;instrument est li\u00e9 en permanence \u00e0 la voiture choisie &#8211; \u00e0 la version Multifamily, particuli\u00e8rement destin\u00e9e aux concessionnaires d&rsquo;une seule marque et aux pr\u00e9parateurs professionnels. Si vous \u00eates \u00e0 la recherche d&rsquo;un outil portable, pratique et fiable qui vous permette de changer les cartes de votre v\u00e9hicule, Powergate est une excellente option. Il est petit, facile \u00e0 utiliser et d\u00e9velopp\u00e9 pour permettre une utilisation personnelle en toute simplicit\u00e9 gr\u00e2ce \u00e0 son interface intuitive.<a href=\"\/?product_cat=tuning-tools\/alientech\">Acc\u00e9dez directement \u00e0 notre boutique en ligne<\/a><img loading=\"lazy\" decoding=\"async\" class=\"alignnone wp-image-83091 size-full\" src=\"https:\/\/www.ziptuning.com\/fr\/wp-content\/uploads\/sites\/8\/2023\/03\/powergate-info-image-ziptuning.jpg\" alt=\"powergate\" width=\"530\" height=\"203\" \/><\/p>\n","protected":false},"excerpt":{"rendered":"<p>Powergate est un outil portable qui peut stocker le fichier original et jusqu&rsquo;\u00e0 deux cartes modifi\u00e9es. Il permet \u00e9galement de passer d&rsquo;une carte \u00e0 l&rsquo;autre facilement et en toute s\u00e9curit\u00e9. Powergate communique avec l&rsquo;ECU via le port de diagnostic et dispose d&rsquo;une interface facile \u00e0 utiliser en plusieurs langues. Il est \u00e9galement disponible en plusieurs<\/p>\n","protected":false},"author":1,"featured_media":286847,"parent":83075,"menu_order":2,"comment_status":"closed","ping_status":"open","template":"","meta":{"_acf_changed":false,"footnotes":""},"class_list":["post-83090","page","type-page","status-publish","has-post-thumbnail","hentry"],"acf":[],"_links":{"self":[{"href":"https:\/\/www.ziptuning.com\/fr\/wp-json\/wp\/v2\/pages\/83090","targetHints":{"allow":["GET"]}}],"collection":[{"href":"https:\/\/www.ziptuning.com\/fr\/wp-json\/wp\/v2\/pages"}],"about":[{"href":"https:\/\/www.ziptuning.com\/fr\/wp-json\/wp\/v2\/types\/page"}],"author":[{"embeddable":true,"href":"https:\/\/www.ziptuning.com\/fr\/wp-json\/wp\/v2\/users\/1"}],"replies":[{"embeddable":true,"href":"https:\/\/www.ziptuning.com\/fr\/wp-json\/wp\/v2\/comments?post=83090"}],"version-history":[{"count":1,"href":"https:\/\/www.ziptuning.com\/fr\/wp-json\/wp\/v2\/pages\/83090\/revisions"}],"predecessor-version":[{"id":286846,"href":"https:\/\/www.ziptuning.com\/fr\/wp-json\/wp\/v2\/pages\/83090\/revisions\/286846"}],"up":[{"embeddable":true,"href":"https:\/\/www.ziptuning.com\/fr\/wp-json\/wp\/v2\/pages\/83075"}],"wp:featuredmedia":[{"embeddable":true,"href":"https:\/\/www.ziptuning.com\/fr\/wp-json\/wp\/v2\/media\/286847"}],"wp:attachment":[{"href":"https:\/\/www.ziptuning.com\/fr\/wp-json\/wp\/v2\/media?parent=83090"}],"curies":[{"name":"wp","href":"https:\/\/api.w.org\/{rel}","templated":true}]}}