{"id":83070,"date":"2018-07-20T09:49:45","date_gmt":"2018-07-20T09:49:45","guid":{"rendered":"https:\/\/www.ziptuning.com\/dev\/?page_id=83070"},"modified":"2023-03-21T05:29:18","modified_gmt":"2023-03-21T05:29:18","slug":"launch-control-manual-gearbox","status":"publish","type":"page","link":"https:\/\/www.ziptuning.com\/fr\/tuning-file\/launch-control-manual-gearbox\/","title":{"rendered":"Contr\u00f4le de lancement (transmission manuelle)"},"content":{"rendered":"<p>Le d\u00e9marrage efficace d&rsquo;une voiture \u00e9quip\u00e9e d&rsquo;une bo\u00eete de vitesses manuelle requiert souvent plus de comp\u00e9tences que celui d&rsquo;une voiture automatique, mais il s&rsquo;accompagne \u00e9galement d&rsquo;un probl\u00e8me inh\u00e9rent, \u00e0 savoir l&rsquo;attente de la mont\u00e9e en puissance du turbocompresseur. Alors que de nombreuses bo\u00eetes de vitesses automatiques disposent de modes de contr\u00f4le de lancement qui permettent d&rsquo;augmenter la puissance du turbo lorsque la voiture est \u00e0 l&rsquo;arr\u00eat, les bo\u00eetes de vitesses manuelles sont g\u00e9n\u00e9ralement d\u00e9pourvues d&rsquo;une telle fonctionnalit\u00e9. Cela signifie qu&rsquo;elles perdent un peu de temps pendant que le turbo se met en marche pour fournir le boost n\u00e9cessaire. Cependant, notre r\u00e9glage pour le contr\u00f4le de lancement de la bo\u00eete de vitesses manuelle vous permet de profiter des avantages du contr\u00f4le de lancement m\u00eame sur les bo\u00eetes manuelles.<img loading=\"lazy\" decoding=\"async\" src=\"https:\/\/www.ziptuning.com\/fr\/wp-content\/uploads\/sites\/8\/2023\/03\/launch-control-ziptuning-1.jpg\" alt=\"Launch Control (Manual Transmission)\" width=\"1000\" height=\"563\" class=\"aligncenter size-full wp-image-268254\" \/>Apr\u00e8s notre r\u00e9glage, tout ce que vous avez \u00e0 faire pour \u00e9liminer le d\u00e9calage du turbo et profiter d&rsquo;une acc\u00e9l\u00e9ration fulgurante est de maintenir l&rsquo;acc\u00e9l\u00e9rateur et l&#8217;embrayage en m\u00eame temps. Le r\u00e9gime monte jusqu&rsquo;au niveau que nous avons d\u00e9fini et ne le d\u00e9passe pas, ce qui vous donne l&rsquo;impulsion souhait\u00e9e sans aller trop loin et sans perdre de temps \u00e0 cause d&rsquo;un patinage excessif des roues. <\/p>\n<p>Une fois que vous \u00eates pr\u00eat \u00e0 d\u00e9marrer, il vous suffit de rel\u00e2cher l&#8217;embrayage pour b\u00e9n\u00e9ficier imm\u00e9diatement de la pouss\u00e9e du turbo pr\u00e9par\u00e9 et d&rsquo;un contr\u00f4le total de la limite de r\u00e9gime pr\u00e9d\u00e9finie.<\/p>\n<div class=\"call-to-action-box\">\n<div class=\"col\">\n<h3>Vous aimez ce que vous voyez ? Obtenez les fichiers de r\u00e9glage du contr\u00f4le de lancement pour les bo\u00eetes de vitesses manuelles<\/h3>\n<\/div>\n<div class=\"col\"><a href=\"https:\/\/portal.ziptuning.com\/register\" class=\"call-reg\" target=\"_blank\" rel=\"noopener\">S&rsquo;inscrire maintenant<\/a><span> ou avoir d\u00e9j\u00e0 un compte, <a href=\"https:\/\/portal.ziptuning.com\/\" class=\"call-login\" target=\"_blank\" rel=\"noopener\">se connecter maintenant<\/a><\/span><\/div>\n<\/div>\n","protected":false},"excerpt":{"rendered":"<p>Le d\u00e9marrage efficace d&rsquo;une voiture \u00e9quip\u00e9e d&rsquo;une bo\u00eete de vitesses manuelle requiert souvent plus de comp\u00e9tences que celui d&rsquo;une voiture automatique, mais il s&rsquo;accompagne \u00e9galement d&rsquo;un probl\u00e8me inh\u00e9rent, \u00e0 savoir l&rsquo;attente de la mont\u00e9e en puissance du turbocompresseur. Alors que de nombreuses bo\u00eetes de vitesses automatiques disposent de modes de contr\u00f4le de lancement qui permettent<\/p>\n","protected":false},"author":1,"featured_media":286836,"parent":83015,"menu_order":8,"comment_status":"closed","ping_status":"open","template":"","meta":{"_acf_changed":false,"footnotes":""},"class_list":["post-83070","page","type-page","status-publish","has-post-thumbnail","hentry"],"acf":[],"_links":{"self":[{"href":"https:\/\/www.ziptuning.com\/fr\/wp-json\/wp\/v2\/pages\/83070","targetHints":{"allow":["GET"]}}],"collection":[{"href":"https:\/\/www.ziptuning.com\/fr\/wp-json\/wp\/v2\/pages"}],"about":[{"href":"https:\/\/www.ziptuning.com\/fr\/wp-json\/wp\/v2\/types\/page"}],"author":[{"embeddable":true,"href":"https:\/\/www.ziptuning.com\/fr\/wp-json\/wp\/v2\/users\/1"}],"replies":[{"embeddable":true,"href":"https:\/\/www.ziptuning.com\/fr\/wp-json\/wp\/v2\/comments?post=83070"}],"version-history":[{"count":1,"href":"https:\/\/www.ziptuning.com\/fr\/wp-json\/wp\/v2\/pages\/83070\/revisions"}],"predecessor-version":[{"id":286835,"href":"https:\/\/www.ziptuning.com\/fr\/wp-json\/wp\/v2\/pages\/83070\/revisions\/286835"}],"up":[{"embeddable":true,"href":"https:\/\/www.ziptuning.com\/fr\/wp-json\/wp\/v2\/pages\/83015"}],"wp:featuredmedia":[{"embeddable":true,"href":"https:\/\/www.ziptuning.com\/fr\/wp-json\/wp\/v2\/media\/286836"}],"wp:attachment":[{"href":"https:\/\/www.ziptuning.com\/fr\/wp-json\/wp\/v2\/media?parent=83070"}],"curies":[{"name":"wp","href":"https:\/\/api.w.org\/{rel}","templated":true}]}}