{"id":83053,"date":"2018-07-20T09:36:14","date_gmt":"2018-07-20T09:36:14","guid":{"rendered":"https:\/\/www.ziptuning.com\/dev\/?page_id=83053"},"modified":"2023-03-21T05:29:18","modified_gmt":"2023-03-21T05:29:18","slug":"winols-reseller","status":"publish","type":"page","link":"https:\/\/www.ziptuning.com\/fr\/tuning-file\/winols-reseller\/","title":{"rendered":"REVENDEUR WINOLS \/ BASE DE DONN\u00c9ES OLSX"},"content":{"rendered":"<h2>Qu&rsquo;est-ce que WinOLS ?<\/h2>\n<p>Il s&rsquo;agit d&rsquo;une application d&rsquo;\u00e9dition de logiciels de calculateurs d\u00e9velopp\u00e9e par EVC et qui est devenue la norme dans l&rsquo;industrie. Depuis de nombreuses ann\u00e9es, c&rsquo;est le meilleur \u00e9diteur hexad\u00e9cimal du march\u00e9 pour les pr\u00e9parateurs professionnels. EVC a ajout\u00e9 \u00e0 Winols le plugin revendeur, qui permet \u00e0 d&rsquo;autres utilisateurs de t\u00e9l\u00e9charger les projets de fichiers de r\u00e9glage d\u00e9velopp\u00e9s par ZIP \u00e0 partir de notre base de donn\u00e9es OLSx.<\/p>\n<ul>\n<li>Fichiers de r\u00e9glage pour les voitures, les motos, les camions et l&rsquo;agriculture<\/li>\n<li>Mappacks<\/li>\n<li>Super mappacks<\/li>\n<\/ul>\n<h2>Ziptuning &#8211; Revendeur Winols OLSx<\/h2>\n<p><b><i class=\"fa fa-check-square\" aria-hidden=\"true\"><\/i> La plus grande base de donn\u00e9es de fichiers de tuning<\/b>Avec 45.000 projets de fichiers de tuning, nous sommes (parmi) les plus grands fournisseurs de projets olsx dans le syst\u00e8me de revente EVC Winols.<b><i class=\"fa fa-check-square\" aria-hidden=\"true\"><\/i> Toujours<\/b>\u00e0 jour Tous les projets sont des fichiers de tuning v\u00e9rifi\u00e9s et test\u00e9s. Nous mettons \u00e0 jour la base de donn\u00e9es avec environ 1000 fichiers par mois.<b><i class=\"fa fa-check-square\" aria-hidden=\"true\"><\/i> Connect to Winols reseller<\/b>Vous pouvez vous connecter \u00e0 notre service de fichiers <a href=\"https:\/\/portal.ziptuning.com\/\" target=\"_blank\" rel=\"noopener\">ici<\/a>Vous serez automatiquement connect\u00e9 et vous pourrez acheter directement des cr\u00e9dits et des fichiers de r\u00e9glage.<b><i class=\"fa fa-check-square\" aria-hidden=\"true\"><\/i> Support &amp; garantie<\/b>Nous fournissons gratuitement un support complet si un projet ne donne pas le r\u00e9sultat escompt\u00e9. <\/p>\n<h2>Comment se connecter \u00e0 notre base de donn\u00e9es OLSx ?<\/h2>\n<ul class=\"default-list\">\n<li>Veuillez vous <a href=\"https:\/\/portal.ziptuning.com\/\" target=\"_blank\" rel=\"noopener\">enregistrer<\/a> sur notre site web et indiquer votre num\u00e9ro de client WinOLS lors de l&rsquo;enregistrement.<\/li>\n<li>Si vous avez d\u00e9j\u00e0 un compte, vous pouvez simplement nous envoyer un e-mail avec votre num\u00e9ro de client WinOLS.<\/li>\n<li>Nous ajouterons votre num\u00e9ro de client \u00e0 la base de donn\u00e9es le plus rapidement possible. N&rsquo;oubliez pas de mettre \u00e0 jour votre compte et d&rsquo;acheter des cr\u00e9dits.<\/li>\n<\/ul>\n<p>Si vous n&rsquo;utilisez pas Winols, <a href=\"https:\/\/portal.ziptuning.com\/login\/\" target=\"_blank\" rel=\"noopener\">consultez ici<\/a> notre service de fichiers automatiques ou personnalis\u00e9s. Utilisateur officiel et revendeur de Winols : 11854<a href=\"https:\/\/www.evc.de\/en\/check_evc_license.asp?k=jsH%2fqVxde48n3U2PH0XA6Q%3d%3d\" target=\"_blank\" rel=\"noopener noreferrer\"><img decoding=\"async\" src=\"https:\/\/www.ziptuning.com\/fr\/wp-content\/uploads\/sites\/8\/2023\/03\/check_evc_license_image.png\"><\/a><\/p>\n","protected":false},"excerpt":{"rendered":"<p>Qu&rsquo;est-ce que WinOLS ? Il s&rsquo;agit d&rsquo;une application d&rsquo;\u00e9dition de logiciels de calculateurs d\u00e9velopp\u00e9e par EVC et qui est devenue la norme dans l&rsquo;industrie. Depuis de nombreuses ann\u00e9es, c&rsquo;est le meilleur \u00e9diteur hexad\u00e9cimal du march\u00e9 pour les pr\u00e9parateurs professionnels. EVC a ajout\u00e9 \u00e0 Winols le plugin revendeur, qui permet \u00e0 d&rsquo;autres utilisateurs de t\u00e9l\u00e9charger les<\/p>\n","protected":false},"author":1,"featured_media":286832,"parent":83015,"menu_order":3,"comment_status":"closed","ping_status":"open","template":"","meta":{"_acf_changed":false,"footnotes":""},"class_list":["post-83053","page","type-page","status-publish","has-post-thumbnail","hentry"],"acf":[],"_links":{"self":[{"href":"https:\/\/www.ziptuning.com\/fr\/wp-json\/wp\/v2\/pages\/83053","targetHints":{"allow":["GET"]}}],"collection":[{"href":"https:\/\/www.ziptuning.com\/fr\/wp-json\/wp\/v2\/pages"}],"about":[{"href":"https:\/\/www.ziptuning.com\/fr\/wp-json\/wp\/v2\/types\/page"}],"author":[{"embeddable":true,"href":"https:\/\/www.ziptuning.com\/fr\/wp-json\/wp\/v2\/users\/1"}],"replies":[{"embeddable":true,"href":"https:\/\/www.ziptuning.com\/fr\/wp-json\/wp\/v2\/comments?post=83053"}],"version-history":[{"count":1,"href":"https:\/\/www.ziptuning.com\/fr\/wp-json\/wp\/v2\/pages\/83053\/revisions"}],"predecessor-version":[{"id":286831,"href":"https:\/\/www.ziptuning.com\/fr\/wp-json\/wp\/v2\/pages\/83053\/revisions\/286831"}],"up":[{"embeddable":true,"href":"https:\/\/www.ziptuning.com\/fr\/wp-json\/wp\/v2\/pages\/83015"}],"wp:featuredmedia":[{"embeddable":true,"href":"https:\/\/www.ziptuning.com\/fr\/wp-json\/wp\/v2\/media\/286832"}],"wp:attachment":[{"href":"https:\/\/www.ziptuning.com\/fr\/wp-json\/wp\/v2\/media?parent=83053"}],"curies":[{"name":"wp","href":"https:\/\/api.w.org\/{rel}","templated":true}]}}