{"id":83036,"date":"2018-07-20T08:23:19","date_gmt":"2018-07-20T08:23:19","guid":{"rendered":"https:\/\/www.ziptuning.com\/dev\/?page_id=83036"},"modified":"2023-03-21T05:29:17","modified_gmt":"2023-03-21T05:29:17","slug":"file-development","status":"publish","type":"page","link":"https:\/\/www.ziptuning.com\/fr\/tuning-file\/file-development\/","title":{"rendered":"D\u00e9veloppement des fichiers de r\u00e9glage"},"content":{"rendered":"<div>\n<h2>Centres de test et de d\u00e9veloppement de ZIPtuning<\/h2>\n<\/div>\n<p>Les deux centres d&rsquo;essais de Ziptuning sont richement \u00e9quip\u00e9s en mat\u00e9riel d&rsquo;essai n\u00e9cessaire au d\u00e9veloppement des fichiers de r\u00e9glage. Nos centres d&rsquo;essais comprennent deux dynamom\u00e8tres 4 roues motrices, un dynamom\u00e8tre d&rsquo;essai moteur et un banc d&rsquo;essai moteur. Nous disposons \u00e9galement d&rsquo;\u00e9quipements de test universels et sp\u00e9cifiques aux marques, tels que Vagcom, Easydiag, Bavarian, Star, Odis, Icom, Can Clip, Durametrics, PIWIS, Picoscope, Innovate wideband lambda logger, et bien d&rsquo;autres encore. Pour obtenir un calage optimal du lambda et de l&rsquo;allumage, nous effectuons des tests en r\u00e9gime permanent sur notre dynamom\u00e8tre. Ainsi, nous pouvons d\u00e9terminer le calage correct du lambda et de l&rsquo;allumage non seulement en WOT, mais aussi dans toutes les positions de l&rsquo;acc\u00e9l\u00e9rateur et dans toute la plage de r\u00e9gime du moteur. Nous sommes l&rsquo;une des rares entreprises \u00e0 disposer d&rsquo;un dynamom\u00e8tre Superflow AWD30 \u00e9quip\u00e9 du test NEDC pour d\u00e9terminer la consommation moyenne de carburant de la voiture. Nous disposons d&rsquo;un environnement enti\u00e8rement contr\u00f4l\u00e9 qui annule tous les facteurs externes susceptibles d&rsquo;influencer la consommation de carburant. C&rsquo;est la seule fa\u00e7on de d\u00e9velopper des modifications correctes pour \u00e9conomiser du carburant, de les tester et de voir les r\u00e9sultats r\u00e9els. Ce test europ\u00e9en normalis\u00e9 est \u00e9galement utilis\u00e9 par tous les constructeurs automobiles pour d\u00e9terminer la consommation de carburant, comparer leurs v\u00e9hicules \u00e0 ceux de leurs concurrents et communiquer les r\u00e9sultats \u00e0 leurs clients.<img loading=\"lazy\" decoding=\"async\" class=\"alignnone size-full wp-image-83043\" src=\"https:\/\/www.ziptuning.com\/fr\/wp-content\/uploads\/sites\/8\/2023\/03\/chiptuning_jaguar_research_and_development_2.jpg\" alt=\"\" width=\"530\" height=\"398\" \/><\/p>\n<h3>Nous pensons que la qualit\u00e9 est importante !<\/h3>\n<p>Chez Ziptuning, la qualit\u00e9 est de la plus haute importance. Se contenter d&rsquo;ajouter quelques pourcentages de carburant et d&rsquo;air et de supprimer quelques limiteurs, comme le font la plupart des tuners, n&rsquo;est pas la fa\u00e7on dont nous voulons travailler. Nous disposons d&rsquo;une \u00e9quipe internationale d&rsquo;ing\u00e9nieurs qui se consacrent en permanence au d\u00e9veloppement de fichiers de r\u00e9glage et \u00e0 l&rsquo;am\u00e9lioration des r\u00e9glages existants. Chaque fois qu&rsquo;un nouveau calculateur ou une nouvelle version de logiciel est mis sur le march\u00e9, nous examinons l&rsquo;architecture. Nous suivons le chemin complet du carburant et de l&rsquo;air dans l&rsquo;ECU et examinons toutes les cartes par lesquelles il passe. Nous \u00e9tudions ensuite les autres cartes existantes en dehors du chemin g\u00e9n\u00e9ral et nous examinons la relation entre les diff\u00e9rentes cartes. Nous ajoutons tous les bons facteurs et d\u00e9calages, et le fonctionnement des dossiers. C&rsquo;est la seule fa\u00e7on de proc\u00e9der \u00e0 des ajustements dans le logiciel tel qu&rsquo;il a \u00e9t\u00e9 con\u00e7u par le fabricant. Cette m\u00e9thode de travail permet d&rsquo;obtenir des fichiers de r\u00e9glage d&rsquo;une qualit\u00e9 proche de celle de l&rsquo;OEM. Gr\u00e2ce \u00e0 cette qualit\u00e9, nos clients, principalement des importateurs et des concessionnaires automobiles, sont en mesure d&rsquo;offrir nos r\u00e9glages sous leur propre garantie.<img loading=\"lazy\" decoding=\"async\" class=\"alignnone size-full wp-image-83042\" src=\"https:\/\/www.ziptuning.com\/fr\/wp-content\/uploads\/sites\/8\/2023\/03\/denis_audi_small.jpg\" alt=\"\" width=\"690\" height=\"400\" \/><\/p>\n<div>\n<h2>Exemple de notre expertise<\/h2>\n<\/div>\n<p>Lors du d\u00e9veloppement des fichiers de r\u00e9glage, nous essayons d&rsquo;enregistrer autant de canaux que possible. Nous essayons d&rsquo;enregistrer les demandes de l&rsquo;ECU ainsi que les r\u00e9sultats r\u00e9els. Si une demande de l&rsquo;ECU n&rsquo;est pas correcte, vous verrez que le r\u00e9sultat r\u00e9el ne suivra pas la demande. C&rsquo;est un excellent moyen de tester nos modifications. C&rsquo;est aussi un excellent moyen de trouver les points faibles du moteur.<\/p>\n<h3>Turbo :<\/h3>\n<p>Lorsque nous modifions le turbo dans l&rsquo;ECU, nous consultons les sp\u00e9cifications donn\u00e9es par le fournisseur du turbo. Nous pla\u00e7ons toujours la demande de turbo en dessous de la capacit\u00e9 maximale indiqu\u00e9e par le fournisseur. Nous veillons \u00e9galement \u00e0 ne pas augmenter la demande de turbo trop t\u00f4t. Cela permet d&rsquo;\u00e9viter une sous-pression pr\u00e9judiciable. Chaque pompe a une limite de pompage. Toutes les pompes ont une accumulation de pression sp\u00e9cifique. C&rsquo;est une question de physique. Pour toutes les modifications que nous apportons, nous gardons \u00e0 l&rsquo;esprit la fiabilit\u00e9. Un bon r\u00e9glage ne d\u00e9pend pas seulement du turbo. Par exemple, sur un moteur diesel, la demande de turbocompresseur n&rsquo;est pas beaucoup plus \u00e9lev\u00e9e, car cela n&rsquo;est pas n\u00e9cessaire pour obtenir un bon gain de performance.<img loading=\"lazy\" decoding=\"async\" class=\"alignnone size-full wp-image-83041\" src=\"https:\/\/www.ziptuning.com\/fr\/wp-content\/uploads\/sites\/8\/2023\/03\/datalog_petrol_ziptuning.jpg\" alt=\"\" width=\"300\" height=\"218\" \/><\/p>\n<h3>Injection de carburant :<\/h3>\n<p>Nous examinons la dur\u00e9e pendant laquelle l&rsquo;injecteur de carburant est ouvert. Nous pouvons modifier la quantit\u00e9 de carburant en ajoutant de la pression \u00e0 la rampe d&rsquo;alimentation ou en ouvrant l&rsquo;injecteur plus longtemps. Ce qui est n\u00e9cessaire d\u00e9pend vraiment du moteur et du type de projet. Dans tous les cas, nous veillons \u00e0 ce que la modification soit fiable et durable. Nous prenons en compte le cycle de vie de l&rsquo;injecteur et nous minimisons les contraintes suppl\u00e9mentaires sur la rampe d&rsquo;alimentation.<\/p>\n<h3>D\u00e9but de l&rsquo;injection :<\/h3>\n<p>Lorsque l&rsquo;on modifie l&rsquo;injection de carburant, il faut \u00e9galement modifier le d\u00e9but de l&rsquo;injection afin de maintenir le pic de combustion optimale au bon moment. De nombreux pr\u00e9parateurs ne modifient jamais ce point ou ne savent pas comment le faire. Le r\u00e9sultat est un moment de pic au mauvais moment dans le cylindre, ce qui entra\u00eene un mauvais rendement et des dommages au moteur \u00e0 long terme.<img loading=\"lazy\" decoding=\"async\" class=\"alignnone size-full wp-image-83040\" src=\"https:\/\/www.ziptuning.com\/fr\/wp-content\/uploads\/sites\/8\/2023\/03\/acceleration_graph_ziptuning.jpg\" alt=\"\" width=\"300\" height=\"218\" \/><\/p>\n<h3>Le calage de l&rsquo;allumage :<\/h3>\n<p>Beaucoup de pr\u00e9parateurs ne touchent pas au temps d&rsquo;allumage, qui est le m\u00eame que le d\u00e9but de l&rsquo;injection. Ce n&rsquo;est pas une bonne chose car nous devons modifier le d\u00e9but de l&rsquo;\u00e9tincelle lorsque nous injectons plus de carburant ou que nous augmentons la demande de turbo pour maintenir le pic de couple du flux de combustion au bon moment. Par exemple, si vous augmentez la puissance du turbo dans certains moteurs, le moteur d\u00e9tonera plus t\u00f4t, ce qui causera beaucoup de d\u00e9g\u00e2ts.<b>Lambda :<\/b>Nous surveillons et modifions toujours le lambda pour l&rsquo;essence et le diesel. En raison de l&rsquo;am\u00e9lioration des performances, le moteur peut devenir plus chaud, c&rsquo;est pourquoi nous devons surveiller le rapport air\/carburant. L&rsquo;objectif est de maintenir le moteur froid lorsque nous demandons beaucoup de puissance et d&rsquo;\u00e9conomiser du carburant lorsque nous conduisons \u00e0 mi-course et que le refroidissement n&rsquo;est pas n\u00e9cessaire.<b>R\u00e9ponse \u00e0 l&rsquo;acc\u00e9l\u00e9rateur :<\/b>Certaines marques ont une r\u00e9ponse spongieuse et lente \u00e0 l&rsquo;acc\u00e9l\u00e9rateur. Des marques comme Volvo, Mercedes Benz. Nous pouvons rendre la r\u00e9ponse plus lin\u00e9aire<img loading=\"lazy\" decoding=\"async\" class=\"alignnone size-full wp-image-83039\" src=\"https:\/\/www.ziptuning.com\/fr\/wp-content\/uploads\/sites\/8\/2023\/03\/spark_optimization_ziptuning.jpg\" alt=\"\" width=\"300\" height=\"218\" \/><\/p>\n<h3>EGT :<\/h3>\n<p>Nous surveillons la temp\u00e9rature des gaz d&rsquo;\u00e9chappement. Si elle est trop \u00e9lev\u00e9e, nous modifions l&rsquo;\u00e9lectronique pour la faire baisser. Une temp\u00e9rature trop \u00e9lev\u00e9e peut endommager le catalyseur ou le turbo. Dans certains cas, nous rempla\u00e7ons le catalyseur par une version de course pour r\u00e9soudre le probl\u00e8me. Lorsque des chats de course sont install\u00e9s, un logiciel de d\u00e9sactivation de l&rsquo;O2 est souvent n\u00e9cessaire.<\/p>\n<h3>Toutes les temp\u00e9ratures :<\/h3>\n<p>Nous contr\u00f4lons toutes les temp\u00e9ratures disponibles pour v\u00e9rifier si les modifications sont s\u00fbres.<\/p>\n<h3>Projets sp\u00e9ciaux Stage 2,3,4 :<\/h3>\n<p>Avant de commencer ce type de projet, nous effectuons un contr\u00f4le approfondi de l&rsquo;int\u00e9rieur du moteur, de la transmission et de la bo\u00eete de vitesses. Nous mesurons la compression, nous analysons la pollution dans le filtre \u00e0 huile. Nous enregistrons les donn\u00e9es demand\u00e9es et les donn\u00e9es r\u00e9elles et nous testons les performances actuelles. Nous pouvons ensuite d\u00e9cider quelles pi\u00e8ces doivent \u00eatre remplac\u00e9es ou am\u00e9lior\u00e9es.<\/p>\n<h3>Filtre DPF :<\/h3>\n<p>Pendant l&rsquo;enregistrement des donn\u00e9es, nous v\u00e9rifions la pollution du DPF par combustion avant et apr\u00e8s la mise au point. Un r\u00e9glage de niveau 1 permet de conserver le DPF d&rsquo;origine et de le faire fonctionner correctement. Un r\u00e9glage de niveau 2 donne plus de performance mais aussi plus de suie, \u00e0 tel point que le DPF commence \u00e0 se remplir et ne peut plus br\u00fbler toutes les particules, dans ce cas nous enlevons le DPF et mettons le DPF dans l&rsquo;ECU off.<img loading=\"lazy\" decoding=\"async\" class=\"alignnone size-full wp-image-83038\" src=\"https:\/\/www.ziptuning.com\/fr\/wp-content\/uploads\/sites\/8\/2023\/03\/soi_optimization_ziptuning.jpg\" alt=\"\" width=\"300\" height=\"218\" \/><\/p>\n<div>\n<h2>L&rsquo;avenir du r\u00e9glage par puce : de nouvelles techniques d&rsquo;injection et un logiciel de gestion du moteur plus complexe<\/h2>\n<\/div>\n<p>La gamme de fonctions du syst\u00e8me de gestion du moteur s&rsquo;est consid\u00e9rablement \u00e9largie ces derni\u00e8res ann\u00e9es. Les syst\u00e8mes environnementaux, les moteurs \u00e9lectriques ajout\u00e9s et les techniques d&rsquo;injection complexes ont rendu la gestion du moteur de plus en plus complexe. De m\u00eame, la gamme des diff\u00e9rents types de logiciels dans le m\u00eame type d&rsquo;ECU s&rsquo;\u00e9largit. Tous ces nouveaux d\u00e9veloppements n\u00e9cessitent de plus en plus de connaissances et d&rsquo;expertise pour modifier correctement une voiture. Nous consacrons beaucoup de temps au d\u00e9veloppement des fichiers de r\u00e9glage afin de maintenir la qualit\u00e9 de nos produits \u00e0 un niveau exceptionnel. Un exemple : Les calculateurs pour moteurs diesel fournis par Bosch comptent trois g\u00e9n\u00e9rations. Il y a environ 15 ans, le premier mod\u00e8le, EDC15, a \u00e9t\u00e9 introduit sur le march\u00e9. Ce type de calculateur comporte 19 variantes diff\u00e9rentes. La g\u00e9n\u00e9ration suivante, EDC16, comptait 52 variantes. La derni\u00e8re et actuelle g\u00e9n\u00e9ration, appel\u00e9e EDC17, compte maintenant 102 variantes. L&rsquo;exemple ci-dessus montre que la variation du mat\u00e9riel, ainsi que la variation du logiciel, augmentent rapidement. Nous sommes capables de modifier de nombreux types de calculateurs et de versions logicielles diff\u00e9rents uniquement parce que nous avons de nombreux clients dans nos propres centres o\u00f9 nous pouvons tester nos modifications \u00e0 long terme. De nombreux fournisseurs de fichiers n&rsquo;ont pas leurs propres centres et clients b2c pour tester correctement le r\u00e9sultat final de leurs fichiers. Ou bien ils n&rsquo;ont pas assez de demande pour suivre le d\u00e9veloppement des fichiers de tuning.<img loading=\"lazy\" decoding=\"async\" class=\"alignnone size-full wp-image-83037\" src=\"https:\/\/www.ziptuning.com\/fr\/wp-content\/uploads\/sites\/8\/2023\/03\/ECU_disassmbled_ziptuning_chiptuning.png\" alt=\"\" width=\"300\" height=\"380\" \/><\/p>\n","protected":false},"excerpt":{"rendered":"<p>Centres de test et de d\u00e9veloppement de ZIPtuning Les deux centres d&rsquo;essais de Ziptuning sont richement \u00e9quip\u00e9s en mat\u00e9riel d&rsquo;essai n\u00e9cessaire au d\u00e9veloppement des fichiers de r\u00e9glage. Nos centres d&rsquo;essais comprennent deux dynamom\u00e8tres 4 roues motrices, un dynamom\u00e8tre d&rsquo;essai moteur et un banc d&rsquo;essai moteur. Nous disposons \u00e9galement d&rsquo;\u00e9quipements de test universels et sp\u00e9cifiques aux<\/p>\n","protected":false},"author":1,"featured_media":286822,"parent":83015,"menu_order":1,"comment_status":"closed","ping_status":"open","template":"","meta":{"_acf_changed":false,"footnotes":""},"class_list":["post-83036","page","type-page","status-publish","has-post-thumbnail","hentry"],"acf":[],"_links":{"self":[{"href":"https:\/\/www.ziptuning.com\/fr\/wp-json\/wp\/v2\/pages\/83036","targetHints":{"allow":["GET"]}}],"collection":[{"href":"https:\/\/www.ziptuning.com\/fr\/wp-json\/wp\/v2\/pages"}],"about":[{"href":"https:\/\/www.ziptuning.com\/fr\/wp-json\/wp\/v2\/types\/page"}],"author":[{"embeddable":true,"href":"https:\/\/www.ziptuning.com\/fr\/wp-json\/wp\/v2\/users\/1"}],"replies":[{"embeddable":true,"href":"https:\/\/www.ziptuning.com\/fr\/wp-json\/wp\/v2\/comments?post=83036"}],"version-history":[{"count":1,"href":"https:\/\/www.ziptuning.com\/fr\/wp-json\/wp\/v2\/pages\/83036\/revisions"}],"predecessor-version":[{"id":286821,"href":"https:\/\/www.ziptuning.com\/fr\/wp-json\/wp\/v2\/pages\/83036\/revisions\/286821"}],"up":[{"embeddable":true,"href":"https:\/\/www.ziptuning.com\/fr\/wp-json\/wp\/v2\/pages\/83015"}],"wp:featuredmedia":[{"embeddable":true,"href":"https:\/\/www.ziptuning.com\/fr\/wp-json\/wp\/v2\/media\/286822"}],"wp:attachment":[{"href":"https:\/\/www.ziptuning.com\/fr\/wp-json\/wp\/v2\/media?parent=83036"}],"curies":[{"name":"wp","href":"https:\/\/api.w.org\/{rel}","templated":true}]}}