{"id":83020,"date":"2018-07-20T04:51:11","date_gmt":"2018-07-20T04:51:11","guid":{"rendered":"https:\/\/www.ziptuning.com\/dev\/?page_id=83020"},"modified":"2023-03-21T05:29:16","modified_gmt":"2023-03-21T05:29:16","slug":"tuning-tools","status":"publish","type":"page","link":"https:\/\/www.ziptuning.com\/fr\/tuning-tools\/","title":{"rendered":"OUTILS D&rsquo;ACCORDAGE"},"content":{"rendered":"<p><span style=\"font-weight: 400\">Les outils de r\u00e9glage sont loin d&rsquo;\u00eatre nouveaux sur le march\u00e9. Ils sont utilis\u00e9s pour acc\u00e9der aux calculateurs des \u00e9quipementiers, recueillir les informations qu&rsquo;ils contiennent et les modifier afin d&rsquo;obtenir des gains de puissance ou d&rsquo;\u00e9conomie. C&rsquo;est pourquoi les outils de r\u00e9glage du calculateur existent depuis \u00e0 peu pr\u00e8s aussi longtemps que les moteurs \u00e0 commande logicielle. Cependant, comme vous le savez probablement tous, les logiciels \u00e9voluent incroyablement vite, de sorte que les choses dans l&rsquo;industrie du tuning doivent suivre le m\u00eame rythme. Bien que plusieurs soci\u00e9t\u00e9s diff\u00e9rentes aient \u00e9merg\u00e9 en tant que fabricants respectables d&rsquo;outils de r\u00e9glage au fil des ans, seule une poign\u00e9e d&rsquo;entre elles a \u00e9t\u00e9 en mesure de suivre le rythme des d\u00e9veloppements provenant des fabricants d&rsquo;ECU de v\u00e9hicules. C&rsquo;est pourquoi nous avons aujourd&rsquo;hui quelques d\u00e9veloppeurs d&rsquo;outils de r\u00e9glage clairement distincts qui ont r\u00e9sist\u00e9 \u00e0 l&rsquo;\u00e9preuve du temps en produisant des outils de r\u00e9glage efficaces et \u00e0 jour qui permettent aux pr\u00e9parateurs d&rsquo;acc\u00e9der aux calculateurs les plus r\u00e9cents.<\/span>Il s&rsquo;agit d&rsquo;<span style=\"font-weight: 400\"> <a href=\"\/?product_cat=tuning-tools\/alientech\">Alientech<\/a>, <a href=\"\/?product_cat=tuning-tools\/dimsport\">Dimsport<\/a>, <a href=\"\/?product_cat=tuning-tools\/cmd-flashtec\">Flashtec<\/a> et du plus jeune d&rsquo;entre eux, <a href=\"\/?product_cat=tuning-tools\/magic-motorsport\">Magic Motor Sport<\/a><\/span>.<\/p>\n<div>\n<h2><strong>Comment choisir les meilleurs outils de r\u00e9glage ?<\/strong><\/h2>\n<p><span style=\"font-weight: 400\">Ce n&rsquo;est pas pour rien qu&rsquo;ils co\u00fbtent jusqu&rsquo;\u00e0 2 000 euros par pi\u00e8ce. Ils doivent avoir des capacit\u00e9s de traitement suffisantes pour acc\u00e9der \u00e0 la derni\u00e8re technologie ECU tricore et \u00eatre constamment mis \u00e0 jour, ce que vous n&rsquo;obtiendrez certainement pas avec des outils de r\u00e9glage craqu\u00e9s ou clon\u00e9s qui sont fabriqu\u00e9s par des entreprises g\u00e9n\u00e9ralement chinoises. Ils ne peuvent vous offrir qu&rsquo;<\/span><i><span style=\"font-weight: 400\">une partie<\/span><\/i><span style=\"font-weight: 400\"> des fonctionnalit\u00e9s de l&rsquo;outil de r\u00e9glage qu&rsquo;ils ont clon\u00e9 et aucune mise \u00e0 jour. Si vous voulez avoir une entreprise de tuning respect\u00e9e, vous devez absolument acqu\u00e9rir de bons outils de tuning qui vous aideront \u00e0 vous sentir en s\u00e9curit\u00e9 dans ce que vous faites, mais qui vous donneront \u00e9galement un aper\u00e7u des derniers mod\u00e8les.<\/span>De<span style=\"font-weight: 400\"> plus, leur qualit\u00e9, leur fiabilit\u00e9 et leurs mises \u00e0 jour les rendront facilement moins chers \u00e0 long terme.<\/span><img loading=\"lazy\" decoding=\"async\" class=\"alignnone wp-image-83022 size-full\" src=\"https:\/\/www.ziptuning.com\/fr\/wp-content\/uploads\/sites\/8\/2023\/03\/alientech-ktag_in_ziptuning_workshop.jpg\" alt=\"ktag tuning tools\" width=\"530\" height=\"298\" \/><\/p>\n<h3><strong>Outils Bootmode et flash OBD<\/strong><\/h3>\n<p><span style=\"font-weight: 400\">Il existe deux fa\u00e7ons d&rsquo;acc\u00e9der \u00e0 l&rsquo;ECU pour le reprogrammer. La premi\u00e8re est le port OBD qui est g\u00e9n\u00e9ralement utilis\u00e9 pour les diagnostics.<\/span>La<span style=\"font-weight: 400\">seconde passe par un port situ\u00e9 sur la carte de circuit imprim\u00e9 (BDM ou JTAG), qui est utilis\u00e9 pour le mode bootmode, ou mode de d\u00e9bogage.<\/span><span style=\"font-weight: 400\">Cela signifie automatiquement qu&rsquo;il existe deux types diff\u00e9rents d&rsquo;outils de r\u00e9glage disponibles pour acc\u00e9der aux deux ports<\/span>. Les<span style=\"font-weight: 400\">premiers sont appel\u00e9s flashs OBD (comme le Kess d&rsquo;Alientech) et les seconds sont des outils de bootmode (le Ktag d&rsquo;Alientech, par exemple)<\/span><div id=\"attachment_83021\" style=\"width: 540px\" class=\"wp-caption alignnone\"><img loading=\"lazy\" decoding=\"async\" aria-describedby=\"caption-attachment-83021\" class=\"wp-image-83021 size-full\" src=\"https:\/\/www.ziptuning.com\/fr\/wp-content\/uploads\/sites\/8\/2023\/03\/CMD-OBD-readout-in-ZIPtuning-chiptuning-workshop-530px1.jpg\" alt=\"\" width=\"530\" height=\"298\" \/><p id=\"caption-attachment-83021\" class=\"wp-caption-text\">cmd flash tuning tools<\/p><\/div><\/p>\n<div>\n<p><span style=\"font-weight: 400\">Toutefois, la lecture des informations de ces deux mani\u00e8res ne donne pas les m\u00eames r\u00e9sultats. Les calculateurs modernes poss\u00e8dent trois supports de donn\u00e9es : deux EPROM et un processeur. M\u00eame si la grande majorit\u00e9 des cartes se trouvent dans les EPROM, certains calculateurs contiennent \u00e9galement des informations pr\u00e9cieuses dans le processeur.<\/span>C&rsquo;est l\u00e0<span style=\"font-weight: 400\">que les deux fa\u00e7ons d&rsquo;acc\u00e9der aux calculateurs commencent \u00e0 diff\u00e9rer de mani\u00e8re significative. Alors que les OBD ne lisent que les cartes sur les EPROM, manquant ainsi parfois certaines informations, l&rsquo;acc\u00e8s en mode boot permet la sauvegarde compl\u00e8te de l&rsquo;ECU, avec toutes ses nuances<\/span>.<\/p>\n<h3><strong>Ma\u00eetre ou esclave<\/strong><\/h3>\n<p><span style=\"font-weight: 400\">La plupart des fabricants mentionn\u00e9s proposent des outils \u00e0 deux niveaux &#8211; ma\u00eetre et esclave. L&rsquo;outil ma\u00eetre vous permet d&rsquo;obtenir une lecture de l&rsquo;ECU et de l&rsquo;\u00e9diter, c&rsquo;est donc le seul bon moyen de d\u00e9velopper vous-m\u00eame de bons fichiers de r\u00e9glage, ce qui est, \u00e0 son tour, le seul moyen de devenir un fournisseur de fichiers de r\u00e9glage.<\/span><span style=\"font-weight: 400\">Cependant, les outils ma\u00eetres sont beaucoup plus chers que les outils esclaves. Les outils esclaves vous permettent d&rsquo;utiliser les fichiers que vous avez re\u00e7us des d\u00e9veloppeurs de fichiers de r\u00e9glage. M\u00eame si cela peut sembler bien moins que les outils ma\u00eetres, c&rsquo;est en fait plus que suffisant pour la plupart des accordeurs. Le d\u00e9veloppement de fichiers n\u00e9cessite beaucoup d&rsquo;expertise, d&rsquo;exp\u00e9rience et, surtout, une formation constante sur les tendances actuelles, les d\u00e9veloppements techniques et les changements dans l&rsquo;industrie.<\/span>C&rsquo;est<span style=\"font-weight: 400\">pourquoi les outils esclaves devraient suffire \u00e0 la grande majorit\u00e9 des pr\u00e9parateurs qui peuvent s&rsquo;approvisionner en fichiers de pr\u00e9paration aupr\u00e8s d&rsquo;entreprises de pr\u00e9paration respectables, avec l&rsquo;avantage suppl\u00e9mentaire de faciliter les efforts de marketing en se mettant en relation avec un pr\u00e9parateur haut de gamme<\/span><span style=\"font-weight: 400\">.<\/span><\/p>\n<h4 style=\"text-align: center\">ZIPtuning est un revendeur privil\u00e9gi\u00e9 d&rsquo;Alientech et de Flashtec. Vous pouvez y <a href=\"https:\/\/www.ziptuning.com\/shop\/\" target=\"_blank\" rel=\"noopener noreferrer\">acheter<\/a> les outils suivants :<a href=\"\/?product_cat=tuning-tools\/cmd-flashtec\" target=\"_blank\" rel=\"noopener noreferrer\">Flashtec CMDFlash<\/a> et <a href=\"\/?product_cat=tuning-tools\/alientech\">Alientech<\/a> <a href=\"https:\/\/www.ziptuning.com\/product\/kessv2-slave\/\" target=\"_blank\" rel=\"noopener noreferrer\">KessV2<\/a>, <a href=\"https:\/\/www.ziptuning.com\/product\/k-tag-slave-tool\/\" target=\"_blank\" rel=\"noopener noreferrer\">K-TAG<\/a> &amp; <a href=\"https:\/\/www.ziptuning.com\/product\/powergate-iii-car-s-slave\/\" target=\"_blank\" rel=\"noopener noreferrer\">Powergate III<\/a>.<\/h4>\n<h4 style=\"text-align: center\">Nous avons 15 ans d&rsquo;exp\u00e9rience dans l&rsquo;utilisation d&rsquo;outils de tuning et nous pouvons vous donner les meilleurs conseils pour l&rsquo;achat d&rsquo;outils de tuning produits par Flastec et Alientech.<\/h4>\n<h4 style=\"text-align: center\">Visitez notre boutique en ligne Les meilleurs prix disponibles dans l&rsquo;industrie aujourd&rsquo;hui ! <a href=\"https:\/\/www.ziptuning.com\/shop\">ZIPtuning webshop<\/a><\/h4>\n<h5 style=\"text-align: center\">Comparez les outils de r\u00e9glage d&rsquo;Alientech et de Flashtec<\/h5>\n<p style=\"text-align: center\">Si vous ne savez pas quel outil acheter,<a href=\"\/?page_id=216\">contactez-nous<\/a> ou consultez nos <a href=\"\/?page_id=83120\">commentaires sur les outils de<\/a> r\u00e9glage.<\/p>\n<\/div>\n<\/div>\n","protected":false},"excerpt":{"rendered":"<p>Les outils de r\u00e9glage sont loin d&rsquo;\u00eatre nouveaux sur le march\u00e9. Ils sont utilis\u00e9s pour acc\u00e9der aux calculateurs des \u00e9quipementiers, recueillir les informations qu&rsquo;ils contiennent et les modifier afin d&rsquo;obtenir des gains de puissance ou d&rsquo;\u00e9conomie. C&rsquo;est pourquoi les outils de r\u00e9glage du calculateur existent depuis \u00e0 peu pr\u00e8s aussi longtemps que les moteurs \u00e0<\/p>\n","protected":false},"author":1,"featured_media":286818,"parent":0,"menu_order":0,"comment_status":"closed","ping_status":"open","template":"","meta":{"_acf_changed":false,"footnotes":""},"class_list":["post-83020","page","type-page","status-publish","has-post-thumbnail","hentry"],"acf":[],"_links":{"self":[{"href":"https:\/\/www.ziptuning.com\/fr\/wp-json\/wp\/v2\/pages\/83020","targetHints":{"allow":["GET"]}}],"collection":[{"href":"https:\/\/www.ziptuning.com\/fr\/wp-json\/wp\/v2\/pages"}],"about":[{"href":"https:\/\/www.ziptuning.com\/fr\/wp-json\/wp\/v2\/types\/page"}],"author":[{"embeddable":true,"href":"https:\/\/www.ziptuning.com\/fr\/wp-json\/wp\/v2\/users\/1"}],"replies":[{"embeddable":true,"href":"https:\/\/www.ziptuning.com\/fr\/wp-json\/wp\/v2\/comments?post=83020"}],"version-history":[{"count":1,"href":"https:\/\/www.ziptuning.com\/fr\/wp-json\/wp\/v2\/pages\/83020\/revisions"}],"predecessor-version":[{"id":286817,"href":"https:\/\/www.ziptuning.com\/fr\/wp-json\/wp\/v2\/pages\/83020\/revisions\/286817"}],"wp:featuredmedia":[{"embeddable":true,"href":"https:\/\/www.ziptuning.com\/fr\/wp-json\/wp\/v2\/media\/286818"}],"wp:attachment":[{"href":"https:\/\/www.ziptuning.com\/fr\/wp-json\/wp\/v2\/media?parent=83020"}],"curies":[{"name":"wp","href":"https:\/\/api.w.org\/{rel}","templated":true}]}}