{"id":279349,"date":"2020-09-12T18:01:30","date_gmt":"2020-09-12T16:01:30","guid":{"rendered":"https:\/\/www.ziptuning.com\/?page_id=279349"},"modified":"2023-03-21T05:29:37","modified_gmt":"2023-03-21T05:29:37","slug":"dtc-removal-service","status":"publish","type":"page","link":"https:\/\/www.ziptuning.com\/fr\/tuning-file\/dtc-removal-service\/","title":{"rendered":"Service de suppression des codes DTC"},"content":{"rendered":"<p>La suppression de certains DTC (Data Trouble Codes ou Diagnostic Trouble Codes) sont des codes OBD2 qui informent le conducteur de l&rsquo;existence d&rsquo;un probl\u00e8me sur sa voiture et guident le m\u00e9canicien pour d\u00e9couvrir la nature du probl\u00e8me et la mani\u00e8re de le r\u00e9soudre<\/p>\n<ul>\n<li><a href=\"#anchor1\">. Est-il s\u00fbr de supprimer un DTC<\/a><\/li>\n<li><a href=\"#anchor2\">La signification du DTC<\/a>\n<li><a href=\"#anchor3\">Ce qui se passe lorsqu&rsquo;un DTC est supprim\u00e9<\/a>\n<li><a href=\"#anchor9\">DTC ( Diagnostic Trouble Codes )<\/a><\/li>\n<\/ul>\n<p><a name=\"anchor1\"><\/a><\/p>\n<h2>Est-il s\u00fbr de retirer un DTC ?<\/h2>\n<p>Chaque DTC est con\u00e7u pour vous indiquer qu&rsquo;il y a un probl\u00e8me dans le syst\u00e8me et qu&rsquo;il faut faire quelque chose pour le r\u00e9soudre. Cependant, dans certains cas, les codes DTC d\u00e9clenchent des voyants sur le tableau de bord alors qu&rsquo;il n&rsquo;y a rien d&rsquo;anormal en r\u00e9alit\u00e9. Le tuning est l&rsquo;un des exemples les plus courants de ce ph\u00e9nom\u00e8ne. Par exemple, l&rsquo;installation d&rsquo;un tuyau d&rsquo;\u00e9chappement sans catalyseur de deuxi\u00e8me monte d\u00e9clenchera un t\u00e9moin au tableau de bord et un code d\u00e9faut. Il en va de m\u00eame si vous retirez vos volets de turbulence. Ces exemples, et bien d&rsquo;autres, devraient vous faire comprendre pourquoi la suppression des codes DTC est parfois \u00e0 la fois s\u00fbre et n\u00e9cessaire. Il est important de souligner que la d\u00e9sactivation d&rsquo;un code DTC pour des codes tels que ceux-ci ne signifie pas que vous d\u00e9sactivez compl\u00e8tement le voyant du tableau de bord. Vous en avez besoin pour vous informer de tout autre probl\u00e8me potentiel \u00e0 l&rsquo;avenir. Les seules fonctions supprim\u00e9es sont celles qu&rsquo;il est s\u00fbr et n\u00e9cessaire de supprimer apr\u00e8s le r\u00e9glage.<a name=\"anchor2\"><\/a><\/p>\n<h2>Signification du DTC<\/h2>\n<p>Il existe des codes DTC standard et des codes DTC sp\u00e9cifiques aux constructeurs. Les premiers sont les m\u00eames pour tous les constructeurs et sont facilement reconnaissables. Les seconds sont sp\u00e9ciaux, li\u00e9s \u00e0 un constructeur et \u00e0 un mod\u00e8le sp\u00e9cifiques. Le premier caract\u00e8re d&rsquo;un DTC indique \u00e0 quelle famille le DCT appartient. Les options sont les suivantes : &#8211; P pour le groupe motopropulseur &#8211; C pour le ch\u00e2ssis (y compris l&rsquo;ABS) &#8211; B pour la carrosserie (y compris les airbags et la climatisation) &#8211; U pour le r\u00e9seau d&rsquo;utilisateurs Ensuite, il y a g\u00e9n\u00e9ralement un chiffre, le plus souvent 0 ou 1. S&rsquo;il y a un 0, il s&rsquo;agit d&rsquo;un d\u00e9faut standard, g\u00e9n\u00e9rique, qui s&rsquo;applique \u00e0 tous les constructeurs. Le num\u00e9ro qui suit indique la famille du DTC en question. La liste est la suivante : &#8211; 1 concerne le dosage du carburant et de l&rsquo;air &#8211; 2 est r\u00e9serv\u00e9 aux dysfonctionnements du circuit d&rsquo;injection &#8211; 3 concerne le syst\u00e8me d&rsquo;allumage ou les rat\u00e9s &#8211; 4 concerne le contr\u00f4le auxiliaire des \u00e9missions &#8211; 5 concerne le syst\u00e8me de contr\u00f4le du ralenti et le contr\u00f4le de la vitesse du v\u00e9hicule &#8211; 6 concerne l&rsquo;ordinateur et les sorties auxiliaires &#8211; 7, 8 et 9 concernent la transmission &#8211; A, B et C concernent les syst\u00e8mes de propulsion hybrides<a name=\"anchor3\"><\/a><\/p>\n<h2>Que se passe-t-il lorsqu&rsquo;un DTC est supprim\u00e9 ?<\/h2>\n<p>La meilleure fa\u00e7on de supprimer un DTC lors de la mise au point d&rsquo;un v\u00e9hicule est de remapper les donn\u00e9es de l&rsquo;ECU afin de d\u00e9sactiver d\u00e9finitivement le code sp\u00e9cifique. Le DTC supprim\u00e9 doit \u00eatre li\u00e9 \u00e0 l&rsquo;aspect qui n&rsquo;est plus pertinent pour ce v\u00e9hicule &#8211; par exemple, si vous supprimez le DPF, la suppression du code indiquant un probl\u00e8me avec le DPF est totalement s\u00fbre. De plus, dans le cas de certaines erreurs sp\u00e9cifiques, elles n&rsquo;appara\u00eetront pas seulement sur votre tableau de bord, mais elles seront \u00e9galement la raison pour laquelle le v\u00e9hicule passe en mode \u00ab\u00a0limp home\u00a0\u00bb.<\/p>\n<p>Si votre DTC est supprim\u00e9 par un professionnel et si le DTC supprim\u00e9 est li\u00e9 \u00e0 un probl\u00e8me sp\u00e9cifique caus\u00e9 par la suppression de la pi\u00e8ce, ou un \u00e9change pour une pi\u00e8ce de rechange appropri\u00e9e, cette suppression de DTC devrait \u00eatre totalement s\u00fbre pour votre v\u00e9hicule.<a name=\"anchor4\"><\/a><\/p>\n<h2>DTC (codes de diagnostic)<\/h2>\n<p>Vous trouverez ci-dessous une liste compl\u00e8te des codes de diagnostic. Si vous avez des difficult\u00e9s \u00e0 trouver votre code et \u00e0 le supprimer, <a href=\"https:\/\/portal.ziptuning.com\/\" target=\"_blank\" rel=\"noopener\">enregistrez-vous<\/a> sur notre portail et <a href=\"\/contact\/\">contactez-nous<\/a> pour b\u00e9n\u00e9ficier de notre meilleur service.<\/p>\n<ul>\n<li><a href=\"\/tuning-file\/dtc-removal-service\/p-codes-diagnostic-trouble-codes\/\">P-CODES &#8211; CODES DE DIAGNOSTIC<\/a><\/li>\n<li><a href=\"\/tuning-file\/dtc-removal-service\/c-codes-diagnostic-trouble-codes\/\">CODES C &#8211; CODES DE DIAGNOSTIC<\/a><\/li>\n<li><a href=\"\/tuning-file\/dtc-removal-service\/b-codes-diagnostic-trouble-codes\/\">CODES B &#8211; CODES DE DIAGNOSTIC<\/a><\/li>\n<li><a href=\"\/tuning-file\/dtc-removal-service\/u-codes-diagnostic-trouble-codes\/\">CODES U &#8211; CODES DE DIAGNOSTIC<\/a><\/li>\n<\/ul>\n<div class=\"call-to-action-box\">\n<div class=\"col\">\n<h3>Besoin de supprimer les codes DTP ?<\/h3>\n<\/div>\n<div class=\"col\"><a href=\"https:\/\/portal.ziptuning.com\/register\" class=\"call-reg\" target=\"_blank\" rel=\"noopener\">S&rsquo;inscrire maintenant<\/a><span> ou avoir d\u00e9j\u00e0 un compte, <a href=\"https:\/\/portal.ziptuning.com\/\" class=\"call-login\" target=\"_blank\" rel=\"noopener\">se connecter maintenant<\/a><\/span><\/div>\n<\/div>\n","protected":false},"excerpt":{"rendered":"<p>La suppression de certains DTC (Data Trouble Codes ou Diagnostic Trouble Codes) sont des codes OBD2 qui informent le conducteur de l&rsquo;existence d&rsquo;un probl\u00e8me sur sa voiture et guident le m\u00e9canicien pour d\u00e9couvrir la nature du probl\u00e8me et la mani\u00e8re de le r\u00e9soudre . Est-il s\u00fbr de supprimer un DTC La signification du DTC Ce<\/p>\n","protected":false},"author":1,"featured_media":0,"parent":83015,"menu_order":0,"comment_status":"closed","ping_status":"open","template":"","meta":{"_acf_changed":false,"footnotes":""},"class_list":["post-279349","page","type-page","status-publish","hentry"],"acf":[],"_links":{"self":[{"href":"https:\/\/www.ziptuning.com\/fr\/wp-json\/wp\/v2\/pages\/279349","targetHints":{"allow":["GET"]}}],"collection":[{"href":"https:\/\/www.ziptuning.com\/fr\/wp-json\/wp\/v2\/pages"}],"about":[{"href":"https:\/\/www.ziptuning.com\/fr\/wp-json\/wp\/v2\/types\/page"}],"author":[{"embeddable":true,"href":"https:\/\/www.ziptuning.com\/fr\/wp-json\/wp\/v2\/users\/1"}],"replies":[{"embeddable":true,"href":"https:\/\/www.ziptuning.com\/fr\/wp-json\/wp\/v2\/comments?post=279349"}],"version-history":[{"count":1,"href":"https:\/\/www.ziptuning.com\/fr\/wp-json\/wp\/v2\/pages\/279349\/revisions"}],"predecessor-version":[{"id":286956,"href":"https:\/\/www.ziptuning.com\/fr\/wp-json\/wp\/v2\/pages\/279349\/revisions\/286956"}],"up":[{"embeddable":true,"href":"https:\/\/www.ziptuning.com\/fr\/wp-json\/wp\/v2\/pages\/83015"}],"wp:attachment":[{"href":"https:\/\/www.ziptuning.com\/fr\/wp-json\/wp\/v2\/media?parent=279349"}],"curies":[{"name":"wp","href":"https:\/\/api.w.org\/{rel}","templated":true}]}}