{"id":276642,"date":"2020-07-29T13:19:47","date_gmt":"2020-07-29T13:19:47","guid":{"rendered":"https:\/\/www.ziptuning.com\/?page_id=276642"},"modified":"2023-03-21T05:29:37","modified_gmt":"2023-03-21T05:29:37","slug":"mmc-flasher","status":"publish","type":"page","link":"https:\/\/www.ziptuning.com\/fr\/tuning-tools\/mmc-flasher\/","title":{"rendered":"Clignotant MMC"},"content":{"rendered":"<p>MMC Flasher est un choix tr\u00e8s courant des pr\u00e9parateurs qui traitent principalement avec quelques fabricants, mais qui veulent des services complets, un fonctionnement fiable et certaines caract\u00e9ristiques que seule MMC offre.<\/p>\n<h2>Que peut-il r\u00e9gler ?<\/h2>\n<p>Bien que sa capacit\u00e9 ne soit pas strictement limit\u00e9e \u00e0 ces marques, MMC Flasher est le plus souvent utilis\u00e9 par ceux qui r\u00e8glent souvent des v\u00e9hicules produits par Honda, Infiniti, Nissan, Ford, Mazda, Hyundai, Kia, Subaru et Mitsubishi.<img loading=\"lazy\" decoding=\"async\" src=\"https:\/\/www.ziptuning.com\/fr\/wp-content\/uploads\/sites\/8\/2023\/03\/mmc-flash-1.jpg\" alt=\"MMC Flash\" width=\"200\" height=\"100\" class=\"alignnone size-full wp-image-276643\" \/><\/p>\n<h2>Connectivit\u00e9<\/h2>\n<p>MMC Flasher peut fonctionner via CAN J2534 ou K-Line et vous pouvez \u00e9galement utiliser OpenPort 2.0.<\/p>\n<h2>Caract\u00e9ristiques<\/h2>\n<p>Outre les capacit\u00e9s courantes de correction de la somme de contr\u00f4le, de lecture et d&rsquo;\u00e9criture, MMC Flasher pr\u00e9sente d&rsquo;autres avantages. Par exemple, il n&rsquo;est pas n\u00e9cessaire de cr\u00e9er des fichiers de description XML. Vous ne pouvez pas non plus vous tromper dans le choix des types d&rsquo;ECU, car MMC lira automatiquement la m\u00e9moire flash de l&rsquo;ECU et la comparera, vous indiquant s&rsquo;il y a une diff\u00e9rence ind\u00e9sirable. <\/p>\n<p>Un autre avantage du MMC Flasher est son excellent support technique et ses mises \u00e0 jour tr\u00e8s r\u00e9guli\u00e8res pour les nouveaux types d&rsquo;ECU.<\/p>\n<h2>Un bon rapport qualit\u00e9-prix<\/h2>\n<p>Si vous r\u00e9glez souvent l&rsquo;une des marques prises en charge par MMC Flasher, il est difficile de faire abstraction de son rapport qualit\u00e9-prix. L&rsquo;achat initial, tr\u00e8s abordable, vous permet d&rsquo;obtenir un dongle USB, un logiciel et un fichier d&rsquo;aide. <\/p>\n<p>L&rsquo;acc\u00e8s aux diff\u00e9rents types d&rsquo;ECU se fait par le biais de modules que vous devez acheter s\u00e9par\u00e9ment. Cependant, au lieu de les acheter tous, vous pouvez acheter uniquement les modules sp\u00e9cifiques dont vous avez r\u00e9ellement besoin ou m\u00eame un pack qui combine quelques modules les plus couramment achet\u00e9s ensemble.<\/p>\n<div class=\"call-to-action-box\">\n<div class=\"col\">\n<h3>T\u00e9l\u00e9chargez votre fichier d&rsquo;accord en moins de 60 minutes<\/h3>\n<\/div>\n<div class=\"col\"><a href=\"https:\/\/portal.ziptuning.com\/register\" class=\"call-reg\" target=\"_blank\" rel=\"noopener\">S&rsquo;inscrire maintenant<\/a><span> ou avoir d\u00e9j\u00e0 un compte, <a href=\"https:\/\/portal.ziptuning.com\/\" class=\"call-login\" target=\"_blank\" rel=\"noopener\">se connecter maintenant<\/a><\/span><\/div>\n<\/div>\n","protected":false},"excerpt":{"rendered":"<p>MMC Flasher est un choix tr\u00e8s courant des pr\u00e9parateurs qui traitent principalement avec quelques fabricants, mais qui veulent des services complets, un fonctionnement fiable et certaines caract\u00e9ristiques que seule MMC offre. Que peut-il r\u00e9gler ? Bien que sa capacit\u00e9 ne soit pas strictement limit\u00e9e \u00e0 ces marques, MMC Flasher est le plus souvent utilis\u00e9 par<\/p>\n","protected":false},"author":1,"featured_media":286953,"parent":83020,"menu_order":0,"comment_status":"closed","ping_status":"open","template":"","meta":{"_acf_changed":false,"footnotes":""},"class_list":["post-276642","page","type-page","status-publish","has-post-thumbnail","hentry"],"acf":[],"_links":{"self":[{"href":"https:\/\/www.ziptuning.com\/fr\/wp-json\/wp\/v2\/pages\/276642","targetHints":{"allow":["GET"]}}],"collection":[{"href":"https:\/\/www.ziptuning.com\/fr\/wp-json\/wp\/v2\/pages"}],"about":[{"href":"https:\/\/www.ziptuning.com\/fr\/wp-json\/wp\/v2\/types\/page"}],"author":[{"embeddable":true,"href":"https:\/\/www.ziptuning.com\/fr\/wp-json\/wp\/v2\/users\/1"}],"replies":[{"embeddable":true,"href":"https:\/\/www.ziptuning.com\/fr\/wp-json\/wp\/v2\/comments?post=276642"}],"version-history":[{"count":1,"href":"https:\/\/www.ziptuning.com\/fr\/wp-json\/wp\/v2\/pages\/276642\/revisions"}],"predecessor-version":[{"id":286952,"href":"https:\/\/www.ziptuning.com\/fr\/wp-json\/wp\/v2\/pages\/276642\/revisions\/286952"}],"up":[{"embeddable":true,"href":"https:\/\/www.ziptuning.com\/fr\/wp-json\/wp\/v2\/pages\/83020"}],"wp:featuredmedia":[{"embeddable":true,"href":"https:\/\/www.ziptuning.com\/fr\/wp-json\/wp\/v2\/media\/286953"}],"wp:attachment":[{"href":"https:\/\/www.ziptuning.com\/fr\/wp-json\/wp\/v2\/media?parent=276642"}],"curies":[{"name":"wp","href":"https:\/\/api.w.org\/{rel}","templated":true}]}}