{"id":276633,"date":"2020-07-29T13:18:59","date_gmt":"2020-07-29T13:18:59","guid":{"rendered":"https:\/\/www.ziptuning.com\/?page_id=276633"},"modified":"2023-03-21T05:29:37","modified_gmt":"2023-03-21T05:29:37","slug":"pcm-flasher","status":"publish","type":"page","link":"https:\/\/www.ziptuning.com\/fr\/tuning-tools\/pcm-flasher\/","title":{"rendered":"Clignotant PCM"},"content":{"rendered":"<p>Le PCM Flasher est apparu parmi un certain nombre d&rsquo;outils beaucoup plus co\u00fbteux et s&rsquo;est rapidement fait un nom en fournissant une gamme de services \u00e9tendue, s\u00fbre et fiable.<\/p>\n<h2>Qu&rsquo;est-ce qu&rsquo;il peut r\u00e9gler ?<\/h2>\n<p>Il peut r\u00e9gler une grande vari\u00e9t\u00e9 de v\u00e9hicules de diff\u00e9rentes marques et fournit des solutions de lecture et d&rsquo;\u00e9criture pour le r\u00e9glage de l&rsquo;ECU et du TCU\/de la transmission. Vous pouvez \u00e9galement r\u00e9gler les fichiers bin et vbf et les calculs automatiques de somme de contr\u00f4le pour les fichiers bin sont pris en charge pour un certain nombre de modules. Ces caract\u00e9ristiques en font un choix tr\u00e8s polyvalent pour les pr\u00e9parateurs professionnels et les amateurs de r\u00e9glage, car sa combinaison de prix abordable et de polyvalence est rarement \u00e9gal\u00e9e par les fabricants d&rsquo;outils de r\u00e9glage d\u00e9j\u00e0 bien \u00e9tablis.<img loading=\"lazy\" decoding=\"async\" src=\"https:\/\/www.ziptuning.com\/fr\/wp-content\/uploads\/sites\/8\/2023\/03\/pcmflash-1-300x256-1.jpg\" alt=\"PCM Flash\" width=\"300\" height=\"256\" class=\"alignnone size-medium wp-image-276636\" \/><\/p>\n<h2>Connectivit\u00e9<\/h2>\n<p>Il fonctionne avec n&rsquo;importe quel adaptateur compatible avec J2534, bien s\u00fbr, avec les pilotes appropri\u00e9s ajout\u00e9s. Pour une plus grande tranquillit\u00e9 d&rsquo;esprit, la cl\u00e9 Guardant limite les acc\u00e8s non autoris\u00e9s et garantit ainsi la s\u00e9curit\u00e9. Le PCM Flasher combine certaines des meilleures caract\u00e9ristiques des outils de r\u00e9glage, notamment la fiabilit\u00e9, la s\u00e9curit\u00e9, un grand nombre d&rsquo;ECU et de TCU pris en charge et une interface simple et intuitive, avec l&rsquo;un des prix les plus abordables du march\u00e9.<\/p>\n<div class=\"call-to-action-box\">\n<div class=\"col\">\n<h3>T\u00e9l\u00e9chargez votre fichier de r\u00e9glage en moins de 60 minutes<\/h3>\n<\/div>\n<div class=\"col\"><a href=\"https:\/\/portal.ziptuning.com\/register\" class=\"call-reg\" target=\"_blank\" rel=\"noopener\">S&rsquo;inscrire maintenant<\/a><span> ou avoir d\u00e9j\u00e0 un compte, <a href=\"https:\/\/portal.ziptuning.com\/\" class=\"call-login\" target=\"_blank\" rel=\"noopener\">se connecter maintenant<\/a><\/span><\/div>\n<\/div>\n","protected":false},"excerpt":{"rendered":"<p>Le PCM Flasher est apparu parmi un certain nombre d&rsquo;outils beaucoup plus co\u00fbteux et s&rsquo;est rapidement fait un nom en fournissant une gamme de services \u00e9tendue, s\u00fbre et fiable. Qu&rsquo;est-ce qu&rsquo;il peut r\u00e9gler ? Il peut r\u00e9gler une grande vari\u00e9t\u00e9 de v\u00e9hicules de diff\u00e9rentes marques et fournit des solutions de lecture et d&rsquo;\u00e9criture pour le<\/p>\n","protected":false},"author":1,"featured_media":286951,"parent":83020,"menu_order":0,"comment_status":"closed","ping_status":"open","template":"","meta":{"_acf_changed":false,"footnotes":""},"class_list":["post-276633","page","type-page","status-publish","has-post-thumbnail","hentry"],"acf":[],"_links":{"self":[{"href":"https:\/\/www.ziptuning.com\/fr\/wp-json\/wp\/v2\/pages\/276633","targetHints":{"allow":["GET"]}}],"collection":[{"href":"https:\/\/www.ziptuning.com\/fr\/wp-json\/wp\/v2\/pages"}],"about":[{"href":"https:\/\/www.ziptuning.com\/fr\/wp-json\/wp\/v2\/types\/page"}],"author":[{"embeddable":true,"href":"https:\/\/www.ziptuning.com\/fr\/wp-json\/wp\/v2\/users\/1"}],"replies":[{"embeddable":true,"href":"https:\/\/www.ziptuning.com\/fr\/wp-json\/wp\/v2\/comments?post=276633"}],"version-history":[{"count":1,"href":"https:\/\/www.ziptuning.com\/fr\/wp-json\/wp\/v2\/pages\/276633\/revisions"}],"predecessor-version":[{"id":286950,"href":"https:\/\/www.ziptuning.com\/fr\/wp-json\/wp\/v2\/pages\/276633\/revisions\/286950"}],"up":[{"embeddable":true,"href":"https:\/\/www.ziptuning.com\/fr\/wp-json\/wp\/v2\/pages\/83020"}],"wp:featuredmedia":[{"embeddable":true,"href":"https:\/\/www.ziptuning.com\/fr\/wp-json\/wp\/v2\/media\/286951"}],"wp:attachment":[{"href":"https:\/\/www.ziptuning.com\/fr\/wp-json\/wp\/v2\/media?parent=276633"}],"curies":[{"name":"wp","href":"https:\/\/api.w.org\/{rel}","templated":true}]}}