{"id":276599,"date":"2020-07-28T11:19:45","date_gmt":"2020-07-28T11:19:45","guid":{"rendered":"https:\/\/www.ziptuning.com\/?page_id=276599"},"modified":"2023-03-21T05:29:35","modified_gmt":"2023-03-21T05:29:35","slug":"bitbox","status":"publish","type":"page","link":"https:\/\/www.ziptuning.com\/fr\/tuning-tools\/bitbox\/","title":{"rendered":"BitBox"},"content":{"rendered":"<p>L&rsquo;outil esclave BitBox permet la lecture et l&rsquo;\u00e9criture de l&rsquo;ECU via le bus CAN ou la ligne K. En tant qu&rsquo;outil esclave, cette version doit \u00eatre reli\u00e9e \u00e0 un outil ma\u00eetre afin de recevoir un fichier modifi\u00e9. Cependant, une fois le fichier modifi\u00e9 re\u00e7u, l&rsquo;outil BitBox Slave peut l&rsquo;installer dans la voiture.<img loading=\"lazy\" decoding=\"async\" src=\"https:\/\/www.ziptuning.com\/fr\/wp-content\/uploads\/sites\/8\/2023\/03\/bitbox-ziptuning.png\" alt=\"\" width=\"148\" height=\"53\" class=\"alignnone size-full wp-image-276601\" \/>Le processus est le suivant : l&rsquo;outil BitBox Slave peut lire le fichier stock. D\u00e8s que la lecture du fichier de stock est termin\u00e9e, l&rsquo;outil esclave vous propose d&rsquo;envoyer une demande \u00e0 un outil ma\u00eetre. Le propri\u00e9taire de l&rsquo;outil ma\u00eetre d\u00e9veloppe le fichier de r\u00e9glage, le t\u00e9l\u00e9charge et vous le recevez sur votre outil esclave. <\/p>\n<p>\u00c0 ce stade, vous avez la possibilit\u00e9 d&rsquo;appuyer sur Write sur l&rsquo;outil esclave, de s\u00e9lectionner le fichier que vous voulez \u00e9crire dans l&rsquo;ECU. Il est important de noter qu&rsquo;une fois ce processus termin\u00e9, ce fichier particulier est marqu\u00e9 comme UTILIS\u00c9 et ne peut pas \u00eatre r\u00e9utilis\u00e9 sur un autre v\u00e9hicule.<img loading=\"lazy\" decoding=\"async\" src=\"https:\/\/www.ziptuning.com\/fr\/wp-content\/uploads\/sites\/8\/2023\/03\/Bitbox-2-1.jpg\" alt=\"Bitbox Ziptuning\" width=\"1920\" height=\"1033\" class=\"alignnone size-full wp-image-276668\" \/>Un autre avantage de l&rsquo;outil esclave BitBox est que tous les outils esclaves ont acc\u00e8s \u00e0 tous les modules que le propri\u00e9taire de l&rsquo;outil ma\u00eetre a achet\u00e9s, il n&rsquo;est donc pas n\u00e9cessaire pour le propri\u00e9taire de l&rsquo;outil esclave d&rsquo;acheter des modules suppl\u00e9mentaires.<\/p>\n<h2>Produits apparent\u00e9s<\/h2>\n<h3>BitEdit<\/h3>\n<p>BitEdit est un logiciel utilis\u00e9 pour modifier les calibrations des calculateurs. Veuillez noter que BitEdit n&rsquo;est qu&rsquo;un logiciel d&rsquo;\u00e9dition de calibrage et ne peut pas \u00eatre utilis\u00e9 pour lire ou \u00e9crire des fichiers dans le calculateur. Cela se fait avec les outils Slave ou Master.<img loading=\"lazy\" decoding=\"async\" src=\"https:\/\/www.ziptuning.com\/fr\/wp-content\/uploads\/sites\/8\/2023\/03\/bitbox-usb-dongle-1.png\" alt=\"bitbox USB security dongle\" width=\"200\" height=\"227\" class=\"alignnone size-full wp-image-276605\" \/>Lorsque vous ouvrez un fichier ECU avec BitEdit, le fichier est automatiquement identifi\u00e9 et une liste des calibrations possibles que vous pouvez modifier vous est pr\u00e9sent\u00e9e.<img loading=\"lazy\" decoding=\"async\" src=\"https:\/\/www.ziptuning.com\/fr\/wp-content\/uploads\/sites\/8\/2023\/03\/bitedit-new-1.jpg\" alt=\"\" width=\"1000\" height=\"540\" class=\"alignnone size-full wp-image-276667\" \/>Liste actuelle des voitures que vous pouvez r\u00e9gler avec BitBox<a href=\"http:\/\/bitbox.ru\/portal\/misc\/cardb-download\" target=\"_blank\" rel=\"noopener noreferrer\">http:\/\/bitbox.ru\/portal\/misc\/cardb-download<\/a><\/p>\n<h3>Cl\u00e9 de s\u00e9curit\u00e9 USB<\/h3>\n<p>Le dongle de s\u00e9curit\u00e9 identifie l&rsquo;utilisateur et les licences activ\u00e9es. C&rsquo;est un dispositif obligatoire que vous ne devez acheter qu&rsquo;une seule fois et qui sera compatible avec tous les modules logiciels.<\/p>\n<div class=\"call-to-action-box\">\n<div class=\"col\">\n<h3>Besoin de connecter votre bitbox slave \u00e0 notre master <\/h3>\n<\/div>\n<div class=\"col\"><a href=\"https:\/\/portal.ziptuning.com\/register\" class=\"call-reg\" target=\"_blank\" rel=\"noopener\">Enregistrez-vous maintenant<\/a><span> ou si vous avez d\u00e9j\u00e0 un compte, <a href=\"https:\/\/portal.ziptuning.com\/\" class=\"call-login\" target=\"_blank\" rel=\"noopener\">connectez-vous maintenant<\/a><\/span><\/div>\n<\/div>\n","protected":false},"excerpt":{"rendered":"<p>L&rsquo;outil esclave BitBox permet la lecture et l&rsquo;\u00e9criture de l&rsquo;ECU via le bus CAN ou la ligne K. En tant qu&rsquo;outil esclave, cette version doit \u00eatre reli\u00e9e \u00e0 un outil ma\u00eetre afin de recevoir un fichier modifi\u00e9. Cependant, une fois le fichier modifi\u00e9 re\u00e7u, l&rsquo;outil BitBox Slave peut l&rsquo;installer dans la voiture.Le processus est le<\/p>\n","protected":false},"author":1,"featured_media":286946,"parent":83020,"menu_order":0,"comment_status":"closed","ping_status":"open","template":"","meta":{"_acf_changed":false,"footnotes":""},"class_list":["post-276599","page","type-page","status-publish","has-post-thumbnail","hentry"],"acf":[],"_links":{"self":[{"href":"https:\/\/www.ziptuning.com\/fr\/wp-json\/wp\/v2\/pages\/276599","targetHints":{"allow":["GET"]}}],"collection":[{"href":"https:\/\/www.ziptuning.com\/fr\/wp-json\/wp\/v2\/pages"}],"about":[{"href":"https:\/\/www.ziptuning.com\/fr\/wp-json\/wp\/v2\/types\/page"}],"author":[{"embeddable":true,"href":"https:\/\/www.ziptuning.com\/fr\/wp-json\/wp\/v2\/users\/1"}],"replies":[{"embeddable":true,"href":"https:\/\/www.ziptuning.com\/fr\/wp-json\/wp\/v2\/comments?post=276599"}],"version-history":[{"count":1,"href":"https:\/\/www.ziptuning.com\/fr\/wp-json\/wp\/v2\/pages\/276599\/revisions"}],"predecessor-version":[{"id":286945,"href":"https:\/\/www.ziptuning.com\/fr\/wp-json\/wp\/v2\/pages\/276599\/revisions\/286945"}],"up":[{"embeddable":true,"href":"https:\/\/www.ziptuning.com\/fr\/wp-json\/wp\/v2\/pages\/83020"}],"wp:featuredmedia":[{"embeddable":true,"href":"https:\/\/www.ziptuning.com\/fr\/wp-json\/wp\/v2\/media\/286946"}],"wp:attachment":[{"href":"https:\/\/www.ziptuning.com\/fr\/wp-json\/wp\/v2\/media?parent=276599"}],"curies":[{"name":"wp","href":"https:\/\/api.w.org\/{rel}","templated":true}]}}