{"id":268222,"date":"2020-05-14T14:53:40","date_gmt":"2020-05-14T14:53:40","guid":{"rendered":"https:\/\/www.ziptuning.com\/?page_id=268222"},"modified":"2023-03-21T05:29:29","modified_gmt":"2023-03-21T05:29:29","slug":"connect-your-slave-autotuner-and-kessv2-tools-to-our-master-tool","status":"publish","type":"page","link":"https:\/\/www.ziptuning.com\/fr\/connect-your-slave-autotuner-and-kessv2-tools-to-our-master-tool\/","title":{"rendered":"Connectez votre Autotuner esclave et vos outils KESSv2 \u00e0 notre outil ma\u00eetre"},"content":{"rendered":"<p>Nous sommes fiers d&rsquo;annoncer que nous autorisons d\u00e9sormais la connexion des outils esclaves Autotuner et KESSv2 \u00e0 nos outils ma\u00eetres. Alors que nos clients ont pu connecter leurs CMD Flashtec et Alientech K-TAG \u00e0 nos outils ma\u00eetres depuis longtemps, nous offrons maintenant la m\u00eame possibilit\u00e9 \u00e0 nos clients qui utilisent les outils esclaves Autotuner et KESSv2. Vous pouvez maintenant connecter votre Autotuner et vos outils esclaves KESSv2 \u00e0 nos outils ma\u00eetres et profiter de la qualit\u00e9 v\u00e9n\u00e9r\u00e9e de ZIP Tuning maintenant disponible avec une polyvalence encore plus grande.<\/p>\n<ul>\n<li><a href=\"#anchor1\">Alientech KESSv2<\/a><\/li>\n<li><a href=\"#anchor2\">Autotuner<\/a>\n<li><a href=\"#anchor3\">Pourquoi choisir ZIP Tuning<\/a><\/li>\n<li><a href=\"#anchor4\">Comment obtenir des fichiers de tuning \u00e0 partir de ZIP Tuning<\/a><\/li>\n<\/ul>\n<p><a name=\"anchor1\"><\/a><\/p>\n<h2>Alientech KESSv2<\/h2>\n<p>Fabriqu\u00e9 par Alientech, l&rsquo;une des soci\u00e9t\u00e9s d&rsquo;outils de r\u00e9glage les plus respect\u00e9es, l&rsquo;outil esclave KESS v2 est l&rsquo;un des outils de r\u00e9glage les plus polyvalents sur le march\u00e9 aujourd&rsquo;hui. Il permet d&rsquo;\u00e9crire des fichiers dans presque n&rsquo;importe quelle ECU via le port OBD en quelques minutes. Il peut \u00eatre connect\u00e9 \u00e0 l&rsquo;ECU via un port OBD standard ou, si votre voiture a un connecteur non standard, via un c\u00e2ble universel \u00e0 5 fils.<img loading=\"lazy\" decoding=\"async\" src=\"https:\/\/www.ziptuning.com\/fr\/wp-content\/uploads\/sites\/8\/2023\/03\/KESSv2-tool.jpg\" alt=\"\" width=\"1000\" height=\"750\" class=\"aligncenter size-full wp-image-268224\" \/>Il vous permet de lire des fichiers originaux ou de r\u00e9gler des voitures, mais aussi de nombreux autres v\u00e9hicules et machines, y compris les motos, les camions, les machines agricoles telles que les tracteurs ou les moissonneuses-batteuses, les bateaux, les scooters des mers et les jet-skis. Voici quelques-uns des avantages du KESSv2<\/p>\n<ul>\n<li>Correction automatique de la somme de contr\u00f4le,<\/li>\n<li>Fonctionnement s\u00fbr, <\/li>\n<li>Mises \u00e0 jour r\u00e9guli\u00e8res pour les mod\u00e8les les plus r\u00e9cents,<\/li>\n<li>Manuel illustr\u00e9 en plusieurs langues, <\/li>\n<li>Interface intuitive<\/li>\n<li>Compatibilit\u00e9 avec un tr\u00e8s grand nombre de marques et de mod\u00e8les.<\/li>\n<\/ul>\n<p>Ce qui fait de KESSv2 et de ZIP Tuning une combinaison parfaite, c&rsquo;est le fait que vous pouvez maintenant plonger dans le monde du tuning avec facilit\u00e9 et confiance en connectant votre outil esclave KESSv2 \u00e0 notre outil ma\u00eetre. Vous pourrez ainsi profiter de nos fichiers de r\u00e9glage personnalis\u00e9s, d\u00e9velopp\u00e9s par nos ing\u00e9nieurs de pointe.<\/p>\n<div class=\"call-to-action-box\">\n<div class=\"col\">\n<h3>Besoin de connecter votre KESSv2 esclave \u00e0 notre outil ma\u00eetre ? <\/h3>\n<\/div>\n<div class=\"col\"><a href=\"https:\/\/portal.ziptuning.com\/register\" class=\"call-reg\" target=\"_blank\" rel=\"noopener\">Inscrivez-vous maintenant<\/a><span> ou si vous avez d\u00e9j\u00e0 un compte, <a href=\"https:\/\/portal.ziptuning.com\/\" class=\"call-login\" target=\"_blank\" rel=\"noopener\">connectez-vous maintenant<\/a><\/span>.<\/div>\n<\/div>\n<p><a name=\"anchor2\"><\/a><\/p>\n<h2>Autotuner<\/h2>\n<p>Suivant les derni\u00e8res tendances de l&rsquo;industrie et repoussant les limites de l&rsquo;ing\u00e9nierie, l&rsquo;outil de tuning Autotuner est le dernier choix de nombreux tuners. C&rsquo;est un outil universel qui permet d&rsquo;acc\u00e9der \u00e0 un grand nombre de calculateurs soit par le port OBD, soit en mode boot Tricore Infineon (BSL).<\/p>\n<p><img loading=\"lazy\" decoding=\"async\" src=\"https:\/\/www.ziptuning.com\/fr\/wp-content\/uploads\/sites\/8\/2023\/03\/Autotuner-tool.jpg\" alt=\"\" width=\"1000\" height=\"667\" class=\"aligncenter size-full wp-image-268225\" \/><\/p>\n<p>Gr\u00e2ce \u00e0 son optimisation de la communication avec l&rsquo;ECU et \u00e0 son processeur Cortex m3, Autotuner est l&rsquo;un des outils de tuning les plus rapides du march\u00e9. Il permet un fonctionnement rapide, s\u00fbr et fiable, vous permettant de lire et d&rsquo;\u00e9crire des fichiers depuis et dans l&rsquo;ECU avec facilit\u00e9 et confiance. Voici quelques-uns des principaux avantages de l&rsquo;<a href=\"https:\/\/www.autotuner-tool.com\/en\/shop\/order\" target=\"_blank\" rel=\"noopener noreferrer\">outil Autotuner<\/a>:<\/p>\n<ul>\n<li>Mises \u00e0 jour r\u00e9guli\u00e8res et gratuites<\/li>\n<li>Assistance technique directe<\/li>\n<li>Lecture ultra-rapide<\/li>\n<li>Interface conviviale<\/li>\n<li>Instructions \u00e9tape par \u00e9tape dans la section d&rsquo;aide<\/li>\n<li>Il ne n\u00e9cessite PAS d&rsquo;abonnement<\/li>\n<li>Derni\u00e8res mises \u00e0 jour des mod\u00e8les<\/li>\n<li>Compatibilit\u00e9 avec un grand nombre de calculateurs et de v\u00e9hicules<\/li>\n<\/ul>\n<p>Autotuner doit \u00eatre connect\u00e9 \u00e0 au moins un outil ma\u00eetre et le meilleur choix pour les outils esclaves Autotuner est l&rsquo;outil ma\u00eetre ZIP Tuning. Tout comme pour le KESSv2, le K-TAG et le CMD Flashtec, l&rsquo;exp\u00e9rience et l&rsquo;expertise de nos ing\u00e9nieurs, la rapidit\u00e9 d&rsquo;ex\u00e9cution et le support direct font de l&rsquo;utilisation rapide et s\u00fbre des outils esclaves Autotuner la parfaite ad\u00e9quation avec nos fichiers de tuning de haute qualit\u00e9.<\/p>\n<div class=\"call-to-action-box\">\n<div class=\"col\">\n<h3>Besoin de connecter votre Autotuner esclave \u00e0 notre ma\u00eetre ? <\/h3>\n<\/div>\n<div class=\"col\"><a href=\"https:\/\/portal.ziptuning.com\/register\" class=\"call-reg\" target=\"_blank\" rel=\"noopener\">Inscrivez-vous maintenant<\/a><span> ou si vous avez d\u00e9j\u00e0 un compte, <a href=\"https:\/\/portal.ziptuning.com\/\" class=\"call-login\" target=\"_blank\" rel=\"noopener\">connectez-vous maintenant<\/a><\/span>.<\/div>\n<\/div>\n<p><a name=\"anchor3\"><\/a><\/p>\n<h2>Pourquoi choisir ZIP Tuning<\/h2>\n<p>Si vous \u00eates sur ce site, vous connaissez probablement d\u00e9j\u00e0 la r\u00e9ponse. Nos ing\u00e9nieurs tunent diff\u00e9rents types de v\u00e9hicules depuis des d\u00e9cennies maintenant, allant des voitures de tous les jours, aux applications de course, aux projets Stage 3 et Stage 4 \u00e9labor\u00e9s, aux machines et v\u00e9hicules marins et agricoles et m\u00eame aux avions. Nous sommes parmi les premiers \u00e0 d\u00e9velopper des fichiers pour les v\u00e9hicules les plus r\u00e9cents et nous publions constamment des mises \u00e0 jour et des r\u00e9visions afin de fournir \u00e0 nos clients le meilleur service possible. Si vous avez besoin de conseils ou si vous rencontrez un probl\u00e8me, nous offrons un support direct par email ou <a href=\"https:\/\/web.whatsapp.com\/send?phone=31631961876&amp;text=&amp;source=&amp;data=\" target=\"_blank\" rel=\"noopener\">WhatsApp<\/a> o\u00f9 l&rsquo;un de nos ing\u00e9nieurs est pr\u00eat \u00e0 vous aider.<a name=\"anchor4\"><\/a><\/p>\n<h2>Comment obtenir des fichiers de r\u00e9glage \u00e0 partir de ZIP Tuning ?<\/h2>\n<p><a href=\"https:\/\/portal.ziptuning.com\/register\" target=\"_blank\" rel=\"noopener\">Enregistrez-vous<\/a> sur notre portail, connectez votre outil, obtenez des cr\u00e9dits et profitez de la meilleure exp\u00e9rience de tuning disponible sur le march\u00e9 maintenant, m\u00eame si vous avez des outils Alientech KESSv2 ou Autotuner slave.<\/p>\n","protected":false},"excerpt":{"rendered":"<p>Nous sommes fiers d&rsquo;annoncer que nous autorisons d\u00e9sormais la connexion des outils esclaves Autotuner et KESSv2 \u00e0 nos outils ma\u00eetres. Alors que nos clients ont pu connecter leurs CMD Flashtec et Alientech K-TAG \u00e0 nos outils ma\u00eetres depuis longtemps, nous offrons maintenant la m\u00eame possibilit\u00e9 \u00e0 nos clients qui utilisent les outils esclaves Autotuner et<\/p>\n","protected":false},"author":1,"featured_media":286906,"parent":0,"menu_order":0,"comment_status":"closed","ping_status":"open","template":"","meta":{"_acf_changed":false,"footnotes":""},"class_list":["post-268222","page","type-page","status-publish","has-post-thumbnail","hentry"],"acf":[],"_links":{"self":[{"href":"https:\/\/www.ziptuning.com\/fr\/wp-json\/wp\/v2\/pages\/268222","targetHints":{"allow":["GET"]}}],"collection":[{"href":"https:\/\/www.ziptuning.com\/fr\/wp-json\/wp\/v2\/pages"}],"about":[{"href":"https:\/\/www.ziptuning.com\/fr\/wp-json\/wp\/v2\/types\/page"}],"author":[{"embeddable":true,"href":"https:\/\/www.ziptuning.com\/fr\/wp-json\/wp\/v2\/users\/1"}],"replies":[{"embeddable":true,"href":"https:\/\/www.ziptuning.com\/fr\/wp-json\/wp\/v2\/comments?post=268222"}],"version-history":[{"count":1,"href":"https:\/\/www.ziptuning.com\/fr\/wp-json\/wp\/v2\/pages\/268222\/revisions"}],"predecessor-version":[{"id":286905,"href":"https:\/\/www.ziptuning.com\/fr\/wp-json\/wp\/v2\/pages\/268222\/revisions\/286905"}],"wp:featuredmedia":[{"embeddable":true,"href":"https:\/\/www.ziptuning.com\/fr\/wp-json\/wp\/v2\/media\/286906"}],"wp:attachment":[{"href":"https:\/\/www.ziptuning.com\/fr\/wp-json\/wp\/v2\/media?parent=268222"}],"curies":[{"name":"wp","href":"https:\/\/api.w.org\/{rel}","templated":true}]}}