{"id":253037,"date":"2020-01-21T10:35:11","date_gmt":"2020-01-21T10:35:11","guid":{"rendered":"https:\/\/www.ziptuning.com\/?page_id=253037"},"modified":"2023-03-21T05:29:29","modified_gmt":"2023-03-21T05:29:29","slug":"stage-3-project-management","status":"publish","type":"page","link":"https:\/\/www.ziptuning.com\/fr\/stage-3-project-management\/","title":{"rendered":"\u00c9tape 3 Gestion du projet"},"content":{"rendered":"<p>ZIP Tuning a des dizaines d&rsquo;ann\u00e9es d&rsquo;exp\u00e9rience dans le d\u00e9veloppement de logiciels Stage 3 pour les voitures de route et de piste, y compris les courses de dragsters. Nous avons travaill\u00e9 sur un certain nombre de v\u00e9hicules, dont certains \u00e9taient d&rsquo;incroyables supercars de plus de 1000 ch, y compris un certain nombre de <strong>McLaren, BMW M3 et M5, mod\u00e8les Audi RS, M\u00e9gane RS, voitures AMG<\/strong>&#8230; Les projets de Stage 3 incluent des pi\u00e8ces hardcore de l&rsquo;aftermarket, donc cette exp\u00e9rience signifie que nous sommes \u00e9galement tr\u00e8s bien connect\u00e9s avec les meilleurs fournisseurs et fabricants de pi\u00e8ces et exp\u00e9riment\u00e9s pour vous guider \u00e0 travers chaque \u00e9tape du processus de tuning.<\/p>\n<p>Laissez notre r\u00e9putation, nos connaissances et notre exp\u00e9rience faire en sorte que votre projet de tuning Stage 3 soit aussi s\u00fbr et fluide que possible.<\/p>\n<ul>\n<li><a href=\"#anchor1\">Pr\u00e9paration Stage 3<\/a><\/li>\n<li><a href=\"#anchor2\">Informations sur l&rsquo;\u00e9quipement de la voiture<\/a>\n<li><a href=\"#anchor3\">Dur\u00e9e du projet Stage 3<\/a><\/li>\n<li><a href=\"#anchor4\">Outils pour l&rsquo;enregistrement des donn\u00e9es<\/a><\/li>\n<li><a href=\"#anchor5\">Diff\u00e9rents niveaux d&rsquo;assistance<\/a><\/li>\n<\/ul>\n<p><a name=\"anchor1\"><\/a><\/p>\n<h2>PR\u00c9PARATION DE L&rsquo;\u00c9TAPE 3<\/h2>\n<ul>\n<li>Assurez-vous que le v\u00e9hicule ne pr\u00e9sente pas de d\u00e9fauts et qu&rsquo;il fonctionne correctement.<\/li>\n<li>Entretien : L&rsquo;huile, les filtres et les bougies doivent \u00eatre neufs.<\/li>\n<li>V\u00e9rifiez qu&rsquo;il n&rsquo;y a pas de fuites dans le syst\u00e8me turbo.<\/li>\n<li>Bo\u00eete de vitesses automatique ou \u00e0 double embrayage ? V\u00e9rifiez son fonctionnement !<\/li>\n<li>Recherchez les codes d&rsquo;erreur \u00e0 l&rsquo;aide d&rsquo;un scanner de diagnostic pour le moteur et la bo\u00eete de vitesses.<\/li>\n<\/ul>\n<p><a name=\"anchor2\"><\/a><\/p>\n<h2>Informations sur le mat\u00e9riel de la voiture<\/h2>\n<p>Lorsque vous t\u00e9l\u00e9chargez votre \u00e9talonnage original sur le portail ZIP, veillez \u00e0 nous fournir toutes les informations n\u00e9cessaires sur la voiture ! Voici quelques-uns des points les plus courants :<\/p>\n<ul>\n<li>\u00c9chappement &#8211; Quel est le syst\u00e8me d&rsquo;\u00e9chappement de la voiture ? Avec ou sans catalyseur ?<\/li>\n<li>Intercooler &#8211; Avez-vous am\u00e9lior\u00e9 l&rsquo;intercooler et, si oui, lequel avez-vous install\u00e9 ?<\/li>\n<li>Avez-vous chang\u00e9 les injecteurs ? Quel est leur mod\u00e8le et leur taille ?<\/li>\n<li>Avez-vous am\u00e9lior\u00e9 le turbo ? Quel est le turbo install\u00e9 ?<\/li>\n<li>Toute autre am\u00e9lioration ou modification que vous avez apport\u00e9e ou tout autre point que vous jugez important.<\/li>\n<\/ul>\n<p>Nous vous fournissons un FICHIER DE BASE pour commencer l&rsquo;\u00e9tape 3 du r\u00e9glage et nous attendons que vous nous renvoyiez un journal de donn\u00e9es et, si possible, une fiche dyno pour la puissance et le couple. Ces informations doivent \u00eatre collect\u00e9es en plusieurs \u00e9tapes, notamment sur la voiture de base, apr\u00e8s la mise \u00e0 niveau du turbo (et\/ou d&rsquo;autres mises \u00e0 niveau mat\u00e9rielles) et apr\u00e8s l&rsquo;ajout du fichier de l&rsquo;\u00e9tape 3. Nous pouvons vous fournir une assistance directe \u00e0 distance pendant ce processus et vous expliquer comment collecter les informations n\u00e9cessaires. Les informations collect\u00e9es nous permettent d&rsquo;analyser le fonctionnement du moteur tout au long du processus de mise au point et ce sur quoi nous devons nous concentrer en particulier. Nous ne vous conseillons pas d&rsquo;entreprendre un projet en cours sans avoir une sp\u00e9cification compl\u00e8te de la voiture et des pi\u00e8ces install\u00e9es.<a name=\"anchor3\"><\/a><\/p>\n<h2>\u00c9tape 3 Dur\u00e9e du projet<\/h2>\n<p>En fonction du projet et du v\u00e9hicule, la dur\u00e9e d&rsquo;un projet d&rsquo;\u00e9tape 3 peut varier de quelques heures \u00e0 plusieurs jours. Si la voiture est en parfait \u00e9tat de fonctionnement, que vous disposez des outils appropri\u00e9s et que vous communiquez avec nous via le portail d&rsquo;assistance, le projet se d\u00e9roule g\u00e9n\u00e9ralement assez rapidement.<a name=\"anchor4\"><\/a><\/p>\n<h2>Outils pour l&rsquo;enregistrement des donn\u00e9es<\/h2>\n<p>Voici quelques outils qui permettent d&rsquo;enregistrer des donn\u00e9es : Autotuner &#8211; <a href=\"https:\/\/www.autotuner-tool.com\/en\" target=\"_blank\" rel=\"noopener noreferrer\">https:\/\/www.autotuner-tool.com\/en<\/a>Bflash &#8211; <a href=\"https:\/\/www.bflash.eu\/\" rel=\"noopener noreferrer\" target=\"_blank\">https:\/\/www.bflash.eu\/<\/a>CMD &#8211; <a href=\"https:\/\/www.flashtec.ch\/\" rel=\"noopener noreferrer\" target=\"_blank\">https:\/\/www.flashtec.ch\/<\/a>VCDS &#8211; <a href=\"https:\/\/www.ross-tech.com\/\" rel=\"noopener noreferrer\" target=\"_blank\">https:\/\/www.ross-tech.com\/<\/a>Auterra &#8211; <a href=\"http:\/\/www.auterraweb.com\/dynoscan.html\" rel=\"noopener noreferrer\" target=\"_blank\">http:\/\/www.auterraweb.com\/dynoscan.html<\/a> <a name=\"anchor5\"><\/a><\/p>\n<h2>DIFF\u00c9RENTS NIVEAUX D&rsquo;ASSISTANCE<\/h2>\n<p>Vous pouvez choisir le niveau d&rsquo;assistance que nous vous proposons. Voici les options les plus courantes :<\/p>\n<ul>\n<li>Acheter un fichier de base et le retravailler soi-m\u00eame<\/li>\n<li>Acheter Stage 3 + support pour le fichier de r\u00e9glage<\/li>\n<li>Acheter l&rsquo;\u00e9tape 3 + conseils sur le mat\u00e9riel + assistance pour le fichier de r\u00e9glage<\/li>\n<li>Nous envoyons un ing\u00e9nieur pour soutenir le projet<\/li>\n<\/ul>\n<div class=\"call-to-action-box\">\n<div class=\"col\">\n<h3>D\u00e9marrez votre projet Stage 3 dans Ziptuning : <\/h3>\n<\/div>\n<div class=\"col\"><a href=\"https:\/\/portal.ziptuning.com\/register\" class=\"call-reg\" target=\"_blank\" rel=\"noopener\">Inscrivez-vous maintenant<\/a><span> ou Vous avez d\u00e9j\u00e0 un compte, <a href=\"https:\/\/portal.ziptuning.com\/\" class=\"call-login\" target=\"_blank\" rel=\"noopener\">Connectez-vous maintenant<\/a><\/span><\/div>\n<\/div>\n<p>Avez-vous des questions avant de d\u00e9marrer votre projet de phase 3 ? Ajoutez-nous sur <a href=\"https:\/\/web.whatsapp.com\/send?phone=31631961876&amp;text=&amp;source=&amp;data=\" target=\"_blank\" rel=\"noopener\">Whatsapp<\/a><\/p>\n","protected":false},"excerpt":{"rendered":"<p>ZIP Tuning a des dizaines d&rsquo;ann\u00e9es d&rsquo;exp\u00e9rience dans le d\u00e9veloppement de logiciels Stage 3 pour les voitures de route et de piste, y compris les courses de dragsters. Nous avons travaill\u00e9 sur un certain nombre de v\u00e9hicules, dont certains \u00e9taient d&rsquo;incroyables supercars de plus de 1000 ch, y compris un certain nombre de McLaren, BMW<\/p>\n","protected":false},"author":1,"featured_media":0,"parent":0,"menu_order":0,"comment_status":"closed","ping_status":"open","template":"","meta":{"_acf_changed":false,"footnotes":""},"class_list":["post-253037","page","type-page","status-publish","hentry"],"acf":[],"_links":{"self":[{"href":"https:\/\/www.ziptuning.com\/fr\/wp-json\/wp\/v2\/pages\/253037","targetHints":{"allow":["GET"]}}],"collection":[{"href":"https:\/\/www.ziptuning.com\/fr\/wp-json\/wp\/v2\/pages"}],"about":[{"href":"https:\/\/www.ziptuning.com\/fr\/wp-json\/wp\/v2\/types\/page"}],"author":[{"embeddable":true,"href":"https:\/\/www.ziptuning.com\/fr\/wp-json\/wp\/v2\/users\/1"}],"replies":[{"embeddable":true,"href":"https:\/\/www.ziptuning.com\/fr\/wp-json\/wp\/v2\/comments?post=253037"}],"version-history":[{"count":1,"href":"https:\/\/www.ziptuning.com\/fr\/wp-json\/wp\/v2\/pages\/253037\/revisions"}],"predecessor-version":[{"id":286897,"href":"https:\/\/www.ziptuning.com\/fr\/wp-json\/wp\/v2\/pages\/253037\/revisions\/286897"}],"wp:attachment":[{"href":"https:\/\/www.ziptuning.com\/fr\/wp-json\/wp\/v2\/media?parent=253037"}],"curies":[{"name":"wp","href":"https:\/\/api.w.org\/{rel}","templated":true}]}}