{"id":252973,"date":"2020-01-08T16:06:28","date_gmt":"2020-01-08T16:06:28","guid":{"rendered":"https:\/\/www.ziptuning.com\/?page_id=252973"},"modified":"2023-03-21T06:00:13","modified_gmt":"2023-03-21T06:00:13","slug":"pricing","status":"publish","type":"page","link":"https:\/\/www.ziptuning.com\/fr\/pricing\/","title":{"rendered":"Tarification"},"content":{"rendered":"<div class=\"supported-payment-methods\">\n<h3>M\u00e9thodes de paiement prises en charge<\/h3>\n<p><img loading=\"lazy\" decoding=\"async\" width=\"452\" height=\"37\" src=\"https:\/\/www.ziptuning.com\/fr\/wp-content\/uploads\/sites\/8\/2023\/03\/ziptuning-payment-methods.svg\" alt=\"ziptuning-supported-payment-methods\" class=\"size-full wp-image-252977\" role=\"img\" \/>\n<\/div>\n<div class=\"tools-pricing-list\">\n<h3>Outils de r\u00e9glage<\/h3>\n<p>Nous fournissons des fichiers et une assistance rapide pour les outils de r\u00e9glage suivants<\/p>\n<div class=\"col-md-3 hidden-sm hidden-xs\">\n<i class=\"fa fa-check-square\" aria-hidden=\"true\"><\/i> CMD Flashtec<br \/>\n<i class=\"fa fa-check-square\" aria-hidden=\"true\"><\/i> Autotuner<br \/>\n<i class=\"fa fa-check-square\" aria-hidden=\"true\"><\/i> Dimsport<br \/>\n<i class=\"fa fa-check-square\" aria-hidden=\"true\"><\/i> EVC<\/div>\n<div class=\"col-md-3 hidden-sm hidden-xs\">\n<i class=\"fa fa-check-square\" aria-hidden=\"true\"><\/i> Alientech<br \/>\n<i class=\"fa fa-check-square\" aria-hidden=\"true\"><\/i> Magic<br \/>\n<i class=\"fa fa-check-square\" aria-hidden=\"true\"><\/i> Frieling<br \/>\n<i class=\"fa fa-check-square\" aria-hidden=\"true\"><\/i> MPPS<\/div>\n<div class=\"col-md-3 hidden-sm hidden-xs\">\n<i class=\"fa fa-check-square\" aria-hidden=\"true\"><\/i> FGTech<br \/>\n<i class=\"fa fa-check-square\" aria-hidden=\"true\"><\/i> Byteshooter<br \/>\n<i class=\"fa fa-check-square\" aria-hidden=\"true\"><\/i> FEMTO<br \/>\n<i class=\"fa fa-check-square\" aria-hidden=\"true\"><\/i> VF2 Flasher<\/div>\n<div class=\"col-md-3 hidden-sm hidden-xs\">\n<i class=\"fa fa-check-square\" aria-hidden=\"true\"><\/i> Bitbox<br \/>\n<i class=\"fa fa-check-square\" aria-hidden=\"true\"><\/i> PCMFlash<br \/>\n<i class=\"fa fa-check-square\" aria-hidden=\"true\"><\/i> MMCFlash<\/div>\n<div class=\"clearfix\"><\/div>\n<div class=\"col-sm-6 col-xs-6 hidden-lg hidden-md\">\n<i class=\"fa fa-check-square\" aria-hidden=\"true\"><\/i> CMD Flashtec<br \/>\n<i class=\"fa fa-check-square\" aria-hidden=\"true\"><\/i> Autotuner<br \/>\n<i class=\"fa fa-check-square\" aria-hidden=\"true\"><\/i> Dimsport<br \/>\n<i class=\"fa fa-check-square\" aria-hidden=\"true\"><\/i> EVC<br \/>\n<i class=\"fa fa-check-square\" aria-hidden=\"true\"><\/i> Alientech<br \/>\n<i class=\"fa fa-check-square\" aria-hidden=\"true\"><\/i> Magic<br \/>\n<i class=\"fa fa-check-square\" aria-hidden=\"true\"><\/i> Bitbox\n<\/div>\n<div class=\"col-sm-6 col-xs-6 hidden-lg hidden-md\">\n<i class=\"fa fa-check-square\" aria-hidden=\"true\"><\/i> Frieling<br \/>\n<i class=\"fa fa-check-square\" aria-hidden=\"true\"><\/i> MPPS<br \/>\n<i class=\"fa fa-check-square\" aria-hidden=\"true\"><\/i> FGTech<br \/>\n<i class=\"fa fa-check-square\" aria-hidden=\"true\"><\/i> Byteshooter<br \/>\n<i class=\"fa fa-check-square\" aria-hidden=\"true\"><\/i> FEMTO<br \/>\n<i class=\"fa fa-check-square\" aria-hidden=\"true\"><\/i> VF2 Flasher<br \/>\n<i class=\"fa fa-check-square\" aria-hidden=\"true\"><\/i> PCMFlash<br \/>\n<i class=\"fa fa-check-square\" aria-hidden=\"true\"><\/i> MMCFlash<\/div>\n<div class=\"clearfix\"><\/div>\n<\/div>\n<table class=\"table table-striped\">\n<thead>\n<tr>\n<th>Fichiers de r\u00e9glage<\/th>\n<th>Euro<\/th>\n<\/tr>\n<\/thead>\n<tbody>\n<tr>\n<td><i class=\"fa fa-check-circle\" aria-hidden=\"true\"><\/i> Car tuning stage 1<span class=\"sub-services\">&#8211; Stage 1 pour les voitures avant 2005 &#8211; Stage 1 pour les voitures entre 2006-2011 &#8211; Stage 1 pour les voitures apr\u00e8s 2012<\/span><\/td>\n<td><a href=\"https:\/\/portal.ziptuning.com\/\" class=\"check-pricing\" target=\"_blank\" rel=\"noopener\">Voir les prix<\/a><\/td>\n<\/tr>\n<tr>\n<td><i class=\"fa fa-check-circle\" aria-hidden=\"true\"><\/i> Car tuning stage 2<\/td>\n<td><a href=\"https:\/\/portal.ziptuning.com\/\" class=\"check-pricing\" target=\"_blank\" rel=\"noopener\">Voir les tarifs<\/a><\/td>\n<\/tr>\n<tr>\n<td><i class=\"fa fa-check-circle\" aria-hidden=\"true\"><\/i> Car tuning stage 3 base<span class=\"sub-services\">-Fine tuning (bas\u00e9 sur les datalogs)<\/span><\/td>\n<td><a href=\"https:\/\/portal.ziptuning.com\/\" class=\"check-pricing\" target=\"_blank\" rel=\"noopener\">Voir les prix<\/a><\/td>\n<\/tr>\n<tr>\n<td><i class=\"fa fa-check-circle\" aria-hidden=\"true\"><\/i> Fichiers combin\u00e9s stage 1 ou stage 2 + fichiers de suppression<\/td>\n<td><a href=\"https:\/\/portal.ziptuning.com\/\" class=\"check-pricing\" target=\"_blank\" rel=\"noopener\">Voir le prix<\/a><\/td>\n<\/tr>\n<\/tbody>\n<\/table>\n<table class=\"table table-striped\">\n<thead>\n<tr>\n<th>Fichiers de suppression<\/th>\n<th>Euro<\/th>\n<\/tr>\n<\/thead>\n<tbody>\n<tr>\n<td><i class=\"fa fa-check-circle\" aria-hidden=\"true\"><\/i> DPF off<\/td>\n<td><a href=\"https:\/\/portal.ziptuning.com\/\" class=\"check-pricing\" target=\"_blank\" rel=\"noopener\">Voir tarifs<\/a><\/td>\n<\/tr>\n<tr>\n<td><i class=\"fa fa-check-circle\" aria-hidden=\"true\"><\/i> Adblue off<\/td>\n<td><a href=\"https:\/\/portal.ziptuning.com\/\" class=\"check-pricing\" target=\"_blank\" rel=\"noopener\">Voir les prix<\/a><\/td>\n<\/tr>\n<tr>\n<td><i class=\"fa fa-check-circle\" aria-hidden=\"true\"><\/i> VMAX \/ Speedlimit off<\/td>\n<td><a href=\"https:\/\/portal.ziptuning.com\/\" class=\"check-pricing\" target=\"_blank\" rel=\"noopener\">Voir les prix<\/a><\/td>\n<\/tr>\n<tr>\n<td><i class=\"fa fa-check-circle\" aria-hidden=\"true\"><\/i> EGR off<\/td>\n<td><a href=\"https:\/\/portal.ziptuning.com\/\" class=\"check-pricing\" target=\"_blank\" rel=\"noopener\">Voir le prix<\/a><\/td>\n<\/tr>\n<td><i class=\"fa fa-check-circle\" aria-hidden=\"true\"><\/i> Selective DTC off<\/td>\n<td><a href=\"https:\/\/portal.ziptuning.com\/\" class=\"check-pricing\" target=\"_blank\" rel=\"noopener\">Voir prix<\/a><\/td>\n<\/tr>\n<tr>\n<td><i class=\"fa fa-check-circle\" aria-hidden=\"true\"><\/i> DECAT<\/td>\n<td><a href=\"https:\/\/portal.ziptuning.com\/\" class=\"check-pricing\" target=\"_blank\" rel=\"noopener\">Voir prix<\/a><\/td>\n<\/tr>\n<tr>\n<td><i class=\"fa fa-check-circle\" aria-hidden=\"true\"><\/i> Start\/stop system off<\/td>\n<td><a href=\"https:\/\/portal.ziptuning.com\/\" class=\"check-pricing\" target=\"_blank\" rel=\"noopener\">Voir tarifs<\/a><\/td>\n<\/tr>\n<tr>\n<td><i class=\"fa fa-check-circle\" aria-hidden=\"true\"><\/i> NOX off<\/td>\n<td><a href=\"https:\/\/portal.ziptuning.com\/\" class=\"check-pricing\" target=\"_blank\" rel=\"noopener\">Voir les prix<\/a><\/td>\n<\/tr>\n<tr>\n<td><i class=\"fa fa-check-circle\" aria-hidden=\"true\"><\/i> Maff off<\/td>\n<td><a href=\"https:\/\/portal.ziptuning.com\/\" class=\"check-pricing\" target=\"_blank\" rel=\"noopener\">Voir les prix<\/a><\/td>\n<\/tr>\n<tr>\n<td><i class=\"fa fa-check-circle\" aria-hidden=\"true\"><\/i> Flaps off<\/td>\n<td><a href=\"https:\/\/portal.ziptuning.com\/\" class=\"check-pricing\" target=\"_blank\" rel=\"noopener\">Voir les prix<\/a><\/td>\n<\/tr>\n<tr>\n<td><i class=\"fa fa-check-circle\" aria-hidden=\"true\"><\/i> Combinaison de fichiers d&rsquo;effacement<\/td>\n<td><a href=\"https:\/\/portal.ziptuning.com\/\" class=\"check-pricing\" target=\"_blank\" rel=\"noopener\">Voir prix<\/a><\/td>\n<\/tr>\n<\/tbody>\n<\/table>\n<table class=\"table table-striped\">\n<thead>\n<tr>\n<th>Autres fichiers<\/th>\n<th>Euro<\/th>\n<\/tr>\n<\/thead>\n<tbody>\n<tr>\n<td><i class=\"fa fa-check-circle\" aria-hidden=\"true\"><\/i> Fichiers de r\u00e9glage de l&rsquo;agriculture<\/td>\n<td><a href=\"https:\/\/portal.ziptuning.com\/\" class=\"check-pricing\" target=\"_blank\" rel=\"noopener\">Voir les prix<\/a><\/td>\n<\/tr>\n<tr>\n<td><i class=\"fa fa-check-circle\" aria-hidden=\"true\"><\/i> Fichiers de r\u00e9glage pour camions<\/td>\n<td><a href=\"https:\/\/portal.ziptuning.com\/\" class=\"check-pricing\" target=\"_blank\" rel=\"noopener\">Voir les prix<\/a><\/td>\n<\/tr>\n<tr>\n<td><i class=\"fa fa-check-circle\" aria-hidden=\"true\"><\/i> Fiches de r\u00e9glage moteur\/quad<\/td>\n<td><a href=\"https:\/\/portal.ziptuning.com\/\" class=\"check-pricing\" target=\"_blank\" rel=\"noopener\">Voir les prix<\/a><\/td>\n<\/tr>\n<tr>\n<td><i class=\"fa fa-check-circle\" aria-hidden=\"true\"><\/i> Fiches de r\u00e9glage pour bateaux\/jetski<\/td>\n<td><a href=\"https:\/\/portal.ziptuning.com\/\" class=\"check-pricing\" target=\"_blank\" rel=\"noopener\">Voir les prix<\/a><\/td>\n<\/tr>\n<td><i class=\"fa fa-check-circle\" aria-hidden=\"true\"><\/i> NLS no lift shift<\/td>\n<td><a href=\"https:\/\/portal.ziptuning.com\/\" class=\"check-pricing\" target=\"_blank\" rel=\"noopener\">Voir les prix<\/a><\/td>\n<\/tr>\n<tr>\n<td><i class=\"fa fa-check-circle\" aria-hidden=\"true\"><\/i> Pop and bang (stage 1 \/ stage 2)<\/td>\n<td><a href=\"https:\/\/portal.ziptuning.com\/\" class=\"check-pricing\" target=\"_blank\" rel=\"noopener\">Voir le prix<\/a><\/td>\n<\/tr>\n<tr>\n<td><i class=\"fa fa-check-circle\" aria-hidden=\"true\"><\/i> Mise \u00e0 l&rsquo;\u00e9chelle de l&rsquo;injecteur\/MAF\/MAP\/autre<\/td>\n<td><a href=\"https:\/\/portal.ziptuning.com\/\" class=\"check-pricing\" target=\"_blank\" rel=\"noopener\">Sur demande<\/a><\/td>\n<\/tr>\n<tr>\n<td><i class=\"fa fa-check-circle\" aria-hidden=\"true\"><\/i> Correction du d\u00e9marrage \u00e0 chaud<\/td>\n<td><a href=\"https:\/\/portal.ziptuning.com\/\" class=\"check-pricing\" target=\"_blank\" rel=\"noopener\">Voir prix<\/a><\/td>\n<\/tr>\n<tr>\n<td><i class=\"fa fa-check-circle\" aria-hidden=\"true\"><\/i> D\u00e9marrage \u00e0 froid \/ arr\u00eat du chauffage du catalyseur<\/td>\n<td><a href=\"https:\/\/portal.ziptuning.com\/\" class=\"check-pricing\" target=\"_blank\" rel=\"noopener\">Voir prix<\/a><\/td>\n<\/tr>\n<tr>\n<td><i class=\"fa fa-check-circle\" aria-hidden=\"true\"><\/i> Commande de volet d&rsquo;\u00e9chappement<\/td>\n<td><a href=\"https:\/\/portal.ziptuning.com\/\" class=\"check-pricing\" target=\"_blank\" rel=\"noopener\">Voir le prix<\/a><\/td>\n<\/tr>\n<tr>\n<td><i class=\"fa fa-check-circle\" aria-hidden=\"true\"><\/i> Sportbutton tune<\/td>\n<td><a href=\"https:\/\/portal.ziptuning.com\/\" class=\"check-pricing\" target=\"_blank\" rel=\"noopener\">Voir le prix<\/a><\/td>\n<\/tr>\n<tr>\n<td><i class=\"fa fa-check-circle\" aria-hidden=\"true\"><\/i> Map switching<\/td>\n<td><a href=\"https:\/\/portal.ziptuning.com\/\" class=\"check-pricing\" target=\"_blank\" rel=\"noopener\">Voir les prix<\/a><\/td>\n<\/tr>\n<tr>\n<td><i class=\"fa fa-check-circle\" aria-hidden=\"true\"><\/i> Contr\u00f4le de lancement<\/td>\n<td><a href=\"https:\/\/portal.ziptuning.com\/\" class=\"check-pricing\" target=\"_blank\" rel=\"noopener\">Sur demande<\/a><\/td>\n<\/tr>\n<tr>\n<td><i class=\"fa fa-check-circle\" aria-hidden=\"true\"><\/i> Protection OBD<\/td>\n<td><a href=\"https:\/\/portal.ziptuning.com\/\" class=\"check-pricing\" target=\"_blank\" rel=\"noopener\">Voir les prix<\/a><\/td>\n<\/tr>\n<tr>\n<td><i class=\"fa fa-check-circle\" aria-hidden=\"true\"><\/i> Real antilag<\/td>\n<td><a href=\"https:\/\/portal.ziptuning.com\/\" class=\"check-pricing\" target=\"_blank\" rel=\"noopener\">Voir prix<\/a><\/td>\n<\/tr>\n<tr>\n<td><i class=\"fa fa-check-circle\" aria-hidden=\"true\"><\/i> Limite REV \/ RPM sup\u00e9rieure \/ inf\u00e9rieure<\/td>\n<td><a href=\"https:\/\/portal.ziptuning.com\/\" class=\"check-pricing\" target=\"_blank\" rel=\"noopener\">Voir le prix<\/a><\/td>\n<\/tr>\n<tr>\n<td><i class=\"fa fa-check-circle\" aria-hidden=\"true\"><\/i> Limiteur Hardcut<\/td>\n<td><a href=\"https:\/\/portal.ziptuning.com\/\" class=\"check-pricing\" target=\"_blank\" rel=\"noopener\">Voir le prix<\/a><\/td>\n<\/tr>\n<tr>\n<td><i class=\"fa fa-check-circle\" aria-hidden=\"true\"><\/i> Stage 1 ou 2 + e85<\/td>\n<td><a href=\"https:\/\/portal.ziptuning.com\/\" class=\"check-pricing\" target=\"_blank\" rel=\"noopener\">Voir le prix<\/a><\/td>\n<\/tr>\n<\/tbody>\n<\/table>\n<table class=\"table table-striped\">\n<thead>\n<tr>\n<th>Bo\u00eete de vitesses Tuning<\/th>\n<th>Euro<\/th>\n<\/tr>\n<\/thead>\n<tbody>\n<tr>\n<td><i class=\"fa fa-check-circle\" aria-hidden=\"true\"><\/i> Stage 1<span class=\"sub-services\">&#8211; Points de changement de vitesse optimis\u00e9s &#8211; Vitesses de changement de vitesse optimis\u00e9es &#8211; Limites de couple<\/span><\/td>\n<td><a href=\"https:\/\/portal.ziptuning.com\/\" class=\"check-pricing\" target=\"_blank\" rel=\"noopener\">Voir le prix<\/a><\/td>\n<\/tr>\n<tr>\n<td><i class=\"fa fa-check-circle\" aria-hidden=\"true\"><\/i> Stage 2<span class=\"sub-services\">&#8211; Points de passage optimis\u00e9s &#8211; Vitesses de passage optimis\u00e9es &#8211; Limites de couple &#8211; Contr\u00f4le du lancement &#8211; Limite de r\u00e9gime En option : &#8211; Passage manuel int\u00e9gral &#8211; Suppression du kick down &#8211; Freinage du pied gauche &#8211; Demande sp\u00e9ciale<\/span><\/td>\n<td><a href=\"https:\/\/portal.ziptuning.com\/\" class=\"check-pricing\" target=\"_blank\" rel=\"noopener\">Voir les tarifs<\/a><\/td>\n<\/tr>\n<tr>\n<td><i class=\"fa fa-check-circle\" aria-hidden=\"true\"><\/i> Phase 3<span class=\"sub-services\">&#8211; Tous les \u00e9l\u00e9ments de la phase 2 &#8211; Augmentation de la pression de serrage de l&#8217;embrayage<\/span><\/td>\n<td><a href=\"https:\/\/portal.ziptuning.com\/\" class=\"check-pricing\" target=\"_blank\" rel=\"noopener\">Voir le prix<\/a><\/td>\n<\/tr>\n<tr>\n<td><i class=\"fa fa-check-circle\" aria-hidden=\"true\"><\/i> R\u00e9solution des<span class=\"sub-services\"> probl\u00e8mes &#8211; R\u00e9solution des probl\u00e8mes de secousses \u00e0 bas r\u00e9gime &#8211; Demande sp\u00e9ciale<\/span><\/td>\n<td><a href=\"https:\/\/portal.ziptuning.com\/\" class=\"check-pricing\" target=\"_blank\" rel=\"noopener\">Sur demande<\/a><\/td>\n<\/tr>\n<\/tbody>\n<\/table>\n<table class=\"table table-striped\">\n<thead>\n<tr>\n<th>Fichiers originaux<\/th>\n<th>Euro<\/th>\n<\/tr>\n<\/thead>\n<tbody>\n<tr>\n<td><i class=\"fa fa-check-circle\" aria-hidden=\"true\"><\/i> Bac \u00e0 dossiers originaux \/ dossiers de stock<\/td>\n<td><a href=\"https:\/\/portal.ziptuning.com\/\" class=\"check-pricing\" target=\"_blank\" rel=\"noopener\">Voir les prix<\/a><\/td>\n<\/tr>\n<\/tbody>\n<\/table>\n<table class=\"table table-striped\">\n<thead>\n<tr>\n<th>Projets sp\u00e9ciaux<\/th>\n<th>Euro<\/th>\n<\/tr>\n<\/thead>\n<tbody>\n<tr>\n<td><i class=\"fa fa-check-circle\" aria-hidden=\"true\"><\/i> Projets sp\u00e9ciaux A<\/td>\n<td><a href=\"https:\/\/portal.ziptuning.com\/\" class=\"check-pricing\" target=\"_blank\" rel=\"noopener\">Voir le prix<\/a><\/td>\n<\/tr>\n<tr>\n<td><i class=\"fa fa-check-circle\" aria-hidden=\"true\"><\/i> Projets sp\u00e9ciaux B<\/td>\n<td><a href=\"https:\/\/portal.ziptuning.com\/\" class=\"check-pricing\" target=\"_blank\" rel=\"noopener\">Voir les prix<\/a><\/td>\n<\/tr>\n<tr>\n<td><i class=\"fa fa-check-circle\" aria-hidden=\"true\"><\/i> Projets sp\u00e9ciaux C<\/td>\n<td><a href=\"https:\/\/portal.ziptuning.com\/\" class=\"check-pricing\" target=\"_blank\" rel=\"noopener\">Voir les prix<\/a><\/td>\n<\/tr>\n<tr>\n<td><i class=\"fa fa-check-circle\" aria-hidden=\"true\"><\/i> Projets sp\u00e9ciaux D<\/td>\n<td><a href=\"https:\/\/portal.ziptuning.com\/\" class=\"check-pricing\" target=\"_blank\" rel=\"noopener\">Voir les prix<\/a><\/td>\n<\/tr>\n<td><i class=\"fa fa-check-circle\" aria-hidden=\"true\"><\/i> Projets sp\u00e9ciaux E<\/td>\n<td><a href=\"https:\/\/portal.ziptuning.com\/\" class=\"check-pricing\" target=\"_blank\" rel=\"noopener\">Voir les prix<\/a><\/td>\n<\/tr>\n<\/tbody>\n<\/table>\n<table class=\"table table-striped\">\n<thead>\n<tr>\n<th>Packs MAP<\/th>\n<th>Euro<\/th>\n<\/tr>\n<\/thead>\n<tbody>\n<tr>\n<td><i class=\"fa fa-check-circle\" aria-hidden=\"true\"><\/i> Pack de cartes limit\u00e9 + fichier de r\u00e9glage<\/td>\n<td><a href=\"https:\/\/portal.ziptuning.com\/\" class=\"check-pricing\" target=\"_blank\" rel=\"noopener\">Voir le prix<\/a><\/td>\n<\/tr>\n<tr>\n<td><i class=\"fa fa-check-circle\" aria-hidden=\"true\"><\/i> Super map pack (Damos)<\/td>\n<td><a href=\"https:\/\/portal.ziptuning.com\/\" class=\"check-pricing\" target=\"_blank\" rel=\"noopener\">Voir le prix<\/a><\/td>\n<\/tr>\n<tr>\n<td><i class=\"fa fa-check-circle\" aria-hidden=\"true\"><\/i> Fichiers de r\u00e9glage calcul\u00e9s<\/td>\n<td><a href=\"https:\/\/portal.ziptuning.com\/\" class=\"check-pricing\" target=\"_blank\" rel=\"noopener\">Voir les prix<\/a><\/td>\n<\/tr>\n<\/tbody>\n<\/table>\n<table class=\"table table-striped\">\n<thead>\n<tr>\n<th>EVC WINOLS Revendeur<\/th>\n<th>Euro<\/th>\n<\/tr>\n<\/thead>\n<tbody>\n<tr>\n<td><i class=\"fa fa-check-circle\" aria-hidden=\"true\"><\/i> 10 cr\u00e9dits OLSx<\/td>\n<td><a href=\"https:\/\/portal.ziptuning.com\/\" class=\"check-pricing\" target=\"_blank\" rel=\"noopener\">Voir les prix<\/a><\/td>\n<\/tr>\n<\/tbody>\n<\/table>\n","protected":false},"excerpt":{"rendered":"<p>M\u00e9thodes de paiement prises en charge Outils de r\u00e9glage Nous fournissons des fichiers et une assistance rapide pour les outils de r\u00e9glage suivants CMD Flashtec Autotuner Dimsport EVC Alientech Magic Frieling MPPS FGTech Byteshooter FEMTO VF2 Flasher Bitbox PCMFlash MMCFlash CMD Flashtec Autotuner Dimsport EVC Alientech Magic Bitbox Frieling MPPS FGTech Byteshooter FEMTO VF2 Flasher<\/p>\n","protected":false},"author":1,"featured_media":0,"parent":0,"menu_order":0,"comment_status":"closed","ping_status":"open","template":"","meta":{"_acf_changed":false,"footnotes":""},"class_list":["post-252973","page","type-page","status-publish","hentry"],"acf":[],"_links":{"self":[{"href":"https:\/\/www.ziptuning.com\/fr\/wp-json\/wp\/v2\/pages\/252973","targetHints":{"allow":["GET"]}}],"collection":[{"href":"https:\/\/www.ziptuning.com\/fr\/wp-json\/wp\/v2\/pages"}],"about":[{"href":"https:\/\/www.ziptuning.com\/fr\/wp-json\/wp\/v2\/types\/page"}],"author":[{"embeddable":true,"href":"https:\/\/www.ziptuning.com\/fr\/wp-json\/wp\/v2\/users\/1"}],"replies":[{"embeddable":true,"href":"https:\/\/www.ziptuning.com\/fr\/wp-json\/wp\/v2\/comments?post=252973"}],"version-history":[{"count":3,"href":"https:\/\/www.ziptuning.com\/fr\/wp-json\/wp\/v2\/pages\/252973\/revisions"}],"predecessor-version":[{"id":286976,"href":"https:\/\/www.ziptuning.com\/fr\/wp-json\/wp\/v2\/pages\/252973\/revisions\/286976"}],"wp:attachment":[{"href":"https:\/\/www.ziptuning.com\/fr\/wp-json\/wp\/v2\/media?parent=252973"}],"curies":[{"name":"wp","href":"https:\/\/api.w.org\/{rel}","templated":true}]}}