{"id":176574,"date":"2018-08-28T10:40:16","date_gmt":"2018-08-28T10:40:16","guid":{"rendered":"https:\/\/www.ziptuning.com\/?page_id=176574"},"modified":"2023-03-21T05:29:28","modified_gmt":"2023-03-21T05:29:28","slug":"hard-rev-cut","status":"publish","type":"page","link":"https:\/\/www.ziptuning.com\/fr\/tuning-file\/hard-rev-cut\/","title":{"rendered":"Hard Rev Cut"},"content":{"rendered":"<h2>Qu&rsquo;est-ce que la coupure dure du r\u00e9gime ?<\/h2>\n<p>Sur la plupart des voitures, l&rsquo;ECU est con\u00e7u pour r\u00e9duire la force d&rsquo;acc\u00e9l\u00e9ration lorsque le r\u00e9gime s&rsquo;approche du limiteur de vitesse. Cela signifie que l&rsquo;acc\u00e9l\u00e9ration est entrav\u00e9e dans cette plage de r\u00e9gime et que le moteur n&rsquo;exploite qu&rsquo;une partie de son potentiel.<img loading=\"lazy\" decoding=\"async\" src=\"https:\/\/www.ziptuning.com\/fr\/wp-content\/uploads\/sites\/8\/2023\/03\/hard-rev-cut.jpg\" alt=\"Hard Rev Cut - ziptuning\" width=\"1000\" height=\"594\" class=\"aligncenter size-full wp-image-268260\" \/>Notre Hard Rev Cut \u00e9limine cette r\u00e9duction de force. Il permet au moteur d&rsquo;atteindre le limiteur de r\u00e9gime sans perte de puissance. Cela signifie qu&rsquo;il n&rsquo;y a pas de perte de temps et que la puissance est utilis\u00e9e au maximum. Un autre avantage est que la sensation et la pr\u00e9diction de la ligne rouge sont bien meilleures. Vous avez un contr\u00f4le total sur votre moteur et vous \u00eates en mesure d&rsquo;utiliser tout son potentiel. Apr\u00e8s un peu de pratique, les conducteurs d\u00e9veloppent une sensation de la ligne rouge, qui est maintenant beaucoup plus facile \u00e0 distinguer, ce qui leur permet d&rsquo;utiliser chaque tour de vilebrequin pour am\u00e9liorer les performances. <\/p>\n<div class=\"call-to-action-box\">\n<div class=\"col\">\n<h3>Utilisez tout le potentiel de votre voiture \u00e0 haut r\u00e9gime avec notre r\u00e9glage Hard Rev Cut.<\/h3>\n<\/div>\n<div class=\"col\"><a href=\"https:\/\/portal.ziptuning.com\/register\" class=\"call-reg\" target=\"_blank\" rel=\"noopener\">S&rsquo;inscrire maintenant<\/a><span> ou avoir d\u00e9j\u00e0 un compte, <a href=\"https:\/\/portal.ziptuning.com\/\" class=\"call-login\" target=\"_blank\" rel=\"noopener\">se connecter maintenant<\/a><\/span><\/div>\n<\/div>\n","protected":false},"excerpt":{"rendered":"<p>Qu&rsquo;est-ce que la coupure dure du r\u00e9gime ? Sur la plupart des voitures, l&rsquo;ECU est con\u00e7u pour r\u00e9duire la force d&rsquo;acc\u00e9l\u00e9ration lorsque le r\u00e9gime s&rsquo;approche du limiteur de vitesse. Cela signifie que l&rsquo;acc\u00e9l\u00e9ration est entrav\u00e9e dans cette plage de r\u00e9gime et que le moteur n&rsquo;exploite qu&rsquo;une partie de son potentiel.Notre Hard Rev Cut \u00e9limine cette<\/p>\n","protected":false},"author":1,"featured_media":286889,"parent":83015,"menu_order":13,"comment_status":"closed","ping_status":"open","template":"","meta":{"_acf_changed":false,"footnotes":""},"class_list":["post-176574","page","type-page","status-publish","has-post-thumbnail","hentry"],"acf":[],"_links":{"self":[{"href":"https:\/\/www.ziptuning.com\/fr\/wp-json\/wp\/v2\/pages\/176574","targetHints":{"allow":["GET"]}}],"collection":[{"href":"https:\/\/www.ziptuning.com\/fr\/wp-json\/wp\/v2\/pages"}],"about":[{"href":"https:\/\/www.ziptuning.com\/fr\/wp-json\/wp\/v2\/types\/page"}],"author":[{"embeddable":true,"href":"https:\/\/www.ziptuning.com\/fr\/wp-json\/wp\/v2\/users\/1"}],"replies":[{"embeddable":true,"href":"https:\/\/www.ziptuning.com\/fr\/wp-json\/wp\/v2\/comments?post=176574"}],"version-history":[{"count":1,"href":"https:\/\/www.ziptuning.com\/fr\/wp-json\/wp\/v2\/pages\/176574\/revisions"}],"predecessor-version":[{"id":286888,"href":"https:\/\/www.ziptuning.com\/fr\/wp-json\/wp\/v2\/pages\/176574\/revisions\/286888"}],"up":[{"embeddable":true,"href":"https:\/\/www.ziptuning.com\/fr\/wp-json\/wp\/v2\/pages\/83015"}],"wp:featuredmedia":[{"embeddable":true,"href":"https:\/\/www.ziptuning.com\/fr\/wp-json\/wp\/v2\/media\/286889"}],"wp:attachment":[{"href":"https:\/\/www.ziptuning.com\/fr\/wp-json\/wp\/v2\/media?parent=176574"}],"curies":[{"name":"wp","href":"https:\/\/api.w.org\/{rel}","templated":true}]}}