{"id":176572,"date":"2018-08-28T10:37:24","date_gmt":"2018-08-28T10:37:24","guid":{"rendered":"https:\/\/www.ziptuning.com\/?page_id=176572"},"modified":"2023-03-21T05:29:28","modified_gmt":"2023-03-21T05:29:28","slug":"no-lift-shift-nls-manual-transmission","status":"publish","type":"page","link":"https:\/\/www.ziptuning.com\/fr\/tuning-file\/no-lift-shift-nls-manual-transmission\/","title":{"rendered":"Changement de vitesse sans levage\/NLS (bo\u00eete de vitesses manuelle)"},"content":{"rendered":"<p>Lors du passage d&rsquo;une bo\u00eete de vitesses manuelle, il faut lever le pied de l&rsquo;acc\u00e9l\u00e9rateur \u00e0 chaque fois que l&rsquo;on appuie sur l&#8217;embrayage, puis appuyer \u00e0 nouveau sur l&rsquo;acc\u00e9l\u00e9rateur lorsque l&rsquo;on enfonce la p\u00e9dale d&#8217;embrayage. Quelle que soit la comp\u00e9tence du conducteur, il est in\u00e9vitable qu&rsquo;il perde du temps et de l&rsquo;\u00e9lan au cours de ce processus. Si seulement le conducteur pouvait maintenir l&rsquo;acc\u00e9l\u00e9rateur enfonc\u00e9 tout le temps et se concentrer uniquement sur le changement de vitesse. Eh bien, c&rsquo;est possible &#8211; avec le r\u00e9glage No-Lift Shift\/NLS ! Le r\u00e9glage No-Lift Shift (NLS) vous permet de changer de vitesse sans lever le pied de la p\u00e9dale d&rsquo;acc\u00e9l\u00e9rateur, m\u00eame lorsque vous appuyez sur l&#8217;embrayage et que vous changez de vitesse. Tous les contr\u00f4les de boost et les limitations de r\u00e9gime sont effectu\u00e9s par l&rsquo;ECU. Vous pouvez ainsi profiter des temps de passage de vitesse les plus rapides, d&rsquo;une acc\u00e9l\u00e9ration in\u00e9gal\u00e9e et d&rsquo;un contr\u00f4le et d&rsquo;une s\u00e9curit\u00e9 totaux pour vos pi\u00e8ces en m\u00eame temps.<\/p>\n<div class=\"call-to-action-box\">\n<div class=\"col\">\n<h3>Profitez d&rsquo;une acc\u00e9l\u00e9ration fulgurante avec votre bo\u00eete de vitesses manuelle gr\u00e2ce \u00e0 notre r\u00e9glage NLS.<\/h3>\n<\/div>\n<div class=\"col\"><a href=\"https:\/\/portal.ziptuning.com\/register\" class=\"call-reg\" target=\"_blank\" rel=\"noopener\">S&rsquo;inscrire maintenant<\/a><span> ou avoir d\u00e9j\u00e0 un compte, <a href=\"https:\/\/portal.ziptuning.com\/\" class=\"call-login\" target=\"_blank\" rel=\"noopener\">se connecter maintenant<\/a><\/span><\/div>\n<\/div>\n","protected":false},"excerpt":{"rendered":"<p>Lors du passage d&rsquo;une bo\u00eete de vitesses manuelle, il faut lever le pied de l&rsquo;acc\u00e9l\u00e9rateur \u00e0 chaque fois que l&rsquo;on appuie sur l&#8217;embrayage, puis appuyer \u00e0 nouveau sur l&rsquo;acc\u00e9l\u00e9rateur lorsque l&rsquo;on enfonce la p\u00e9dale d&#8217;embrayage. Quelle que soit la comp\u00e9tence du conducteur, il est in\u00e9vitable qu&rsquo;il perde du temps et de l&rsquo;\u00e9lan au cours de<\/p>\n","protected":false},"author":1,"featured_media":0,"parent":83015,"menu_order":12,"comment_status":"closed","ping_status":"open","template":"","meta":{"_acf_changed":false,"footnotes":""},"class_list":["post-176572","page","type-page","status-publish","hentry"],"acf":[],"_links":{"self":[{"href":"https:\/\/www.ziptuning.com\/fr\/wp-json\/wp\/v2\/pages\/176572","targetHints":{"allow":["GET"]}}],"collection":[{"href":"https:\/\/www.ziptuning.com\/fr\/wp-json\/wp\/v2\/pages"}],"about":[{"href":"https:\/\/www.ziptuning.com\/fr\/wp-json\/wp\/v2\/types\/page"}],"author":[{"embeddable":true,"href":"https:\/\/www.ziptuning.com\/fr\/wp-json\/wp\/v2\/users\/1"}],"replies":[{"embeddable":true,"href":"https:\/\/www.ziptuning.com\/fr\/wp-json\/wp\/v2\/comments?post=176572"}],"version-history":[{"count":1,"href":"https:\/\/www.ziptuning.com\/fr\/wp-json\/wp\/v2\/pages\/176572\/revisions"}],"predecessor-version":[{"id":286887,"href":"https:\/\/www.ziptuning.com\/fr\/wp-json\/wp\/v2\/pages\/176572\/revisions\/286887"}],"up":[{"embeddable":true,"href":"https:\/\/www.ziptuning.com\/fr\/wp-json\/wp\/v2\/pages\/83015"}],"wp:attachment":[{"href":"https:\/\/www.ziptuning.com\/fr\/wp-json\/wp\/v2\/media?parent=176572"}],"curies":[{"name":"wp","href":"https:\/\/api.w.org\/{rel}","templated":true}]}}