{"id":176568,"date":"2018-08-28T10:28:11","date_gmt":"2018-08-28T10:28:11","guid":{"rendered":"https:\/\/www.ziptuning.com\/?page_id=176568"},"modified":"2023-03-21T05:29:26","modified_gmt":"2023-03-21T05:29:26","slug":"start-stop-deactivation","status":"publish","type":"page","link":"https:\/\/www.ziptuning.com\/fr\/tuning-file\/start-stop-deactivation\/","title":{"rendered":"D\u00e9sactivation du syst\u00e8me Start-Stop"},"content":{"rendered":"<p>Le syst\u00e8me Start-Stop est con\u00e7u pour am\u00e9liorer le rendement \u00e9nerg\u00e9tique en ville, lorsque vous passez beaucoup de temps \u00e0 l&rsquo;arr\u00eat au feu rouge. Il arr\u00eate votre voiture et la red\u00e9marre automatiquement lorsque vous appuyez sur la p\u00e9dale d&rsquo;acc\u00e9l\u00e9rateur. Cependant, de nombreuses personnes le trouvent trop intrusif et ennuyeux et, dans de nombreuses voitures, il ne peut pas \u00eatre d\u00e9sactiv\u00e9. En outre, dans certaines applications, le red\u00e9marrage est trop lent, ce qui est frustrant m\u00eame dans des conditions de conduite quotidienne.<img loading=\"lazy\" decoding=\"async\" src=\"https:\/\/www.ziptuning.com\/fr\/wp-content\/uploads\/sites\/8\/2023\/03\/start-stop-deactivation-1.jpg\" alt=\"Start-Stop Deactivation\" width=\"1000\" height=\"665\" class=\"aligncenter size-full wp-image-268257\" \/>Enfin, si vous faites de la course, vos performances sont grandement entrav\u00e9es par le syst\u00e8me start-stop. Il augmente les temps de r\u00e9action et de mont\u00e9e en r\u00e9gime, ce qui vous ralentit. C&rsquo;est pourquoi la d\u00e9sactivation du syst\u00e8me start-stop est indispensable pour tous les coureurs. Aucun v\u00e9hicule performant ne devrait \u00eatre g\u00ean\u00e9 par ce syst\u00e8me.<\/p>\n<div class=\"call-to-action-box\">\n<div class=\"col\">\n<h3>D\u00e9sactivez votre syst\u00e8me start-stop<\/h3>\n<\/div>\n<div class=\"col\"><a href=\"https:\/\/portal.ziptuning.com\/register\" class=\"call-reg\" target=\"_blank\" rel=\"noopener\">S&rsquo;inscrire maintenant<\/a><span> ou avoir d\u00e9j\u00e0 un compte, <a href=\"https:\/\/portal.ziptuning.com\/\" class=\"call-login\" target=\"_blank\" rel=\"noopener\">se connecter maintenant<\/a><\/span><\/div>\n<\/div>\n","protected":false},"excerpt":{"rendered":"<p>Le syst\u00e8me Start-Stop est con\u00e7u pour am\u00e9liorer le rendement \u00e9nerg\u00e9tique en ville, lorsque vous passez beaucoup de temps \u00e0 l&rsquo;arr\u00eat au feu rouge. Il arr\u00eate votre voiture et la red\u00e9marre automatiquement lorsque vous appuyez sur la p\u00e9dale d&rsquo;acc\u00e9l\u00e9rateur. Cependant, de nombreuses personnes le trouvent trop intrusif et ennuyeux et, dans de nombreuses voitures, il ne<\/p>\n","protected":false},"author":1,"featured_media":286885,"parent":83015,"menu_order":10,"comment_status":"closed","ping_status":"open","template":"","meta":{"_acf_changed":false,"footnotes":""},"class_list":["post-176568","page","type-page","status-publish","has-post-thumbnail","hentry"],"acf":[],"_links":{"self":[{"href":"https:\/\/www.ziptuning.com\/fr\/wp-json\/wp\/v2\/pages\/176568","targetHints":{"allow":["GET"]}}],"collection":[{"href":"https:\/\/www.ziptuning.com\/fr\/wp-json\/wp\/v2\/pages"}],"about":[{"href":"https:\/\/www.ziptuning.com\/fr\/wp-json\/wp\/v2\/types\/page"}],"author":[{"embeddable":true,"href":"https:\/\/www.ziptuning.com\/fr\/wp-json\/wp\/v2\/users\/1"}],"replies":[{"embeddable":true,"href":"https:\/\/www.ziptuning.com\/fr\/wp-json\/wp\/v2\/comments?post=176568"}],"version-history":[{"count":1,"href":"https:\/\/www.ziptuning.com\/fr\/wp-json\/wp\/v2\/pages\/176568\/revisions"}],"predecessor-version":[{"id":286884,"href":"https:\/\/www.ziptuning.com\/fr\/wp-json\/wp\/v2\/pages\/176568\/revisions\/286884"}],"up":[{"embeddable":true,"href":"https:\/\/www.ziptuning.com\/fr\/wp-json\/wp\/v2\/pages\/83015"}],"wp:featuredmedia":[{"embeddable":true,"href":"https:\/\/www.ziptuning.com\/fr\/wp-json\/wp\/v2\/media\/286885"}],"wp:attachment":[{"href":"https:\/\/www.ziptuning.com\/fr\/wp-json\/wp\/v2\/media?parent=176568"}],"curies":[{"name":"wp","href":"https:\/\/api.w.org\/{rel}","templated":true}]}}