{"id":176561,"date":"2018-08-28T10:19:14","date_gmt":"2018-08-28T10:19:14","guid":{"rendered":"https:\/\/www.ziptuning.com\/?page_id=176561"},"modified":"2023-03-21T05:29:26","modified_gmt":"2023-03-21T05:29:26","slug":"exhaust-flap-control-tuning","status":"publish","type":"page","link":"https:\/\/www.ziptuning.com\/fr\/tuning-file\/exhaust-flap-control-tuning\/","title":{"rendered":"R\u00e9glage de la commande des volets d&rsquo;\u00e9chappement"},"content":{"rendered":"<p>La commande de clapet d&rsquo;\u00e9chappement vous permet de mieux contr\u00f4ler le son de votre voiture. Vous vous \u00e9loignez par un petit matin tranquille et vous ne voulez pas r\u00e9veiller tout le monde autour de vous, ou vous voulez faire conna\u00eetre votre pr\u00e9sence ? Vous \u00eates sur une autoroute paisible avec un enfant endormi \u00e0 l&rsquo;arri\u00e8re, ou seul dans votre voiture sur un circuit de course ? Cette fonction de contr\u00f4le vous permet d&rsquo;utiliser la m\u00eame voiture dans toutes ces situations sans aucun compromis. Elle vous permet de modifier l&rsquo;ouverture et la fermeture du clapet d&rsquo;\u00e9chappement et donc de choisir facilement entre des gargouillis discrets du moteur et des rugissements de b\u00eate selon l&rsquo;occasion que vous avez. <\/p>\n<p>Lorsque le volet d&rsquo;\u00e9chappement est ferm\u00e9, l&rsquo;\u00e9chappement est en mode plus civilis\u00e9. En revanche, lorsque vous ouvrez le volet, le flux n&rsquo;est aucunement entrav\u00e9 et l&rsquo;\u00e9chappement est dans son mode de rugissement le plus agressif. <\/p>\n<div class=\"call-to-action-box\">\n<div class=\"col\">\n<h3>Obtenez la meilleure bande-son d&rsquo;\u00e9chappement pour chaque occasion avec notre r\u00e9glage de volet d&rsquo;\u00e9chappement.<\/h3>\n<\/div>\n<div class=\"col\"><a href=\"https:\/\/portal.ziptuning.com\/register\" class=\"call-reg\" target=\"_blank\" rel=\"noopener\">S&rsquo;inscrire maintenant<\/a><span> ou avoir d\u00e9j\u00e0 un compte, <a href=\"https:\/\/portal.ziptuning.com\/\" class=\"call-login\" target=\"_blank\" rel=\"noopener\">se connecter maintenant<\/a><\/span><\/div>\n<\/div>\n","protected":false},"excerpt":{"rendered":"<p>La commande de clapet d&rsquo;\u00e9chappement vous permet de mieux contr\u00f4ler le son de votre voiture. Vous vous \u00e9loignez par un petit matin tranquille et vous ne voulez pas r\u00e9veiller tout le monde autour de vous, ou vous voulez faire conna\u00eetre votre pr\u00e9sence ? Vous \u00eates sur une autoroute paisible avec un enfant endormi \u00e0 l&rsquo;arri\u00e8re,<\/p>\n","protected":false},"author":1,"featured_media":0,"parent":83015,"menu_order":9,"comment_status":"closed","ping_status":"open","template":"","meta":{"_acf_changed":false,"footnotes":""},"class_list":["post-176561","page","type-page","status-publish","hentry"],"acf":[],"_links":{"self":[{"href":"https:\/\/www.ziptuning.com\/fr\/wp-json\/wp\/v2\/pages\/176561","targetHints":{"allow":["GET"]}}],"collection":[{"href":"https:\/\/www.ziptuning.com\/fr\/wp-json\/wp\/v2\/pages"}],"about":[{"href":"https:\/\/www.ziptuning.com\/fr\/wp-json\/wp\/v2\/types\/page"}],"author":[{"embeddable":true,"href":"https:\/\/www.ziptuning.com\/fr\/wp-json\/wp\/v2\/users\/1"}],"replies":[{"embeddable":true,"href":"https:\/\/www.ziptuning.com\/fr\/wp-json\/wp\/v2\/comments?post=176561"}],"version-history":[{"count":1,"href":"https:\/\/www.ziptuning.com\/fr\/wp-json\/wp\/v2\/pages\/176561\/revisions"}],"predecessor-version":[{"id":286883,"href":"https:\/\/www.ziptuning.com\/fr\/wp-json\/wp\/v2\/pages\/176561\/revisions\/286883"}],"up":[{"embeddable":true,"href":"https:\/\/www.ziptuning.com\/fr\/wp-json\/wp\/v2\/pages\/83015"}],"wp:attachment":[{"href":"https:\/\/www.ziptuning.com\/fr\/wp-json\/wp\/v2\/media?parent=176561"}],"curies":[{"name":"wp","href":"https:\/\/api.w.org\/{rel}","templated":true}]}}