{"id":159491,"date":"2018-08-27T05:53:52","date_gmt":"2018-08-27T05:53:52","guid":{"rendered":"https:\/\/www.ziptuning.com\/dev\/?page_id=159491"},"modified":"2023-03-21T05:29:26","modified_gmt":"2023-03-21T05:29:26","slug":"privacy-policy","status":"publish","type":"page","link":"https:\/\/www.ziptuning.com\/fr\/privacy-policy\/","title":{"rendered":"POLITIQUE DE CONFIDENTIALIT\u00c9"},"content":{"rendered":"<h2><strong>Politique de confidentialit\u00e9 de ZIPtuning.com<\/strong><\/h2>\n<div>Cette politique de confidentialit\u00e9 d\u00e9finit la mani\u00e8re dont ASA B.V. utilise et prot\u00e8ge les informations que vous lui communiquez lorsque vous utilisez ce site web. ASA B.V. s&rsquo;engage \u00e0 assurer la protection de votre vie priv\u00e9e. Si nous vous demandons de fournir certaines informations permettant de vous identifier lors de l&rsquo;utilisation de ce site web, vous pouvez \u00eatre assur\u00e9 qu&rsquo;elles ne seront utilis\u00e9es que conform\u00e9ment \u00e0 la pr\u00e9sente d\u00e9claration de confidentialit\u00e9. ASA B.V. peut modifier cette politique de temps \u00e0 autre en mettant \u00e0 jour cette page. Nous vous conseillons de consulter cette page de temps \u00e0 autre pour vous assurer que vous \u00eates d&rsquo;accord avec les changements \u00e9ventuels.<\/div>\n<h3>Ce que nous collectons<\/h3>\n<div>Nous pouvons recueillir les informations suivantes :<\/div>\n<ul>\n<li>le nom<\/li>\n<li>Informations de contact, y compris l&rsquo;adresse \u00e9lectronique<\/li>\n<li>Informations d\u00e9mographiques telles que le code postal, les pr\u00e9f\u00e9rences et les centres d&rsquo;int\u00e9r\u00eat<\/li>\n<li>Autres informations pertinentes pour les enqu\u00eates et\/ou les offres destin\u00e9es aux clients<\/li>\n<li>Pour une liste exhaustive des cookies que nous collectons, voir la section Liste des cookies que nous collectons.<\/li>\n<\/ul>\n<h3>Que faisons-nous des informations que nous recueillons ?<\/h3>\n<div>Nous avons besoin de ces informations pour comprendre vos besoins et vous fournir un meilleur service, notamment pour les raisons suivantes :<\/div>\n<ul>\n<li>Tenue de registres internes.<\/li>\n<li>Nous pouvons utiliser ces informations pour am\u00e9liorer nos produits et services.<\/li>\n<li>Nous pouvons p\u00e9riodiquement envoyer des courriels promotionnels sur de nouveaux produits, des offres sp\u00e9ciales ou d&rsquo;autres informations que nous pensons susceptibles de vous int\u00e9resser, en utilisant l&rsquo;adresse \u00e9lectronique que vous nous avez fournie.<\/li>\n<li>De temps \u00e0 autre, nous pouvons \u00e9galement utiliser vos informations pour vous contacter \u00e0 des fins d&rsquo;\u00e9tude de march\u00e9. Nous pouvons vous contacter par courrier \u00e9lectronique, par t\u00e9l\u00e9phone, par t\u00e9l\u00e9copie ou par courrier. Nous pouvons utiliser ces informations pour personnaliser le site web en fonction de vos int\u00e9r\u00eats.<\/li>\n<\/ul>\n<h3>S\u00e9curit\u00e9<\/h3>\n<div>Nous nous engageons \u00e0 garantir la s\u00e9curit\u00e9 de vos informations. Afin d&#8217;emp\u00eacher tout acc\u00e8s ou toute divulgation non autoris\u00e9s, nous avons mis en place des proc\u00e9dures physiques, \u00e9lectroniques et de gestion appropri\u00e9es pour sauvegarder et s\u00e9curiser les informations que nous recueillons en ligne.<\/div>\n<h3>Comment nous utilisons les cookies<\/h3>\n<div>Un cookie est un petit fichier qui demande la permission d&rsquo;\u00eatre plac\u00e9 sur le disque dur de votre ordinateur. Une fois que vous avez donn\u00e9 votre accord, le fichier est ajout\u00e9 et le cookie aide \u00e0 analyser le trafic web ou vous permet de savoir quand vous visitez un site particulier. Les cookies permettent aux applications web de vous r\u00e9pondre en tant qu&rsquo;individu. L&rsquo;application web peut adapter ses op\u00e9rations \u00e0 vos besoins, \u00e0 vos go\u00fbts et \u00e0 vos aversions en recueillant et en m\u00e9morisant des informations sur vos pr\u00e9f\u00e9rences.<\/div>\n<div><\/div>\n<div>Nous utilisons des cookies de journal de trafic pour identifier les pages qui sont utilis\u00e9es. Cela nous aide \u00e0 analyser les donn\u00e9es relatives au trafic des pages web et \u00e0 am\u00e9liorer notre site web afin de l&rsquo;adapter aux besoins des clients. Nous n&rsquo;utilisons ces informations qu&rsquo;\u00e0 des fins d&rsquo;analyse statistique et les donn\u00e9es sont ensuite supprim\u00e9es du syst\u00e8me.<\/div>\n<div><\/div>\n<div>Dans l&rsquo;ensemble, les cookies nous aident \u00e0 vous fournir un meilleur site web, en nous permettant de surveiller les pages que vous trouvez utiles et celles qui ne le sont pas. Un cookie ne nous donne en aucun cas acc\u00e8s \u00e0 votre ordinateur ni \u00e0 aucune information vous concernant, \u00e0 l&rsquo;exception des donn\u00e9es que vous choisissez de partager avec nous. Vous pouvez choisir d&rsquo;accepter ou de refuser les cookies. La plupart des navigateurs web acceptent automatiquement les cookies, mais vous pouvez g\u00e9n\u00e9ralement modifier les param\u00e8tres de votre navigateur pour refuser les cookies si vous le souhaitez. Cela peut vous emp\u00eacher de profiter pleinement du site web.<\/div>\n<h3>Liens vers d&rsquo;autres sites web<\/h3>\n<div>Notre site web peut contenir des liens vers d&rsquo;autres sites web int\u00e9ressants. Cependant, une fois que vous avez utilis\u00e9 ces liens pour quitter notre site, vous devez savoir que nous n&rsquo;avons aucun contr\u00f4le sur cet autre site web. Par cons\u00e9quent, nous ne pouvons \u00eatre tenus responsables de la protection et de la confidentialit\u00e9 des informations que vous fournissez lorsque vous visitez ces sites et ces sites ne sont pas r\u00e9gis par la pr\u00e9sente d\u00e9claration de confidentialit\u00e9. Vous devez faire preuve de prudence et consulter la d\u00e9claration de confidentialit\u00e9 applicable au site web en question.<\/div>\n<h3>Contr\u00f4le de vos informations personnelles<\/h3>\n<div>Vous pouvez choisir de restreindre la collecte ou l&rsquo;utilisation de vos informations personnelles de la mani\u00e8re suivante :<\/div>\n<ul>\n<li>chaque fois qu&rsquo;il vous est demand\u00e9 de remplir un formulaire sur le site web, cherchez la case \u00e0 cocher pour indiquer que vous ne voulez pas que les informations soient utilis\u00e9es par qui que ce soit \u00e0 des fins de marketing direct<\/li>\n<li>si vous avez d\u00e9j\u00e0 accept\u00e9 que nous utilisions vos informations personnelles \u00e0 des fins de marketing direct, vous pouvez changer d&rsquo;avis \u00e0 tout moment en nous \u00e9crivant ou en nous envoyant un courrier \u00e9lectronique \u00e0 l&rsquo;adresse files@ziptuning.com.<\/li>\n<\/ul>\n<p>Nous ne vendrons pas, ne distribuerons pas et ne louerons pas vos informations personnelles \u00e0 des tiers, sauf si nous avons votre permission ou si nous sommes tenus par la loi de le faire. Nous pouvons utiliser vos informations personnelles pour vous envoyer des informations promotionnelles sur des tiers que nous pensons susceptibles de vous int\u00e9resser, si vous nous en donnez l&rsquo;autorisation.<\/p>\n<div>Vous pouvez demander des d\u00e9tails sur les informations personnelles que nous d\u00e9tenons \u00e0 votre sujet en vertu de la loi sur la protection des donn\u00e9es de 1998. Une somme modique vous sera demand\u00e9e. Si vous souhaitez obtenir une copie des informations d\u00e9tenues sur vous, veuillez \u00e9crire \u00e0 Stadsring 157A, Amersfoort, Pays-Bas.<\/div>\n<div><\/div>\n<div>Si vous pensez que les informations que nous d\u00e9tenons sur vous sont incorrectes ou incompl\u00e8tes, veuillez nous \u00e9crire ou nous envoyer un courriel d\u00e8s que possible \u00e0 l&rsquo;adresse ci-dessus. Nous corrigerons rapidement toute information jug\u00e9e incorrecte.<\/div>\n","protected":false},"excerpt":{"rendered":"<p>Politique de confidentialit\u00e9 de ZIPtuning.com Cette politique de confidentialit\u00e9 d\u00e9finit la mani\u00e8re dont ASA B.V. utilise et prot\u00e8ge les informations que vous lui communiquez lorsque vous utilisez ce site web. ASA B.V. s&rsquo;engage \u00e0 assurer la protection de votre vie priv\u00e9e. Si nous vous demandons de fournir certaines informations permettant de vous identifier lors de<\/p>\n","protected":false},"author":1,"featured_media":0,"parent":0,"menu_order":0,"comment_status":"closed","ping_status":"open","template":"","meta":{"_acf_changed":false,"footnotes":""},"class_list":["post-159491","page","type-page","status-publish","hentry"],"acf":[],"_links":{"self":[{"href":"https:\/\/www.ziptuning.com\/fr\/wp-json\/wp\/v2\/pages\/159491","targetHints":{"allow":["GET"]}}],"collection":[{"href":"https:\/\/www.ziptuning.com\/fr\/wp-json\/wp\/v2\/pages"}],"about":[{"href":"https:\/\/www.ziptuning.com\/fr\/wp-json\/wp\/v2\/types\/page"}],"author":[{"embeddable":true,"href":"https:\/\/www.ziptuning.com\/fr\/wp-json\/wp\/v2\/users\/1"}],"replies":[{"embeddable":true,"href":"https:\/\/www.ziptuning.com\/fr\/wp-json\/wp\/v2\/comments?post=159491"}],"version-history":[{"count":1,"href":"https:\/\/www.ziptuning.com\/fr\/wp-json\/wp\/v2\/pages\/159491\/revisions"}],"predecessor-version":[{"id":286875,"href":"https:\/\/www.ziptuning.com\/fr\/wp-json\/wp\/v2\/pages\/159491\/revisions\/286875"}],"wp:attachment":[{"href":"https:\/\/www.ziptuning.com\/fr\/wp-json\/wp\/v2\/media?parent=159491"}],"curies":[{"name":"wp","href":"https:\/\/api.w.org\/{rel}","templated":true}]}}