{"id":86900,"date":"2018-08-06T10:33:14","date_gmt":"2018-08-06T10:33:14","guid":{"rendered":"https:\/\/www.ziptuning.com\/dev\/?page_id=86900"},"modified":"2023-03-15T10:58:13","modified_gmt":"2023-03-15T10:58:13","slug":"ecu-upgrade","status":"publish","type":"page","link":"https:\/\/www.ziptuning.com\/es\/ecu-upgrade\/","title":{"rendered":"Actualizaci\u00f3n de la ECU"},"content":{"rendered":"<p>\u00bfBusca una actualizaci\u00f3n de la ECU? Tenemos una amplia base de datos para elegir. Tenemos una de las mayores bases de datos de archivos de actualizaci\u00f3n de ECU para un gran n\u00famero de veh\u00edculos e incluso las \u00faltimas ECUs y las tecnolog\u00edas m\u00e1s modernas, incluyendo el protocolo SENT. La formaci\u00f3n constante, la mejora y la innovaci\u00f3n nos permite mantenernos por delante de la competencia en el mundo del tuning. Adem\u00e1s, nuestros archivos de tuning est\u00e1n dentro de los l\u00edmites de seguridad para todos los componentes de hardware. Mientras desarrollamos los archivos de actualizaci\u00f3n de la ECU controlamos cuidadosamente todos los aspectos, temperaturas, presiones, mediciones de gases, niveles de estr\u00e9s y el resto. Esto asegura actualizaciones de alta calidad sin peligro de da\u00f1ar ninguna pieza debido al tuning, siempre que las piezas y sistemas del coche en cuesti\u00f3n est\u00e9n en buenas condiciones. Nuestros archivos de tuning est\u00e1n dise\u00f1ados para proporcionar la mejor mejora de conducci\u00f3n en todas las aplicaciones, no s\u00f3lo en WOT (Wide Open Throttle). Esto resulta en una notable mejora en la conducci\u00f3n en todos los reg\u00edmenes. Si usted est\u00e1 en necesidad de herramientas de ajuste fiables para utilizar nuestros archivos de actualizaci\u00f3n de la ECU con, ofrecemos una serie de herramientas de ajuste originales. NO vendemos herramientas clonadas y desaconsejamos su uso.<a class=\"btn btn-warning ecu-download-link\" href=\"https:\/\/www.ziptuning.com\/specifications\/\">Haga clic aqu\u00ed para consultar nuestra base de datos <\/a>.<\/p>\n","protected":false},"excerpt":{"rendered":"<p>\u00bfBusca una actualizaci\u00f3n de la ECU? Tenemos una amplia base de datos para elegir. Tenemos una de las mayores bases de datos de archivos de actualizaci\u00f3n de ECU para un gran n\u00famero de veh\u00edculos e incluso las \u00faltimas ECUs y las tecnolog\u00edas m\u00e1s modernas, incluyendo el protocolo SENT. La formaci\u00f3n constante, la mejora y la<\/p>\n","protected":false},"author":1,"featured_media":0,"parent":0,"menu_order":0,"comment_status":"closed","ping_status":"closed","template":"","meta":{"_acf_changed":false,"footnotes":""},"class_list":["post-86900","page","type-page","status-publish","hentry"],"acf":[],"_links":{"self":[{"href":"https:\/\/www.ziptuning.com\/es\/wp-json\/wp\/v2\/pages\/86900","targetHints":{"allow":["GET"]}}],"collection":[{"href":"https:\/\/www.ziptuning.com\/es\/wp-json\/wp\/v2\/pages"}],"about":[{"href":"https:\/\/www.ziptuning.com\/es\/wp-json\/wp\/v2\/types\/page"}],"author":[{"embeddable":true,"href":"https:\/\/www.ziptuning.com\/es\/wp-json\/wp\/v2\/users\/1"}],"replies":[{"embeddable":true,"href":"https:\/\/www.ziptuning.com\/es\/wp-json\/wp\/v2\/comments?post=86900"}],"version-history":[{"count":1,"href":"https:\/\/www.ziptuning.com\/es\/wp-json\/wp\/v2\/pages\/86900\/revisions"}],"predecessor-version":[{"id":286867,"href":"https:\/\/www.ziptuning.com\/es\/wp-json\/wp\/v2\/pages\/86900\/revisions\/286867"}],"wp:attachment":[{"href":"https:\/\/www.ziptuning.com\/es\/wp-json\/wp\/v2\/media?parent=86900"}],"curies":[{"name":"wp","href":"https:\/\/api.w.org\/{rel}","templated":true}]}}