{"id":86898,"date":"2018-08-06T10:32:32","date_gmt":"2018-08-06T10:32:32","guid":{"rendered":"https:\/\/www.ziptuning.com\/dev\/?page_id=86898"},"modified":"2023-03-15T10:58:13","modified_gmt":"2023-03-15T10:58:13","slug":"ecu-recovery-support","status":"publish","type":"page","link":"https:\/\/www.ziptuning.com\/es\/ecu-recovery-support\/","title":{"rendered":"Ayuda a la recuperaci\u00f3n de la ECU"},"content":{"rendered":"<h2>Recuperaci\u00f3n de ECU con problemas despu\u00e9s de flashear<\/h2>\n<p>Desafortunadamente sucede que la ECU no responde m\u00e1s despu\u00e9s de flashear el coche. Esto puede ser causado por una serie de razones, tales como c\u00e1lculos err\u00f3neos de la suma de comprobaci\u00f3n o protocolos de flasheo inadecuados de las herramientas de tuning. En este caso, la recuperaci\u00f3n de la ECU es la \u00fanica soluci\u00f3n. Podemos restaurar cada ECU a su configuraci\u00f3n original y hacer que funcione de nuevo dentro del coche. Este servicio es gratuito para todos nuestros concesionarios*.<\/p>\n<h2>Recuperaci\u00f3n de ECU con problemas despu\u00e9s de Bootmode<\/h2>\n<p>Incluso con las habilidades adecuadas para abrir la ECU y las t\u00e9cnicas apropiadas de soldadura SMD, puede ocurrir que una ECU se da\u00f1e o se destruya despu\u00e9s de la programaci\u00f3n en bootmode. Para la mayor\u00eda de los sintonizadores este es un problema que perjudica en gran medida la reputaci\u00f3n, as\u00ed como los ingresos. ZIP Tuning resuelve este problema para usted. Podemos reparar y restaurar muchos problemas o puede suministrarle una ECU nueva o reacondicionada. El coste de este servicio depende del tipo de la ECU y el tipo de problema en cuesti\u00f3n. Este servicio s\u00f3lo est\u00e1 disponible para nuestros distribuidores*. *Un distribuidor es un usuario registrado de nuestro sitio web con una cuenta de empresa que ha comprado al menos 500 cr\u00e9ditos en el \u00faltimo a\u00f1o.<\/p>\n<div class=\"call-to-action-box\">\n<div class=\"col\">\n<h3>\u00bfNecesita ayuda con la recuperaci\u00f3n de la ECU?<\/h3>\n<\/div>\n<div class=\"col\"><a href=\"https:\/\/portal.ziptuning.com\/register\" class=\"call-reg\" target=\"_blank\" rel=\"noopener\">Reg\u00edstrese ahora<\/a><span> o Ya tiene una cuenta, <a href=\"https:\/\/portal.ziptuning.com\/\" class=\"call-login\" target=\"_blank\" rel=\"noopener\">Inicie sesi\u00f3n ahora<\/a><\/span><\/div>\n<\/div>\n","protected":false},"excerpt":{"rendered":"<p>Recuperaci\u00f3n de ECU con problemas despu\u00e9s de flashear Desafortunadamente sucede que la ECU no responde m\u00e1s despu\u00e9s de flashear el coche. Esto puede ser causado por una serie de razones, tales como c\u00e1lculos err\u00f3neos de la suma de comprobaci\u00f3n o protocolos de flasheo inadecuados de las herramientas de tuning. En este caso, la recuperaci\u00f3n de<\/p>\n","protected":false},"author":1,"featured_media":0,"parent":0,"menu_order":0,"comment_status":"closed","ping_status":"closed","template":"","meta":{"_acf_changed":false,"footnotes":""},"class_list":["post-86898","page","type-page","status-publish","hentry"],"acf":[],"_links":{"self":[{"href":"https:\/\/www.ziptuning.com\/es\/wp-json\/wp\/v2\/pages\/86898","targetHints":{"allow":["GET"]}}],"collection":[{"href":"https:\/\/www.ziptuning.com\/es\/wp-json\/wp\/v2\/pages"}],"about":[{"href":"https:\/\/www.ziptuning.com\/es\/wp-json\/wp\/v2\/types\/page"}],"author":[{"embeddable":true,"href":"https:\/\/www.ziptuning.com\/es\/wp-json\/wp\/v2\/users\/1"}],"replies":[{"embeddable":true,"href":"https:\/\/www.ziptuning.com\/es\/wp-json\/wp\/v2\/comments?post=86898"}],"version-history":[{"count":1,"href":"https:\/\/www.ziptuning.com\/es\/wp-json\/wp\/v2\/pages\/86898\/revisions"}],"predecessor-version":[{"id":286866,"href":"https:\/\/www.ziptuning.com\/es\/wp-json\/wp\/v2\/pages\/86898\/revisions\/286866"}],"wp:attachment":[{"href":"https:\/\/www.ziptuning.com\/es\/wp-json\/wp\/v2\/media?parent=86898"}],"curies":[{"name":"wp","href":"https:\/\/api.w.org\/{rel}","templated":true}]}}