{"id":86754,"date":"2018-08-01T08:11:45","date_gmt":"2018-08-01T08:11:45","guid":{"rendered":"https:\/\/www.ziptuning.com\/dev\/?page_id=86754"},"modified":"2023-03-15T10:58:11","modified_gmt":"2023-03-15T10:58:11","slug":"how-to-use-file-service","status":"publish","type":"page","link":"https:\/\/www.ziptuning.com\/es\/tuning-file\/file-service\/how-to-use-file-service\/","title":{"rendered":"C\u00f3mo utilizar el servicio de archivos de ajuste"},"content":{"rendered":"<p><img loading=\"lazy\" decoding=\"async\" class=\"alignnone size-full wp-image-86755\" src=\"https:\/\/www.ziptuning.com\/es\/wp-content\/uploads\/sites\/3\/2023\/03\/ziptuning_file_service_golf_r.jpg\" alt=\"\" width=\"1000\" height=\"283\" \/><\/p>\n<ol>\n<li><a href=\"https:\/\/www.ziptuning.com\/register\">Reg\u00edstrese<\/a> en el sitio web.<\/li>\n<li>Comprar cr\u00e9ditos<\/li>\n<li>Descargar \/ Leer el archivo original del coche.<\/li>\n<li>Haga clic en<a href=\"https:\/\/www.ziptuning.com\/tuning-file-service\/tuning-file-service\">\u00abCargar archivo<\/a>\u00bb en nuestro sitio web.<\/li>\n<li>Rellene el formulario lo m\u00e1s completamente posible y cargue el archivo original.<\/li>\n<li>Crear una cuenta<\/li>\n<li>Cuando su archivo de tuning personalizado est\u00e9 listo para descargar, se le notificar\u00e1 por correo electr\u00f3nico. En este momento, usted pagar\u00e1 con cr\u00e9ditos.\/p&gt;<\/li>\n<li>Descarga tu archivo. Su archivo se puede encontrar en su cuenta al hacer clic en <a href=\"https:\/\/www.ziptuning.com\/tuningfile.html\">archivos de sintonizaci\u00f3n<\/a>.<\/li>\n<\/ol>\n<h2 class=\"pageheading\">TUTORIALES DE V\u00cdDEO<\/h2>\n","protected":false},"excerpt":{"rendered":"<p>Reg\u00edstrese en el sitio web. Comprar cr\u00e9ditos Descargar \/ Leer el archivo original del coche. Haga clic en\u00abCargar archivo\u00bb en nuestro sitio web. Rellene el formulario lo m\u00e1s completamente posible y cargue el archivo original. Crear una cuenta Cuando su archivo de tuning personalizado est\u00e9 listo para descargar, se le notificar\u00e1 por correo electr\u00f3nico. En<\/p>\n","protected":false},"author":1,"featured_media":286865,"parent":83033,"menu_order":0,"comment_status":"closed","ping_status":"closed","template":"","meta":{"_acf_changed":false,"footnotes":""},"class_list":["post-86754","page","type-page","status-publish","has-post-thumbnail","hentry"],"acf":[],"_links":{"self":[{"href":"https:\/\/www.ziptuning.com\/es\/wp-json\/wp\/v2\/pages\/86754","targetHints":{"allow":["GET"]}}],"collection":[{"href":"https:\/\/www.ziptuning.com\/es\/wp-json\/wp\/v2\/pages"}],"about":[{"href":"https:\/\/www.ziptuning.com\/es\/wp-json\/wp\/v2\/types\/page"}],"author":[{"embeddable":true,"href":"https:\/\/www.ziptuning.com\/es\/wp-json\/wp\/v2\/users\/1"}],"replies":[{"embeddable":true,"href":"https:\/\/www.ziptuning.com\/es\/wp-json\/wp\/v2\/comments?post=86754"}],"version-history":[{"count":1,"href":"https:\/\/www.ziptuning.com\/es\/wp-json\/wp\/v2\/pages\/86754\/revisions"}],"predecessor-version":[{"id":286864,"href":"https:\/\/www.ziptuning.com\/es\/wp-json\/wp\/v2\/pages\/86754\/revisions\/286864"}],"up":[{"embeddable":true,"href":"https:\/\/www.ziptuning.com\/es\/wp-json\/wp\/v2\/pages\/83033"}],"wp:featuredmedia":[{"embeddable":true,"href":"https:\/\/www.ziptuning.com\/es\/wp-json\/wp\/v2\/media\/286865"}],"wp:attachment":[{"href":"https:\/\/www.ziptuning.com\/es\/wp-json\/wp\/v2\/media?parent=86754"}],"curies":[{"name":"wp","href":"https:\/\/api.w.org\/{rel}","templated":true}]}}