{"id":83120,"date":"2018-07-20T12:09:49","date_gmt":"2018-07-20T12:09:49","guid":{"rendered":"https:\/\/www.ziptuning.com\/dev\/?page_id=83120"},"modified":"2023-03-15T10:58:00","modified_gmt":"2023-03-15T10:58:00","slug":"chiptuning-tools-reviews","status":"publish","type":"page","link":"https:\/\/www.ziptuning.com\/es\/tuning-tools\/chiptuning-tools-reviews\/","title":{"rendered":"Rese\u00f1as sobre herramientas de chiptuning"},"content":{"rendered":"<h2>AN\u00c1LISIS DE HERRAMIENTAS DE CHIPTUNING: CMD VS ALIENTECH<\/h2>\n<p><img loading=\"lazy\" decoding=\"async\" class=\"alignnone wp-image-83121 size-full\" src=\"https:\/\/www.ziptuning.com\/es\/wp-content\/uploads\/sites\/3\/2023\/03\/tuning-tool-reviews.jpg\" alt=\"tuning tools reviews\" width=\"1001\" height=\"410\" \/><\/p>\n<p><strong>Las<\/strong> herramientas de chiptuning son las herramientas m\u00e1s importantes para una <strong>empresa de tuning<\/strong>. Cuando eres nuevo en el mundo del chiptuning <a href=\"\/tuning-file\/file-development\/\">\/ remapping<\/a>, no es f\u00e1cil tomar la decisi\u00f3n correcta con respecto a la herramienta de chiptuning que necesitas comprar. Hay muchos proveedores diferentes de herramientas de chiptuning. \u00bfQu\u00e9 marcas y herramientas de chiptuning son las mejores? Te ayudamos a aclarar las cosas. Hoy comparamos CMD y Alientech.<\/p>\n<ul>\n<li><a href=\"#anchor1\">Proveedores de herramientas de chiptuning<\/a><\/li>\n<li>Historia <a href=\"#anchor2\">de<\/a>los proveedores de herramientas de chiptuning\n<ul>\n<li><a href=\"#anchor2\">&#8211; Historia de CMD Flash<\/a><\/li>\n<li><a href=\"#anchor4\">&#8211; Historia de Alientech SRL<\/a><\/li>\n<\/ul>\n<\/li>\n<li><a href=\"#anchor5\">Beneficios para el cliente en CMD Flashtec y Alientech<\/a><\/li>\n<li><a href=\"#anchor6\">ECU tuning &#8211; desarrollo de nuevos protocolos de lectura\/escritura<\/a><\/li>\n<li><a href=\"#anchor7\">La importancia del soporte t\u00e9cnico<\/a><\/li>\n<li><a href=\"#anchor8\">\u00bfChiptuning por OBD o Boot?<\/a><\/li>\n<li><a href=\"#anchor9\">Precios de las herramientas de chiptuning<\/a><\/li>\n<li><a href=\"#anchor10\">Nuevos protocolos de chiptuning, actualizaciones, revisiones, correcciones de errores<\/a><\/li>\n<li><a href=\"#anchor11\">Tabla comparativa de proveedores de herramientas de tuning<\/a><\/li>\n<li><a href=\"#anchor12\">CMD Flashtec<\/a><\/li>\n<li><a href=\"#anchor13\">Alientech K-Suite<\/a><\/li>\n<li><a href=\"#anchor14\">Las mejores herramientas de chiptuning &#8211; conclusi\u00f3n<\/a><\/li>\n<li><a href=\"#anchor15\">Resumen<\/a><\/li>\n<\/ul>\n<p><a name=\"anchor1\"><\/a><\/p>\n<h3>Presentaci\u00f3n de los proveedores de herramientas de chiptuning<\/h3>\n<p>CMD Flash (Flashtec SA) y Alientech SRL son dos de los mayores y m\u00e1s profesionales proveedores de herramientas de chiptuning del mercado actual. Ambas empresas existen desde hace muchos a\u00f1os y son originarias del norte de Italia, situadas a menos de 150 kil\u00f3metros la una de la otra. Otro competidor llamado Dimsport tambi\u00e9n se encuentra en el norte de Italia. Parece que los italianos dominan la escena del tuning. Pero, \u00bfqu\u00e9 empresa es la mejor? Veamos&#8230;<img loading=\"lazy\" decoding=\"async\" class=\"alignnone wp-image-83094 size-full\" src=\"https:\/\/www.ziptuning.com\/es\/wp-content\/uploads\/sites\/3\/2023\/03\/cmd-logo.gif\" alt=\"CMD flashtec\" width=\"265\" height=\"120\" \/><br \/>\n<a name=\"anchor2\"><\/a><\/p>\n<h3>Historia de CMD Flash<\/h3>\n<p>Antiguo sitio web: <a href=\"http:\/\/www.cmdtec.it\/\" target=\"_blank\" rel=\"noopener noreferrer\">http:\/\/www.cmdtec.it<\/a>Nuevo sitio web: http: <a href=\"http:\/\/www.flashtec.ch\/\" target=\"_blank\" rel=\"noopener noreferrer\">\/\/www.flashtec.ch\/ Esta<\/a>empresa se llama ahora Flashtec SA. La empresa tiene ra\u00edces italianas, pero ahora tiene su sede en Suiza. Han estado en el negocio durante muchos a\u00f1os y CMD es uno de los primeros en introducir un protocolo OBD estable para Bosch EDC16. CMD tiene productos como CMDFLASH OBD, CMDFlash &#8211; BDM, CMDFlash &#8211; Nexus, Boost ST10\/C167, BOOT-MODE BOSCH MEDC17 TRICORE, MAP3D, My Personal Flasher y SpiderBOOT.<img loading=\"lazy\" decoding=\"async\" class=\"alignnone wp-image-83079 size-full\" src=\"https:\/\/www.ziptuning.com\/es\/wp-content\/uploads\/sites\/3\/2023\/03\/logoalientech.png\" alt=\"alientech\" width=\"354\" height=\"105\" \/><br \/>\n<a name=\"anchor4\"><\/a><\/p>\n<h3>Historia de Alientech SRL<\/h3>\n<p>Sitio web: <a href=\"http:\/\/www.alientech-to.it\/\" target=\"_blank\" rel=\"noopener noreferrer\">http:\/\/www.alientech-to.it\/<\/a>Desde 1991 han estado trabajando en el campo del tuning de motor y chiptuning (ECU tuning\/remapping). Con los a\u00f1os han lanzado muchos productos como ECM2001, KESS, Powergate, BDM pro, ECM Titanium, KESSv2, K-TAG y Powergate 3. Alientech es una de las primeras empresas en desarrollar protocolos estables con funciones de recuperaci\u00f3n para otras ECUs que las desarrolladas por Bosch o Siemens. Desarrollaron protocolos para JTAG Nexus, JTAG Renesas, Mitsubishi bootloader, etc.<a name=\"anchor5\"><\/a><\/p>\n<h3>CMD Flashtec &amp; Alientech &#8211; Los clientes son lo primero<\/h3>\n<p>Tanto CMD Flashtec como Alientech tienen muchos clientes y son muy apreciados. Esto da a las empresas la estabilidad esencial para una asociaci\u00f3n a largo plazo y la fiabilidad. Los clientes pagan una cuota anual que es tambi\u00e9n una forma de compromiso. De este modo, los clientes tienen la garant\u00eda de que las empresas desarrollar\u00e1n nuevos protocolos.<a name=\"anchor6\"><\/a><\/p>\n<h3>ECU tuning y desarrollo de nuevos protocolos de lectura\/escritura<\/h3>\n<p>En el mundo del <a href=\"\/tuning-file\/file-development\/\">tuning \/ chiptuning \/ remapping<\/a> todo gira en torno a la ECU. Por ejemplo, tan pronto como VAG saca un nuevo coche\/motor, inmediatamente se saca la ECU y se hacen muchas pruebas para intentar leer\/escribir\/modificar con \u00e9xito el software de la ECU y crear un protocolo de lectura\/escritura estable para sus clientes. Por supuesto, cada empresa tiene sus propios conocimientos y red para investigar y desarrollar. En realidad, vemos que tanto Alientech como CMD pueden hacer muchas ECUs iguales. El tiempo de liberaci\u00f3n de nuevos protocolos var\u00eda de 1 mes a 4 a\u00f1os despu\u00e9s de la introducci\u00f3n de un nuevo motor por una marca de autom\u00f3viles. Pero si un proveedor de herramientas de chiptuning tiene un protocolo listo, en la mayor\u00eda de los casos el otro lo preparar\u00e1 en unas pocas semanas\/meses.<a name=\"anchor7\"><\/a><\/p>\n<h3>Asistencia t\u00e9cnica<\/h3>\n<p>Por nuestra experiencia personal, sabemos lo importante que es la asistencia al cliente. Utilizamos las herramientas de chiptuning de CMD y Alientech para el 85% de nuestro tuning. Hemos tuneado m\u00e1s de 10.000 ECUs con sus herramientas y probado cada protocolo. Los protocolos no son en todos los casos perfectos y muchos errores pueden ser cometidos por el cliente que utiliza las herramientas. Ambas empresas tienen un apoyo fiable si usted es un sintonizador profesional con suficiente experiencia. Si eres un novato, la cosa cambia. En este caso, le aconsejamos que pida consejo a su proveedor de archivos de tuning. Un buen proveedor de archivos de tuning no s\u00f3lo vende archivos, sino que tambi\u00e9n escriben ellos mismos los archivos de tuning en los coches de sus propios clientes para sus empresas. Utilizan las herramientas a diario en todo tipo de coches y ECUs, por lo que pueden decirte c\u00f3mo evitar trampas y darte todos los consejos y trucos para que la lectura y escritura sea un \u00e9xito en tiempo real.<a name=\"anchor8\"><\/a><\/p>\n<h3>\u00bfChiptuning por OBD o Boot?<\/h3>\n<p>Tanto Alientech como CMD tienen muchas herramientas de lectura\/escritura. Podemos dividirlas en 2 grupos:<\/p>\n<h4>1. OBD lectura\/escritura por puerto de diagn\u00f3stico (KESS v2, CMDFlash OBD)<\/h4>\n<p><img loading=\"lazy\" decoding=\"async\" class=\"alignnone wp-image-83122\" src=\"https:\/\/www.ziptuning.com\/es\/wp-content\/uploads\/sites\/3\/2023\/03\/CMD-OBD-readout-in-ZIPtuning-chiptuning-workshop-1024x768-1.jpg\" alt=\"cmd flash tuning \" width=\"600\" height=\"450\" \/><\/p>\n<p><strong>Pros<\/strong><\/p>\n<ul>\n<li>F\u00e1cil de usar<\/li>\n<li>Requiere menos tiempo de trabajo<\/li>\n<li>A prueba de tontos<\/li>\n<li>No necesita muchos accesorios<\/li>\n<\/ul>\n<p><strong>Contras<\/strong><\/p>\n<ul>\n<li>No todas las ECUs est\u00e1n disponibles (la mayor\u00eda de las ECUs nuevas s\u00f3lo se hacen directamente en la ECU)<\/li>\n<li>Si la lectura\/escritura no tiene \u00e9xito por alguna raz\u00f3n, la recuperaci\u00f3n no siempre es posible<\/li>\n<li>S\u00f3lo se leen datos parciales<\/li>\n<\/ul>\n<h4>2. Lectura\/escritura directamente en la ECU (KTAG, CMDFlash BDM &#8211; Boot)<\/h4>\n<p><img loading=\"lazy\" decoding=\"async\" class=\"alignnone wp-image-83123\" src=\"https:\/\/www.ziptuning.com\/es\/wp-content\/uploads\/sites\/3\/2023\/03\/Alientech-KTAG-realtime-use-in-ZIPtuning-workshop-1024x768-1.jpg\" alt=\"ktag tuning tool\" width=\"600\" height=\"450\" \/><\/p>\n<p><strong>Ventajas<\/strong><\/p>\n<ul>\n<li>La mayor cantidad de protocolos disponibles. Antiguas ECUs, nuevas ECUs, futuras ECUs, marcas especiales<\/li>\n<li>Los protocolos de ECUs m\u00e1s nuevos terminaron antes despu\u00e9s de la introducci\u00f3n de la ECU<\/li>\n<li>Los protocolos son m\u00e1s estables, mejor recuperaci\u00f3n si es necesario<\/li>\n<li>La mayor\u00eda de los chips pueden ser le\u00eddos: eprom, mpc, eeprom. (importante en caso de immo off, recuperaci\u00f3n, etc.)<\/li>\n<\/ul>\n<p><strong>Contras<\/strong><\/p>\n<ul>\n<li>M\u00e1s dif\u00edcil de usar; hay que sacar la ECU del coche, abrir la caja y usar el manual para conectar la ECU a la herramienta.<\/li>\n<li>No es infalible, el usuario puede cometer errores que pueden destruir la ECU<\/li>\n<li>La conexi\u00f3n lleva m\u00e1s tiempo, especialmente cuando se realizan pruebas en el banco de potencia.<\/li>\n<\/ul>\n<p><a name=\"anchor9\"><\/a><\/p>\n<h3>Chiptuning herramienta precios<\/h3>\n<p>CMDFlash Slave OBD Flasher (solo OBD) \u20ac 1.746,00 CMDFlash Slave OBD + BOOT ( st10, tricore) (OBD + directamente en ECU) \u20ac 3.449,00 CMDFlash Slave OBD + BOOT ( st10, tricore ) + BDM 5xx (OBD + directamente en ECU) \u20ac 4.280.00 K-TAG Slave Full (Todos los protocolos habilitados) precio (sin OBD, s\u00f3lo directamente en ECU) 1.200,00 \u20ac KESSv2 Slave OBD Flasher (Coche + Moto + Protocolos Agricultura) precio (s\u00f3lo OBD) 3.400.00 KESSv2 Intermitente OBD Esclavo (protocolos Coche + Moto + Cami\u00f3n) precio (s\u00f3lo OBD) 3.400,00 \u20ac KESSv2 Intermitente OBD Esclavo (protocolos Coche + Moto) precio (s\u00f3lo OBD) 2.000.00 KESSv2 Slave OBD Flasher (Cami\u00f3n + Agricultura protocolos) precio (s\u00f3lo OBD) 3.400,00 \u20ac KESSv2 Slave OBD Flasher Full (todos los protocolos habilitados) precio (s\u00f3lo OBD) 3.495,00 \u20ac<a name=\"anchor10\"><\/a><\/p>\n<h3>Mant\u00e9ngase al d\u00eda con los nuevos protocolos de chiptuning, actualizaciones, revisiones, correcciones de errores<\/h3>\n<p>Ambas empresas utilizan una suscripci\u00f3n anual. A primera vista, esto parece una p\u00e9rdida de dinero, pero en realidad es muy \u00fatil e importante. Esto hace posible que las empresas desarrollen nuevos protocolos para nuevas ECUs. Siempre estar\u00e1s al d\u00eda con los protocolos m\u00e1s nuevos, las correcciones de sumas de comprobaci\u00f3n m\u00e1s recientes y las correcciones de errores. Esta es la raz\u00f3n principal por la que <strong>las herramientas de chiptuning cl\u00f3nico <\/strong>no son interesantes. El mercado est\u00e1 en constante evoluci\u00f3n. Las actualizaciones de los protocolos son cruciales.<a name=\"anchor11\"><\/a><\/p>\n<h3>Tabla comparativa de proveedores de herramientas de tuning<\/h3>\n<p>+++ = experiencia positiva &#8211; = experiencia negativa<\/p>\n<table border=\"1\" cellspacing=\"1\" cellpadding=\"1\">\n<tbody>\n<tr>\n<td>Nombre de la empresa<\/td>\n<td><\/td>\n<td>Alientech SRL<\/td>\n<td>CMD FLASHTEC SA<\/td>\n<td>Otro proveedor<\/td>\n<\/tr>\n<tr>\n<td>stablecompany<\/td>\n<td><\/td>\n<td>+++<\/td>\n<td>+++<\/td>\n<td>++<\/td>\n<\/tr>\n<tr>\n<td>precio<\/td>\n<td><\/td>\n<td>+++ especialmente en el caso de KTAG<\/td>\n<td>+++<\/td>\n<td>++<\/td>\n<\/tr>\n<tr>\n<td>desarrollo nuevos protocolos<\/td>\n<td><\/td>\n<td>++<\/td>\n<td>+++ ahora EDC17C64, Simos 8.5, SIM12 posible<\/td>\n<td>&#8211;<\/td>\n<\/tr>\n<tr>\n<td>correcci\u00f3n de errores<\/td>\n<td><\/td>\n<td>++<\/td>\n<td>+<\/td>\n<td>+<\/td>\n<\/tr>\n<tr>\n<td>c\u00e1lculo de la suma de comprobaci\u00f3n<\/td>\n<td><\/td>\n<td>++<\/td>\n<td>++<\/td>\n<td>+<\/td>\n<\/tr>\n<tr>\n<td>soporte<\/td>\n<td><\/td>\n<td>+++<\/td>\n<td>++<\/td>\n<td>&#8211;<\/td>\n<\/tr>\n<tr>\n<td>gu\u00edas de instalaci\u00f3n<\/td>\n<td><\/td>\n<td>+++<\/td>\n<td>++<\/td>\n<td>+<\/td>\n<\/tr>\n<\/tbody>\n<\/table>\n<p><a name=\"anchor12\"><\/a><\/p>\n<h3>CMD Flashtec<\/h3>\n<p><img loading=\"lazy\" decoding=\"async\" class=\"alignnone wp-image-83124\" src=\"https:\/\/www.ziptuning.com\/es\/wp-content\/uploads\/sites\/3\/2023\/03\/CMD-Flashtec-screenshot-in-workshop-ZIPtuning.png\" alt=\"cmd flashtec\" width=\"600\" height=\"375\" \/><a name=\"anchor13\"><\/a><\/p>\n<h3>Alientech Ksuite<\/h3>\n<p><img loading=\"lazy\" decoding=\"async\" class=\"alignnone wp-image-83125 size-full\" src=\"https:\/\/www.ziptuning.com\/es\/wp-content\/uploads\/sites\/3\/2023\/03\/Ksuite-Alientech-screenshot-in-workshop-ZIPtuning.png\" alt=\"alientech ksuite\" width=\"796\" height=\"595\" \/><a name=\"anchor14\"><\/a><\/p>\n<h3>Las mejores herramientas de chiptuning &#8211; haga su elecci\u00f3n<\/h3>\n<p>\u00bfQu\u00e9 herramientas de chiptuning son las mejores? Depende del usuario. Ambas marcas tienen productos muy buenos a un precio razonable. \u00bfQuieres mantener las cosas f\u00e1ciles y simples? Compra una herramienta OBD como Kess v2 o CMDFlash OBD. \u00bfQuieres modificar muchas marcas diferentes de todo el mundo y especialmente ECUs m\u00e1s nuevas? Entonces compra una herramienta de arranque como CMDFlash + arranque + KTAG de Alientech. \u00bfQuieres lecturas completas? \u00bfUn gran n\u00famero de ECUs posibles de modificar por el precio m\u00e1s bajo? Compre un KTAG hecho por Alientech. Si su negocio est\u00e1 creciendo r\u00e1pidamente y usted tiene suficiente dinero para invertir, comprar OBD y herramientas de arranque de ambas marcas. En este caso, puede modificar la gran mayor\u00eda de las ECUs y en caso de fallo, puede utilizar la otra herramienta para un segundo intento.<img loading=\"lazy\" decoding=\"async\" src=\"https:\/\/www.ziptuning.com\/es\/wp-content\/uploads\/sites\/3\/2023\/03\/chiptuning-tools.jpg\" alt=\"\" width=\"800\" height=\"284\" class=\"alignnone size-full wp-image-251857\" \/>Si ya ha hecho su elecci\u00f3n, compre una herramienta de chiptuning en ZIP Tuning &#8211; \u00a1a nuestros clientes leales les ofrecemos los precios m\u00e1s bajos del mercado! En caso de tener preguntas acerca de productos espec\u00edficos fabricados por CMD o Alientech o tal vez otras marcas, tenemos experiencia diaria con la mayor\u00eda de los proveedores de herramientas. No dude en <a href=\"\/contact\/\">ponerse en contacto con nosotros<\/a> y descubra todo lo que quiera saber!<a name=\"anchor15\"><\/a><\/p>\n<h3>En pocas palabras<\/h3>\n<ul>\n<li>Las herramientas de Chiptuning son una parte crucial del tuning y es muy importante elegir las herramientas adecuadas.<\/li>\n<li>NO utilice herramientas cl\u00f3nicas<\/li>\n<li>Tanto CMD Flashtec SA y Alientech son empresas fiables que se preocupan por sus servicios y clientes<\/li>\n<li>Ofrecen grandes herramientas, servicio al cliente y por lo general son los primeros en tener ajustes para los nuevos modelos de ECU.<\/li>\n<li>En caso de duda, pida consejo a su proveedor de archivos de tuning<\/li>\n<li>Dividimos las herramientas de lectura\/escritura de CMD y Alientech en 2 grupos: OBD y Boot, contando sus principales ventajas y desventajas<\/li>\n<li>Con estas dos empresas, siempre estar\u00e1s al d\u00eda de los \u00faltimos protocolos, correcciones de errores, revisiones, etc.<\/li>\n<\/ul>\n","protected":false},"excerpt":{"rendered":"<p>AN\u00c1LISIS DE HERRAMIENTAS DE CHIPTUNING: CMD VS ALIENTECH Las herramientas de chiptuning son las herramientas m\u00e1s importantes para una empresa de tuning. Cuando eres nuevo en el mundo del chiptuning \/ remapping, no es f\u00e1cil tomar la decisi\u00f3n correcta con respecto a la herramienta de chiptuning que necesitas comprar. Hay muchos proveedores diferentes de herramientas<\/p>\n","protected":false},"author":1,"featured_media":286857,"parent":83020,"menu_order":7,"comment_status":"closed","ping_status":"closed","template":"","meta":{"_acf_changed":false,"footnotes":""},"class_list":["post-83120","page","type-page","status-publish","has-post-thumbnail","hentry"],"acf":[],"_links":{"self":[{"href":"https:\/\/www.ziptuning.com\/es\/wp-json\/wp\/v2\/pages\/83120","targetHints":{"allow":["GET"]}}],"collection":[{"href":"https:\/\/www.ziptuning.com\/es\/wp-json\/wp\/v2\/pages"}],"about":[{"href":"https:\/\/www.ziptuning.com\/es\/wp-json\/wp\/v2\/types\/page"}],"author":[{"embeddable":true,"href":"https:\/\/www.ziptuning.com\/es\/wp-json\/wp\/v2\/users\/1"}],"replies":[{"embeddable":true,"href":"https:\/\/www.ziptuning.com\/es\/wp-json\/wp\/v2\/comments?post=83120"}],"version-history":[{"count":1,"href":"https:\/\/www.ziptuning.com\/es\/wp-json\/wp\/v2\/pages\/83120\/revisions"}],"predecessor-version":[{"id":286856,"href":"https:\/\/www.ziptuning.com\/es\/wp-json\/wp\/v2\/pages\/83120\/revisions\/286856"}],"up":[{"embeddable":true,"href":"https:\/\/www.ziptuning.com\/es\/wp-json\/wp\/v2\/pages\/83020"}],"wp:featuredmedia":[{"embeddable":true,"href":"https:\/\/www.ziptuning.com\/es\/wp-json\/wp\/v2\/media\/286857"}],"wp:attachment":[{"href":"https:\/\/www.ziptuning.com\/es\/wp-json\/wp\/v2\/media?parent=83120"}],"curies":[{"name":"wp","href":"https:\/\/api.w.org\/{rel}","templated":true}]}}