{"id":83114,"date":"2018-07-20T11:12:38","date_gmt":"2018-07-20T11:12:38","guid":{"rendered":"https:\/\/www.ziptuning.com\/dev\/?page_id=83114"},"modified":"2023-03-15T10:57:58","modified_gmt":"2023-03-15T10:57:58","slug":"tuning-package-deals","status":"publish","type":"page","link":"https:\/\/www.ziptuning.com\/es\/tuning-tools\/tuning-package-deals\/","title":{"rendered":"PAQUETES DE TUNING"},"content":{"rendered":"<div>\n<h3>Paquetes de tuning &#8211; \u00a1Cree su propia empresa de tuning ahora!<\/h3>\n<\/div>\n<p>Hemos recopilado tres ofertas de paquetes de tuning que creemos que ser\u00edan la mejor opci\u00f3n en una de las siguientes situaciones: El primer paquete es adecuado para un peque\u00f1o taller de coches con clientes de diferentes marcas de coches<img loading=\"lazy\" decoding=\"async\" class=\"alignnone wp-image-83115 size-full\" src=\"https:\/\/www.ziptuning.com\/es\/wp-content\/uploads\/sites\/3\/2023\/03\/ziptuning_company_v2_530.jpg\" alt=\"zip tuning \" width=\"530\" height=\"217\" \/><\/p>\n<div>\n<h3>Paquete de tuning b\u00e1sico<\/h3>\n<ul>\n<li>F\u00e1cil y asequible<\/li>\n<li>A partir de 1 coche al mes<\/li>\n<li>S\u00f3lo lectura y programaci\u00f3n sobre OBD, sin soldaduras<\/li>\n<\/ul>\n<p>P\u00f3ngase en contacto con nosotros para obtener m\u00e1s informaci\u00f3n en <a href=\"mailto:files@ziptuning.com\">files@ziptuning.com<\/a><\/div>\n<div>\n<div>\n<h3>Pack tuning de arranque<\/h3>\n<ul>\n<li>F\u00e1cil de usar y capaz de tunear una lista muy amplia de coches<\/li>\n<li>A partir de 4 coches al mes<\/li>\n<li>OBD + Bootmode<\/li>\n<\/ul>\n<p>P\u00f3ngase en contacto con nosotros para obtener m\u00e1s informaci\u00f3n en <a href=\"mailto:files@ziptuning.com\">files@ziptuning.com<\/a><\/div>\n<div>\n<h3>Paquete de tuning profesional<\/h3>\n<ul>\n<li>Cobertura muy grande y tambi\u00e9n los coches m\u00e1s nuevos incluidos<\/li>\n<li>A partir de 20 coches al mes<\/li>\n<li>OBD + Bootmode<\/li>\n<\/ul>\n<p>P\u00f3ngase en contacto con nosotros para m\u00e1s informaci\u00f3n en <a href=\"mailto:files@ziptuning.com\">files@ziptuning.com<\/a><\/div>\n<div><\/div>\n<div><img loading=\"lazy\" decoding=\"async\" class=\"alignnone wp-image-83116 size-full\" src=\"https:\/\/www.ziptuning.com\/es\/wp-content\/uploads\/sites\/3\/2023\/03\/chiptuning_tools_ziptuning1.jpg\" alt=\"tuning package tools\" width=\"490\" height=\"133\" \/><\/div>\n<\/div>\n","protected":false},"excerpt":{"rendered":"<p>Paquetes de tuning &#8211; \u00a1Cree su propia empresa de tuning ahora! Hemos recopilado tres ofertas de paquetes de tuning que creemos que ser\u00edan la mejor opci\u00f3n en una de las siguientes situaciones: El primer paquete es adecuado para un peque\u00f1o taller de coches con clientes de diferentes marcas de coches Paquete de tuning b\u00e1sico F\u00e1cil<\/p>\n","protected":false},"author":1,"featured_media":286854,"parent":83020,"menu_order":5,"comment_status":"closed","ping_status":"closed","template":"","meta":{"_acf_changed":false,"footnotes":""},"class_list":["post-83114","page","type-page","status-publish","has-post-thumbnail","hentry"],"acf":[],"_links":{"self":[{"href":"https:\/\/www.ziptuning.com\/es\/wp-json\/wp\/v2\/pages\/83114","targetHints":{"allow":["GET"]}}],"collection":[{"href":"https:\/\/www.ziptuning.com\/es\/wp-json\/wp\/v2\/pages"}],"about":[{"href":"https:\/\/www.ziptuning.com\/es\/wp-json\/wp\/v2\/types\/page"}],"author":[{"embeddable":true,"href":"https:\/\/www.ziptuning.com\/es\/wp-json\/wp\/v2\/users\/1"}],"replies":[{"embeddable":true,"href":"https:\/\/www.ziptuning.com\/es\/wp-json\/wp\/v2\/comments?post=83114"}],"version-history":[{"count":1,"href":"https:\/\/www.ziptuning.com\/es\/wp-json\/wp\/v2\/pages\/83114\/revisions"}],"predecessor-version":[{"id":286853,"href":"https:\/\/www.ziptuning.com\/es\/wp-json\/wp\/v2\/pages\/83114\/revisions\/286853"}],"up":[{"embeddable":true,"href":"https:\/\/www.ziptuning.com\/es\/wp-json\/wp\/v2\/pages\/83020"}],"wp:featuredmedia":[{"embeddable":true,"href":"https:\/\/www.ziptuning.com\/es\/wp-json\/wp\/v2\/media\/286854"}],"wp:attachment":[{"href":"https:\/\/www.ziptuning.com\/es\/wp-json\/wp\/v2\/media?parent=83114"}],"curies":[{"name":"wp","href":"https:\/\/api.w.org\/{rel}","templated":true}]}}